{"id":103,"date":"2019-03-14T17:58:42","date_gmt":"2019-03-14T16:58:42","guid":{"rendered":"http:\/\/unit-4.criann.fr\/front\/?page_id=103"},"modified":"2024-01-12T08:59:40","modified_gmt":"2024-01-12T07:59:40","slug":"qui-sommes-nous","status":"publish","type":"page","link":"https:\/\/uoh.fr\/front\/qui-sommes-nous\/","title":{"rendered":"Nous conna\u00eetre"},"content":{"rendered":"\n<p>L\u2019Universit\u00e9 Ouverte des Humanit\u00e9s a \u00e9t\u00e9 cr\u00e9\u00e9e en 2007 par 14 \u00e9tablissements d\u2019enseignement sup\u00e9rieur sous l\u2019impulsion du Minist\u00e8re de l\u2019Enseignement Sup\u00e9rieur, de la Recherche et de l\u2019Innovation (MESRI).<\/p>\n\n\n\n<p>Leur objectif premier \u00e9tait de mutualiser\nleurs forces pour d\u00e9velopper au mieux le num\u00e9rique pour l\u2019enseignement.<\/p>\n\n\n\n<div style=\"height:53px\" aria-hidden=\"true\" class=\"wp-block-spacer\"><\/div>\n\n\n\n<div class=\"wp-block-image\"><figure class=\"aligncenter size-large\"><img loading=\"lazy\" width=\"880\" height=\"495\" src=\"https:\/\/uoh.fr\/front\/wp-content\/uploads\/2020\/10\/14262.jpg\" alt=\"\" class=\"wp-image-1571\" srcset=\"https:\/\/uoh.fr\/front\/wp-content\/uploads\/2020\/10\/14262.jpg 880w, https:\/\/uoh.fr\/front\/wp-content\/uploads\/2020\/10\/14262-300x169.jpg 300w, https:\/\/uoh.fr\/front\/wp-content\/uploads\/2020\/10\/14262-768x432.jpg 768w\" sizes=\"(max-width: 880px) 100vw, 880px\" \/><\/figure><\/div>\n","protected":false},"excerpt":{"rendered":"<p>L\u2019Universit\u00e9 Ouverte des Humanit\u00e9s a \u00e9t\u00e9 cr\u00e9\u00e9e en 2007 par 14 \u00e9tablissements d\u2019enseignement sup\u00e9rieur sous l\u2019impulsion du Minist\u00e8re de l\u2019Enseignement Sup\u00e9rieur, de la Recherche et de l\u2019Innovation (MESRI). Leur objectif premier \u00e9tait de mutualiser leurs forces pour d\u00e9velopper au mieux le num\u00e9rique pour l\u2019enseignement.<\/p>\n","protected":false},"author":1,"featured_media":0,"parent":0,"menu_order":0,"comment_status":"closed","ping_status":"closed","template":"templates\/page-editoriale.php","meta":[],"acf":[],"yoast_head":"<!-- This site is optimized with the Yoast SEO plugin v17.7.1 - https:\/\/yoast.com\/wordpress\/plugins\/seo\/ -->\n<meta name=\"robots\" content=\"index, follow, max-snippet:-1, max-image-preview:large, max-video-preview:-1\" \/>\n<link rel=\"canonical\" href=\"https:\/\/uoh.fr\/front\/qui-sommes-nous\/\" \/>\n<meta property=\"og:locale\" content=\"fr_FR\" \/>\n<meta property=\"og:type\" content=\"article\" \/>\n<meta property=\"og:title\" content=\"Nous conna\u00eetre - UNIVERSIT\u00c9 NUM\u00c9RIQUE DES HUMANIT\u00c9S\" \/>\n<meta property=\"og:description\" content=\"L\u2019Universit\u00e9 Ouverte des Humanit\u00e9s a \u00e9t\u00e9 cr\u00e9\u00e9e en 2007 par 14 \u00e9tablissements d\u2019enseignement sup\u00e9rieur sous l\u2019impulsion du Minist\u00e8re de l\u2019Enseignement Sup\u00e9rieur, de la Recherche et de l\u2019Innovation (MESRI). Leur objectif premier \u00e9tait de mutualiser leurs forces pour d\u00e9velopper au mieux le num\u00e9rique pour l\u2019enseignement.\" \/>\n<meta property=\"og:url\" content=\"https:\/\/uoh.fr\/front\/qui-sommes-nous\/\" \/>\n<meta property=\"og:site_name\" content=\"UNIVERSIT\u00c9 NUM\u00c9RIQUE DES HUMANIT\u00c9S\" \/>\n<meta property=\"article:publisher\" content=\"https:\/\/www.facebook.com\/UOHumanites\/\" \/>\n<meta property=\"article:modified_time\" content=\"2024-01-12T07:59:40+00:00\" \/>\n<meta property=\"og:image\" content=\"https:\/\/uoh.fr\/front\/wp-content\/uploads\/2020\/10\/14262.jpg\" \/>\n<meta name=\"twitter:card\" content=\"summary_large_image\" \/>\n<meta name=\"twitter:site\" content=\"@uohumanites\" \/>\n<meta name=\"twitter:label1\" content=\"Dur\u00e9e de lecture estim\u00e9e\" \/>\n\t<meta name=\"twitter:data1\" content=\"1 minute\" \/>\n<script type=\"application\/ld+json\" class=\"yoast-schema-graph\">{\"@context\":\"https:\/\/schema.org\",\"@graph\":[{\"@type\":\"Organization\",\"@id\":\"https:\/\/uoh.fr\/front\/#organization\",\"name\":\"Universit\\u00e9 Ouverte des Humanit\\u00e9s\",\"url\":\"https:\/\/uoh.fr\/front\/\",\"sameAs\":[\"https:\/\/www.facebook.com\/UOHumanites\/\",\"https:\/\/www.linkedin.com\/company\/universit-ouverte-des-humanit-s\",\"https:\/\/fr.wikipedia.org\/wiki\/Universit\\u00e9_ouverte_des_Humanit\\u00e9s\",\"https:\/\/twitter.com\/uohumanites\"],\"logo\":{\"@type\":\"ImageObject\",\"@id\":\"https:\/\/uoh.fr\/front\/#logo\",\"inLanguage\":\"fr-FR\",\"url\":\"https:\/\/uoh.fr\/front\/wp-content\/uploads\/2019\/10\/logo-uoh-png.png\",\"contentUrl\":\"https:\/\/uoh.fr\/front\/wp-content\/uploads\/2019\/10\/logo-uoh-png.png\",\"width\":1200,\"height\":507,\"caption\":\"Universit\\u00e9 Ouverte des Humanit\\u00e9s\"},\"image\":{\"@id\":\"https:\/\/uoh.fr\/front\/#logo\"}},{\"@type\":\"WebSite\",\"@id\":\"https:\/\/uoh.fr\/front\/#website\",\"url\":\"https:\/\/uoh.fr\/front\/\",\"name\":\"UOH\",\"description\":\"Des ressources en Arts, Lettres, Langues et Sciences Humaines et Sociales\",\"publisher\":{\"@id\":\"https:\/\/uoh.fr\/front\/#organization\"},\"potentialAction\":[{\"@type\":\"SearchAction\",\"target\":{\"@type\":\"EntryPoint\",\"urlTemplate\":\"https:\/\/uoh.fr\/front\/?s={search_term_string}\"},\"query-input\":\"required name=search_term_string\"}],\"inLanguage\":\"fr-FR\"},{\"@type\":\"ImageObject\",\"@id\":\"https:\/\/uoh.fr\/front\/qui-sommes-nous\/#primaryimage\",\"inLanguage\":\"fr-FR\",\"url\":\"https:\/\/uoh.fr\/front\/wp-content\/uploads\/2020\/10\/14262.jpg\",\"contentUrl\":\"https:\/\/uoh.fr\/front\/wp-content\/uploads\/2020\/10\/14262.jpg\",\"width\":880,\"height\":495},{\"@type\":\"WebPage\",\"@id\":\"https:\/\/uoh.fr\/front\/qui-sommes-nous\/#webpage\",\"url\":\"https:\/\/uoh.fr\/front\/qui-sommes-nous\/\",\"name\":\"Nous conna\\u00eetre - UNIVERSIT\\u00c9 NUM\\u00c9RIQUE DES HUMANIT\\u00c9S\",\"isPartOf\":{\"@id\":\"https:\/\/uoh.fr\/front\/#website\"},\"primaryImageOfPage\":{\"@id\":\"https:\/\/uoh.fr\/front\/qui-sommes-nous\/#primaryimage\"},\"datePublished\":\"2019-03-14T16:58:42+00:00\",\"dateModified\":\"2024-01-12T07:59:40+00:00\",\"breadcrumb\":{\"@id\":\"https:\/\/uoh.fr\/front\/qui-sommes-nous\/#breadcrumb\"},\"inLanguage\":\"fr-FR\",\"potentialAction\":[{\"@type\":\"ReadAction\",\"target\":[\"https:\/\/uoh.fr\/front\/qui-sommes-nous\/\"]}]},{\"@type\":\"BreadcrumbList\",\"@id\":\"https:\/\/uoh.fr\/front\/qui-sommes-nous\/#breadcrumb\",\"itemListElement\":[{\"@type\":\"ListItem\",\"position\":1,\"name\":\"Home\",\"item\":\"https:\/\/uoh.fr\/front\/\"},{\"@type\":\"ListItem\",\"position\":2,\"name\":\"Nous conna\\u00eetre\"}]}]}<\/script>\n<!-- \/ Yoast SEO plugin. -->","yoast_head_json":{"robots":{"index":"index","follow":"follow","max-snippet":"max-snippet:-1","max-image-preview":"max-image-preview:large","max-video-preview":"max-video-preview:-1"},"canonical":"https:\/\/uoh.fr\/front\/qui-sommes-nous\/","og_locale":"fr_FR","og_type":"article","og_title":"Nous conna\u00eetre - UNIVERSIT\u00c9 NUM\u00c9RIQUE DES HUMANIT\u00c9S","og_description":"L\u2019Universit\u00e9 Ouverte des Humanit\u00e9s a \u00e9t\u00e9 cr\u00e9\u00e9e en 2007 par 14 \u00e9tablissements d\u2019enseignement sup\u00e9rieur sous l\u2019impulsion du Minist\u00e8re de l\u2019Enseignement Sup\u00e9rieur, de la Recherche et de l\u2019Innovation (MESRI). Leur objectif premier \u00e9tait de mutualiser leurs forces pour d\u00e9velopper au mieux le num\u00e9rique pour l\u2019enseignement.","og_url":"https:\/\/uoh.fr\/front\/qui-sommes-nous\/","og_site_name":"UNIVERSIT\u00c9 NUM\u00c9RIQUE DES HUMANIT\u00c9S","article_publisher":"https:\/\/www.facebook.com\/UOHumanites\/","article_modified_time":"2024-01-12T07:59:40+00:00","og_image":[{"url":"https:\/\/uoh.fr\/front\/wp-content\/uploads\/2020\/10\/14262.jpg"}],"twitter_card":"summary_large_image","twitter_site":"@uohumanites","twitter_misc":{"Dur\u00e9e de lecture estim\u00e9e":"1 minute"},"schema":{"@context":"https:\/\/schema.org","@graph":[{"@type":"Organization","@id":"https:\/\/uoh.fr\/front\/#organization","name":"Universit\u00e9 Ouverte des Humanit\u00e9s","url":"https:\/\/uoh.fr\/front\/","sameAs":["https:\/\/www.facebook.com\/UOHumanites\/","https:\/\/www.linkedin.com\/company\/universit-ouverte-des-humanit-s","https:\/\/fr.wikipedia.org\/wiki\/Universit\u00e9_ouverte_des_Humanit\u00e9s","https:\/\/twitter.com\/uohumanites"],"logo":{"@type":"ImageObject","@id":"https:\/\/uoh.fr\/front\/#logo","inLanguage":"fr-FR","url":"https:\/\/uoh.fr\/front\/wp-content\/uploads\/2019\/10\/logo-uoh-png.png","contentUrl":"https:\/\/uoh.fr\/front\/wp-content\/uploads\/2019\/10\/logo-uoh-png.png","width":1200,"height":507,"caption":"Universit\u00e9 Ouverte des Humanit\u00e9s"},"image":{"@id":"https:\/\/uoh.fr\/front\/#logo"}},{"@type":"WebSite","@id":"https:\/\/uoh.fr\/front\/#website","url":"https:\/\/uoh.fr\/front\/","name":"UOH","description":"Des ressources en Arts, Lettres, Langues et Sciences Humaines et Sociales","publisher":{"@id":"https:\/\/uoh.fr\/front\/#organization"},"potentialAction":[{"@type":"SearchAction","target":{"@type":"EntryPoint","urlTemplate":"https:\/\/uoh.fr\/front\/?s={search_term_string}"},"query-input":"required name=search_term_string"}],"inLanguage":"fr-FR"},{"@type":"ImageObject","@id":"https:\/\/uoh.fr\/front\/qui-sommes-nous\/#primaryimage","inLanguage":"fr-FR","url":"https:\/\/uoh.fr\/front\/wp-content\/uploads\/2020\/10\/14262.jpg","contentUrl":"https:\/\/uoh.fr\/front\/wp-content\/uploads\/2020\/10\/14262.jpg","width":880,"height":495},{"@type":"WebPage","@id":"https:\/\/uoh.fr\/front\/qui-sommes-nous\/#webpage","url":"https:\/\/uoh.fr\/front\/qui-sommes-nous\/","name":"Nous conna\u00eetre - UNIVERSIT\u00c9 NUM\u00c9RIQUE DES HUMANIT\u00c9S","isPartOf":{"@id":"https:\/\/uoh.fr\/front\/#website"},"primaryImageOfPage":{"@id":"https:\/\/uoh.fr\/front\/qui-sommes-nous\/#primaryimage"},"datePublished":"2019-03-14T16:58:42+00:00","dateModified":"2024-01-12T07:59:40+00:00","breadcrumb":{"@id":"https:\/\/uoh.fr\/front\/qui-sommes-nous\/#breadcrumb"},"inLanguage":"fr-FR","potentialAction":[{"@type":"ReadAction","target":["https:\/\/uoh.fr\/front\/qui-sommes-nous\/"]}]},{"@type":"BreadcrumbList","@id":"https:\/\/uoh.fr\/front\/qui-sommes-nous\/#breadcrumb","itemListElement":[{"@type":"ListItem","position":1,"name":"Home","item":"https:\/\/uoh.fr\/front\/"},{"@type":"ListItem","position":2,"name":"Nous conna\u00eetre"}]}]}},"_links":{"self":[{"href":"https:\/\/uoh.fr\/front\/wp-json\/wp\/v2\/pages\/103"}],"collection":[{"href":"https:\/\/uoh.fr\/front\/wp-json\/wp\/v2\/pages"}],"about":[{"href":"https:\/\/uoh.fr\/front\/wp-json\/wp\/v2\/types\/page"}],"author":[{"embeddable":true,"href":"https:\/\/uoh.fr\/front\/wp-json\/wp\/v2\/users\/1"}],"replies":[{"embeddable":true,"href":"https:\/\/uoh.fr\/front\/wp-json\/wp\/v2\/comments?post=103"}],"version-history":[{"count":8,"href":"https:\/\/uoh.fr\/front\/wp-json\/wp\/v2\/pages\/103\/revisions"}],"predecessor-version":[{"id":3167,"href":"https:\/\/uoh.fr\/front\/wp-json\/wp\/v2\/pages\/103\/revisions\/3167"}],"wp:attachment":[{"href":"https:\/\/uoh.fr\/front\/wp-json\/wp\/v2\/media?parent=103"}],"curies":[{"name":"wp","href":"https:\/\/api.w.org\/{rel}","templated":true}]}}