{"id":1107,"date":"2019-10-29T10:31:56","date_gmt":"2019-10-29T09:31:56","guid":{"rendered":"http:\/\/unit-4.criann.fr\/front\/?page_id=1107"},"modified":"2019-10-29T10:31:57","modified_gmt":"2019-10-29T09:31:57","slug":"blocs-tests","status":"publish","type":"page","link":"https:\/\/uoh.fr\/front\/blocs-tests\/","title":{"rendered":"blocs tests"},"content":{"rendered":"\n<table class=\"wp-block-table\"><tbody><tr><td><strong>Etablissement<\/strong>\n  <\/td><td>   <strong>Pr\u00e9sident\/e<\/strong>   <\/td><td>\n  <strong>Comit\u00e9 de Pilotage<\/strong>\n  <\/td><td>\n  <strong>Conseil Scientifique<\/strong>\n  <\/td><td>\n  <strong>Conseil d&rsquo;Administration<\/strong>\n  <\/td><\/tr><tr><td><\/td><td><\/td><td><\/td><td><\/td><td><\/td><\/tr><tr><td><strong>Avignon Universit\u00e9<\/strong> <\/td><td><strong>ELLERKAMP<\/strong> Philippe  <\/td><td><strong>GAILLARD<\/strong> Sophie <br><strong>BESSON<\/strong> Odile  <\/td><td><\/td><td><strong>ELLERKAMP<\/strong> Philippe  <\/td><\/tr><tr><td><strong>CUFR de Mayotte <\/strong><\/td><td><strong>SIRI<\/strong> Aur\u00e9lien  <\/td><td><strong>HOCHET<\/strong> Antoine <\/td><td><\/td><td><strong>SIRI<\/strong> Aur\u00e9lien  <\/td><\/tr><tr><td><strong>\u00c9cole Normale Sup\u00e9rieure de Lyon <\/strong><\/td><td><strong>PINTON<\/strong> Jean-Fran\u00e7ois <\/td><td><strong>COLON DE CARVAJAL<\/strong> Isabel <\/td><td><strong>DORD-CROUSLE<\/strong> St\u00e9phanie  <\/td><td><strong>SIMAND<\/strong> Catherine <\/td><\/tr><tr><td><strong>Sorbonne Universit\u00e9 <\/strong><\/td><td><strong>CHAMBAZ<\/strong> Jean    <\/td><td><strong>JOUFFLINEAU<\/strong> Thomas  <\/td><td><\/td><td><strong> JOUFFLINEAU<\/strong> Thomas <\/td><\/tr><tr><td><strong>Aix-Marseille Universit\u00e9<\/strong> <\/td><td><strong>BERLAND <\/strong>Yvon  <\/td><td><strong>GINOUVES<\/strong> V\u00e9ronique <\/td><td><strong>CESARO<\/strong> Pascal (VP CS)<br><strong>RAJAONARIVELO<\/strong> Nelly  <\/td><td><strong>BRANDT-POMARES<\/strong> Pascale <\/td><\/tr><tr><td><strong>Le Mans Universit\u00e9<\/strong><\/td><td><strong>EL GUERJOUMA<\/strong> Rachid <\/td><td> <strong>POSTEC<\/strong> Nicolas<br><strong>BAILLOT<\/strong> Anne  <\/td><td><\/td><td><strong>OUVRY-VIAL<\/strong> Brigitte  <\/td><\/tr><tr><td><strong>Universit\u00e9 de Bordeaux<\/strong><\/td><td><strong>TUNON DE LARA<\/strong> Manuel <\/td><td><strong>PERCHEC<\/strong> Cyrille&nbsp;&nbsp;&nbsp;&nbsp;&nbsp;&nbsp;&nbsp;&nbsp;&nbsp;&nbsp;&nbsp;&nbsp;&nbsp;&nbsp;&nbsp;&nbsp;&nbsp;&nbsp;&nbsp;&nbsp;&nbsp;&nbsp;&nbsp; <br><strong>DOMINIQUE<\/strong> Annabelle   <\/td><td><strong>JUTAND<\/strong> Marthe-Aline <\/td><td><strong>PERCHEC<\/strong> Cyrille <\/td><\/tr><tr><td><strong>Universit\u00e9 de Bourgogne<\/strong> <\/td><td><strong>BONNIN<\/strong> Alain   <\/td><td><strong>LIPINSKA<\/strong> Katarzyna   <\/td><td><strong>GAUTIER<\/strong> Laurent   <\/td><td><strong>FOURNIER<\/strong> Alexandre   <\/td><\/tr><tr><td><strong>Universit\u00e9 de Caen Normandie <\/strong><\/td><td><strong>DENISE<\/strong> Pierre <\/td><td><strong>BOUCHARD<\/strong>Damien<\/td><td><\/td><td><strong>BEUST<\/strong> Pierre <br><strong>BERTHIER<\/strong> Jeannine   <\/td><\/tr><tr><td><strong>Universit\u00e9 Concordia<\/strong> <\/td><td><strong>SHEPARD<\/strong> Alan <\/td><td><strong>OLIVRY<\/strong> Fabien  <\/td><td><\/td><td><strong>OLIVRY<\/strong> Fabien  <\/td><\/tr><tr><td><strong>Universit\u00e9 C\u00f4te d&rsquo;Azur<\/strong><\/td><td><strong>GAMBAUDO<\/strong>  Jean-Marc<\/td><td><strong>JEANNAUD<\/strong> Viet<br><strong>YASTREBOVA<\/strong> Irina  <\/td><td><strong>BEAUREPAIRE<\/strong>   Pierre-Yves <br><strong>SALVAN<\/strong> Genevi\u00e8ve   <\/td><td><strong>WATINE<\/strong> Marie-Albane  <\/td><\/tr><tr><td><strong>Universit\u00e9 Grenoble Alpes<\/strong> <\/td><td><strong>LEVY<\/strong> Patrick  <\/td><td><strong>LEBARB\u00c9<\/strong>   Thomas  <\/td><td><strong>DEMEILLIEZ<\/strong> Marie <\/td><td><strong>LATOUR<\/strong> Alain  <\/td><\/tr><tr><td><strong>Universit\u00e9 de Lille<\/strong> <\/td><td><strong>CAMART<\/strong> Jean-Christophe <\/td><td><strong>PERRIN<\/strong> Dominique<\/td><td><strong>COHEN-AZRIA<\/strong> Cora <\/td><td><strong>BOULET<\/strong> Pierre  <\/td><\/tr><tr><td><strong>Universit\u00e9 de Lorraine<\/strong><\/td><td><strong>MUTZENHARD<\/strong> Pierre   <\/td><td><strong>CABRERA<\/strong> Rafa\u00ebl     <\/td><td><strong>DENOOZ<\/strong> Laurence <br><strong>MAGRO<\/strong> Raymond    <\/td><td><strong>NOMINE<\/strong> Brigitte  <\/td><\/tr><tr><td><strong>Universit\u00e9 Lumi\u00e8re<br>Lyon 2<\/strong>  <\/td><td><strong>DOMPNIER<\/strong> Nathalie <\/td><td><strong>LOBRY<\/strong> Cathy <\/td><td><strong>NAVARRO<\/strong> Nicolas    <\/td><td><strong>BENYOUNES<\/strong> Nadya <\/td><\/tr><tr><td><strong>Universit\u00e9 Paul Val\u00e9ry<\/strong><br><strong>Montpellier 3<\/strong> <\/td><td><strong>GILLI<\/strong> Patrick <\/td><td><strong>DIOCHON<\/strong> Marie-No\u00eblle <\/td><td><strong>ARRAULT<\/strong> Val\u00e9rie <\/td><td><strong>LUSCHKA<\/strong> F\u00e9lix <\/td><\/tr><tr><td><strong>Universit\u00e9   d&rsquo;Orl\u00e9ans<\/strong> <\/td><td><strong>BRUAND<\/strong> Ary <\/td><td><strong>TROTTIN<\/strong> Elodie  <\/td><td><\/td><td><\/td><\/tr><tr><td><strong>Universit\u00e9 Paris 1 Panth\u00e9on Sorbonne <\/strong> <\/td><td><strong>HADDAD<\/strong> Georges <\/td><td><strong>ROQUES<\/strong> Beno\u00eet <\/td><td><strong>VIART<\/strong> Christophe <\/td><td><strong>GILIGNY<\/strong> Fran\u00e7ois  <\/td><\/tr><tr><td><strong>Universit\u00e9   Perpignan &#8211; Via Domitia<\/strong> <\/td><td> <strong>PY<\/strong> Xavier <\/td><td><strong>RIERA<\/strong> Alexandre <\/td><td><\/td><td><strong>RIERA<\/strong> Alexandre <\/td><\/tr><tr><td><strong>Universit\u00e9 Rennes   2<\/strong> <\/td><td><strong>DAVID<\/strong> Olivier <\/td><td><strong>CHUSSEAU<\/strong> Elsa  <\/td><td><strong>NOEL<\/strong> Yvonnick <\/td><td><strong>BERGERE<\/strong> Marc  <\/td><\/tr><tr><td><strong>Universit\u00e9 de la R\u00e9union<\/strong>  <\/td><td><strong>MIRANVILLE<\/strong> Fr\u00e9d\u00e9ric <\/td><td><strong>PORLIER<\/strong> Christophe <\/td><td><strong>MARIMOUTOU<\/strong> Jean-Claude Carpanin  <\/td><td><strong>MARIMOUTOU<\/strong> Jean-Claude Carpanin  <\/td><\/tr><tr><td><strong>Universit\u00e9 de Rouen Normandie<\/strong>  <\/td><td><strong>ALEXANDRE<\/strong> Jo\u00ebl <\/td><td><strong>ROY<\/strong> Vincent <\/td><td><\/td><td><strong>ROY<\/strong> Vincent  <\/td><\/tr><tr><td><strong>Universit\u00e9 Paris   Nanterre&nbsp; &#8211; Paris 10<\/strong>   <\/td><td><strong>BALAUDE<\/strong> Jean-Fran\u00e7ois <\/td><td><strong>REGOURD<\/strong> Fran\u00e7ois <\/td><td><\/td><td><strong>SAIDI<\/strong> Aur\u00e9lien    <\/td><\/tr><tr><td><strong>Universit\u00e9 Sorbonne Nouvelle<\/strong><br><strong>Paris 3<\/strong><\/td><td><strong>DAKHLIA<\/strong> Jamil   Jean-Marc   <\/td><td><strong>TURMAINE<\/strong> Isabelle   <\/td><td><strong>FRAU-MEIGS<\/strong> Divina<br>   <\/td><td><strong>DELAVIGNE<\/strong> Val\u00e9rie   <\/td><\/tr><tr><td><strong>Universit\u00e9 de Strasbourg<\/strong> <\/td><td><strong>DENEKEN<\/strong> Michel <\/td><td><strong>BRAUN<\/strong> Damien  <\/td><td><strong>MARQUET<\/strong> Pascal <\/td><td><strong>GAUER<\/strong> Fran\u00e7ois   (Pr\u00e9sident du CA)  <\/td><\/tr><tr><td><strong>Universit\u00e9 de Toulon<\/strong> <\/td><td><strong>LEROUX<\/strong> Xavier <\/td><td><strong>BARBAROUX<\/strong>   Jean-Marie&nbsp; <br><strong>BRECARD<\/strong> Doroth\u00e9e <\/td><td><\/td><td><strong>BARBAROUX<\/strong>   Jean-Marie&nbsp;&nbsp;&nbsp; <br><strong>BRECARD<\/strong> Doroth\u00e9e <\/td><\/tr><tr><td><strong>Universit\u00e9 Toulouse Jean Jaur\u00e8s  <\/strong><\/td><td><strong>GARNIER<\/strong>   Emmanuelle   <\/td><td><strong>TERRIER<\/strong> Patrice   <\/td><td><strong>LE PRIEULT<\/strong> Henri   (Pr\u00e9sident du CS)  <\/td><td><strong>HAEMMERLE <\/strong>Ollivier   <\/td><\/tr><tr><td><\/td><td><\/td><td><\/td><td><\/td><td><\/td><\/tr><tr><td><\/td><td><\/td><td><\/td><td><\/td><td><\/td><\/tr><tr><td>\n  <strong>Membres ext\u00e9rieurs<\/strong>\n  <\/td><\/tr><tr><td><strong>Universit\u00e9 de Li\u00e8ge<\/strong> <\/td><td><\/td><td><\/td><td><strong>VRANCKEN<\/strong> Didier  <\/td><td><\/td><\/tr><tr><td><strong>Universit\u00e9 Libre de Bruxelles <\/strong> <\/td><td><\/td><td><\/td><td><strong>ROSIER<\/strong> Laurence <\/td><td><\/td><\/tr><tr><td><strong>Universit\u00e9 de Vienne <\/strong>  <\/td><td>\n  &nbsp;\n  <\/td><td>\n  &nbsp;\n  <\/td><td><strong>SCHREIBER <\/strong>Sylvia   <\/td><\/tr><\/tbody><\/table>\n","protected":false},"excerpt":{"rendered":"<p>Etablissement Pr\u00e9sident\/e Comit\u00e9 de Pilotage Conseil Scientifique Conseil d&rsquo;Administration Avignon Universit\u00e9 ELLERKAMP Philippe GAILLARD Sophie BESSON Odile ELLERKAMP Philippe CUFR de Mayotte SIRI Aur\u00e9lien HOCHET Antoine SIRI Aur\u00e9lien \u00c9cole Normale Sup\u00e9rieure de Lyon PINTON Jean-Fran\u00e7ois COLON DE CARVAJAL Isabel DORD-CROUSLE St\u00e9phanie SIMAND Catherine Sorbonne Universit\u00e9 CHAMBAZ Jean JOUFFLINEAU Thomas JOUFFLINEAU Thomas Aix-Marseille Universit\u00e9 BERLAND Yvon [&hellip;]<\/p>\n","protected":false},"author":1,"featured_media":0,"parent":0,"menu_order":0,"comment_status":"closed","ping_status":"closed","template":"","meta":[],"acf":[],"yoast_head":"<!-- This site is optimized with the Yoast SEO plugin v17.7.1 - https:\/\/yoast.com\/wordpress\/plugins\/seo\/ -->\n<meta name=\"robots\" content=\"index, follow, max-snippet:-1, max-image-preview:large, max-video-preview:-1\" \/>\n<link rel=\"canonical\" href=\"https:\/\/uoh.fr\/front\/blocs-tests\/\" \/>\n<meta property=\"og:locale\" content=\"fr_FR\" \/>\n<meta property=\"og:type\" content=\"article\" \/>\n<meta property=\"og:title\" content=\"blocs tests - UNIVERSIT\u00c9 NUM\u00c9RIQUE DES HUMANIT\u00c9S\" \/>\n<meta property=\"og:description\" content=\"Etablissement Pr\u00e9sident\/e Comit\u00e9 de Pilotage Conseil Scientifique Conseil d&rsquo;Administration Avignon Universit\u00e9 ELLERKAMP Philippe GAILLARD Sophie BESSON Odile ELLERKAMP Philippe CUFR de Mayotte SIRI Aur\u00e9lien HOCHET Antoine SIRI Aur\u00e9lien \u00c9cole Normale Sup\u00e9rieure de Lyon PINTON Jean-Fran\u00e7ois COLON DE CARVAJAL Isabel DORD-CROUSLE St\u00e9phanie SIMAND Catherine Sorbonne Universit\u00e9 CHAMBAZ Jean JOUFFLINEAU Thomas JOUFFLINEAU Thomas Aix-Marseille Universit\u00e9 BERLAND Yvon [&hellip;]\" \/>\n<meta property=\"og:url\" content=\"https:\/\/uoh.fr\/front\/blocs-tests\/\" \/>\n<meta property=\"og:site_name\" content=\"UNIVERSIT\u00c9 NUM\u00c9RIQUE DES HUMANIT\u00c9S\" \/>\n<meta property=\"article:publisher\" content=\"https:\/\/www.facebook.com\/UOHumanites\/\" \/>\n<meta property=\"article:modified_time\" content=\"2019-10-29T09:31:57+00:00\" \/>\n<meta name=\"twitter:card\" content=\"summary_large_image\" \/>\n<meta name=\"twitter:site\" content=\"@uohumanites\" \/>\n<meta name=\"twitter:label1\" content=\"Dur\u00e9e de lecture estim\u00e9e\" \/>\n\t<meta name=\"twitter:data1\" content=\"2 minutes\" \/>\n<script type=\"application\/ld+json\" class=\"yoast-schema-graph\">{\"@context\":\"https:\/\/schema.org\",\"@graph\":[{\"@type\":\"Organization\",\"@id\":\"https:\/\/uoh.fr\/front\/#organization\",\"name\":\"Universit\\u00e9 Ouverte des Humanit\\u00e9s\",\"url\":\"https:\/\/uoh.fr\/front\/\",\"sameAs\":[\"https:\/\/www.facebook.com\/UOHumanites\/\",\"https:\/\/www.linkedin.com\/company\/universit-ouverte-des-humanit-s\",\"https:\/\/fr.wikipedia.org\/wiki\/Universit\\u00e9_ouverte_des_Humanit\\u00e9s\",\"https:\/\/twitter.com\/uohumanites\"],\"logo\":{\"@type\":\"ImageObject\",\"@id\":\"https:\/\/uoh.fr\/front\/#logo\",\"inLanguage\":\"fr-FR\",\"url\":\"https:\/\/uoh.fr\/front\/wp-content\/uploads\/2019\/10\/logo-uoh-png.png\",\"contentUrl\":\"https:\/\/uoh.fr\/front\/wp-content\/uploads\/2019\/10\/logo-uoh-png.png\",\"width\":1200,\"height\":507,\"caption\":\"Universit\\u00e9 Ouverte des Humanit\\u00e9s\"},\"image\":{\"@id\":\"https:\/\/uoh.fr\/front\/#logo\"}},{\"@type\":\"WebSite\",\"@id\":\"https:\/\/uoh.fr\/front\/#website\",\"url\":\"https:\/\/uoh.fr\/front\/\",\"name\":\"UOH\",\"description\":\"Des ressources en Arts, Lettres, Langues et Sciences Humaines et Sociales\",\"publisher\":{\"@id\":\"https:\/\/uoh.fr\/front\/#organization\"},\"potentialAction\":[{\"@type\":\"SearchAction\",\"target\":{\"@type\":\"EntryPoint\",\"urlTemplate\":\"https:\/\/uoh.fr\/front\/?s={search_term_string}\"},\"query-input\":\"required name=search_term_string\"}],\"inLanguage\":\"fr-FR\"},{\"@type\":\"WebPage\",\"@id\":\"https:\/\/uoh.fr\/front\/blocs-tests\/#webpage\",\"url\":\"https:\/\/uoh.fr\/front\/blocs-tests\/\",\"name\":\"blocs tests - UNIVERSIT\\u00c9 NUM\\u00c9RIQUE DES HUMANIT\\u00c9S\",\"isPartOf\":{\"@id\":\"https:\/\/uoh.fr\/front\/#website\"},\"datePublished\":\"2019-10-29T09:31:56+00:00\",\"dateModified\":\"2019-10-29T09:31:57+00:00\",\"breadcrumb\":{\"@id\":\"https:\/\/uoh.fr\/front\/blocs-tests\/#breadcrumb\"},\"inLanguage\":\"fr-FR\",\"potentialAction\":[{\"@type\":\"ReadAction\",\"target\":[\"https:\/\/uoh.fr\/front\/blocs-tests\/\"]}]},{\"@type\":\"BreadcrumbList\",\"@id\":\"https:\/\/uoh.fr\/front\/blocs-tests\/#breadcrumb\",\"itemListElement\":[{\"@type\":\"ListItem\",\"position\":1,\"name\":\"Home\",\"item\":\"https:\/\/uoh.fr\/front\/\"},{\"@type\":\"ListItem\",\"position\":2,\"name\":\"blocs tests\"}]}]}<\/script>\n<!-- \/ Yoast SEO plugin. -->","yoast_head_json":{"robots":{"index":"index","follow":"follow","max-snippet":"max-snippet:-1","max-image-preview":"max-image-preview:large","max-video-preview":"max-video-preview:-1"},"canonical":"https:\/\/uoh.fr\/front\/blocs-tests\/","og_locale":"fr_FR","og_type":"article","og_title":"blocs tests - UNIVERSIT\u00c9 NUM\u00c9RIQUE DES HUMANIT\u00c9S","og_description":"Etablissement Pr\u00e9sident\/e Comit\u00e9 de Pilotage Conseil Scientifique Conseil d&rsquo;Administration Avignon Universit\u00e9 ELLERKAMP Philippe GAILLARD Sophie BESSON Odile ELLERKAMP Philippe CUFR de Mayotte SIRI Aur\u00e9lien HOCHET Antoine SIRI Aur\u00e9lien \u00c9cole Normale Sup\u00e9rieure de Lyon PINTON Jean-Fran\u00e7ois COLON DE CARVAJAL Isabel DORD-CROUSLE St\u00e9phanie SIMAND Catherine Sorbonne Universit\u00e9 CHAMBAZ Jean JOUFFLINEAU Thomas JOUFFLINEAU Thomas Aix-Marseille Universit\u00e9 BERLAND Yvon [&hellip;]","og_url":"https:\/\/uoh.fr\/front\/blocs-tests\/","og_site_name":"UNIVERSIT\u00c9 NUM\u00c9RIQUE DES HUMANIT\u00c9S","article_publisher":"https:\/\/www.facebook.com\/UOHumanites\/","article_modified_time":"2019-10-29T09:31:57+00:00","twitter_card":"summary_large_image","twitter_site":"@uohumanites","twitter_misc":{"Dur\u00e9e de lecture estim\u00e9e":"2 minutes"},"schema":{"@context":"https:\/\/schema.org","@graph":[{"@type":"Organization","@id":"https:\/\/uoh.fr\/front\/#organization","name":"Universit\u00e9 Ouverte des Humanit\u00e9s","url":"https:\/\/uoh.fr\/front\/","sameAs":["https:\/\/www.facebook.com\/UOHumanites\/","https:\/\/www.linkedin.com\/company\/universit-ouverte-des-humanit-s","https:\/\/fr.wikipedia.org\/wiki\/Universit\u00e9_ouverte_des_Humanit\u00e9s","https:\/\/twitter.com\/uohumanites"],"logo":{"@type":"ImageObject","@id":"https:\/\/uoh.fr\/front\/#logo","inLanguage":"fr-FR","url":"https:\/\/uoh.fr\/front\/wp-content\/uploads\/2019\/10\/logo-uoh-png.png","contentUrl":"https:\/\/uoh.fr\/front\/wp-content\/uploads\/2019\/10\/logo-uoh-png.png","width":1200,"height":507,"caption":"Universit\u00e9 Ouverte des Humanit\u00e9s"},"image":{"@id":"https:\/\/uoh.fr\/front\/#logo"}},{"@type":"WebSite","@id":"https:\/\/uoh.fr\/front\/#website","url":"https:\/\/uoh.fr\/front\/","name":"UOH","description":"Des ressources en Arts, Lettres, Langues et Sciences Humaines et Sociales","publisher":{"@id":"https:\/\/uoh.fr\/front\/#organization"},"potentialAction":[{"@type":"SearchAction","target":{"@type":"EntryPoint","urlTemplate":"https:\/\/uoh.fr\/front\/?s={search_term_string}"},"query-input":"required name=search_term_string"}],"inLanguage":"fr-FR"},{"@type":"WebPage","@id":"https:\/\/uoh.fr\/front\/blocs-tests\/#webpage","url":"https:\/\/uoh.fr\/front\/blocs-tests\/","name":"blocs tests - UNIVERSIT\u00c9 NUM\u00c9RIQUE DES HUMANIT\u00c9S","isPartOf":{"@id":"https:\/\/uoh.fr\/front\/#website"},"datePublished":"2019-10-29T09:31:56+00:00","dateModified":"2019-10-29T09:31:57+00:00","breadcrumb":{"@id":"https:\/\/uoh.fr\/front\/blocs-tests\/#breadcrumb"},"inLanguage":"fr-FR","potentialAction":[{"@type":"ReadAction","target":["https:\/\/uoh.fr\/front\/blocs-tests\/"]}]},{"@type":"BreadcrumbList","@id":"https:\/\/uoh.fr\/front\/blocs-tests\/#breadcrumb","itemListElement":[{"@type":"ListItem","position":1,"name":"Home","item":"https:\/\/uoh.fr\/front\/"},{"@type":"ListItem","position":2,"name":"blocs tests"}]}]}},"_links":{"self":[{"href":"https:\/\/uoh.fr\/front\/wp-json\/wp\/v2\/pages\/1107"}],"collection":[{"href":"https:\/\/uoh.fr\/front\/wp-json\/wp\/v2\/pages"}],"about":[{"href":"https:\/\/uoh.fr\/front\/wp-json\/wp\/v2\/types\/page"}],"author":[{"embeddable":true,"href":"https:\/\/uoh.fr\/front\/wp-json\/wp\/v2\/users\/1"}],"replies":[{"embeddable":true,"href":"https:\/\/uoh.fr\/front\/wp-json\/wp\/v2\/comments?post=1107"}],"version-history":[{"count":2,"href":"https:\/\/uoh.fr\/front\/wp-json\/wp\/v2\/pages\/1107\/revisions"}],"predecessor-version":[{"id":1109,"href":"https:\/\/uoh.fr\/front\/wp-json\/wp\/v2\/pages\/1107\/revisions\/1109"}],"wp:attachment":[{"href":"https:\/\/uoh.fr\/front\/wp-json\/wp\/v2\/media?parent=1107"}],"curies":[{"name":"wp","href":"https:\/\/api.w.org\/{rel}","templated":true}]}}