{"id":1513,"date":"2020-09-22T12:22:33","date_gmt":"2020-09-22T10:22:33","guid":{"rendered":"https:\/\/uoh.fr\/front\/?page_id=1513"},"modified":"2024-12-09T10:09:46","modified_gmt":"2024-12-09T09:09:46","slug":"services","status":"publish","type":"page","link":"https:\/\/uoh.fr\/front\/qui-sommes-nous\/services\/","title":{"rendered":"Ateliers"},"content":{"rendered":"\n<p>L\u2019\u00e9quipe de l\u2019UOH propose diff\u00e9rents ateliers pendant l\u2019ann\u00e9e afin de vous accompagner dans vos enseignements. Ces ateliers sont destin\u00e9s aux enseignants, enseignants-chercheurs, aux BIATSS, aux ing\u00e9nieurs p\u00e9dagogiques et toutes personnes int\u00e9ress\u00e9es par les ressources p\u00e9dagogiques num\u00e9riques libres et leurs usages dans l\u2019enseignement. <\/p>\n\n\n\n<p>Pour animer ces ateliers, nous utilisons un support p\u00e9dagogique utile \u00e0 la compr\u00e9hension de ce qu&rsquo;est une REL (ressource \u00e9ducative libre), une UNT (Universit\u00e9 Num\u00e9rique Th\u00e9matique) ou encore les parcours types que nous avons d\u00e9velopp\u00e9s. Vous y trouverez \u00e9galement diff\u00e9rentes astuces sur les usages des ressources num\u00e9riques \u00e0 distance et en pr\u00e9sentiel. Nous laissons cette pr\u00e9sentation \u00e0 votre disposition, vous \u00eates libre de l&rsquo;utiliser et de la partager. Si vous souhaitez organiser un atelier dans votre \u00e9tablissement, n&rsquo;h\u00e9sitez pas \u00e0 nous contacter <a href=\"mailto:juliette.touzene@unistra.fr\" rel=\"noreferrer noopener\" target=\"_blank\">juliette.touzene@unistra.fr<\/a> !<\/p>\n\n\n\n<div style=\"height:52px\" aria-hidden=\"true\" class=\"wp-block-spacer\"><\/div>\n\n\n\n<div class=\"wp-block-buttons is-content-justification-center\">\n<div class=\"wp-block-button has-custom-width wp-block-button__width-25 is-style-fill\"><a class=\"wp-block-button__link\" href=\"https:\/\/player.vimeo.com\/video\/901081208?h=71e9e13028\" target=\"_blank\" rel=\"noreferrer noopener\">Voir le teaser de pr\u00e9sentation des ateliers<\/a><\/div>\n<\/div>\n\n\n\n<div style=\"height:100px\" aria-hidden=\"true\" class=\"wp-block-spacer\"><\/div>\n\n\n\n<div style=\"width: 100%;\"><div style=\"position: relative; padding-bottom: 56.25%; padding-top: 0; height: 0;\"><iframe loading=\"lazy\" title=\"Nouvelle pr\u00e9sentation UOH\" frameborder=\"0\" width=\"1200\" height=\"675\" style=\"position: absolute; top: 0; left: 0; width: 100%; height: 100%;\" src=\"https:\/\/view.genially.com\/66fd0d4fbcc63700ef75c873\" type=\"text\/html\" allowscriptaccess=\"always\" allowfullscreen=\"true\" scrolling=\"yes\" allownetworking=\"all\"><\/iframe> <\/div> <\/div>\n\n\n\n<div style=\"height:100px\" aria-hidden=\"true\" class=\"wp-block-spacer\"><\/div>\n","protected":false},"excerpt":{"rendered":"<p>L\u2019\u00e9quipe de l\u2019UOH propose diff\u00e9rents ateliers pendant l\u2019ann\u00e9e afin de vous accompagner dans vos enseignements. Ces ateliers sont destin\u00e9s aux enseignants, enseignants-chercheurs, aux BIATSS, aux ing\u00e9nieurs p\u00e9dagogiques et toutes personnes int\u00e9ress\u00e9es par les ressources p\u00e9dagogiques num\u00e9riques libres et leurs usages dans l\u2019enseignement. Pour animer ces ateliers, nous utilisons un support p\u00e9dagogique utile \u00e0 la compr\u00e9hension [&hellip;]<\/p>\n","protected":false},"author":2,"featured_media":0,"parent":103,"menu_order":0,"comment_status":"closed","ping_status":"closed","template":"","meta":[],"acf":[],"yoast_head":"<!-- This site is optimized with the Yoast SEO plugin v17.7.1 - https:\/\/yoast.com\/wordpress\/plugins\/seo\/ -->\n<meta name=\"robots\" content=\"index, follow, max-snippet:-1, max-image-preview:large, max-video-preview:-1\" \/>\n<link rel=\"canonical\" href=\"https:\/\/uoh.fr\/front\/qui-sommes-nous\/services\/\" \/>\n<meta property=\"og:locale\" content=\"fr_FR\" \/>\n<meta property=\"og:type\" content=\"article\" \/>\n<meta property=\"og:title\" content=\"Ateliers - UNIVERSIT\u00c9 NUM\u00c9RIQUE DES HUMANIT\u00c9S\" \/>\n<meta property=\"og:description\" content=\"L\u2019\u00e9quipe de l\u2019UOH propose diff\u00e9rents ateliers pendant l\u2019ann\u00e9e afin de vous accompagner dans vos enseignements. Ces ateliers sont destin\u00e9s aux enseignants, enseignants-chercheurs, aux BIATSS, aux ing\u00e9nieurs p\u00e9dagogiques et toutes personnes int\u00e9ress\u00e9es par les ressources p\u00e9dagogiques num\u00e9riques libres et leurs usages dans l\u2019enseignement. Pour animer ces ateliers, nous utilisons un support p\u00e9dagogique utile \u00e0 la compr\u00e9hension [&hellip;]\" \/>\n<meta property=\"og:url\" content=\"https:\/\/uoh.fr\/front\/qui-sommes-nous\/services\/\" \/>\n<meta property=\"og:site_name\" content=\"UNIVERSIT\u00c9 NUM\u00c9RIQUE DES HUMANIT\u00c9S\" \/>\n<meta property=\"article:publisher\" content=\"https:\/\/www.facebook.com\/UOHumanites\/\" \/>\n<meta property=\"article:modified_time\" content=\"2024-12-09T09:09:46+00:00\" \/>\n<meta name=\"twitter:card\" content=\"summary_large_image\" \/>\n<meta name=\"twitter:site\" content=\"@uohumanites\" \/>\n<meta name=\"twitter:label1\" content=\"Dur\u00e9e de lecture estim\u00e9e\" \/>\n\t<meta name=\"twitter:data1\" content=\"1 minute\" \/>\n<script type=\"application\/ld+json\" class=\"yoast-schema-graph\">{\"@context\":\"https:\/\/schema.org\",\"@graph\":[{\"@type\":\"Organization\",\"@id\":\"https:\/\/uoh.fr\/front\/#organization\",\"name\":\"Universit\\u00e9 Ouverte des Humanit\\u00e9s\",\"url\":\"https:\/\/uoh.fr\/front\/\",\"sameAs\":[\"https:\/\/www.facebook.com\/UOHumanites\/\",\"https:\/\/www.linkedin.com\/company\/universit-ouverte-des-humanit-s\",\"https:\/\/fr.wikipedia.org\/wiki\/Universit\\u00e9_ouverte_des_Humanit\\u00e9s\",\"https:\/\/twitter.com\/uohumanites\"],\"logo\":{\"@type\":\"ImageObject\",\"@id\":\"https:\/\/uoh.fr\/front\/#logo\",\"inLanguage\":\"fr-FR\",\"url\":\"https:\/\/uoh.fr\/front\/wp-content\/uploads\/2019\/10\/logo-uoh-png.png\",\"contentUrl\":\"https:\/\/uoh.fr\/front\/wp-content\/uploads\/2019\/10\/logo-uoh-png.png\",\"width\":1200,\"height\":507,\"caption\":\"Universit\\u00e9 Ouverte des Humanit\\u00e9s\"},\"image\":{\"@id\":\"https:\/\/uoh.fr\/front\/#logo\"}},{\"@type\":\"WebSite\",\"@id\":\"https:\/\/uoh.fr\/front\/#website\",\"url\":\"https:\/\/uoh.fr\/front\/\",\"name\":\"UOH\",\"description\":\"Des ressources en Arts, Lettres, Langues et Sciences Humaines et Sociales\",\"publisher\":{\"@id\":\"https:\/\/uoh.fr\/front\/#organization\"},\"potentialAction\":[{\"@type\":\"SearchAction\",\"target\":{\"@type\":\"EntryPoint\",\"urlTemplate\":\"https:\/\/uoh.fr\/front\/?s={search_term_string}\"},\"query-input\":\"required name=search_term_string\"}],\"inLanguage\":\"fr-FR\"},{\"@type\":\"WebPage\",\"@id\":\"https:\/\/uoh.fr\/front\/qui-sommes-nous\/services\/#webpage\",\"url\":\"https:\/\/uoh.fr\/front\/qui-sommes-nous\/services\/\",\"name\":\"Ateliers - UNIVERSIT\\u00c9 NUM\\u00c9RIQUE DES HUMANIT\\u00c9S\",\"isPartOf\":{\"@id\":\"https:\/\/uoh.fr\/front\/#website\"},\"datePublished\":\"2020-09-22T10:22:33+00:00\",\"dateModified\":\"2024-12-09T09:09:46+00:00\",\"breadcrumb\":{\"@id\":\"https:\/\/uoh.fr\/front\/qui-sommes-nous\/services\/#breadcrumb\"},\"inLanguage\":\"fr-FR\",\"potentialAction\":[{\"@type\":\"ReadAction\",\"target\":[\"https:\/\/uoh.fr\/front\/qui-sommes-nous\/services\/\"]}]},{\"@type\":\"BreadcrumbList\",\"@id\":\"https:\/\/uoh.fr\/front\/qui-sommes-nous\/services\/#breadcrumb\",\"itemListElement\":[{\"@type\":\"ListItem\",\"position\":1,\"name\":\"Home\",\"item\":\"https:\/\/uoh.fr\/front\/\"},{\"@type\":\"ListItem\",\"position\":2,\"name\":\"Nous conna\\u00eetre\",\"item\":\"https:\/\/uoh.fr\/front\/qui-sommes-nous\/\"},{\"@type\":\"ListItem\",\"position\":3,\"name\":\"Ateliers\"}]}]}<\/script>\n<!-- \/ Yoast SEO plugin. -->","yoast_head_json":{"robots":{"index":"index","follow":"follow","max-snippet":"max-snippet:-1","max-image-preview":"max-image-preview:large","max-video-preview":"max-video-preview:-1"},"canonical":"https:\/\/uoh.fr\/front\/qui-sommes-nous\/services\/","og_locale":"fr_FR","og_type":"article","og_title":"Ateliers - UNIVERSIT\u00c9 NUM\u00c9RIQUE DES HUMANIT\u00c9S","og_description":"L\u2019\u00e9quipe de l\u2019UOH propose diff\u00e9rents ateliers pendant l\u2019ann\u00e9e afin de vous accompagner dans vos enseignements. Ces ateliers sont destin\u00e9s aux enseignants, enseignants-chercheurs, aux BIATSS, aux ing\u00e9nieurs p\u00e9dagogiques et toutes personnes int\u00e9ress\u00e9es par les ressources p\u00e9dagogiques num\u00e9riques libres et leurs usages dans l\u2019enseignement. Pour animer ces ateliers, nous utilisons un support p\u00e9dagogique utile \u00e0 la compr\u00e9hension [&hellip;]","og_url":"https:\/\/uoh.fr\/front\/qui-sommes-nous\/services\/","og_site_name":"UNIVERSIT\u00c9 NUM\u00c9RIQUE DES HUMANIT\u00c9S","article_publisher":"https:\/\/www.facebook.com\/UOHumanites\/","article_modified_time":"2024-12-09T09:09:46+00:00","twitter_card":"summary_large_image","twitter_site":"@uohumanites","twitter_misc":{"Dur\u00e9e de lecture estim\u00e9e":"1 minute"},"schema":{"@context":"https:\/\/schema.org","@graph":[{"@type":"Organization","@id":"https:\/\/uoh.fr\/front\/#organization","name":"Universit\u00e9 Ouverte des Humanit\u00e9s","url":"https:\/\/uoh.fr\/front\/","sameAs":["https:\/\/www.facebook.com\/UOHumanites\/","https:\/\/www.linkedin.com\/company\/universit-ouverte-des-humanit-s","https:\/\/fr.wikipedia.org\/wiki\/Universit\u00e9_ouverte_des_Humanit\u00e9s","https:\/\/twitter.com\/uohumanites"],"logo":{"@type":"ImageObject","@id":"https:\/\/uoh.fr\/front\/#logo","inLanguage":"fr-FR","url":"https:\/\/uoh.fr\/front\/wp-content\/uploads\/2019\/10\/logo-uoh-png.png","contentUrl":"https:\/\/uoh.fr\/front\/wp-content\/uploads\/2019\/10\/logo-uoh-png.png","width":1200,"height":507,"caption":"Universit\u00e9 Ouverte des Humanit\u00e9s"},"image":{"@id":"https:\/\/uoh.fr\/front\/#logo"}},{"@type":"WebSite","@id":"https:\/\/uoh.fr\/front\/#website","url":"https:\/\/uoh.fr\/front\/","name":"UOH","description":"Des ressources en Arts, Lettres, Langues et Sciences Humaines et Sociales","publisher":{"@id":"https:\/\/uoh.fr\/front\/#organization"},"potentialAction":[{"@type":"SearchAction","target":{"@type":"EntryPoint","urlTemplate":"https:\/\/uoh.fr\/front\/?s={search_term_string}"},"query-input":"required name=search_term_string"}],"inLanguage":"fr-FR"},{"@type":"WebPage","@id":"https:\/\/uoh.fr\/front\/qui-sommes-nous\/services\/#webpage","url":"https:\/\/uoh.fr\/front\/qui-sommes-nous\/services\/","name":"Ateliers - UNIVERSIT\u00c9 NUM\u00c9RIQUE DES HUMANIT\u00c9S","isPartOf":{"@id":"https:\/\/uoh.fr\/front\/#website"},"datePublished":"2020-09-22T10:22:33+00:00","dateModified":"2024-12-09T09:09:46+00:00","breadcrumb":{"@id":"https:\/\/uoh.fr\/front\/qui-sommes-nous\/services\/#breadcrumb"},"inLanguage":"fr-FR","potentialAction":[{"@type":"ReadAction","target":["https:\/\/uoh.fr\/front\/qui-sommes-nous\/services\/"]}]},{"@type":"BreadcrumbList","@id":"https:\/\/uoh.fr\/front\/qui-sommes-nous\/services\/#breadcrumb","itemListElement":[{"@type":"ListItem","position":1,"name":"Home","item":"https:\/\/uoh.fr\/front\/"},{"@type":"ListItem","position":2,"name":"Nous conna\u00eetre","item":"https:\/\/uoh.fr\/front\/qui-sommes-nous\/"},{"@type":"ListItem","position":3,"name":"Ateliers"}]}]}},"_links":{"self":[{"href":"https:\/\/uoh.fr\/front\/wp-json\/wp\/v2\/pages\/1513"}],"collection":[{"href":"https:\/\/uoh.fr\/front\/wp-json\/wp\/v2\/pages"}],"about":[{"href":"https:\/\/uoh.fr\/front\/wp-json\/wp\/v2\/types\/page"}],"author":[{"embeddable":true,"href":"https:\/\/uoh.fr\/front\/wp-json\/wp\/v2\/users\/2"}],"replies":[{"embeddable":true,"href":"https:\/\/uoh.fr\/front\/wp-json\/wp\/v2\/comments?post=1513"}],"version-history":[{"count":31,"href":"https:\/\/uoh.fr\/front\/wp-json\/wp\/v2\/pages\/1513\/revisions"}],"predecessor-version":[{"id":3387,"href":"https:\/\/uoh.fr\/front\/wp-json\/wp\/v2\/pages\/1513\/revisions\/3387"}],"up":[{"embeddable":true,"href":"https:\/\/uoh.fr\/front\/wp-json\/wp\/v2\/pages\/103"}],"wp:attachment":[{"href":"https:\/\/uoh.fr\/front\/wp-json\/wp\/v2\/media?parent=1513"}],"curies":[{"name":"wp","href":"https:\/\/api.w.org\/{rel}","templated":true}]}}