{"id":1597,"date":"2020-12-09T09:16:07","date_gmt":"2020-12-09T08:16:07","guid":{"rendered":"https:\/\/uoh.fr\/front\/?page_id=1597"},"modified":"2023-12-01T10:59:42","modified_gmt":"2023-12-01T09:59:42","slug":"pedagogie","status":"publish","type":"page","link":"https:\/\/uoh.fr\/front\/se-former\/pedagogie\/","title":{"rendered":"P\u00e9dagogie"},"content":{"rendered":"\n<p><\/p>\n\n\n\n<h3 class=\"has-luminous-vivid-orange-color has-text-color\">Enseigner et apprendre \u00e0 l&rsquo;universit\u00e9 avec les ressources p\u00e9dagogiques num\u00e9riques<\/h3>\n\n\n\n<p><\/p>\n\n\n\n<p><\/p>\n\n\n\n<div class=\"wp-block-columns\">\n<div class=\"wp-block-column\">\n<div class=\"wp-block-image\"><figure class=\"alignleft size-large is-resized\"><img loading=\"lazy\" src=\"https:\/\/uoh.fr\/front\/wp-content\/uploads\/2020\/10\/14262.jpg\" alt=\"\" class=\"wp-image-1571\" width=\"440\" height=\"248\" srcset=\"https:\/\/uoh.fr\/front\/wp-content\/uploads\/2020\/10\/14262.jpg 880w, https:\/\/uoh.fr\/front\/wp-content\/uploads\/2020\/10\/14262-300x169.jpg 300w, https:\/\/uoh.fr\/front\/wp-content\/uploads\/2020\/10\/14262-768x432.jpg 768w\" sizes=\"(max-width: 440px) 100vw, 440px\" \/><\/figure><\/div>\n<\/div>\n\n\n\n<div class=\"wp-block-column\">\n<p><br><br>L&rsquo;<a href=\"https:\/\/www.unistra.fr\/index.php?id=accueil&amp;utm_source=unistra_fr&amp;utm_medium=unistra_fr_homepage\" target=\"_blank\" rel=\"noreferrer noopener\">Universit\u00e9 de Strasbourg<\/a>\u00a0et l&rsquo;<a href=\"https:\/\/uoh.fr\/front\/\" target=\"_blank\" rel=\"noreferrer noopener\">Universit\u00e9 Ouverte des Humanit\u00e9s<\/a>\u00a0(UOH), membre de\u00a0<a href=\"https:\/\/luniversitenumerique.fr\/\" target=\"_blank\" rel=\"noreferrer noopener\">L&rsquo;Universit\u00e9 Num\u00e9rique<\/a>, ont organis\u00e9 les 24 et 25 novembre derniers, en partenariat avec les membres du projet <a href=\"http:\/\/www.dune-eole.fr\/\" target=\"_blank\" rel=\"noreferrer noopener\">EOLE<\/a><strong> <\/strong>(ANR-16-DUNE-0001-EOLE ), un \u00e9v\u00e9nement permettant de <strong>penser ensemble les sujets de l\u2019enseignement et de l\u2019apprentissage \u00e0 l\u2019universit\u00e9 avec les ressources p\u00e9dagogiques num\u00e9riques<\/strong>.<\/p>\n<\/div>\n<\/div>\n\n\n\n<p>Cet \u00e9v\u00e9nement enti\u00e8rement \u00e0 distance a compt\u00e9 plus de 200 inscrits.<\/p>\n\n\n\n<p>Au moins 60 et jusqu\u2019\u00e0 125 personnes \u00e9taient connect\u00e9es simultan\u00e9ment lors des diff\u00e9rents moments pl\u00e9niers&nbsp;: conf\u00e9rences et tables-rondes.<\/p>\n\n\n\n<p>Entre 15 et 20 personnes en moyenne ont particip\u00e9 aux 10 ateliers organis\u00e9s sur les deux jours.<\/p>\n\n\n\n<p>Cet \u00e9v\u00e9nement a \u00e9t\u00e9 appr\u00e9ci\u00e9 de tous les participants qui ont fait part \u00e0 de nombreuses reprises de leur satisfaction et de leur appr\u00e9ciation quant \u00e0 son <strong>caract\u00e8re collaboratif et participatif<\/strong>.<\/p>\n\n\n\n<p>Les vid\u00e9os et diaporamas sont maintenant en ligne <a href=\"https:\/\/idip.unistra.fr\/colloquerpn\/\">ici<\/a>.<\/p>\n\n\n\n<p>Deux nouvelles actions sont pr\u00e9vues pour prolonger les travaux d\u00e9but\u00e9s fin novembre&nbsp;:<\/p>\n\n\n\n<ul><li>Editer une publication issue des contributions et r\u00e9flexions communes.<\/li><li>Cr\u00e9er un r\u00e9seau informel pour \u00e9changer et partager les questionnements, pratiques et r\u00e9alisations sur la question des ressources p\u00e9dagogiques num\u00e9riques.<\/li><\/ul>\n\n\n\n<p>Retrouvez toutes les vid\u00e9os du colloque :<\/p>\n\n\n\n<p><a href=\"https:\/\/idip.unistra.fr\/colloquerpn\/\">https:\/\/idip.unistra.fr\/colloquerpn\/<\/a><\/p>\n","protected":false},"excerpt":{"rendered":"<p>Enseigner et apprendre \u00e0 l&rsquo;universit\u00e9 avec les ressources p\u00e9dagogiques num\u00e9riques L&rsquo;Universit\u00e9 de Strasbourg\u00a0et l&rsquo;Universit\u00e9 Ouverte des Humanit\u00e9s\u00a0(UOH), membre de\u00a0L&rsquo;Universit\u00e9 Num\u00e9rique, ont organis\u00e9 les 24 et 25 novembre derniers, en partenariat avec les membres du projet EOLE (ANR-16-DUNE-0001-EOLE ), un \u00e9v\u00e9nement permettant de penser ensemble les sujets de l\u2019enseignement et de l\u2019apprentissage \u00e0 l\u2019universit\u00e9 avec les [&hellip;]<\/p>\n","protected":false},"author":2,"featured_media":0,"parent":582,"menu_order":0,"comment_status":"closed","ping_status":"closed","template":"","meta":[],"acf":[],"yoast_head":"<!-- This site is optimized with the Yoast SEO plugin v17.7.1 - https:\/\/yoast.com\/wordpress\/plugins\/seo\/ -->\n<meta name=\"robots\" content=\"index, follow, max-snippet:-1, max-image-preview:large, max-video-preview:-1\" \/>\n<link rel=\"canonical\" href=\"https:\/\/uoh.fr\/front\/se-former\/pedagogie\/\" \/>\n<meta property=\"og:locale\" content=\"fr_FR\" \/>\n<meta property=\"og:type\" content=\"article\" \/>\n<meta property=\"og:title\" content=\"P\u00e9dagogie - UNIVERSIT\u00c9 NUM\u00c9RIQUE DES HUMANIT\u00c9S\" \/>\n<meta property=\"og:description\" content=\"Enseigner et apprendre \u00e0 l&rsquo;universit\u00e9 avec les ressources p\u00e9dagogiques num\u00e9riques L&rsquo;Universit\u00e9 de Strasbourg\u00a0et l&rsquo;Universit\u00e9 Ouverte des Humanit\u00e9s\u00a0(UOH), membre de\u00a0L&rsquo;Universit\u00e9 Num\u00e9rique, ont organis\u00e9 les 24 et 25 novembre derniers, en partenariat avec les membres du projet EOLE (ANR-16-DUNE-0001-EOLE ), un \u00e9v\u00e9nement permettant de penser ensemble les sujets de l\u2019enseignement et de l\u2019apprentissage \u00e0 l\u2019universit\u00e9 avec les [&hellip;]\" \/>\n<meta property=\"og:url\" content=\"https:\/\/uoh.fr\/front\/se-former\/pedagogie\/\" \/>\n<meta property=\"og:site_name\" content=\"UNIVERSIT\u00c9 NUM\u00c9RIQUE DES HUMANIT\u00c9S\" \/>\n<meta property=\"article:publisher\" content=\"https:\/\/www.facebook.com\/UOHumanites\/\" \/>\n<meta property=\"article:modified_time\" content=\"2023-12-01T09:59:42+00:00\" \/>\n<meta property=\"og:image\" content=\"https:\/\/uoh.fr\/front\/wp-content\/uploads\/2020\/10\/14262.jpg\" \/>\n<meta name=\"twitter:card\" content=\"summary_large_image\" \/>\n<meta name=\"twitter:site\" content=\"@uohumanites\" \/>\n<meta name=\"twitter:label1\" content=\"Dur\u00e9e de lecture estim\u00e9e\" \/>\n\t<meta name=\"twitter:data1\" content=\"2 minutes\" \/>\n<script type=\"application\/ld+json\" class=\"yoast-schema-graph\">{\"@context\":\"https:\/\/schema.org\",\"@graph\":[{\"@type\":\"Organization\",\"@id\":\"https:\/\/uoh.fr\/front\/#organization\",\"name\":\"Universit\\u00e9 Ouverte des Humanit\\u00e9s\",\"url\":\"https:\/\/uoh.fr\/front\/\",\"sameAs\":[\"https:\/\/www.facebook.com\/UOHumanites\/\",\"https:\/\/www.linkedin.com\/company\/universit-ouverte-des-humanit-s\",\"https:\/\/fr.wikipedia.org\/wiki\/Universit\\u00e9_ouverte_des_Humanit\\u00e9s\",\"https:\/\/twitter.com\/uohumanites\"],\"logo\":{\"@type\":\"ImageObject\",\"@id\":\"https:\/\/uoh.fr\/front\/#logo\",\"inLanguage\":\"fr-FR\",\"url\":\"https:\/\/uoh.fr\/front\/wp-content\/uploads\/2019\/10\/logo-uoh-png.png\",\"contentUrl\":\"https:\/\/uoh.fr\/front\/wp-content\/uploads\/2019\/10\/logo-uoh-png.png\",\"width\":1200,\"height\":507,\"caption\":\"Universit\\u00e9 Ouverte des Humanit\\u00e9s\"},\"image\":{\"@id\":\"https:\/\/uoh.fr\/front\/#logo\"}},{\"@type\":\"WebSite\",\"@id\":\"https:\/\/uoh.fr\/front\/#website\",\"url\":\"https:\/\/uoh.fr\/front\/\",\"name\":\"UOH\",\"description\":\"Des ressources en Arts, Lettres, Langues et Sciences Humaines et Sociales\",\"publisher\":{\"@id\":\"https:\/\/uoh.fr\/front\/#organization\"},\"potentialAction\":[{\"@type\":\"SearchAction\",\"target\":{\"@type\":\"EntryPoint\",\"urlTemplate\":\"https:\/\/uoh.fr\/front\/?s={search_term_string}\"},\"query-input\":\"required name=search_term_string\"}],\"inLanguage\":\"fr-FR\"},{\"@type\":\"ImageObject\",\"@id\":\"https:\/\/uoh.fr\/front\/se-former\/pedagogie\/#primaryimage\",\"inLanguage\":\"fr-FR\",\"url\":\"https:\/\/uoh.fr\/front\/wp-content\/uploads\/2020\/10\/14262.jpg\",\"contentUrl\":\"https:\/\/uoh.fr\/front\/wp-content\/uploads\/2020\/10\/14262.jpg\",\"width\":880,\"height\":495},{\"@type\":\"WebPage\",\"@id\":\"https:\/\/uoh.fr\/front\/se-former\/pedagogie\/#webpage\",\"url\":\"https:\/\/uoh.fr\/front\/se-former\/pedagogie\/\",\"name\":\"P\\u00e9dagogie - UNIVERSIT\\u00c9 NUM\\u00c9RIQUE DES HUMANIT\\u00c9S\",\"isPartOf\":{\"@id\":\"https:\/\/uoh.fr\/front\/#website\"},\"primaryImageOfPage\":{\"@id\":\"https:\/\/uoh.fr\/front\/se-former\/pedagogie\/#primaryimage\"},\"datePublished\":\"2020-12-09T08:16:07+00:00\",\"dateModified\":\"2023-12-01T09:59:42+00:00\",\"breadcrumb\":{\"@id\":\"https:\/\/uoh.fr\/front\/se-former\/pedagogie\/#breadcrumb\"},\"inLanguage\":\"fr-FR\",\"potentialAction\":[{\"@type\":\"ReadAction\",\"target\":[\"https:\/\/uoh.fr\/front\/se-former\/pedagogie\/\"]}]},{\"@type\":\"BreadcrumbList\",\"@id\":\"https:\/\/uoh.fr\/front\/se-former\/pedagogie\/#breadcrumb\",\"itemListElement\":[{\"@type\":\"ListItem\",\"position\":1,\"name\":\"Home\",\"item\":\"https:\/\/uoh.fr\/front\/\"},{\"@type\":\"ListItem\",\"position\":2,\"name\":\"Former\",\"item\":\"https:\/\/uoh.fr\/front\/se-former\/\"},{\"@type\":\"ListItem\",\"position\":3,\"name\":\"P\\u00e9dagogie\"}]}]}<\/script>\n<!-- \/ Yoast SEO plugin. -->","yoast_head_json":{"robots":{"index":"index","follow":"follow","max-snippet":"max-snippet:-1","max-image-preview":"max-image-preview:large","max-video-preview":"max-video-preview:-1"},"canonical":"https:\/\/uoh.fr\/front\/se-former\/pedagogie\/","og_locale":"fr_FR","og_type":"article","og_title":"P\u00e9dagogie - UNIVERSIT\u00c9 NUM\u00c9RIQUE DES HUMANIT\u00c9S","og_description":"Enseigner et apprendre \u00e0 l&rsquo;universit\u00e9 avec les ressources p\u00e9dagogiques num\u00e9riques L&rsquo;Universit\u00e9 de Strasbourg\u00a0et l&rsquo;Universit\u00e9 Ouverte des Humanit\u00e9s\u00a0(UOH), membre de\u00a0L&rsquo;Universit\u00e9 Num\u00e9rique, ont organis\u00e9 les 24 et 25 novembre derniers, en partenariat avec les membres du projet EOLE (ANR-16-DUNE-0001-EOLE ), un \u00e9v\u00e9nement permettant de penser ensemble les sujets de l\u2019enseignement et de l\u2019apprentissage \u00e0 l\u2019universit\u00e9 avec les [&hellip;]","og_url":"https:\/\/uoh.fr\/front\/se-former\/pedagogie\/","og_site_name":"UNIVERSIT\u00c9 NUM\u00c9RIQUE DES HUMANIT\u00c9S","article_publisher":"https:\/\/www.facebook.com\/UOHumanites\/","article_modified_time":"2023-12-01T09:59:42+00:00","og_image":[{"url":"https:\/\/uoh.fr\/front\/wp-content\/uploads\/2020\/10\/14262.jpg"}],"twitter_card":"summary_large_image","twitter_site":"@uohumanites","twitter_misc":{"Dur\u00e9e de lecture estim\u00e9e":"2 minutes"},"schema":{"@context":"https:\/\/schema.org","@graph":[{"@type":"Organization","@id":"https:\/\/uoh.fr\/front\/#organization","name":"Universit\u00e9 Ouverte des Humanit\u00e9s","url":"https:\/\/uoh.fr\/front\/","sameAs":["https:\/\/www.facebook.com\/UOHumanites\/","https:\/\/www.linkedin.com\/company\/universit-ouverte-des-humanit-s","https:\/\/fr.wikipedia.org\/wiki\/Universit\u00e9_ouverte_des_Humanit\u00e9s","https:\/\/twitter.com\/uohumanites"],"logo":{"@type":"ImageObject","@id":"https:\/\/uoh.fr\/front\/#logo","inLanguage":"fr-FR","url":"https:\/\/uoh.fr\/front\/wp-content\/uploads\/2019\/10\/logo-uoh-png.png","contentUrl":"https:\/\/uoh.fr\/front\/wp-content\/uploads\/2019\/10\/logo-uoh-png.png","width":1200,"height":507,"caption":"Universit\u00e9 Ouverte des Humanit\u00e9s"},"image":{"@id":"https:\/\/uoh.fr\/front\/#logo"}},{"@type":"WebSite","@id":"https:\/\/uoh.fr\/front\/#website","url":"https:\/\/uoh.fr\/front\/","name":"UOH","description":"Des ressources en Arts, Lettres, Langues et Sciences Humaines et Sociales","publisher":{"@id":"https:\/\/uoh.fr\/front\/#organization"},"potentialAction":[{"@type":"SearchAction","target":{"@type":"EntryPoint","urlTemplate":"https:\/\/uoh.fr\/front\/?s={search_term_string}"},"query-input":"required name=search_term_string"}],"inLanguage":"fr-FR"},{"@type":"ImageObject","@id":"https:\/\/uoh.fr\/front\/se-former\/pedagogie\/#primaryimage","inLanguage":"fr-FR","url":"https:\/\/uoh.fr\/front\/wp-content\/uploads\/2020\/10\/14262.jpg","contentUrl":"https:\/\/uoh.fr\/front\/wp-content\/uploads\/2020\/10\/14262.jpg","width":880,"height":495},{"@type":"WebPage","@id":"https:\/\/uoh.fr\/front\/se-former\/pedagogie\/#webpage","url":"https:\/\/uoh.fr\/front\/se-former\/pedagogie\/","name":"P\u00e9dagogie - UNIVERSIT\u00c9 NUM\u00c9RIQUE DES HUMANIT\u00c9S","isPartOf":{"@id":"https:\/\/uoh.fr\/front\/#website"},"primaryImageOfPage":{"@id":"https:\/\/uoh.fr\/front\/se-former\/pedagogie\/#primaryimage"},"datePublished":"2020-12-09T08:16:07+00:00","dateModified":"2023-12-01T09:59:42+00:00","breadcrumb":{"@id":"https:\/\/uoh.fr\/front\/se-former\/pedagogie\/#breadcrumb"},"inLanguage":"fr-FR","potentialAction":[{"@type":"ReadAction","target":["https:\/\/uoh.fr\/front\/se-former\/pedagogie\/"]}]},{"@type":"BreadcrumbList","@id":"https:\/\/uoh.fr\/front\/se-former\/pedagogie\/#breadcrumb","itemListElement":[{"@type":"ListItem","position":1,"name":"Home","item":"https:\/\/uoh.fr\/front\/"},{"@type":"ListItem","position":2,"name":"Former","item":"https:\/\/uoh.fr\/front\/se-former\/"},{"@type":"ListItem","position":3,"name":"P\u00e9dagogie"}]}]}},"_links":{"self":[{"href":"https:\/\/uoh.fr\/front\/wp-json\/wp\/v2\/pages\/1597"}],"collection":[{"href":"https:\/\/uoh.fr\/front\/wp-json\/wp\/v2\/pages"}],"about":[{"href":"https:\/\/uoh.fr\/front\/wp-json\/wp\/v2\/types\/page"}],"author":[{"embeddable":true,"href":"https:\/\/uoh.fr\/front\/wp-json\/wp\/v2\/users\/2"}],"replies":[{"embeddable":true,"href":"https:\/\/uoh.fr\/front\/wp-json\/wp\/v2\/comments?post=1597"}],"version-history":[{"count":21,"href":"https:\/\/uoh.fr\/front\/wp-json\/wp\/v2\/pages\/1597\/revisions"}],"predecessor-version":[{"id":2636,"href":"https:\/\/uoh.fr\/front\/wp-json\/wp\/v2\/pages\/1597\/revisions\/2636"}],"up":[{"embeddable":true,"href":"https:\/\/uoh.fr\/front\/wp-json\/wp\/v2\/pages\/582"}],"wp:attachment":[{"href":"https:\/\/uoh.fr\/front\/wp-json\/wp\/v2\/media?parent=1597"}],"curies":[{"name":"wp","href":"https:\/\/api.w.org\/{rel}","templated":true}]}}