{"id":1665,"date":"2021-02-19T09:22:51","date_gmt":"2021-02-19T08:22:51","guid":{"rendered":"https:\/\/uoh.fr\/front\/?page_id=1665"},"modified":"2023-12-01T10:42:01","modified_gmt":"2023-12-01T09:42:01","slug":"dephy","status":"publish","type":"page","link":"https:\/\/uoh.fr\/front\/nos-projets\/dephy\/","title":{"rendered":"D\u00e9PHy"},"content":{"rendered":"\n<p class=\"has-text-align-left\"><strong>D\u00e9velopper des p\u00e9dagogies hybrides et durables<\/strong><\/p>\n\n\n\n<p class=\"has-text-align-left\">Septembre 2020 \/ Mars 2022<\/p>\n\n\n\n<div style=\"height:20px\" aria-hidden=\"true\" class=\"wp-block-spacer\"><\/div>\n\n\n\n<h2 class=\"has-text-align-left\"><strong>PAR QUI&nbsp;?<\/strong><\/h2>\n\n\n\n<p>Le projet <strong>D\u00e9PHy<\/strong> est port\u00e9 par l\u2019Universit\u00e9 de Strasbourg en partenariat avec l\u2019UOH.<\/p>\n\n\n\n<div style=\"height:20px\" aria-hidden=\"true\" class=\"wp-block-spacer\"><\/div>\n\n\n\n<h2 class=\"has-text-align-left\"><strong>POURQUOI&nbsp;?<\/strong><\/h2>\n\n\n\n<p>Le projet <strong>D\u00e9PHy<\/strong> est n\u00e9e de la c\u00e9sure p\u00e9dagogique brutale li\u00e9e \u00e0 la crise sanitaire du printemps 2020. Il a pour ambition de r\u00e9pondre aux probl\u00e9matiques suivantes :<\/p>\n\n\n\n<ul><li>La <strong>fracture num\u00e9rique<\/strong> (\u00e9quipements, connexions, logiciels) et <strong>cognitive<\/strong> (ma\u00eetrise des outils et m\u00e9thodes pour enseigner et apprendre)<\/li><li>Le <strong>d\u00e9crochage des \u00e9tudiants<\/strong> trop \u00e9loign\u00e9s des \u00e9tudes (m\u00e9connaissance de l\u2019universit\u00e9 pour les primo-entrants, manque de m\u00e9thodes et de ma\u00eetrise des attendus, absence de lien avec les pairs et les \u00e9quipes p\u00e9dagogiques, difficult\u00e9s personnelles, etc.)<\/li><li>Le <strong>besoin d\u2019accompagnement et d\u2019\u00e9quipement <\/strong>pour r\u00e9aliser des modules p\u00e9dagogiques sc\u00e9naris\u00e9s dans tous les contextes de formation<\/li><li>La <strong>difficult\u00e9 \u00e0 mettre en \u0153uvre les apprentissages<\/strong> par l\u2019exp\u00e9rience : l\u2019impossibilit\u00e9 d\u2019organiser des travaux pratiques ou des mises en situation<\/li><li>Les <strong>freins \u00e0 la professionnalisation et \u00e0 l\u2019insertion professionnelle<\/strong> en raison de l\u2019arr\u00eat des stages et de l\u2019apprentissage, ainsi que de la crise \u00e9conomique accentu\u00e9e<\/li><\/ul>\n\n\n\n<div style=\"height:20px\" aria-hidden=\"true\" class=\"wp-block-spacer\"><\/div>\n\n\n\n<h2 class=\"has-text-align-left\"><strong>COMMENT&nbsp;?<\/strong><\/h2>\n\n\n\n<ul><li><strong>Capitaliser<\/strong> sur les modes d\u2019actions qui ont \u00e9t\u00e9 efficaces pendant le printemps 2020<\/li><li><strong>Optimiser<\/strong> et<strong> valoriser<\/strong> les ressources p\u00e9dagogiques existantes<\/li><li><strong>Permettre<\/strong> \u00e0 la formation de se d\u00e9rouler de fa\u00e7on hybride et comodale en 2021 et dans les ann\u00e9es \u00e0 venir<\/li><\/ul>\n\n\n\n<figure class=\"wp-block-image size-large\"><img loading=\"lazy\" width=\"604\" height=\"465\" src=\"https:\/\/uoh.fr\/front\/wp-content\/uploads\/2021\/02\/image.png\" alt=\"\" class=\"wp-image-1667\" srcset=\"https:\/\/uoh.fr\/front\/wp-content\/uploads\/2021\/02\/image.png 604w, https:\/\/uoh.fr\/front\/wp-content\/uploads\/2021\/02\/image-300x231.png 300w\" sizes=\"(max-width: 604px) 100vw, 604px\" \/><\/figure>\n\n\n\n<p>D\u2019un point de vue p\u00e9dagogique et technique, les enseignants pourront profiter de l\u2019accompagnement par des professionnels (ing\u00e9nieurs p\u00e9dagogiques, assistants ing\u00e9nieurs p\u00e9dagogiques, charg\u00e9es de ressources documentaires, sp\u00e9cialistes du num\u00e9rique et de l\u2019audiovisuel), ainsi que du soutien d\u2019une communaut\u00e9 de travail et de partage pour concevoir et produire leurs modules avec une m\u00e9thodologie adapt\u00e9e.<\/p>\n\n\n\n<div style=\"height:20px\" aria-hidden=\"true\" class=\"wp-block-spacer\"><\/div>\n\n\n\n<h2 class=\"has-text-align-left\"><strong>POUR QUI&nbsp;?<\/strong><\/h2>\n\n\n\n<p>La centaine de ressources partag\u00e9es dans le cadre du projet sera diffus\u00e9e sur des portails nationaux (C\u00e9lEst, UNT, etc.) pour \u00eatre rendu accessible au plus grand nombre et int\u00e9gr\u00e9e dans la plate-forme Moodle de l\u2019Universit\u00e9 de Strasbourg pour tous ses \u00e9tudiants, ou plus largement si la demande est pr\u00e9sente.<\/p>\n\n\n\n<p>A terme, le projet D\u00e9PHy aura permis aux enseignants de b\u00e9n\u00e9ficier et de produire des ressources diversifi\u00e9es de qualit\u00e9 pour leurs enseignements. Ils auront aussi d\u00e9velopp\u00e9 leurs comp\u00e9tences num\u00e9riques pour enseigner et produire des ressources p\u00e9dagogiques favorisant la r\u00e9ussite des \u00e9tudiants dans les diff\u00e9rents contextes de formation (pr\u00e9sence, distance, hybride, etc.).<\/p>\n\n\n\n<div style=\"height:60px\" aria-hidden=\"true\" class=\"wp-block-spacer\"><\/div>\n\n\n\n<div class=\"wp-block-columns\">\n<div class=\"wp-block-column\">\n<h4 class=\"has-vivid-red-color has-text-color\">Pour en savoir plus&nbsp;:&nbsp;&nbsp;<\/h4>\n\n\n\n<figure class=\"wp-block-embed-wordpress wp-block-embed is-type-wp-embed is-provider-idip\"><div class=\"wp-block-embed__wrapper\">\n<blockquote class=\"wp-embedded-content\" data-secret=\"hpWqPZife5\"><a href=\"https:\/\/idip.unistra.fr\/dephy-2\/\">Projet D\u00e9PHy<\/a><\/blockquote><iframe class=\"wp-embedded-content\" sandbox=\"allow-scripts\" security=\"restricted\" style=\"position: absolute; clip: rect(1px, 1px, 1px, 1px);\" title=\"\u00ab\u00a0Projet D\u00e9PHy\u00a0\u00bb &#8212; Idip\" src=\"https:\/\/idip.unistra.fr\/dephy-2\/embed\/#?secret=MlADY2VGFz#?secret=hpWqPZife5\" data-secret=\"hpWqPZife5\" width=\"500\" height=\"282\" frameborder=\"0\" marginwidth=\"0\" marginheight=\"0\" scrolling=\"no\"><\/iframe>\n<\/div><\/figure>\n\n\n\n<p><\/p>\n<\/div>\n\n\n\n<div class=\"wp-block-column\">\n<h4 class=\"has-vivid-red-color has-text-color\">Votre contact pour ce projet&nbsp;:<\/h4>\n\n\n\n<p><a href=\"mailto:clecourt@unistra.fr\">Carole Lecourt<\/a><\/p>\n<\/div>\n<\/div>\n\n\n\n<div class=\"wp-block-columns\">\n<div class=\"wp-block-column\">\n<figure class=\"wp-block-image size-large is-resized\"><img loading=\"lazy\" src=\"https:\/\/uoh.fr\/front\/wp-content\/uploads\/2021\/02\/Image1.jpg\" alt=\"\" class=\"wp-image-1672\" width=\"140\" height=\"68\"\/><\/figure>\n<\/div>\n\n\n\n<div class=\"wp-block-column\">\n<figure class=\"wp-block-image size-large\"><img loading=\"lazy\" width=\"181\" height=\"66\" src=\"https:\/\/uoh.fr\/front\/wp-content\/uploads\/2021\/02\/Image2.png\" alt=\"\" class=\"wp-image-1678\"\/><\/figure>\n<\/div>\n\n\n\n<div class=\"wp-block-column\">\n<figure class=\"wp-block-image size-large is-resized\"><img loading=\"lazy\" src=\"https:\/\/uoh.fr\/front\/wp-content\/uploads\/2021\/02\/Image3.png\" alt=\"\" class=\"wp-image-1680\" width=\"104\" height=\"104\" srcset=\"https:\/\/uoh.fr\/front\/wp-content\/uploads\/2021\/02\/Image3.png 207w, https:\/\/uoh.fr\/front\/wp-content\/uploads\/2021\/02\/Image3-150x150.png 150w\" sizes=\"(max-width: 104px) 100vw, 104px\" \/><\/figure>\n<\/div>\n<\/div>\n","protected":false},"excerpt":{"rendered":"<p>D\u00e9velopper des p\u00e9dagogies hybrides et durables Septembre 2020 \/ Mars 2022 PAR QUI&nbsp;? Le projet D\u00e9PHy est port\u00e9 par l\u2019Universit\u00e9 de Strasbourg en partenariat avec l\u2019UOH. POURQUOI&nbsp;? Le projet D\u00e9PHy est n\u00e9e de la c\u00e9sure p\u00e9dagogique brutale li\u00e9e \u00e0 la crise sanitaire du printemps 2020. Il a pour ambition de r\u00e9pondre aux probl\u00e9matiques suivantes : [&hellip;]<\/p>\n","protected":false},"author":2,"featured_media":0,"parent":586,"menu_order":0,"comment_status":"closed","ping_status":"closed","template":"","meta":[],"acf":[],"yoast_head":"<!-- This site is optimized with the Yoast SEO plugin v17.7.1 - https:\/\/yoast.com\/wordpress\/plugins\/seo\/ -->\n<meta name=\"robots\" content=\"index, follow, max-snippet:-1, max-image-preview:large, max-video-preview:-1\" \/>\n<link rel=\"canonical\" href=\"https:\/\/uoh.fr\/front\/nos-projets\/dephy\/\" \/>\n<meta property=\"og:locale\" content=\"fr_FR\" \/>\n<meta property=\"og:type\" content=\"article\" \/>\n<meta property=\"og:title\" content=\"D\u00e9PHy - UNIVERSIT\u00c9 NUM\u00c9RIQUE DES HUMANIT\u00c9S\" \/>\n<meta property=\"og:description\" content=\"D\u00e9velopper des p\u00e9dagogies hybrides et durables Septembre 2020 \/ Mars 2022 PAR QUI&nbsp;? Le projet D\u00e9PHy est port\u00e9 par l\u2019Universit\u00e9 de Strasbourg en partenariat avec l\u2019UOH. POURQUOI&nbsp;? Le projet D\u00e9PHy est n\u00e9e de la c\u00e9sure p\u00e9dagogique brutale li\u00e9e \u00e0 la crise sanitaire du printemps 2020. Il a pour ambition de r\u00e9pondre aux probl\u00e9matiques suivantes : [&hellip;]\" \/>\n<meta property=\"og:url\" content=\"https:\/\/uoh.fr\/front\/nos-projets\/dephy\/\" \/>\n<meta property=\"og:site_name\" content=\"UNIVERSIT\u00c9 NUM\u00c9RIQUE DES HUMANIT\u00c9S\" \/>\n<meta property=\"article:publisher\" content=\"https:\/\/www.facebook.com\/UOHumanites\/\" \/>\n<meta property=\"article:modified_time\" content=\"2023-12-01T09:42:01+00:00\" \/>\n<meta property=\"og:image\" content=\"https:\/\/uoh.fr\/front\/wp-content\/uploads\/2021\/02\/image.png\" \/>\n<meta name=\"twitter:card\" content=\"summary_large_image\" \/>\n<meta name=\"twitter:site\" content=\"@uohumanites\" \/>\n<meta name=\"twitter:label1\" content=\"Dur\u00e9e de lecture estim\u00e9e\" \/>\n\t<meta name=\"twitter:data1\" content=\"3 minutes\" \/>\n<script type=\"application\/ld+json\" class=\"yoast-schema-graph\">{\"@context\":\"https:\/\/schema.org\",\"@graph\":[{\"@type\":\"Organization\",\"@id\":\"https:\/\/uoh.fr\/front\/#organization\",\"name\":\"Universit\\u00e9 Ouverte des Humanit\\u00e9s\",\"url\":\"https:\/\/uoh.fr\/front\/\",\"sameAs\":[\"https:\/\/www.facebook.com\/UOHumanites\/\",\"https:\/\/www.linkedin.com\/company\/universit-ouverte-des-humanit-s\",\"https:\/\/fr.wikipedia.org\/wiki\/Universit\\u00e9_ouverte_des_Humanit\\u00e9s\",\"https:\/\/twitter.com\/uohumanites\"],\"logo\":{\"@type\":\"ImageObject\",\"@id\":\"https:\/\/uoh.fr\/front\/#logo\",\"inLanguage\":\"fr-FR\",\"url\":\"https:\/\/uoh.fr\/front\/wp-content\/uploads\/2019\/10\/logo-uoh-png.png\",\"contentUrl\":\"https:\/\/uoh.fr\/front\/wp-content\/uploads\/2019\/10\/logo-uoh-png.png\",\"width\":1200,\"height\":507,\"caption\":\"Universit\\u00e9 Ouverte des Humanit\\u00e9s\"},\"image\":{\"@id\":\"https:\/\/uoh.fr\/front\/#logo\"}},{\"@type\":\"WebSite\",\"@id\":\"https:\/\/uoh.fr\/front\/#website\",\"url\":\"https:\/\/uoh.fr\/front\/\",\"name\":\"UOH\",\"description\":\"Des ressources en Arts, Lettres, Langues et Sciences Humaines et Sociales\",\"publisher\":{\"@id\":\"https:\/\/uoh.fr\/front\/#organization\"},\"potentialAction\":[{\"@type\":\"SearchAction\",\"target\":{\"@type\":\"EntryPoint\",\"urlTemplate\":\"https:\/\/uoh.fr\/front\/?s={search_term_string}\"},\"query-input\":\"required name=search_term_string\"}],\"inLanguage\":\"fr-FR\"},{\"@type\":\"ImageObject\",\"@id\":\"https:\/\/uoh.fr\/front\/nos-projets\/dephy\/#primaryimage\",\"inLanguage\":\"fr-FR\",\"url\":\"https:\/\/uoh.fr\/front\/wp-content\/uploads\/2021\/02\/image.png\",\"contentUrl\":\"https:\/\/uoh.fr\/front\/wp-content\/uploads\/2021\/02\/image.png\",\"width\":604,\"height\":465},{\"@type\":\"WebPage\",\"@id\":\"https:\/\/uoh.fr\/front\/nos-projets\/dephy\/#webpage\",\"url\":\"https:\/\/uoh.fr\/front\/nos-projets\/dephy\/\",\"name\":\"D\\u00e9PHy - UNIVERSIT\\u00c9 NUM\\u00c9RIQUE DES HUMANIT\\u00c9S\",\"isPartOf\":{\"@id\":\"https:\/\/uoh.fr\/front\/#website\"},\"primaryImageOfPage\":{\"@id\":\"https:\/\/uoh.fr\/front\/nos-projets\/dephy\/#primaryimage\"},\"datePublished\":\"2021-02-19T08:22:51+00:00\",\"dateModified\":\"2023-12-01T09:42:01+00:00\",\"breadcrumb\":{\"@id\":\"https:\/\/uoh.fr\/front\/nos-projets\/dephy\/#breadcrumb\"},\"inLanguage\":\"fr-FR\",\"potentialAction\":[{\"@type\":\"ReadAction\",\"target\":[\"https:\/\/uoh.fr\/front\/nos-projets\/dephy\/\"]}]},{\"@type\":\"BreadcrumbList\",\"@id\":\"https:\/\/uoh.fr\/front\/nos-projets\/dephy\/#breadcrumb\",\"itemListElement\":[{\"@type\":\"ListItem\",\"position\":1,\"name\":\"Home\",\"item\":\"https:\/\/uoh.fr\/front\/\"},{\"@type\":\"ListItem\",\"position\":2,\"name\":\"Nos projets\",\"item\":\"https:\/\/uoh.fr\/front\/nos-projets\/\"},{\"@type\":\"ListItem\",\"position\":3,\"name\":\"D\\u00e9PHy\"}]}]}<\/script>\n<!-- \/ Yoast SEO plugin. -->","yoast_head_json":{"robots":{"index":"index","follow":"follow","max-snippet":"max-snippet:-1","max-image-preview":"max-image-preview:large","max-video-preview":"max-video-preview:-1"},"canonical":"https:\/\/uoh.fr\/front\/nos-projets\/dephy\/","og_locale":"fr_FR","og_type":"article","og_title":"D\u00e9PHy - UNIVERSIT\u00c9 NUM\u00c9RIQUE DES HUMANIT\u00c9S","og_description":"D\u00e9velopper des p\u00e9dagogies hybrides et durables Septembre 2020 \/ Mars 2022 PAR QUI&nbsp;? Le projet D\u00e9PHy est port\u00e9 par l\u2019Universit\u00e9 de Strasbourg en partenariat avec l\u2019UOH. POURQUOI&nbsp;? Le projet D\u00e9PHy est n\u00e9e de la c\u00e9sure p\u00e9dagogique brutale li\u00e9e \u00e0 la crise sanitaire du printemps 2020. Il a pour ambition de r\u00e9pondre aux probl\u00e9matiques suivantes : [&hellip;]","og_url":"https:\/\/uoh.fr\/front\/nos-projets\/dephy\/","og_site_name":"UNIVERSIT\u00c9 NUM\u00c9RIQUE DES HUMANIT\u00c9S","article_publisher":"https:\/\/www.facebook.com\/UOHumanites\/","article_modified_time":"2023-12-01T09:42:01+00:00","og_image":[{"url":"https:\/\/uoh.fr\/front\/wp-content\/uploads\/2021\/02\/image.png"}],"twitter_card":"summary_large_image","twitter_site":"@uohumanites","twitter_misc":{"Dur\u00e9e de lecture estim\u00e9e":"3 minutes"},"schema":{"@context":"https:\/\/schema.org","@graph":[{"@type":"Organization","@id":"https:\/\/uoh.fr\/front\/#organization","name":"Universit\u00e9 Ouverte des Humanit\u00e9s","url":"https:\/\/uoh.fr\/front\/","sameAs":["https:\/\/www.facebook.com\/UOHumanites\/","https:\/\/www.linkedin.com\/company\/universit-ouverte-des-humanit-s","https:\/\/fr.wikipedia.org\/wiki\/Universit\u00e9_ouverte_des_Humanit\u00e9s","https:\/\/twitter.com\/uohumanites"],"logo":{"@type":"ImageObject","@id":"https:\/\/uoh.fr\/front\/#logo","inLanguage":"fr-FR","url":"https:\/\/uoh.fr\/front\/wp-content\/uploads\/2019\/10\/logo-uoh-png.png","contentUrl":"https:\/\/uoh.fr\/front\/wp-content\/uploads\/2019\/10\/logo-uoh-png.png","width":1200,"height":507,"caption":"Universit\u00e9 Ouverte des Humanit\u00e9s"},"image":{"@id":"https:\/\/uoh.fr\/front\/#logo"}},{"@type":"WebSite","@id":"https:\/\/uoh.fr\/front\/#website","url":"https:\/\/uoh.fr\/front\/","name":"UOH","description":"Des ressources en Arts, Lettres, Langues et Sciences Humaines et Sociales","publisher":{"@id":"https:\/\/uoh.fr\/front\/#organization"},"potentialAction":[{"@type":"SearchAction","target":{"@type":"EntryPoint","urlTemplate":"https:\/\/uoh.fr\/front\/?s={search_term_string}"},"query-input":"required name=search_term_string"}],"inLanguage":"fr-FR"},{"@type":"ImageObject","@id":"https:\/\/uoh.fr\/front\/nos-projets\/dephy\/#primaryimage","inLanguage":"fr-FR","url":"https:\/\/uoh.fr\/front\/wp-content\/uploads\/2021\/02\/image.png","contentUrl":"https:\/\/uoh.fr\/front\/wp-content\/uploads\/2021\/02\/image.png","width":604,"height":465},{"@type":"WebPage","@id":"https:\/\/uoh.fr\/front\/nos-projets\/dephy\/#webpage","url":"https:\/\/uoh.fr\/front\/nos-projets\/dephy\/","name":"D\u00e9PHy - UNIVERSIT\u00c9 NUM\u00c9RIQUE DES HUMANIT\u00c9S","isPartOf":{"@id":"https:\/\/uoh.fr\/front\/#website"},"primaryImageOfPage":{"@id":"https:\/\/uoh.fr\/front\/nos-projets\/dephy\/#primaryimage"},"datePublished":"2021-02-19T08:22:51+00:00","dateModified":"2023-12-01T09:42:01+00:00","breadcrumb":{"@id":"https:\/\/uoh.fr\/front\/nos-projets\/dephy\/#breadcrumb"},"inLanguage":"fr-FR","potentialAction":[{"@type":"ReadAction","target":["https:\/\/uoh.fr\/front\/nos-projets\/dephy\/"]}]},{"@type":"BreadcrumbList","@id":"https:\/\/uoh.fr\/front\/nos-projets\/dephy\/#breadcrumb","itemListElement":[{"@type":"ListItem","position":1,"name":"Home","item":"https:\/\/uoh.fr\/front\/"},{"@type":"ListItem","position":2,"name":"Nos projets","item":"https:\/\/uoh.fr\/front\/nos-projets\/"},{"@type":"ListItem","position":3,"name":"D\u00e9PHy"}]}]}},"_links":{"self":[{"href":"https:\/\/uoh.fr\/front\/wp-json\/wp\/v2\/pages\/1665"}],"collection":[{"href":"https:\/\/uoh.fr\/front\/wp-json\/wp\/v2\/pages"}],"about":[{"href":"https:\/\/uoh.fr\/front\/wp-json\/wp\/v2\/types\/page"}],"author":[{"embeddable":true,"href":"https:\/\/uoh.fr\/front\/wp-json\/wp\/v2\/users\/2"}],"replies":[{"embeddable":true,"href":"https:\/\/uoh.fr\/front\/wp-json\/wp\/v2\/comments?post=1665"}],"version-history":[{"count":7,"href":"https:\/\/uoh.fr\/front\/wp-json\/wp\/v2\/pages\/1665\/revisions"}],"predecessor-version":[{"id":3584,"href":"https:\/\/uoh.fr\/front\/wp-json\/wp\/v2\/pages\/1665\/revisions\/3584"}],"up":[{"embeddable":true,"href":"https:\/\/uoh.fr\/front\/wp-json\/wp\/v2\/pages\/586"}],"wp:attachment":[{"href":"https:\/\/uoh.fr\/front\/wp-json\/wp\/v2\/media?parent=1665"}],"curies":[{"name":"wp","href":"https:\/\/api.w.org\/{rel}","templated":true}]}}