{"id":2516,"date":"2022-02-28T17:32:27","date_gmt":"2022-02-28T16:32:27","guid":{"rendered":"https:\/\/uoh.fr\/front\/?page_id=2516"},"modified":"2023-12-01T10:45:49","modified_gmt":"2023-12-01T09:45:49","slug":"flexisante","status":"publish","type":"page","link":"https:\/\/uoh.fr\/front\/nos-projets\/flexisante\/","title":{"rendered":"FlexiSant\u00e9"},"content":{"rendered":"\n<figure class=\"wp-block-image size-large is-resized\"><img loading=\"lazy\" src=\"https:\/\/uoh.fr\/front\/wp-content\/uploads\/2022\/02\/logo-moleskine-1024x280.png\" alt=\"\" class=\"wp-image-2517\" width=\"332\" height=\"90\" srcset=\"https:\/\/uoh.fr\/front\/wp-content\/uploads\/2022\/02\/logo-moleskine-1024x280.png 1024w, https:\/\/uoh.fr\/front\/wp-content\/uploads\/2022\/02\/logo-moleskine-300x82.png 300w, https:\/\/uoh.fr\/front\/wp-content\/uploads\/2022\/02\/logo-moleskine-768x210.png 768w, https:\/\/uoh.fr\/front\/wp-content\/uploads\/2022\/02\/logo-moleskine-1536x419.png 1536w, https:\/\/uoh.fr\/front\/wp-content\/uploads\/2022\/02\/logo-moleskine-2048x559.png 2048w\" sizes=\"(max-width: 332px) 100vw, 332px\" \/><\/figure>\n\n\n\n<div style=\"height:50px\" aria-hidden=\"true\" class=\"wp-block-spacer\"><\/div>\n\n\n\n<p><strong><br>FlexiSant\u00e9 propose aux universit\u00e9s&nbsp;de b\u00e9n\u00e9ficier de contenus num\u00e9riques mutualis\u00e9s de qualit\u00e9 et de tutorats personnalis\u00e9s&nbsp;pour la mise en \u0153uvre des&nbsp;PASS, L.AS&nbsp;et Licences Sciences pour la Sant\u00e9. FlexiSant\u00e9 s&rsquo;inscrit dans une d\u00e9marche d&rsquo;hybridation et de flexibilisation de ces&nbsp;formations.<\/strong><\/p>\n\n\n\n<p>FlexiSant\u00e9 est un projet port\u00e9 par l\u2019Universit\u00e9 Num\u00e9rique en Sant\u00e9 et Sport (Uness.fr) en partenariat avec l\u2019association <a href=\"https:\/\/luniversitenumerique.fr\/\" target=\"_blank\" rel=\"noreferrer noopener\">L\u2019Universit\u00e9 Num\u00e9rique<\/a> regroupant les universit\u00e9s num\u00e9riques th\u00e9matiques&nbsp;<a href=\"https:\/\/uoh.fr\/front\/\">UOH<\/a>\u2013<a href=\"http:\/\/www.aunege.org\/\">AUNEGE<\/a>\u2013<a href=\"http:\/\/www.unit.eu\/\">UNIT<\/a>\u2013<a href=\"https:\/\/www.uness.fr\/\">UNESS.fr<\/a>\u2013<a href=\"http:\/\/www.iutenligne.net\/\">IEL<\/a>\u2013<a href=\"https:\/\/www.uved.fr\/\">UVED<\/a>. Le consortium est <strong>laur\u00e9at de l\u2019appel \u00e0 projets&nbsp;<a href=\"https:\/\/pfl-mmop.sciencescall.org\/\">PFL MMOP<\/a><\/strong>&nbsp;du <a href=\"https:\/\/www.enseignementsup-recherche.gouv.fr\/fr\" target=\"_blank\" rel=\"noreferrer noopener\">Minist\u00e8re de l\u2019Enseignement Sup\u00e9rieur, de la Recherche et de l\u2019Innovation (MESRI)<\/a> qui vise \u00e0 accompagner la mise en \u0153uvre de la r\u00e9forme de l\u2019acc\u00e8s aux \u00e9tudes de sant\u00e9. FlexiSant\u00e9 propose aux universit\u00e9s avec un Parcours Acc\u00e8s Sp\u00e9cifique Sant\u00e9 (PASS) et\/ou une Licence Acc\u00e8s Sant\u00e9 (L.AS) ou une Licence Sciences pour la Sant\u00e9 (LSS) de <strong>b\u00e9n\u00e9ficier de contenus num\u00e9riques mutualis\u00e9s de qualit\u00e9 et de tutorat<\/strong> pour la mise en \u0153uvre de ces formations. Le projet devrait b\u00e9n\u00e9ficier d\u2019un financement du FTAP d\u2019environ 5,3M\u20ac sur une dur\u00e9e de 3 ans.<\/p>\n\n\n\n<div style=\"height:50px\" aria-hidden=\"true\" class=\"wp-block-spacer\"><\/div>\n\n\n\n<h2>Mutualiser pour mieux former<\/h2>\n\n\n\n<p>La mise place de la r\u00e9forme de l\u2019entr\u00e9e dans les \u00e9tudes de sant\u00e9 (R1C) impose une mobilisation du secteur Sant\u00e9 de chaque \u00e9tablissement, mais aussi de l\u2019ensemble des disciplines qui proposent une licence avec acc\u00e8s sant\u00e9 (LAS). FlexiSant\u00e9 s\u2019appuie sur un <strong>consortium d\u2019une vingtaine d\u2019\u00e9tablissements de l\u2019enseignement sup\u00e9rieur<\/strong> et concernera au moins 10.000 \u00e9tudiants en PASS et L.AS.&nbsp;<br>Afin de r\u00e9pondre aux besoins de chaque \u00e9tablissement, FlexiSant\u00e9 met la <strong>mutualisation au c\u0153ur de ses actions<\/strong> pour la mise \u00e0 disposition de contenus et l\u2019organisation de tutorat (enseignant ou \u00e9tudiant, au niveau local ou national). Cette mutualisation concerne :<\/p>\n\n\n\n<ul><li>des mineures transversales ou modules compl\u00e9mentaires (anglais, pr\u00e9paration aux oraux, orientation sant\u00e9 et hors sant\u00e9)&nbsp;<\/li><li>des mineures disciplinaires&nbsp;dans le cadre des PASS<\/li><li>des mineures dans le cadre des L.AS<\/li><li>des Unit\u00e9s d\u2019Enseignement (UE) pour les licences mention Sciences pour la sant\u00e9&nbsp;<\/li><li>partiellement, des majeures disciplinaires pour les licences acc\u00e8s sant\u00e9&nbsp;<\/li><\/ul>\n\n\n\n<h4><strong>Accompagner l\u2019hybridation et la flexibilisation des formations du 1<sup>er<\/sup>&nbsp;cycle au travers de kits d\u2019exp\u00e9rimentation cibl\u00e9e&nbsp;<\/strong><\/h4>\n\n\n\n<p>&nbsp;Le projet se fonde sur des kits d\u2019exp\u00e9rimentation comprenant chacun :<\/p>\n\n\n\n<ul><li>le financement pour la mutualisation de contenus de formation \u00e0 l\u2019\u00e9chelle nationale<\/li><li>l\u2019hybridation partielle ou compl\u00e8te d\u2019enseignements<\/li><li>un tutorat renforc\u00e9&nbsp;<\/li><li>la mise \u00e0 disposition et la mutualisation d\u2019outils num\u00e9riques partag\u00e9s.<\/li><\/ul>\n\n\n\n<p>La mise en \u0153uvre pr\u00e9voit <strong>plus de 60 kits d\u2019exp\u00e9rimentation<\/strong> port\u00e9s par les universit\u00e9s partenaires en Sant\u00e9, Gestion, \u00c9conomie, Sciences de l\u2019Ing\u00e9nieur, STAPS, Psychologie et pour certains besoins transversaux (anglais, pr\u00e9paration aux oraux et orientation).<br>Ces kits d\u2019exp\u00e9rimentation tiennent compte de&nbsp;<strong>l\u2019approche par comp\u00e9tences<\/strong>. Afin d\u2019assurer \u00e0 l\u2019\u00e9chelle nationale la mutualisation des contenus d\u2019activit\u00e9s, pour chaque discipline de formation, sera d\u00e9fini un r\u00e9f\u00e9rentiel de comp\u00e9tences partag\u00e9 et valid\u00e9 au niveau de tous les partenaires. La r\u00e9daction des comp\u00e9tences se fera en coh\u00e9rence avec les recommandations et le cadre donn\u00e9s par France Comp\u00e9tences.<\/p>\n\n\n\n<div style=\"height:50px\" aria-hidden=\"true\" class=\"wp-block-spacer\"><\/div>\n\n\n\n<h2>Le tutorat comme cl\u00e9 de vo\u00fbte de l\u2019accompagnement sur mesure<\/h2>\n\n\n\n<p>Il s\u2019agit de mettre en \u0153uvre des modalit\u00e9s de tutorat personnalis\u00e9es, organis\u00e9es en fonction des besoins analys\u00e9s en termes de contenus p\u00e9dagogiques, rythmes d\u2019apprentissage, contraintes mat\u00e9rielles, choix de parcours. Ces donn\u00e9es rel\u00e8vent du suivi et de l\u2019analyse des traces d\u2019apprentissage des \u00e9tudiants au travers de tableaux de bord personnalis\u00e9s. L\u2019organisation du tutorat dans chaque \u00e9tablissement pourra s\u2019appuyer, entre autres, sur les tutorats \u00e9tudiants existants soutenus par les enseignants ainsi que sur le r\u00e9seau national des tutorats anim\u00e9s par l\u2019ANEMF et d\u2019autres associations repr\u00e9sentatives des \u00e9tudiants.&nbsp;<br>&nbsp;<br>FlexiSant\u00e9 b\u00e9n\u00e9ficie de l\u2019exp\u00e9rience acquise de l\u2019<a rel=\"noreferrer noopener\" href=\"https:\/\/www.uness.fr\" target=\"_blank\">UNESS.fr<\/a> et de <a rel=\"noreferrer noopener\" href=\"https:\/\/luniversitenumerique.fr\" target=\"_blank\">L\u2019Universit\u00e9 Num\u00e9rique<\/a> dans des projets pluri partenaires et s\u2019articulera \u00e9troitement avec les projets Hybridium Sant\u00e9, Shift et PUNCHy qui visent des objectifs similaires en mati\u00e8re d\u2019hybridation et de flexibilisation des formations.<\/p>\n","protected":false},"excerpt":{"rendered":"<p>FlexiSant\u00e9 propose aux universit\u00e9s&nbsp;de b\u00e9n\u00e9ficier de contenus num\u00e9riques mutualis\u00e9s de qualit\u00e9 et de tutorats personnalis\u00e9s&nbsp;pour la mise en \u0153uvre des&nbsp;PASS, L.AS&nbsp;et Licences Sciences pour la Sant\u00e9. FlexiSant\u00e9 s&rsquo;inscrit dans une d\u00e9marche d&rsquo;hybridation et de flexibilisation de ces&nbsp;formations. FlexiSant\u00e9 est un projet port\u00e9 par l\u2019Universit\u00e9 Num\u00e9rique en Sant\u00e9 et Sport (Uness.fr) en partenariat avec l\u2019association L\u2019Universit\u00e9 [&hellip;]<\/p>\n","protected":false},"author":2,"featured_media":0,"parent":586,"menu_order":0,"comment_status":"closed","ping_status":"closed","template":"","meta":[],"acf":[],"yoast_head":"<!-- This site is optimized with the Yoast SEO plugin v17.7.1 - https:\/\/yoast.com\/wordpress\/plugins\/seo\/ -->\n<meta name=\"robots\" content=\"index, follow, max-snippet:-1, max-image-preview:large, max-video-preview:-1\" \/>\n<link rel=\"canonical\" href=\"https:\/\/uoh.fr\/front\/nos-projets\/flexisante\/\" \/>\n<meta property=\"og:locale\" content=\"fr_FR\" \/>\n<meta property=\"og:type\" content=\"article\" \/>\n<meta property=\"og:title\" content=\"FlexiSant\u00e9 - UNIVERSIT\u00c9 NUM\u00c9RIQUE DES HUMANIT\u00c9S\" \/>\n<meta property=\"og:description\" content=\"FlexiSant\u00e9 propose aux universit\u00e9s&nbsp;de b\u00e9n\u00e9ficier de contenus num\u00e9riques mutualis\u00e9s de qualit\u00e9 et de tutorats personnalis\u00e9s&nbsp;pour la mise en \u0153uvre des&nbsp;PASS, L.AS&nbsp;et Licences Sciences pour la Sant\u00e9. FlexiSant\u00e9 s&rsquo;inscrit dans une d\u00e9marche d&rsquo;hybridation et de flexibilisation de ces&nbsp;formations. FlexiSant\u00e9 est un projet port\u00e9 par l\u2019Universit\u00e9 Num\u00e9rique en Sant\u00e9 et Sport (Uness.fr) en partenariat avec l\u2019association L\u2019Universit\u00e9 [&hellip;]\" \/>\n<meta property=\"og:url\" content=\"https:\/\/uoh.fr\/front\/nos-projets\/flexisante\/\" \/>\n<meta property=\"og:site_name\" content=\"UNIVERSIT\u00c9 NUM\u00c9RIQUE DES HUMANIT\u00c9S\" \/>\n<meta property=\"article:publisher\" content=\"https:\/\/www.facebook.com\/UOHumanites\/\" \/>\n<meta property=\"article:modified_time\" content=\"2023-12-01T09:45:49+00:00\" \/>\n<meta property=\"og:image\" content=\"https:\/\/uoh.fr\/front\/wp-content\/uploads\/2022\/02\/logo-moleskine-1024x280.png\" \/>\n<meta name=\"twitter:card\" content=\"summary_large_image\" \/>\n<meta name=\"twitter:site\" content=\"@uohumanites\" \/>\n<meta name=\"twitter:label1\" content=\"Dur\u00e9e de lecture estim\u00e9e\" \/>\n\t<meta name=\"twitter:data1\" content=\"3 minutes\" \/>\n<script type=\"application\/ld+json\" class=\"yoast-schema-graph\">{\"@context\":\"https:\/\/schema.org\",\"@graph\":[{\"@type\":\"Organization\",\"@id\":\"https:\/\/uoh.fr\/front\/#organization\",\"name\":\"Universit\\u00e9 Ouverte des Humanit\\u00e9s\",\"url\":\"https:\/\/uoh.fr\/front\/\",\"sameAs\":[\"https:\/\/www.facebook.com\/UOHumanites\/\",\"https:\/\/www.linkedin.com\/company\/universit-ouverte-des-humanit-s\",\"https:\/\/fr.wikipedia.org\/wiki\/Universit\\u00e9_ouverte_des_Humanit\\u00e9s\",\"https:\/\/twitter.com\/uohumanites\"],\"logo\":{\"@type\":\"ImageObject\",\"@id\":\"https:\/\/uoh.fr\/front\/#logo\",\"inLanguage\":\"fr-FR\",\"url\":\"https:\/\/uoh.fr\/front\/wp-content\/uploads\/2019\/10\/logo-uoh-png.png\",\"contentUrl\":\"https:\/\/uoh.fr\/front\/wp-content\/uploads\/2019\/10\/logo-uoh-png.png\",\"width\":1200,\"height\":507,\"caption\":\"Universit\\u00e9 Ouverte des Humanit\\u00e9s\"},\"image\":{\"@id\":\"https:\/\/uoh.fr\/front\/#logo\"}},{\"@type\":\"WebSite\",\"@id\":\"https:\/\/uoh.fr\/front\/#website\",\"url\":\"https:\/\/uoh.fr\/front\/\",\"name\":\"UOH\",\"description\":\"Des ressources en Arts, Lettres, Langues et Sciences Humaines et Sociales\",\"publisher\":{\"@id\":\"https:\/\/uoh.fr\/front\/#organization\"},\"potentialAction\":[{\"@type\":\"SearchAction\",\"target\":{\"@type\":\"EntryPoint\",\"urlTemplate\":\"https:\/\/uoh.fr\/front\/?s={search_term_string}\"},\"query-input\":\"required name=search_term_string\"}],\"inLanguage\":\"fr-FR\"},{\"@type\":\"ImageObject\",\"@id\":\"https:\/\/uoh.fr\/front\/nos-projets\/flexisante\/#primaryimage\",\"inLanguage\":\"fr-FR\",\"url\":\"https:\/\/uoh.fr\/front\/wp-content\/uploads\/2022\/02\/logo-moleskine.png\",\"contentUrl\":\"https:\/\/uoh.fr\/front\/wp-content\/uploads\/2022\/02\/logo-moleskine.png\",\"width\":12050,\"height\":3290},{\"@type\":\"WebPage\",\"@id\":\"https:\/\/uoh.fr\/front\/nos-projets\/flexisante\/#webpage\",\"url\":\"https:\/\/uoh.fr\/front\/nos-projets\/flexisante\/\",\"name\":\"FlexiSant\\u00e9 - UNIVERSIT\\u00c9 NUM\\u00c9RIQUE DES HUMANIT\\u00c9S\",\"isPartOf\":{\"@id\":\"https:\/\/uoh.fr\/front\/#website\"},\"primaryImageOfPage\":{\"@id\":\"https:\/\/uoh.fr\/front\/nos-projets\/flexisante\/#primaryimage\"},\"datePublished\":\"2022-02-28T16:32:27+00:00\",\"dateModified\":\"2023-12-01T09:45:49+00:00\",\"breadcrumb\":{\"@id\":\"https:\/\/uoh.fr\/front\/nos-projets\/flexisante\/#breadcrumb\"},\"inLanguage\":\"fr-FR\",\"potentialAction\":[{\"@type\":\"ReadAction\",\"target\":[\"https:\/\/uoh.fr\/front\/nos-projets\/flexisante\/\"]}]},{\"@type\":\"BreadcrumbList\",\"@id\":\"https:\/\/uoh.fr\/front\/nos-projets\/flexisante\/#breadcrumb\",\"itemListElement\":[{\"@type\":\"ListItem\",\"position\":1,\"name\":\"Home\",\"item\":\"https:\/\/uoh.fr\/front\/\"},{\"@type\":\"ListItem\",\"position\":2,\"name\":\"Nos projets\",\"item\":\"https:\/\/uoh.fr\/front\/nos-projets\/\"},{\"@type\":\"ListItem\",\"position\":3,\"name\":\"FlexiSant\\u00e9\"}]}]}<\/script>\n<!-- \/ Yoast SEO plugin. -->","yoast_head_json":{"robots":{"index":"index","follow":"follow","max-snippet":"max-snippet:-1","max-image-preview":"max-image-preview:large","max-video-preview":"max-video-preview:-1"},"canonical":"https:\/\/uoh.fr\/front\/nos-projets\/flexisante\/","og_locale":"fr_FR","og_type":"article","og_title":"FlexiSant\u00e9 - UNIVERSIT\u00c9 NUM\u00c9RIQUE DES HUMANIT\u00c9S","og_description":"FlexiSant\u00e9 propose aux universit\u00e9s&nbsp;de b\u00e9n\u00e9ficier de contenus num\u00e9riques mutualis\u00e9s de qualit\u00e9 et de tutorats personnalis\u00e9s&nbsp;pour la mise en \u0153uvre des&nbsp;PASS, L.AS&nbsp;et Licences Sciences pour la Sant\u00e9. FlexiSant\u00e9 s&rsquo;inscrit dans une d\u00e9marche d&rsquo;hybridation et de flexibilisation de ces&nbsp;formations. FlexiSant\u00e9 est un projet port\u00e9 par l\u2019Universit\u00e9 Num\u00e9rique en Sant\u00e9 et Sport (Uness.fr) en partenariat avec l\u2019association L\u2019Universit\u00e9 [&hellip;]","og_url":"https:\/\/uoh.fr\/front\/nos-projets\/flexisante\/","og_site_name":"UNIVERSIT\u00c9 NUM\u00c9RIQUE DES HUMANIT\u00c9S","article_publisher":"https:\/\/www.facebook.com\/UOHumanites\/","article_modified_time":"2023-12-01T09:45:49+00:00","og_image":[{"url":"https:\/\/uoh.fr\/front\/wp-content\/uploads\/2022\/02\/logo-moleskine-1024x280.png"}],"twitter_card":"summary_large_image","twitter_site":"@uohumanites","twitter_misc":{"Dur\u00e9e de lecture estim\u00e9e":"3 minutes"},"schema":{"@context":"https:\/\/schema.org","@graph":[{"@type":"Organization","@id":"https:\/\/uoh.fr\/front\/#organization","name":"Universit\u00e9 Ouverte des Humanit\u00e9s","url":"https:\/\/uoh.fr\/front\/","sameAs":["https:\/\/www.facebook.com\/UOHumanites\/","https:\/\/www.linkedin.com\/company\/universit-ouverte-des-humanit-s","https:\/\/fr.wikipedia.org\/wiki\/Universit\u00e9_ouverte_des_Humanit\u00e9s","https:\/\/twitter.com\/uohumanites"],"logo":{"@type":"ImageObject","@id":"https:\/\/uoh.fr\/front\/#logo","inLanguage":"fr-FR","url":"https:\/\/uoh.fr\/front\/wp-content\/uploads\/2019\/10\/logo-uoh-png.png","contentUrl":"https:\/\/uoh.fr\/front\/wp-content\/uploads\/2019\/10\/logo-uoh-png.png","width":1200,"height":507,"caption":"Universit\u00e9 Ouverte des Humanit\u00e9s"},"image":{"@id":"https:\/\/uoh.fr\/front\/#logo"}},{"@type":"WebSite","@id":"https:\/\/uoh.fr\/front\/#website","url":"https:\/\/uoh.fr\/front\/","name":"UOH","description":"Des ressources en Arts, Lettres, Langues et Sciences Humaines et Sociales","publisher":{"@id":"https:\/\/uoh.fr\/front\/#organization"},"potentialAction":[{"@type":"SearchAction","target":{"@type":"EntryPoint","urlTemplate":"https:\/\/uoh.fr\/front\/?s={search_term_string}"},"query-input":"required name=search_term_string"}],"inLanguage":"fr-FR"},{"@type":"ImageObject","@id":"https:\/\/uoh.fr\/front\/nos-projets\/flexisante\/#primaryimage","inLanguage":"fr-FR","url":"https:\/\/uoh.fr\/front\/wp-content\/uploads\/2022\/02\/logo-moleskine.png","contentUrl":"https:\/\/uoh.fr\/front\/wp-content\/uploads\/2022\/02\/logo-moleskine.png","width":12050,"height":3290},{"@type":"WebPage","@id":"https:\/\/uoh.fr\/front\/nos-projets\/flexisante\/#webpage","url":"https:\/\/uoh.fr\/front\/nos-projets\/flexisante\/","name":"FlexiSant\u00e9 - UNIVERSIT\u00c9 NUM\u00c9RIQUE DES HUMANIT\u00c9S","isPartOf":{"@id":"https:\/\/uoh.fr\/front\/#website"},"primaryImageOfPage":{"@id":"https:\/\/uoh.fr\/front\/nos-projets\/flexisante\/#primaryimage"},"datePublished":"2022-02-28T16:32:27+00:00","dateModified":"2023-12-01T09:45:49+00:00","breadcrumb":{"@id":"https:\/\/uoh.fr\/front\/nos-projets\/flexisante\/#breadcrumb"},"inLanguage":"fr-FR","potentialAction":[{"@type":"ReadAction","target":["https:\/\/uoh.fr\/front\/nos-projets\/flexisante\/"]}]},{"@type":"BreadcrumbList","@id":"https:\/\/uoh.fr\/front\/nos-projets\/flexisante\/#breadcrumb","itemListElement":[{"@type":"ListItem","position":1,"name":"Home","item":"https:\/\/uoh.fr\/front\/"},{"@type":"ListItem","position":2,"name":"Nos projets","item":"https:\/\/uoh.fr\/front\/nos-projets\/"},{"@type":"ListItem","position":3,"name":"FlexiSant\u00e9"}]}]}},"_links":{"self":[{"href":"https:\/\/uoh.fr\/front\/wp-json\/wp\/v2\/pages\/2516"}],"collection":[{"href":"https:\/\/uoh.fr\/front\/wp-json\/wp\/v2\/pages"}],"about":[{"href":"https:\/\/uoh.fr\/front\/wp-json\/wp\/v2\/types\/page"}],"author":[{"embeddable":true,"href":"https:\/\/uoh.fr\/front\/wp-json\/wp\/v2\/users\/2"}],"replies":[{"embeddable":true,"href":"https:\/\/uoh.fr\/front\/wp-json\/wp\/v2\/comments?post=2516"}],"version-history":[{"count":3,"href":"https:\/\/uoh.fr\/front\/wp-json\/wp\/v2\/pages\/2516\/revisions"}],"predecessor-version":[{"id":2524,"href":"https:\/\/uoh.fr\/front\/wp-json\/wp\/v2\/pages\/2516\/revisions\/2524"}],"up":[{"embeddable":true,"href":"https:\/\/uoh.fr\/front\/wp-json\/wp\/v2\/pages\/586"}],"wp:attachment":[{"href":"https:\/\/uoh.fr\/front\/wp-json\/wp\/v2\/media?parent=2516"}],"curies":[{"name":"wp","href":"https:\/\/api.w.org\/{rel}","templated":true}]}}