{"id":2554,"date":"2022-03-14T10:35:27","date_gmt":"2022-03-14T09:35:27","guid":{"rendered":"https:\/\/uoh.fr\/front\/?page_id=2554"},"modified":"2023-12-01T10:44:31","modified_gmt":"2023-12-01T09:44:31","slug":"shift","status":"publish","type":"page","link":"https:\/\/uoh.fr\/front\/nos-projets\/shift\/","title":{"rendered":"SHIFT"},"content":{"rendered":"\n<figure class=\"wp-block-image size-large is-resized is-style-default\"><img loading=\"lazy\" src=\"https:\/\/uoh.fr\/front\/wp-content\/uploads\/2022\/03\/shift-1024x513.png\" alt=\"\" class=\"wp-image-2555\" width=\"564\" height=\"282\" srcset=\"https:\/\/uoh.fr\/front\/wp-content\/uploads\/2022\/03\/shift-1024x513.png 1024w, https:\/\/uoh.fr\/front\/wp-content\/uploads\/2022\/03\/shift-300x150.png 300w, https:\/\/uoh.fr\/front\/wp-content\/uploads\/2022\/03\/shift-768x385.png 768w, https:\/\/uoh.fr\/front\/wp-content\/uploads\/2022\/03\/shift-1536x770.png 1536w, https:\/\/uoh.fr\/front\/wp-content\/uploads\/2022\/03\/shift-2048x1026.png 2048w\" sizes=\"(max-width: 564px) 100vw, 564px\" \/><figcaption><a href=\"https:\/\/shift.uness.fr\/\" target=\"_blank\" rel=\"noreferrer noopener\">https:\/\/shift.uness.fr\/<\/a><\/figcaption><\/figure>\n\n\n\n<h2><strong>\u00ab\u00a0Une formation STAPS partout, pour tous et au bon moment<\/strong>\u00a0\u00bb&nbsp;<\/h2>\n\n\n\n<div style=\"height:25px\" aria-hidden=\"true\" class=\"wp-block-spacer\"><\/div>\n\n\n\n<p><strong><em>Objectifs :<\/em><\/strong><\/p>\n\n\n\n<p>Proposer un cursus de licences mutualis\u00e9es \u00e0 l\u2019\u00e9chelle nationale. Une ing\u00e9nierie p\u00e9dagogique innovante bas\u00e9e sur une alternance entre cours num\u00e9riques et pr\u00e9sentiels autorise une formation modulaire flexible et personnalis\u00e9e.<\/p>\n\n\n\n<p>Ainsi, cette formation propos\u00e9e permet :<\/p>\n\n\n\n<ul><li><strong>un acc\u00e8s&nbsp; \u00e0 tous \u00e0 l&rsquo;Universit\u00e9, <\/strong>y compris les publics emp\u00each\u00e9s,<\/li><li><strong>une construction modulaire <\/strong>du parcours qui permet la capitalisation de blocs de connaissances et de comp\u00e9tences,<\/li><li>un parcours de formation <strong>personnalis\u00e9<\/strong>, construit avec l\u2019aide d\u2019un enseignant coordonnateur, en fonction des contraintes de l\u2019\u00e9tudiant,<\/li><li>une progression <strong>flexible <\/strong>avec des possibilit\u00e9s d\u2019\u00e9talement formalis\u00e9es dans un contrat p\u00e9dagogique et une adaptation continue en fonction de l\u2019\u00e9volution des contraintes.<\/li><\/ul>\n\n\n\n<div style=\"height:25px\" aria-hidden=\"true\" class=\"wp-block-spacer\"><\/div>\n\n\n\n<figure class=\"wp-block-embed is-type-video is-provider-youtube wp-block-embed-youtube wp-embed-aspect-16-9 wp-has-aspect-ratio\"><div class=\"wp-block-embed__wrapper\">\n<iframe loading=\"lazy\" title=\"Pr\u00e9sentation du projet SHIFT aux Enseignants-Chercheurs, Enseignants et Professionnels en STAPS\" width=\"500\" height=\"281\" src=\"https:\/\/www.youtube.com\/embed\/ZwfCkiIy19g?feature=oembed\" frameborder=\"0\" allow=\"accelerometer; autoplay; clipboard-write; encrypted-media; gyroscope; picture-in-picture\" allowfullscreen><\/iframe>\n<\/div><\/figure>\n","protected":false},"excerpt":{"rendered":"<p>\u00ab\u00a0Une formation STAPS partout, pour tous et au bon moment\u00a0\u00bb&nbsp; Objectifs : Proposer un cursus de licences mutualis\u00e9es \u00e0 l\u2019\u00e9chelle nationale. Une ing\u00e9nierie p\u00e9dagogique innovante bas\u00e9e sur une alternance entre cours num\u00e9riques et pr\u00e9sentiels autorise une formation modulaire flexible et personnalis\u00e9e. Ainsi, cette formation propos\u00e9e permet : un acc\u00e8s&nbsp; \u00e0 tous \u00e0 l&rsquo;Universit\u00e9, y compris [&hellip;]<\/p>\n","protected":false},"author":2,"featured_media":0,"parent":586,"menu_order":0,"comment_status":"closed","ping_status":"closed","template":"","meta":[],"acf":[],"yoast_head":"<!-- This site is optimized with the Yoast SEO plugin v17.7.1 - https:\/\/yoast.com\/wordpress\/plugins\/seo\/ -->\n<meta name=\"robots\" content=\"index, follow, max-snippet:-1, max-image-preview:large, max-video-preview:-1\" \/>\n<link rel=\"canonical\" href=\"https:\/\/uoh.fr\/front\/nos-projets\/shift\/\" \/>\n<meta property=\"og:locale\" content=\"fr_FR\" \/>\n<meta property=\"og:type\" content=\"article\" \/>\n<meta property=\"og:title\" content=\"SHIFT - UNIVERSIT\u00c9 NUM\u00c9RIQUE DES HUMANIT\u00c9S\" \/>\n<meta property=\"og:description\" content=\"\u00ab\u00a0Une formation STAPS partout, pour tous et au bon moment\u00a0\u00bb&nbsp; Objectifs : Proposer un cursus de licences mutualis\u00e9es \u00e0 l\u2019\u00e9chelle nationale. Une ing\u00e9nierie p\u00e9dagogique innovante bas\u00e9e sur une alternance entre cours num\u00e9riques et pr\u00e9sentiels autorise une formation modulaire flexible et personnalis\u00e9e. Ainsi, cette formation propos\u00e9e permet : un acc\u00e8s&nbsp; \u00e0 tous \u00e0 l&rsquo;Universit\u00e9, y compris [&hellip;]\" \/>\n<meta property=\"og:url\" content=\"https:\/\/uoh.fr\/front\/nos-projets\/shift\/\" \/>\n<meta property=\"og:site_name\" content=\"UNIVERSIT\u00c9 NUM\u00c9RIQUE DES HUMANIT\u00c9S\" \/>\n<meta property=\"article:publisher\" content=\"https:\/\/www.facebook.com\/UOHumanites\/\" \/>\n<meta property=\"article:modified_time\" content=\"2023-12-01T09:44:31+00:00\" \/>\n<meta property=\"og:image\" content=\"https:\/\/uoh.fr\/front\/wp-content\/uploads\/2022\/03\/shift-1024x513.png\" \/>\n<meta name=\"twitter:card\" content=\"summary_large_image\" \/>\n<meta name=\"twitter:site\" content=\"@uohumanites\" \/>\n<meta name=\"twitter:label1\" content=\"Dur\u00e9e de lecture estim\u00e9e\" \/>\n\t<meta name=\"twitter:data1\" content=\"1 minute\" \/>\n<script type=\"application\/ld+json\" class=\"yoast-schema-graph\">{\"@context\":\"https:\/\/schema.org\",\"@graph\":[{\"@type\":\"Organization\",\"@id\":\"https:\/\/uoh.fr\/front\/#organization\",\"name\":\"Universit\\u00e9 Ouverte des Humanit\\u00e9s\",\"url\":\"https:\/\/uoh.fr\/front\/\",\"sameAs\":[\"https:\/\/www.facebook.com\/UOHumanites\/\",\"https:\/\/www.linkedin.com\/company\/universit-ouverte-des-humanit-s\",\"https:\/\/fr.wikipedia.org\/wiki\/Universit\\u00e9_ouverte_des_Humanit\\u00e9s\",\"https:\/\/twitter.com\/uohumanites\"],\"logo\":{\"@type\":\"ImageObject\",\"@id\":\"https:\/\/uoh.fr\/front\/#logo\",\"inLanguage\":\"fr-FR\",\"url\":\"https:\/\/uoh.fr\/front\/wp-content\/uploads\/2019\/10\/logo-uoh-png.png\",\"contentUrl\":\"https:\/\/uoh.fr\/front\/wp-content\/uploads\/2019\/10\/logo-uoh-png.png\",\"width\":1200,\"height\":507,\"caption\":\"Universit\\u00e9 Ouverte des Humanit\\u00e9s\"},\"image\":{\"@id\":\"https:\/\/uoh.fr\/front\/#logo\"}},{\"@type\":\"WebSite\",\"@id\":\"https:\/\/uoh.fr\/front\/#website\",\"url\":\"https:\/\/uoh.fr\/front\/\",\"name\":\"UOH\",\"description\":\"Des ressources en Arts, Lettres, Langues et Sciences Humaines et Sociales\",\"publisher\":{\"@id\":\"https:\/\/uoh.fr\/front\/#organization\"},\"potentialAction\":[{\"@type\":\"SearchAction\",\"target\":{\"@type\":\"EntryPoint\",\"urlTemplate\":\"https:\/\/uoh.fr\/front\/?s={search_term_string}\"},\"query-input\":\"required name=search_term_string\"}],\"inLanguage\":\"fr-FR\"},{\"@type\":\"ImageObject\",\"@id\":\"https:\/\/uoh.fr\/front\/nos-projets\/shift\/#primaryimage\",\"inLanguage\":\"fr-FR\",\"url\":\"https:\/\/uoh.fr\/front\/wp-content\/uploads\/2022\/03\/shift.png\",\"contentUrl\":\"https:\/\/uoh.fr\/front\/wp-content\/uploads\/2022\/03\/shift.png\",\"width\":4600,\"height\":2305},{\"@type\":\"WebPage\",\"@id\":\"https:\/\/uoh.fr\/front\/nos-projets\/shift\/#webpage\",\"url\":\"https:\/\/uoh.fr\/front\/nos-projets\/shift\/\",\"name\":\"SHIFT - UNIVERSIT\\u00c9 NUM\\u00c9RIQUE DES HUMANIT\\u00c9S\",\"isPartOf\":{\"@id\":\"https:\/\/uoh.fr\/front\/#website\"},\"primaryImageOfPage\":{\"@id\":\"https:\/\/uoh.fr\/front\/nos-projets\/shift\/#primaryimage\"},\"datePublished\":\"2022-03-14T09:35:27+00:00\",\"dateModified\":\"2023-12-01T09:44:31+00:00\",\"breadcrumb\":{\"@id\":\"https:\/\/uoh.fr\/front\/nos-projets\/shift\/#breadcrumb\"},\"inLanguage\":\"fr-FR\",\"potentialAction\":[{\"@type\":\"ReadAction\",\"target\":[\"https:\/\/uoh.fr\/front\/nos-projets\/shift\/\"]}]},{\"@type\":\"BreadcrumbList\",\"@id\":\"https:\/\/uoh.fr\/front\/nos-projets\/shift\/#breadcrumb\",\"itemListElement\":[{\"@type\":\"ListItem\",\"position\":1,\"name\":\"Home\",\"item\":\"https:\/\/uoh.fr\/front\/\"},{\"@type\":\"ListItem\",\"position\":2,\"name\":\"Nos projets\",\"item\":\"https:\/\/uoh.fr\/front\/nos-projets\/\"},{\"@type\":\"ListItem\",\"position\":3,\"name\":\"SHIFT\"}]}]}<\/script>\n<!-- \/ Yoast SEO plugin. -->","yoast_head_json":{"robots":{"index":"index","follow":"follow","max-snippet":"max-snippet:-1","max-image-preview":"max-image-preview:large","max-video-preview":"max-video-preview:-1"},"canonical":"https:\/\/uoh.fr\/front\/nos-projets\/shift\/","og_locale":"fr_FR","og_type":"article","og_title":"SHIFT - UNIVERSIT\u00c9 NUM\u00c9RIQUE DES HUMANIT\u00c9S","og_description":"\u00ab\u00a0Une formation STAPS partout, pour tous et au bon moment\u00a0\u00bb&nbsp; Objectifs : Proposer un cursus de licences mutualis\u00e9es \u00e0 l\u2019\u00e9chelle nationale. Une ing\u00e9nierie p\u00e9dagogique innovante bas\u00e9e sur une alternance entre cours num\u00e9riques et pr\u00e9sentiels autorise une formation modulaire flexible et personnalis\u00e9e. Ainsi, cette formation propos\u00e9e permet : un acc\u00e8s&nbsp; \u00e0 tous \u00e0 l&rsquo;Universit\u00e9, y compris [&hellip;]","og_url":"https:\/\/uoh.fr\/front\/nos-projets\/shift\/","og_site_name":"UNIVERSIT\u00c9 NUM\u00c9RIQUE DES HUMANIT\u00c9S","article_publisher":"https:\/\/www.facebook.com\/UOHumanites\/","article_modified_time":"2023-12-01T09:44:31+00:00","og_image":[{"url":"https:\/\/uoh.fr\/front\/wp-content\/uploads\/2022\/03\/shift-1024x513.png"}],"twitter_card":"summary_large_image","twitter_site":"@uohumanites","twitter_misc":{"Dur\u00e9e de lecture estim\u00e9e":"1 minute"},"schema":{"@context":"https:\/\/schema.org","@graph":[{"@type":"Organization","@id":"https:\/\/uoh.fr\/front\/#organization","name":"Universit\u00e9 Ouverte des Humanit\u00e9s","url":"https:\/\/uoh.fr\/front\/","sameAs":["https:\/\/www.facebook.com\/UOHumanites\/","https:\/\/www.linkedin.com\/company\/universit-ouverte-des-humanit-s","https:\/\/fr.wikipedia.org\/wiki\/Universit\u00e9_ouverte_des_Humanit\u00e9s","https:\/\/twitter.com\/uohumanites"],"logo":{"@type":"ImageObject","@id":"https:\/\/uoh.fr\/front\/#logo","inLanguage":"fr-FR","url":"https:\/\/uoh.fr\/front\/wp-content\/uploads\/2019\/10\/logo-uoh-png.png","contentUrl":"https:\/\/uoh.fr\/front\/wp-content\/uploads\/2019\/10\/logo-uoh-png.png","width":1200,"height":507,"caption":"Universit\u00e9 Ouverte des Humanit\u00e9s"},"image":{"@id":"https:\/\/uoh.fr\/front\/#logo"}},{"@type":"WebSite","@id":"https:\/\/uoh.fr\/front\/#website","url":"https:\/\/uoh.fr\/front\/","name":"UOH","description":"Des ressources en Arts, Lettres, Langues et Sciences Humaines et Sociales","publisher":{"@id":"https:\/\/uoh.fr\/front\/#organization"},"potentialAction":[{"@type":"SearchAction","target":{"@type":"EntryPoint","urlTemplate":"https:\/\/uoh.fr\/front\/?s={search_term_string}"},"query-input":"required name=search_term_string"}],"inLanguage":"fr-FR"},{"@type":"ImageObject","@id":"https:\/\/uoh.fr\/front\/nos-projets\/shift\/#primaryimage","inLanguage":"fr-FR","url":"https:\/\/uoh.fr\/front\/wp-content\/uploads\/2022\/03\/shift.png","contentUrl":"https:\/\/uoh.fr\/front\/wp-content\/uploads\/2022\/03\/shift.png","width":4600,"height":2305},{"@type":"WebPage","@id":"https:\/\/uoh.fr\/front\/nos-projets\/shift\/#webpage","url":"https:\/\/uoh.fr\/front\/nos-projets\/shift\/","name":"SHIFT - UNIVERSIT\u00c9 NUM\u00c9RIQUE DES HUMANIT\u00c9S","isPartOf":{"@id":"https:\/\/uoh.fr\/front\/#website"},"primaryImageOfPage":{"@id":"https:\/\/uoh.fr\/front\/nos-projets\/shift\/#primaryimage"},"datePublished":"2022-03-14T09:35:27+00:00","dateModified":"2023-12-01T09:44:31+00:00","breadcrumb":{"@id":"https:\/\/uoh.fr\/front\/nos-projets\/shift\/#breadcrumb"},"inLanguage":"fr-FR","potentialAction":[{"@type":"ReadAction","target":["https:\/\/uoh.fr\/front\/nos-projets\/shift\/"]}]},{"@type":"BreadcrumbList","@id":"https:\/\/uoh.fr\/front\/nos-projets\/shift\/#breadcrumb","itemListElement":[{"@type":"ListItem","position":1,"name":"Home","item":"https:\/\/uoh.fr\/front\/"},{"@type":"ListItem","position":2,"name":"Nos projets","item":"https:\/\/uoh.fr\/front\/nos-projets\/"},{"@type":"ListItem","position":3,"name":"SHIFT"}]}]}},"_links":{"self":[{"href":"https:\/\/uoh.fr\/front\/wp-json\/wp\/v2\/pages\/2554"}],"collection":[{"href":"https:\/\/uoh.fr\/front\/wp-json\/wp\/v2\/pages"}],"about":[{"href":"https:\/\/uoh.fr\/front\/wp-json\/wp\/v2\/types\/page"}],"author":[{"embeddable":true,"href":"https:\/\/uoh.fr\/front\/wp-json\/wp\/v2\/users\/2"}],"replies":[{"embeddable":true,"href":"https:\/\/uoh.fr\/front\/wp-json\/wp\/v2\/comments?post=2554"}],"version-history":[{"count":4,"href":"https:\/\/uoh.fr\/front\/wp-json\/wp\/v2\/pages\/2554\/revisions"}],"predecessor-version":[{"id":3093,"href":"https:\/\/uoh.fr\/front\/wp-json\/wp\/v2\/pages\/2554\/revisions\/3093"}],"up":[{"embeddable":true,"href":"https:\/\/uoh.fr\/front\/wp-json\/wp\/v2\/pages\/586"}],"wp:attachment":[{"href":"https:\/\/uoh.fr\/front\/wp-json\/wp\/v2\/media?parent=2554"}],"curies":[{"name":"wp","href":"https:\/\/api.w.org\/{rel}","templated":true}]}}