{"id":2788,"date":"2022-12-02T08:49:51","date_gmt":"2022-12-02T07:49:51","guid":{"rendered":"https:\/\/uoh.fr\/front\/?page_id=2788"},"modified":"2023-12-01T11:10:03","modified_gmt":"2023-12-01T10:10:03","slug":"evaluation-des-ressources","status":"publish","type":"page","link":"https:\/\/uoh.fr\/front\/ressourcefr\/evaluation-des-ressources\/","title":{"rendered":"\u00c9valuer une ressource"},"content":{"rendered":"\n<div style=\"height:59px\" aria-hidden=\"true\" class=\"wp-block-spacer\"><\/div>\n\n\n\n<p>Une nouvelle <span class=\"has-inline-color has-black-color\">fonctionnalit\u00e9 <\/span>est \u00e0 pr\u00e9sent disponible sur notre portail\u00a0pour vous permettre de donner votre <strong><span class=\"has-inline-color has-vivid-red-color\">avis <\/span><\/strong>et d&rsquo;<strong><span class=\"has-inline-color has-vivid-red-color\">\u00e9valuer <\/span><\/strong>une\u00a0ressource p\u00e9dagogique.<br>La d\u00e9marche est tr\u00e8s simple et ne vous prendra que deux minutes. Pour\u00a0cela, visionnez la <strong><span class=\"has-inline-color has-vivid-red-color\">courte vid\u00e9o<\/span><\/strong> qui\u00a0vous expliquera comment proc\u00e9der pas \u00e0 pas. <br>Cette remont\u00e9e des <strong><span class=\"has-inline-color has-vivid-red-color\">indicateurs <\/span><\/strong>qualit\u00e9 est cruciale pour nous ; c&rsquo;est pourquoi nous comptons sur votre participation pour am\u00e9liorer la <strong><span class=\"has-inline-color has-vivid-red-color\">qualit\u00e9 <\/span><\/strong>de nos contenus. <\/p>\n\n\n\n<div style=\"height:78px\" aria-hidden=\"true\" class=\"wp-block-spacer\"><\/div>\n\n\n\n<iframe loading=\"lazy\" style=\" width: 70%; height: 700px; top: 50; left: 50; border: none; padding: 0;margin: 0;\" src=\"https:\/\/www.canva.com\/design\/DAE_KHnR9nk\/watch?embed\" allowfullscreen=\"allowfullscreen\" allow=\"fullscreen\">\n  <\/iframe>\n","protected":false},"excerpt":{"rendered":"<p>Une nouvelle fonctionnalit\u00e9 est \u00e0 pr\u00e9sent disponible sur notre portail\u00a0pour vous permettre de donner votre avis et d&rsquo;\u00e9valuer une\u00a0ressource p\u00e9dagogique.La d\u00e9marche est tr\u00e8s simple et ne vous prendra que deux minutes. Pour\u00a0cela, visionnez la courte vid\u00e9o qui\u00a0vous expliquera comment proc\u00e9der pas \u00e0 pas. Cette remont\u00e9e des indicateurs qualit\u00e9 est cruciale pour nous ; c&rsquo;est pourquoi [&hellip;]<\/p>\n","protected":false},"author":2,"featured_media":0,"parent":109,"menu_order":0,"comment_status":"closed","ping_status":"closed","template":"","meta":[],"acf":[],"yoast_head":"<!-- This site is optimized with the Yoast SEO plugin v17.7.1 - https:\/\/yoast.com\/wordpress\/plugins\/seo\/ -->\n<meta name=\"robots\" content=\"index, follow, max-snippet:-1, max-image-preview:large, max-video-preview:-1\" \/>\n<link rel=\"canonical\" href=\"https:\/\/uoh.fr\/front\/ressourcefr\/evaluation-des-ressources\/\" \/>\n<meta property=\"og:locale\" content=\"fr_FR\" \/>\n<meta property=\"og:type\" content=\"article\" \/>\n<meta property=\"og:title\" content=\"\u00c9valuer une ressource - UNIVERSIT\u00c9 NUM\u00c9RIQUE DES HUMANIT\u00c9S\" \/>\n<meta property=\"og:description\" content=\"Une nouvelle fonctionnalit\u00e9 est \u00e0 pr\u00e9sent disponible sur notre portail\u00a0pour vous permettre de donner votre avis et d&rsquo;\u00e9valuer une\u00a0ressource p\u00e9dagogique.La d\u00e9marche est tr\u00e8s simple et ne vous prendra que deux minutes. Pour\u00a0cela, visionnez la courte vid\u00e9o qui\u00a0vous expliquera comment proc\u00e9der pas \u00e0 pas. Cette remont\u00e9e des indicateurs qualit\u00e9 est cruciale pour nous ; c&rsquo;est pourquoi [&hellip;]\" \/>\n<meta property=\"og:url\" content=\"https:\/\/uoh.fr\/front\/ressourcefr\/evaluation-des-ressources\/\" \/>\n<meta property=\"og:site_name\" content=\"UNIVERSIT\u00c9 NUM\u00c9RIQUE DES HUMANIT\u00c9S\" \/>\n<meta property=\"article:publisher\" content=\"https:\/\/www.facebook.com\/UOHumanites\/\" \/>\n<meta property=\"article:modified_time\" content=\"2023-12-01T10:10:03+00:00\" \/>\n<meta name=\"twitter:card\" content=\"summary_large_image\" \/>\n<meta name=\"twitter:site\" content=\"@uohumanites\" \/>\n<meta name=\"twitter:label1\" content=\"Dur\u00e9e de lecture estim\u00e9e\" \/>\n\t<meta name=\"twitter:data1\" content=\"1 minute\" \/>\n<script type=\"application\/ld+json\" class=\"yoast-schema-graph\">{\"@context\":\"https:\/\/schema.org\",\"@graph\":[{\"@type\":\"Organization\",\"@id\":\"https:\/\/uoh.fr\/front\/#organization\",\"name\":\"Universit\\u00e9 Ouverte des Humanit\\u00e9s\",\"url\":\"https:\/\/uoh.fr\/front\/\",\"sameAs\":[\"https:\/\/www.facebook.com\/UOHumanites\/\",\"https:\/\/www.linkedin.com\/company\/universit-ouverte-des-humanit-s\",\"https:\/\/fr.wikipedia.org\/wiki\/Universit\\u00e9_ouverte_des_Humanit\\u00e9s\",\"https:\/\/twitter.com\/uohumanites\"],\"logo\":{\"@type\":\"ImageObject\",\"@id\":\"https:\/\/uoh.fr\/front\/#logo\",\"inLanguage\":\"fr-FR\",\"url\":\"https:\/\/uoh.fr\/front\/wp-content\/uploads\/2019\/10\/logo-uoh-png.png\",\"contentUrl\":\"https:\/\/uoh.fr\/front\/wp-content\/uploads\/2019\/10\/logo-uoh-png.png\",\"width\":1200,\"height\":507,\"caption\":\"Universit\\u00e9 Ouverte des Humanit\\u00e9s\"},\"image\":{\"@id\":\"https:\/\/uoh.fr\/front\/#logo\"}},{\"@type\":\"WebSite\",\"@id\":\"https:\/\/uoh.fr\/front\/#website\",\"url\":\"https:\/\/uoh.fr\/front\/\",\"name\":\"UOH\",\"description\":\"Des ressources en Arts, Lettres, Langues et Sciences Humaines et Sociales\",\"publisher\":{\"@id\":\"https:\/\/uoh.fr\/front\/#organization\"},\"potentialAction\":[{\"@type\":\"SearchAction\",\"target\":{\"@type\":\"EntryPoint\",\"urlTemplate\":\"https:\/\/uoh.fr\/front\/?s={search_term_string}\"},\"query-input\":\"required name=search_term_string\"}],\"inLanguage\":\"fr-FR\"},{\"@type\":\"WebPage\",\"@id\":\"https:\/\/uoh.fr\/front\/ressourcefr\/evaluation-des-ressources\/#webpage\",\"url\":\"https:\/\/uoh.fr\/front\/ressourcefr\/evaluation-des-ressources\/\",\"name\":\"\\u00c9valuer une ressource - UNIVERSIT\\u00c9 NUM\\u00c9RIQUE DES HUMANIT\\u00c9S\",\"isPartOf\":{\"@id\":\"https:\/\/uoh.fr\/front\/#website\"},\"datePublished\":\"2022-12-02T07:49:51+00:00\",\"dateModified\":\"2023-12-01T10:10:03+00:00\",\"breadcrumb\":{\"@id\":\"https:\/\/uoh.fr\/front\/ressourcefr\/evaluation-des-ressources\/#breadcrumb\"},\"inLanguage\":\"fr-FR\",\"potentialAction\":[{\"@type\":\"ReadAction\",\"target\":[\"https:\/\/uoh.fr\/front\/ressourcefr\/evaluation-des-ressources\/\"]}]},{\"@type\":\"BreadcrumbList\",\"@id\":\"https:\/\/uoh.fr\/front\/ressourcefr\/evaluation-des-ressources\/#breadcrumb\",\"itemListElement\":[{\"@type\":\"ListItem\",\"position\":1,\"name\":\"Home\",\"item\":\"https:\/\/uoh.fr\/front\/\"},{\"@type\":\"ListItem\",\"position\":2,\"name\":\"Ressource\",\"item\":\"https:\/\/uoh.fr\/front\/ressourcefr\/\"},{\"@type\":\"ListItem\",\"position\":3,\"name\":\"\\u00c9valuer une ressource\"}]}]}<\/script>\n<!-- \/ Yoast SEO plugin. -->","yoast_head_json":{"robots":{"index":"index","follow":"follow","max-snippet":"max-snippet:-1","max-image-preview":"max-image-preview:large","max-video-preview":"max-video-preview:-1"},"canonical":"https:\/\/uoh.fr\/front\/ressourcefr\/evaluation-des-ressources\/","og_locale":"fr_FR","og_type":"article","og_title":"\u00c9valuer une ressource - UNIVERSIT\u00c9 NUM\u00c9RIQUE DES HUMANIT\u00c9S","og_description":"Une nouvelle fonctionnalit\u00e9 est \u00e0 pr\u00e9sent disponible sur notre portail\u00a0pour vous permettre de donner votre avis et d&rsquo;\u00e9valuer une\u00a0ressource p\u00e9dagogique.La d\u00e9marche est tr\u00e8s simple et ne vous prendra que deux minutes. Pour\u00a0cela, visionnez la courte vid\u00e9o qui\u00a0vous expliquera comment proc\u00e9der pas \u00e0 pas. Cette remont\u00e9e des indicateurs qualit\u00e9 est cruciale pour nous ; c&rsquo;est pourquoi [&hellip;]","og_url":"https:\/\/uoh.fr\/front\/ressourcefr\/evaluation-des-ressources\/","og_site_name":"UNIVERSIT\u00c9 NUM\u00c9RIQUE DES HUMANIT\u00c9S","article_publisher":"https:\/\/www.facebook.com\/UOHumanites\/","article_modified_time":"2023-12-01T10:10:03+00:00","twitter_card":"summary_large_image","twitter_site":"@uohumanites","twitter_misc":{"Dur\u00e9e de lecture estim\u00e9e":"1 minute"},"schema":{"@context":"https:\/\/schema.org","@graph":[{"@type":"Organization","@id":"https:\/\/uoh.fr\/front\/#organization","name":"Universit\u00e9 Ouverte des Humanit\u00e9s","url":"https:\/\/uoh.fr\/front\/","sameAs":["https:\/\/www.facebook.com\/UOHumanites\/","https:\/\/www.linkedin.com\/company\/universit-ouverte-des-humanit-s","https:\/\/fr.wikipedia.org\/wiki\/Universit\u00e9_ouverte_des_Humanit\u00e9s","https:\/\/twitter.com\/uohumanites"],"logo":{"@type":"ImageObject","@id":"https:\/\/uoh.fr\/front\/#logo","inLanguage":"fr-FR","url":"https:\/\/uoh.fr\/front\/wp-content\/uploads\/2019\/10\/logo-uoh-png.png","contentUrl":"https:\/\/uoh.fr\/front\/wp-content\/uploads\/2019\/10\/logo-uoh-png.png","width":1200,"height":507,"caption":"Universit\u00e9 Ouverte des Humanit\u00e9s"},"image":{"@id":"https:\/\/uoh.fr\/front\/#logo"}},{"@type":"WebSite","@id":"https:\/\/uoh.fr\/front\/#website","url":"https:\/\/uoh.fr\/front\/","name":"UOH","description":"Des ressources en Arts, Lettres, Langues et Sciences Humaines et Sociales","publisher":{"@id":"https:\/\/uoh.fr\/front\/#organization"},"potentialAction":[{"@type":"SearchAction","target":{"@type":"EntryPoint","urlTemplate":"https:\/\/uoh.fr\/front\/?s={search_term_string}"},"query-input":"required name=search_term_string"}],"inLanguage":"fr-FR"},{"@type":"WebPage","@id":"https:\/\/uoh.fr\/front\/ressourcefr\/evaluation-des-ressources\/#webpage","url":"https:\/\/uoh.fr\/front\/ressourcefr\/evaluation-des-ressources\/","name":"\u00c9valuer une ressource - UNIVERSIT\u00c9 NUM\u00c9RIQUE DES HUMANIT\u00c9S","isPartOf":{"@id":"https:\/\/uoh.fr\/front\/#website"},"datePublished":"2022-12-02T07:49:51+00:00","dateModified":"2023-12-01T10:10:03+00:00","breadcrumb":{"@id":"https:\/\/uoh.fr\/front\/ressourcefr\/evaluation-des-ressources\/#breadcrumb"},"inLanguage":"fr-FR","potentialAction":[{"@type":"ReadAction","target":["https:\/\/uoh.fr\/front\/ressourcefr\/evaluation-des-ressources\/"]}]},{"@type":"BreadcrumbList","@id":"https:\/\/uoh.fr\/front\/ressourcefr\/evaluation-des-ressources\/#breadcrumb","itemListElement":[{"@type":"ListItem","position":1,"name":"Home","item":"https:\/\/uoh.fr\/front\/"},{"@type":"ListItem","position":2,"name":"Ressource","item":"https:\/\/uoh.fr\/front\/ressourcefr\/"},{"@type":"ListItem","position":3,"name":"\u00c9valuer une ressource"}]}]}},"_links":{"self":[{"href":"https:\/\/uoh.fr\/front\/wp-json\/wp\/v2\/pages\/2788"}],"collection":[{"href":"https:\/\/uoh.fr\/front\/wp-json\/wp\/v2\/pages"}],"about":[{"href":"https:\/\/uoh.fr\/front\/wp-json\/wp\/v2\/types\/page"}],"author":[{"embeddable":true,"href":"https:\/\/uoh.fr\/front\/wp-json\/wp\/v2\/users\/2"}],"replies":[{"embeddable":true,"href":"https:\/\/uoh.fr\/front\/wp-json\/wp\/v2\/comments?post=2788"}],"version-history":[{"count":30,"href":"https:\/\/uoh.fr\/front\/wp-json\/wp\/v2\/pages\/2788\/revisions"}],"predecessor-version":[{"id":2829,"href":"https:\/\/uoh.fr\/front\/wp-json\/wp\/v2\/pages\/2788\/revisions\/2829"}],"up":[{"embeddable":true,"href":"https:\/\/uoh.fr\/front\/wp-json\/wp\/v2\/pages\/109"}],"wp:attachment":[{"href":"https:\/\/uoh.fr\/front\/wp-json\/wp\/v2\/media?parent=2788"}],"curies":[{"name":"wp","href":"https:\/\/api.w.org\/{rel}","templated":true}]}}