{"id":3124,"date":"2023-12-04T08:51:53","date_gmt":"2023-12-04T07:51:53","guid":{"rendered":"https:\/\/uoh.fr\/front\/?page_id=3124"},"modified":"2023-12-04T09:06:17","modified_gmt":"2023-12-04T08:06:17","slug":"universite-sans-les-murs","status":"publish","type":"page","link":"https:\/\/uoh.fr\/front\/nos-projets\/universite-sans-les-murs\/","title":{"rendered":"Universit\u00e9 Sans les Murs"},"content":{"rendered":"\n<div class=\"wp-block-cover has-background-dim has-parallax\" style=\"background-image:url(https:\/\/uoh.fr\/front\/wp-content\/uploads\/2023\/12\/banniere-USM.jpg);min-height:237px\"><div class=\"wp-block-cover__inner-container\">\n<h2 class=\"has-text-align-center\" style=\"font-size:25px\"><strong>USM 2022<\/strong><\/h2>\n<\/div><\/div>\n\n\n\n<div style=\"height:100px\" aria-hidden=\"true\" class=\"wp-block-spacer\"><\/div>\n\n\n\n<h2><strong>Par qui\u00a0?<\/strong><\/h2>\n\n\n\n<p>L\u2019initiative \u00ab Universit\u00e9 sans les murs \u00bb, lanc\u00e9e d\u00e9but d\u00e9cembre 2021 par le gouvernement togolais en collaboration avec <strong>l&rsquo;ambassade de France au Togo<\/strong>, a pour objectif d\u2019accompagner l\u2019\u00e9volution des enseignements universitaires vers une plus grande num\u00e9risation. \u00ab&nbsp;Universit\u00e9 sans les murs&nbsp;\u00bb est financ\u00e9 par le <strong>Fonds de solidarit\u00e9 pour les projets innovants<\/strong> (FSPI) du minist\u00e8re fran\u00e7ais de l\u2019Europe et des affaires \u00e9trang\u00e8res.<\/p>\n\n\n\n<p>Le projet est conduit sous l\u2019\u00e9gide du <strong>minist\u00e8re de l\u2019enseignement sup\u00e9rieur et de la recherche du Togo<\/strong>, en lien \u00e9troit avec le minist\u00e8re en charge de l\u2019\u00e9conomie num\u00e9rique et de la transformation digitale, et celui des enseignements primaire, secondaire, technique et de l\u2019artisanat.<\/p>\n\n\n\n<div style=\"height:25px\" aria-hidden=\"true\" class=\"wp-block-spacer\"><\/div>\n\n\n\n<h2><strong>Pourquoi\u00a0?<\/strong><\/h2>\n\n\n\n<p>Le projet vise \u00e0 d\u00e9velopper des <strong>mod\u00e8les d\u2019enseignement hybride<\/strong>, fond\u00e9s sur l\u2019utilisation du num\u00e9rique, en veillant \u00e0 faciliter l\u2019acc\u00e8s \u00e0 une connexion internet \u00e0 haut d\u00e9bit. Ces mod\u00e8les s\u2019inscrivent dans un \u00e9cosyst\u00e8me visant la qualit\u00e9 et l\u2019ad\u00e9quation aux besoins du march\u00e9 de l\u2019emploi. Le projet est en pleine coh\u00e9rence avec les politiques de r\u00e9duction de la fracture territoriale et <strong>l\u2019\u00e9volution de la comp\u00e9titivit\u00e9 des \u00e9tablissements d\u2019enseignement sup\u00e9rieur du pays<\/strong>.<\/p>\n\n\n\n<div style=\"height:25px\" aria-hidden=\"true\" class=\"wp-block-spacer\"><\/div>\n\n\n\n<h2><strong>Comment et pour qui\u00a0?<\/strong><\/h2>\n\n\n\n<p><strong>La formation et les partenariats au service de la r\u00e9ussite du projet.<\/strong><\/p>\n\n\n\n<p>Le projet comporte trois composantes :<\/p>\n\n\n\n<p><strong>Composante 1<\/strong>\u00a0: D\u00e9veloppement technologique et acc\u00e8s au r\u00e9seau<br><strong>Composante 2<\/strong>\u00a0: Renforcement des capacit\u00e9s des universit\u00e9s de Lom\u00e9 et de Kara en mati\u00e8re d\u2019enseignement num\u00e9rique<br><strong>Composante 3<\/strong>\u00a0: Mobilisation de l\u2019expertise et de l\u2019offre p\u00e9dagogique fran\u00e7aise et francophone<\/p>\n\n\n\n<p>Le projet vise \u00e0 accompagner les enseignants et les \u00e9tudiants de les Universit\u00e9s de Lom\u00e9 et Kara dans la transformation de l\u2019\u00e9ducation vers un enseignement hybride.<\/p>\n\n\n\n<ul><li><strong>Pour les enseignants<\/strong>, les formations et les plans d\u2019actions portent essentiellement sur des objectifs permettant la prise en main de la plateforme d\u2019enseignement \u00e0 distance de chaque universit\u00e9. Les contenus de formation, tr\u00e8s complets et de haut niveau, visent notamment la <strong>ma\u00eetrise de l\u2019enseignement \u00e0 distance, le param\u00e9trage de cours sur la plateforme et la conception de sc\u00e9narios p\u00e9dagogiques<\/strong>.<\/li><\/ul>\n\n\n\n<ul><li><strong>Pour les \u00e9tudiants,<\/strong> un plan de formation \u00e0 la culture num\u00e9rique et \u00e0 la m\u00e9thodologie du travail universitaire est \u00e0 disposition. Les modules permettront de <strong>d\u00e9velopper<\/strong> autant que possible des modalit\u00e9s <strong>d\u2019enseignement \u00e0 distance<\/strong> <strong>tout en travaillant hors connexion<\/strong>. Les \u00e9tudiants pourront acqu\u00e9rir des comp\u00e9tences num\u00e9riques pour apprendre et renforcer la ma\u00eetrise de comp\u00e9tences transversales et m\u00e9thodologiques.<\/li><\/ul>\n\n\n\n<div style=\"height:25px\" aria-hidden=\"true\" class=\"wp-block-spacer\"><\/div>\n\n\n\n<h2><strong>Le r\u00f4le de l\u2019UOH\u00a0?<\/strong><\/h2>\n\n\n\n<p><strong>France Education international a mobilis\u00e9 l\u2019expertise de L\u2019Universit\u00e9 Num\u00e9rique<\/strong>, op\u00e9rateur du minist\u00e8re fran\u00e7ais de l\u2019enseignement sup\u00e9rieur, de la recherche et de l\u2019innovation, pour intervenir sur les composantes 2 et 3.<\/p>\n\n\n\n<p><strong>La composante 2<\/strong> a pour objectif construire et mettre en \u0153uvre, avec les partenaires universitaires togolais, <strong>un plan de formation \u00e0 l\u2019attention des enseignants<\/strong> <strong>et des \u00e9tudiants<\/strong> pour le renforcement des comp\u00e9tences p\u00e9dagogiques et d\u2019ing\u00e9nierie d\u2019enseignement \u00e0 distance. L\u2019UOH pilote les travaux.<\/p>\n\n\n\n<p><strong>La composante 3 <\/strong>doit mettre un r\u00e9seau d\u2019universit\u00e9s fran\u00e7aises \u00e0 la disposition du projet, afin d\u2019\u00e9tablir des partenariats dans trois champs disciplinaires r\u00e9pondant aux besoins des universit\u00e9s togolaises : l\u2019\u00e9conomie-gestion, les sciences de l\u2019ing\u00e9nieur et les sciences et techniques des activit\u00e9s physiques et sportives. L\u2019enjeu est \u00e0 la fois de <strong>produire des ressources p\u00e9dagogiques num\u00e9riques et de d\u00e9finir des solutions techniques pour l\u2019utilisation de ces ressources<\/strong>. AUNEGe pilote cette action.<\/p>\n\n\n\n<p>Le projet \u00ab Universit\u00e9 sans les murs \u00bb a \u00e9t\u00e9 mis en \u0153uvre dans sa phase pilote avec les universit\u00e9s publiques de Lom\u00e9 et de Kara ainsi qu\u2019au sein de l\u2019Ecole Normale Sup\u00e9rieure (ENS) d\u2019Atakpam\u00e9.<\/p>\n\n\n\n<p><strong>Contact:<\/strong> Carole Schorl\u00e9-Stefan (carole.schorle-stefan@unistra.fr)<\/p>\n\n\n\n<div style=\"height:25px\" aria-hidden=\"true\" class=\"wp-block-spacer\"><\/div>\n\n\n\n<h2><strong>Pr\u00e9sentation du projet USM composante 2 et 3<\/strong><\/h2>\n\n\n\n<div style=\"width: 100%;\"><div style=\"position: relative; padding-bottom: 56.25%; padding-top: 0; height: 0;\"><iframe loading=\"lazy\" title=\"pr\u00e9sentation Lyon\" frameborder=\"0\" width=\"1200\" height=\"675\" style=\"position: absolute; top: 0; left: 0; width: 100%; height: 100%;\" src=\"https:\/\/view.genial.ly\/63da6fc0cc81910011157f13\" type=\"text\/html\" allowscriptaccess=\"always\" allowfullscreen=\"true\" scrolling=\"yes\" allownetworking=\"all\"><\/iframe> <\/div> <\/div>\n\n\n\n<div style=\"height:25px\" aria-hidden=\"true\" class=\"wp-block-spacer\"><\/div>\n","protected":false},"excerpt":{"rendered":"<p>Par qui\u00a0? L\u2019initiative \u00ab Universit\u00e9 sans les murs \u00bb, lanc\u00e9e d\u00e9but d\u00e9cembre 2021 par le gouvernement togolais en collaboration avec l&rsquo;ambassade de France au Togo, a pour objectif d\u2019accompagner l\u2019\u00e9volution des enseignements universitaires vers une plus grande num\u00e9risation. \u00ab&nbsp;Universit\u00e9 sans les murs&nbsp;\u00bb est financ\u00e9 par le Fonds de solidarit\u00e9 pour les projets innovants (FSPI) du [&hellip;]<\/p>\n","protected":false},"author":2,"featured_media":0,"parent":586,"menu_order":0,"comment_status":"closed","ping_status":"closed","template":"","meta":[],"acf":[],"yoast_head":"<!-- This site is optimized with the Yoast SEO plugin v17.7.1 - https:\/\/yoast.com\/wordpress\/plugins\/seo\/ -->\n<meta name=\"robots\" content=\"index, follow, max-snippet:-1, max-image-preview:large, max-video-preview:-1\" \/>\n<link rel=\"canonical\" href=\"https:\/\/uoh.fr\/front\/nos-projets\/universite-sans-les-murs\/\" \/>\n<meta property=\"og:locale\" content=\"fr_FR\" \/>\n<meta property=\"og:type\" content=\"article\" \/>\n<meta property=\"og:title\" content=\"Universit\u00e9 Sans les Murs - UNIVERSIT\u00c9 NUM\u00c9RIQUE DES HUMANIT\u00c9S\" \/>\n<meta property=\"og:description\" content=\"Par qui\u00a0? L\u2019initiative \u00ab Universit\u00e9 sans les murs \u00bb, lanc\u00e9e d\u00e9but d\u00e9cembre 2021 par le gouvernement togolais en collaboration avec l&rsquo;ambassade de France au Togo, a pour objectif d\u2019accompagner l\u2019\u00e9volution des enseignements universitaires vers une plus grande num\u00e9risation. \u00ab&nbsp;Universit\u00e9 sans les murs&nbsp;\u00bb est financ\u00e9 par le Fonds de solidarit\u00e9 pour les projets innovants (FSPI) du [&hellip;]\" \/>\n<meta property=\"og:url\" content=\"https:\/\/uoh.fr\/front\/nos-projets\/universite-sans-les-murs\/\" \/>\n<meta property=\"og:site_name\" content=\"UNIVERSIT\u00c9 NUM\u00c9RIQUE DES HUMANIT\u00c9S\" \/>\n<meta property=\"article:publisher\" content=\"https:\/\/www.facebook.com\/UOHumanites\/\" \/>\n<meta property=\"article:modified_time\" content=\"2023-12-04T08:06:17+00:00\" \/>\n<meta name=\"twitter:card\" content=\"summary_large_image\" \/>\n<meta name=\"twitter:site\" content=\"@uohumanites\" \/>\n<meta name=\"twitter:label1\" content=\"Dur\u00e9e de lecture estim\u00e9e\" \/>\n\t<meta name=\"twitter:data1\" content=\"3 minutes\" \/>\n<script type=\"application\/ld+json\" class=\"yoast-schema-graph\">{\"@context\":\"https:\/\/schema.org\",\"@graph\":[{\"@type\":\"Organization\",\"@id\":\"https:\/\/uoh.fr\/front\/#organization\",\"name\":\"Universit\\u00e9 Ouverte des Humanit\\u00e9s\",\"url\":\"https:\/\/uoh.fr\/front\/\",\"sameAs\":[\"https:\/\/www.facebook.com\/UOHumanites\/\",\"https:\/\/www.linkedin.com\/company\/universit-ouverte-des-humanit-s\",\"https:\/\/fr.wikipedia.org\/wiki\/Universit\\u00e9_ouverte_des_Humanit\\u00e9s\",\"https:\/\/twitter.com\/uohumanites\"],\"logo\":{\"@type\":\"ImageObject\",\"@id\":\"https:\/\/uoh.fr\/front\/#logo\",\"inLanguage\":\"fr-FR\",\"url\":\"https:\/\/uoh.fr\/front\/wp-content\/uploads\/2019\/10\/logo-uoh-png.png\",\"contentUrl\":\"https:\/\/uoh.fr\/front\/wp-content\/uploads\/2019\/10\/logo-uoh-png.png\",\"width\":1200,\"height\":507,\"caption\":\"Universit\\u00e9 Ouverte des Humanit\\u00e9s\"},\"image\":{\"@id\":\"https:\/\/uoh.fr\/front\/#logo\"}},{\"@type\":\"WebSite\",\"@id\":\"https:\/\/uoh.fr\/front\/#website\",\"url\":\"https:\/\/uoh.fr\/front\/\",\"name\":\"UOH\",\"description\":\"Des ressources en Arts, Lettres, Langues et Sciences Humaines et Sociales\",\"publisher\":{\"@id\":\"https:\/\/uoh.fr\/front\/#organization\"},\"potentialAction\":[{\"@type\":\"SearchAction\",\"target\":{\"@type\":\"EntryPoint\",\"urlTemplate\":\"https:\/\/uoh.fr\/front\/?s={search_term_string}\"},\"query-input\":\"required name=search_term_string\"}],\"inLanguage\":\"fr-FR\"},{\"@type\":\"WebPage\",\"@id\":\"https:\/\/uoh.fr\/front\/nos-projets\/universite-sans-les-murs\/#webpage\",\"url\":\"https:\/\/uoh.fr\/front\/nos-projets\/universite-sans-les-murs\/\",\"name\":\"Universit\\u00e9 Sans les Murs - UNIVERSIT\\u00c9 NUM\\u00c9RIQUE DES HUMANIT\\u00c9S\",\"isPartOf\":{\"@id\":\"https:\/\/uoh.fr\/front\/#website\"},\"datePublished\":\"2023-12-04T07:51:53+00:00\",\"dateModified\":\"2023-12-04T08:06:17+00:00\",\"breadcrumb\":{\"@id\":\"https:\/\/uoh.fr\/front\/nos-projets\/universite-sans-les-murs\/#breadcrumb\"},\"inLanguage\":\"fr-FR\",\"potentialAction\":[{\"@type\":\"ReadAction\",\"target\":[\"https:\/\/uoh.fr\/front\/nos-projets\/universite-sans-les-murs\/\"]}]},{\"@type\":\"BreadcrumbList\",\"@id\":\"https:\/\/uoh.fr\/front\/nos-projets\/universite-sans-les-murs\/#breadcrumb\",\"itemListElement\":[{\"@type\":\"ListItem\",\"position\":1,\"name\":\"Home\",\"item\":\"https:\/\/uoh.fr\/front\/\"},{\"@type\":\"ListItem\",\"position\":2,\"name\":\"Nos projets\",\"item\":\"https:\/\/uoh.fr\/front\/nos-projets\/\"},{\"@type\":\"ListItem\",\"position\":3,\"name\":\"Universit\\u00e9 Sans les Murs\"}]}]}<\/script>\n<!-- \/ Yoast SEO plugin. -->","yoast_head_json":{"robots":{"index":"index","follow":"follow","max-snippet":"max-snippet:-1","max-image-preview":"max-image-preview:large","max-video-preview":"max-video-preview:-1"},"canonical":"https:\/\/uoh.fr\/front\/nos-projets\/universite-sans-les-murs\/","og_locale":"fr_FR","og_type":"article","og_title":"Universit\u00e9 Sans les Murs - UNIVERSIT\u00c9 NUM\u00c9RIQUE DES HUMANIT\u00c9S","og_description":"Par qui\u00a0? L\u2019initiative \u00ab Universit\u00e9 sans les murs \u00bb, lanc\u00e9e d\u00e9but d\u00e9cembre 2021 par le gouvernement togolais en collaboration avec l&rsquo;ambassade de France au Togo, a pour objectif d\u2019accompagner l\u2019\u00e9volution des enseignements universitaires vers une plus grande num\u00e9risation. \u00ab&nbsp;Universit\u00e9 sans les murs&nbsp;\u00bb est financ\u00e9 par le Fonds de solidarit\u00e9 pour les projets innovants (FSPI) du [&hellip;]","og_url":"https:\/\/uoh.fr\/front\/nos-projets\/universite-sans-les-murs\/","og_site_name":"UNIVERSIT\u00c9 NUM\u00c9RIQUE DES HUMANIT\u00c9S","article_publisher":"https:\/\/www.facebook.com\/UOHumanites\/","article_modified_time":"2023-12-04T08:06:17+00:00","twitter_card":"summary_large_image","twitter_site":"@uohumanites","twitter_misc":{"Dur\u00e9e de lecture estim\u00e9e":"3 minutes"},"schema":{"@context":"https:\/\/schema.org","@graph":[{"@type":"Organization","@id":"https:\/\/uoh.fr\/front\/#organization","name":"Universit\u00e9 Ouverte des Humanit\u00e9s","url":"https:\/\/uoh.fr\/front\/","sameAs":["https:\/\/www.facebook.com\/UOHumanites\/","https:\/\/www.linkedin.com\/company\/universit-ouverte-des-humanit-s","https:\/\/fr.wikipedia.org\/wiki\/Universit\u00e9_ouverte_des_Humanit\u00e9s","https:\/\/twitter.com\/uohumanites"],"logo":{"@type":"ImageObject","@id":"https:\/\/uoh.fr\/front\/#logo","inLanguage":"fr-FR","url":"https:\/\/uoh.fr\/front\/wp-content\/uploads\/2019\/10\/logo-uoh-png.png","contentUrl":"https:\/\/uoh.fr\/front\/wp-content\/uploads\/2019\/10\/logo-uoh-png.png","width":1200,"height":507,"caption":"Universit\u00e9 Ouverte des Humanit\u00e9s"},"image":{"@id":"https:\/\/uoh.fr\/front\/#logo"}},{"@type":"WebSite","@id":"https:\/\/uoh.fr\/front\/#website","url":"https:\/\/uoh.fr\/front\/","name":"UOH","description":"Des ressources en Arts, Lettres, Langues et Sciences Humaines et Sociales","publisher":{"@id":"https:\/\/uoh.fr\/front\/#organization"},"potentialAction":[{"@type":"SearchAction","target":{"@type":"EntryPoint","urlTemplate":"https:\/\/uoh.fr\/front\/?s={search_term_string}"},"query-input":"required name=search_term_string"}],"inLanguage":"fr-FR"},{"@type":"WebPage","@id":"https:\/\/uoh.fr\/front\/nos-projets\/universite-sans-les-murs\/#webpage","url":"https:\/\/uoh.fr\/front\/nos-projets\/universite-sans-les-murs\/","name":"Universit\u00e9 Sans les Murs - UNIVERSIT\u00c9 NUM\u00c9RIQUE DES HUMANIT\u00c9S","isPartOf":{"@id":"https:\/\/uoh.fr\/front\/#website"},"datePublished":"2023-12-04T07:51:53+00:00","dateModified":"2023-12-04T08:06:17+00:00","breadcrumb":{"@id":"https:\/\/uoh.fr\/front\/nos-projets\/universite-sans-les-murs\/#breadcrumb"},"inLanguage":"fr-FR","potentialAction":[{"@type":"ReadAction","target":["https:\/\/uoh.fr\/front\/nos-projets\/universite-sans-les-murs\/"]}]},{"@type":"BreadcrumbList","@id":"https:\/\/uoh.fr\/front\/nos-projets\/universite-sans-les-murs\/#breadcrumb","itemListElement":[{"@type":"ListItem","position":1,"name":"Home","item":"https:\/\/uoh.fr\/front\/"},{"@type":"ListItem","position":2,"name":"Nos projets","item":"https:\/\/uoh.fr\/front\/nos-projets\/"},{"@type":"ListItem","position":3,"name":"Universit\u00e9 Sans les Murs"}]}]}},"_links":{"self":[{"href":"https:\/\/uoh.fr\/front\/wp-json\/wp\/v2\/pages\/3124"}],"collection":[{"href":"https:\/\/uoh.fr\/front\/wp-json\/wp\/v2\/pages"}],"about":[{"href":"https:\/\/uoh.fr\/front\/wp-json\/wp\/v2\/types\/page"}],"author":[{"embeddable":true,"href":"https:\/\/uoh.fr\/front\/wp-json\/wp\/v2\/users\/2"}],"replies":[{"embeddable":true,"href":"https:\/\/uoh.fr\/front\/wp-json\/wp\/v2\/comments?post=3124"}],"version-history":[{"count":9,"href":"https:\/\/uoh.fr\/front\/wp-json\/wp\/v2\/pages\/3124\/revisions"}],"predecessor-version":[{"id":3139,"href":"https:\/\/uoh.fr\/front\/wp-json\/wp\/v2\/pages\/3124\/revisions\/3139"}],"up":[{"embeddable":true,"href":"https:\/\/uoh.fr\/front\/wp-json\/wp\/v2\/pages\/586"}],"wp:attachment":[{"href":"https:\/\/uoh.fr\/front\/wp-json\/wp\/v2\/media?parent=3124"}],"curies":[{"name":"wp","href":"https:\/\/api.w.org\/{rel}","templated":true}]}}