{"id":3273,"date":"2024-08-19T09:45:15","date_gmt":"2024-08-19T07:45:15","guid":{"rendered":"https:\/\/uoh.fr\/front\/?page_id=3273"},"modified":"2025-06-11T15:27:08","modified_gmt":"2025-06-11T13:27:08","slug":"rapports-dactivites","status":"publish","type":"page","link":"https:\/\/uoh.fr\/front\/qui-sommes-nous\/rapports-dactivites\/","title":{"rendered":"Rapports d&rsquo;activit\u00e9s"},"content":{"rendered":"\n<h2>Rapport d&rsquo;activit\u00e9s 2024<\/h2>\n\n\n\n<div style=\"height:50px\" aria-hidden=\"true\" class=\"wp-block-spacer\"><\/div>\n\n\n\n<div class=\"wp-block-pdf-viewer-block-standard\" style=\"text-align:left\"><div class=\"uploaded-pdf\"><a href=\"https:\/\/uoh.fr\/front\/wp-content\/uploads\/2025\/06\/rapport-activite-uoh-2024-v3.pdf\" data-width=\"\" data-height=\"\"><\/a><\/div><\/div>\n\n\n\n<div style=\"height:50px\" aria-hidden=\"true\" class=\"wp-block-spacer\"><\/div>\n\n\n\n<h2>Rapport d&rsquo;activit\u00e9s 2023<\/h2>\n\n\n\n<div style=\"height:50px\" aria-hidden=\"true\" class=\"wp-block-spacer\"><\/div>\n\n\n\n<div class=\"wp-block-pdf-viewer-block-standard\" style=\"text-align:left\"><div class=\"uploaded-pdf\"><a href=\"https:\/\/uoh.fr\/front\/wp-content\/uploads\/2024\/06\/rapport-activite-uoh-2023.pdf\" data-width=\"\" data-height=\"\"><\/a><\/div><\/div>\n\n\n\n<div style=\"height:50px\" aria-hidden=\"true\" class=\"wp-block-spacer\"><\/div>\n\n\n\n<h2>Rapport d&rsquo;activit\u00e9s 2022<\/h2>\n\n\n\n<div style=\"height:50px\" aria-hidden=\"true\" class=\"wp-block-spacer\"><\/div>\n\n\n\n<div class=\"wp-block-pdf-viewer-block-standard\" style=\"text-align:left\"><div class=\"uploaded-pdf\"><a href=\"https:\/\/uoh.fr\/front\/wp-content\/uploads\/2024\/08\/rapport-activite-uoh-2022.pdf\" data-width=\"\" data-height=\"\"><\/a><\/div><\/div>\n","protected":false},"excerpt":{"rendered":"<p>Rapport d&rsquo;activit\u00e9s 2024 Rapport d&rsquo;activit\u00e9s 2023 Rapport d&rsquo;activit\u00e9s 2022<\/p>\n","protected":false},"author":2,"featured_media":0,"parent":103,"menu_order":-2,"comment_status":"closed","ping_status":"closed","template":"","meta":[],"acf":[],"yoast_head":"<!-- This site is optimized with the Yoast SEO plugin v17.7.1 - https:\/\/yoast.com\/wordpress\/plugins\/seo\/ -->\n<meta name=\"robots\" content=\"index, follow, max-snippet:-1, max-image-preview:large, max-video-preview:-1\" \/>\n<link rel=\"canonical\" href=\"https:\/\/uoh.fr\/front\/qui-sommes-nous\/rapports-dactivites\/\" \/>\n<meta property=\"og:locale\" content=\"fr_FR\" \/>\n<meta property=\"og:type\" content=\"article\" \/>\n<meta property=\"og:title\" content=\"Rapports d&#039;activit\u00e9s - UNIVERSIT\u00c9 NUM\u00c9RIQUE DES HUMANIT\u00c9S\" \/>\n<meta property=\"og:description\" content=\"Rapport d&rsquo;activit\u00e9s 2024 Rapport d&rsquo;activit\u00e9s 2023 Rapport d&rsquo;activit\u00e9s 2022\" \/>\n<meta property=\"og:url\" content=\"https:\/\/uoh.fr\/front\/qui-sommes-nous\/rapports-dactivites\/\" \/>\n<meta property=\"og:site_name\" content=\"UNIVERSIT\u00c9 NUM\u00c9RIQUE DES HUMANIT\u00c9S\" \/>\n<meta property=\"article:publisher\" content=\"https:\/\/www.facebook.com\/UOHumanites\/\" \/>\n<meta property=\"article:modified_time\" content=\"2025-06-11T13:27:08+00:00\" \/>\n<meta name=\"twitter:card\" content=\"summary_large_image\" \/>\n<meta name=\"twitter:site\" content=\"@uohumanites\" \/>\n<meta name=\"twitter:label1\" content=\"Dur\u00e9e de lecture estim\u00e9e\" \/>\n\t<meta name=\"twitter:data1\" content=\"1 minute\" \/>\n<script type=\"application\/ld+json\" class=\"yoast-schema-graph\">{\"@context\":\"https:\/\/schema.org\",\"@graph\":[{\"@type\":\"Organization\",\"@id\":\"https:\/\/uoh.fr\/front\/#organization\",\"name\":\"Universit\\u00e9 Ouverte des Humanit\\u00e9s\",\"url\":\"https:\/\/uoh.fr\/front\/\",\"sameAs\":[\"https:\/\/www.facebook.com\/UOHumanites\/\",\"https:\/\/www.linkedin.com\/company\/universit-ouverte-des-humanit-s\",\"https:\/\/fr.wikipedia.org\/wiki\/Universit\\u00e9_ouverte_des_Humanit\\u00e9s\",\"https:\/\/twitter.com\/uohumanites\"],\"logo\":{\"@type\":\"ImageObject\",\"@id\":\"https:\/\/uoh.fr\/front\/#logo\",\"inLanguage\":\"fr-FR\",\"url\":\"https:\/\/uoh.fr\/front\/wp-content\/uploads\/2019\/10\/logo-uoh-png.png\",\"contentUrl\":\"https:\/\/uoh.fr\/front\/wp-content\/uploads\/2019\/10\/logo-uoh-png.png\",\"width\":1200,\"height\":507,\"caption\":\"Universit\\u00e9 Ouverte des Humanit\\u00e9s\"},\"image\":{\"@id\":\"https:\/\/uoh.fr\/front\/#logo\"}},{\"@type\":\"WebSite\",\"@id\":\"https:\/\/uoh.fr\/front\/#website\",\"url\":\"https:\/\/uoh.fr\/front\/\",\"name\":\"UOH\",\"description\":\"Des ressources en Arts, Lettres, Langues et Sciences Humaines et Sociales\",\"publisher\":{\"@id\":\"https:\/\/uoh.fr\/front\/#organization\"},\"potentialAction\":[{\"@type\":\"SearchAction\",\"target\":{\"@type\":\"EntryPoint\",\"urlTemplate\":\"https:\/\/uoh.fr\/front\/?s={search_term_string}\"},\"query-input\":\"required name=search_term_string\"}],\"inLanguage\":\"fr-FR\"},{\"@type\":\"WebPage\",\"@id\":\"https:\/\/uoh.fr\/front\/qui-sommes-nous\/rapports-dactivites\/#webpage\",\"url\":\"https:\/\/uoh.fr\/front\/qui-sommes-nous\/rapports-dactivites\/\",\"name\":\"Rapports d'activit\\u00e9s - UNIVERSIT\\u00c9 NUM\\u00c9RIQUE DES HUMANIT\\u00c9S\",\"isPartOf\":{\"@id\":\"https:\/\/uoh.fr\/front\/#website\"},\"datePublished\":\"2024-08-19T07:45:15+00:00\",\"dateModified\":\"2025-06-11T13:27:08+00:00\",\"breadcrumb\":{\"@id\":\"https:\/\/uoh.fr\/front\/qui-sommes-nous\/rapports-dactivites\/#breadcrumb\"},\"inLanguage\":\"fr-FR\",\"potentialAction\":[{\"@type\":\"ReadAction\",\"target\":[\"https:\/\/uoh.fr\/front\/qui-sommes-nous\/rapports-dactivites\/\"]}]},{\"@type\":\"BreadcrumbList\",\"@id\":\"https:\/\/uoh.fr\/front\/qui-sommes-nous\/rapports-dactivites\/#breadcrumb\",\"itemListElement\":[{\"@type\":\"ListItem\",\"position\":1,\"name\":\"Home\",\"item\":\"https:\/\/uoh.fr\/front\/\"},{\"@type\":\"ListItem\",\"position\":2,\"name\":\"Nous conna\\u00eetre\",\"item\":\"https:\/\/uoh.fr\/front\/qui-sommes-nous\/\"},{\"@type\":\"ListItem\",\"position\":3,\"name\":\"Rapports d&rsquo;activit\\u00e9s\"}]}]}<\/script>\n<!-- \/ Yoast SEO plugin. -->","yoast_head_json":{"robots":{"index":"index","follow":"follow","max-snippet":"max-snippet:-1","max-image-preview":"max-image-preview:large","max-video-preview":"max-video-preview:-1"},"canonical":"https:\/\/uoh.fr\/front\/qui-sommes-nous\/rapports-dactivites\/","og_locale":"fr_FR","og_type":"article","og_title":"Rapports d'activit\u00e9s - UNIVERSIT\u00c9 NUM\u00c9RIQUE DES HUMANIT\u00c9S","og_description":"Rapport d&rsquo;activit\u00e9s 2024 Rapport d&rsquo;activit\u00e9s 2023 Rapport d&rsquo;activit\u00e9s 2022","og_url":"https:\/\/uoh.fr\/front\/qui-sommes-nous\/rapports-dactivites\/","og_site_name":"UNIVERSIT\u00c9 NUM\u00c9RIQUE DES HUMANIT\u00c9S","article_publisher":"https:\/\/www.facebook.com\/UOHumanites\/","article_modified_time":"2025-06-11T13:27:08+00:00","twitter_card":"summary_large_image","twitter_site":"@uohumanites","twitter_misc":{"Dur\u00e9e de lecture estim\u00e9e":"1 minute"},"schema":{"@context":"https:\/\/schema.org","@graph":[{"@type":"Organization","@id":"https:\/\/uoh.fr\/front\/#organization","name":"Universit\u00e9 Ouverte des Humanit\u00e9s","url":"https:\/\/uoh.fr\/front\/","sameAs":["https:\/\/www.facebook.com\/UOHumanites\/","https:\/\/www.linkedin.com\/company\/universit-ouverte-des-humanit-s","https:\/\/fr.wikipedia.org\/wiki\/Universit\u00e9_ouverte_des_Humanit\u00e9s","https:\/\/twitter.com\/uohumanites"],"logo":{"@type":"ImageObject","@id":"https:\/\/uoh.fr\/front\/#logo","inLanguage":"fr-FR","url":"https:\/\/uoh.fr\/front\/wp-content\/uploads\/2019\/10\/logo-uoh-png.png","contentUrl":"https:\/\/uoh.fr\/front\/wp-content\/uploads\/2019\/10\/logo-uoh-png.png","width":1200,"height":507,"caption":"Universit\u00e9 Ouverte des Humanit\u00e9s"},"image":{"@id":"https:\/\/uoh.fr\/front\/#logo"}},{"@type":"WebSite","@id":"https:\/\/uoh.fr\/front\/#website","url":"https:\/\/uoh.fr\/front\/","name":"UOH","description":"Des ressources en Arts, Lettres, Langues et Sciences Humaines et Sociales","publisher":{"@id":"https:\/\/uoh.fr\/front\/#organization"},"potentialAction":[{"@type":"SearchAction","target":{"@type":"EntryPoint","urlTemplate":"https:\/\/uoh.fr\/front\/?s={search_term_string}"},"query-input":"required name=search_term_string"}],"inLanguage":"fr-FR"},{"@type":"WebPage","@id":"https:\/\/uoh.fr\/front\/qui-sommes-nous\/rapports-dactivites\/#webpage","url":"https:\/\/uoh.fr\/front\/qui-sommes-nous\/rapports-dactivites\/","name":"Rapports d'activit\u00e9s - UNIVERSIT\u00c9 NUM\u00c9RIQUE DES HUMANIT\u00c9S","isPartOf":{"@id":"https:\/\/uoh.fr\/front\/#website"},"datePublished":"2024-08-19T07:45:15+00:00","dateModified":"2025-06-11T13:27:08+00:00","breadcrumb":{"@id":"https:\/\/uoh.fr\/front\/qui-sommes-nous\/rapports-dactivites\/#breadcrumb"},"inLanguage":"fr-FR","potentialAction":[{"@type":"ReadAction","target":["https:\/\/uoh.fr\/front\/qui-sommes-nous\/rapports-dactivites\/"]}]},{"@type":"BreadcrumbList","@id":"https:\/\/uoh.fr\/front\/qui-sommes-nous\/rapports-dactivites\/#breadcrumb","itemListElement":[{"@type":"ListItem","position":1,"name":"Home","item":"https:\/\/uoh.fr\/front\/"},{"@type":"ListItem","position":2,"name":"Nous conna\u00eetre","item":"https:\/\/uoh.fr\/front\/qui-sommes-nous\/"},{"@type":"ListItem","position":3,"name":"Rapports d&rsquo;activit\u00e9s"}]}]}},"_links":{"self":[{"href":"https:\/\/uoh.fr\/front\/wp-json\/wp\/v2\/pages\/3273"}],"collection":[{"href":"https:\/\/uoh.fr\/front\/wp-json\/wp\/v2\/pages"}],"about":[{"href":"https:\/\/uoh.fr\/front\/wp-json\/wp\/v2\/types\/page"}],"author":[{"embeddable":true,"href":"https:\/\/uoh.fr\/front\/wp-json\/wp\/v2\/users\/2"}],"replies":[{"embeddable":true,"href":"https:\/\/uoh.fr\/front\/wp-json\/wp\/v2\/comments?post=3273"}],"version-history":[{"count":7,"href":"https:\/\/uoh.fr\/front\/wp-json\/wp\/v2\/pages\/3273\/revisions"}],"predecessor-version":[{"id":3512,"href":"https:\/\/uoh.fr\/front\/wp-json\/wp\/v2\/pages\/3273\/revisions\/3512"}],"up":[{"embeddable":true,"href":"https:\/\/uoh.fr\/front\/wp-json\/wp\/v2\/pages\/103"}],"wp:attachment":[{"href":"https:\/\/uoh.fr\/front\/wp-json\/wp\/v2\/media?parent=3273"}],"curies":[{"name":"wp","href":"https:\/\/api.w.org\/{rel}","templated":true}]}}