{"id":582,"date":"2019-10-10T09:58:28","date_gmt":"2019-10-10T07:58:28","guid":{"rendered":"http:\/\/unit-4.criann.fr\/front\/?page_id=582"},"modified":"2022-06-15T13:28:52","modified_gmt":"2022-06-15T11:28:52","slug":"se-former","status":"publish","type":"page","link":"https:\/\/uoh.fr\/front\/se-former\/","title":{"rendered":"Former"},"content":{"rendered":"\n<div class=\"wp-block-image\"><figure class=\"aligncenter size-large\"><img loading=\"lazy\" width=\"1024\" height=\"579\" src=\"https:\/\/uoh.fr\/front\/wp-content\/uploads\/2020\/09\/learn-3653430_1920-1024x579.jpg\" alt=\"\" class=\"wp-image-1521\" srcset=\"https:\/\/uoh.fr\/front\/wp-content\/uploads\/2020\/09\/learn-3653430_1920-1024x579.jpg 1024w, https:\/\/uoh.fr\/front\/wp-content\/uploads\/2020\/09\/learn-3653430_1920-300x170.jpg 300w, https:\/\/uoh.fr\/front\/wp-content\/uploads\/2020\/09\/learn-3653430_1920-768x434.jpg 768w, https:\/\/uoh.fr\/front\/wp-content\/uploads\/2020\/09\/learn-3653430_1920-1536x869.jpg 1536w, https:\/\/uoh.fr\/front\/wp-content\/uploads\/2020\/09\/learn-3653430_1920.jpg 1920w\" sizes=\"(max-width: 1024px) 100vw, 1024px\" \/><\/figure><\/div>\n\n\n\n<p class=\"has-text-align-center\"><strong>L\u2019Universit\u00e9 Num\u00e9rique des Humanit\u00e9s n\u2019est pas une universit\u00e9 au sens stricte du terme. Elle ne d\u00e9livre pas de dipl\u00f4mes et n\u2019inscrit pas d\u2019\u00e9tudiants.<\/strong><\/p>\n\n\n\n<p class=\"has-text-align-center\">Comme les autres Universit\u00e9s Num\u00e9riques\nTh\u00e9matiques, elle offre des ressources \u00e9ducatives libres pour apprendre et\nenseigner dans l\u2019enseignement sup\u00e9rieur.<\/p>\n\n\n\n<p class=\"has-text-align-center\">Tous les contenus p\u00e9dagogiques diffus\u00e9s par l&rsquo;UOH sont\naccessibles gratuitement.<\/p>\n\n\n\n<p class=\"has-text-align-center\"><a href=\"https:\/\/prezi.com\/p\/ujzvigkr5qe2\/oer-france-open-educational-resources\/\">https:\/\/prezi.com\/p\/ujzvigkr5qe2\/oer-france-open-educational-resources\/<\/a><\/p>\n","protected":false},"excerpt":{"rendered":"<p>L\u2019Universit\u00e9 Num\u00e9rique des Humanit\u00e9s n\u2019est pas une universit\u00e9 au sens stricte du terme. Elle ne d\u00e9livre pas de dipl\u00f4mes et n\u2019inscrit pas d\u2019\u00e9tudiants. Comme les autres Universit\u00e9s Num\u00e9riques Th\u00e9matiques, elle offre des ressources \u00e9ducatives libres pour apprendre et enseigner dans l\u2019enseignement sup\u00e9rieur. Tous les contenus p\u00e9dagogiques diffus\u00e9s par l&rsquo;UOH sont accessibles gratuitement. https:\/\/prezi.com\/p\/ujzvigkr5qe2\/oer-france-open-educational-resources\/<\/p>\n","protected":false},"author":1,"featured_media":0,"parent":0,"menu_order":0,"comment_status":"closed","ping_status":"closed","template":"","meta":[],"acf":[],"yoast_head":"<!-- This site is optimized with the Yoast SEO plugin v17.7.1 - https:\/\/yoast.com\/wordpress\/plugins\/seo\/ -->\n<meta name=\"robots\" content=\"index, follow, max-snippet:-1, max-image-preview:large, max-video-preview:-1\" \/>\n<link rel=\"canonical\" href=\"https:\/\/uoh.fr\/front\/se-former\/\" \/>\n<meta property=\"og:locale\" content=\"fr_FR\" \/>\n<meta property=\"og:type\" content=\"article\" \/>\n<meta property=\"og:title\" content=\"Former - UNIVERSIT\u00c9 NUM\u00c9RIQUE DES HUMANIT\u00c9S\" \/>\n<meta property=\"og:description\" content=\"L\u2019Universit\u00e9 Num\u00e9rique des Humanit\u00e9s n\u2019est pas une universit\u00e9 au sens stricte du terme. Elle ne d\u00e9livre pas de dipl\u00f4mes et n\u2019inscrit pas d\u2019\u00e9tudiants. Comme les autres Universit\u00e9s Num\u00e9riques Th\u00e9matiques, elle offre des ressources \u00e9ducatives libres pour apprendre et enseigner dans l\u2019enseignement sup\u00e9rieur. Tous les contenus p\u00e9dagogiques diffus\u00e9s par l&rsquo;UOH sont accessibles gratuitement. https:\/\/prezi.com\/p\/ujzvigkr5qe2\/oer-france-open-educational-resources\/\" \/>\n<meta property=\"og:url\" content=\"https:\/\/uoh.fr\/front\/se-former\/\" \/>\n<meta property=\"og:site_name\" content=\"UNIVERSIT\u00c9 NUM\u00c9RIQUE DES HUMANIT\u00c9S\" \/>\n<meta property=\"article:publisher\" content=\"https:\/\/www.facebook.com\/UOHumanites\/\" \/>\n<meta property=\"article:modified_time\" content=\"2022-06-15T11:28:52+00:00\" \/>\n<meta property=\"og:image\" content=\"https:\/\/uoh.fr\/front\/wp-content\/uploads\/2020\/09\/learn-3653430_1920-1024x579.jpg\" \/>\n<meta name=\"twitter:card\" content=\"summary_large_image\" \/>\n<meta name=\"twitter:site\" content=\"@uohumanites\" \/>\n<meta name=\"twitter:label1\" content=\"Dur\u00e9e de lecture estim\u00e9e\" \/>\n\t<meta name=\"twitter:data1\" content=\"1 minute\" \/>\n<script type=\"application\/ld+json\" class=\"yoast-schema-graph\">{\"@context\":\"https:\/\/schema.org\",\"@graph\":[{\"@type\":\"Organization\",\"@id\":\"https:\/\/uoh.fr\/front\/#organization\",\"name\":\"Universit\\u00e9 Ouverte des Humanit\\u00e9s\",\"url\":\"https:\/\/uoh.fr\/front\/\",\"sameAs\":[\"https:\/\/www.facebook.com\/UOHumanites\/\",\"https:\/\/www.linkedin.com\/company\/universit-ouverte-des-humanit-s\",\"https:\/\/fr.wikipedia.org\/wiki\/Universit\\u00e9_ouverte_des_Humanit\\u00e9s\",\"https:\/\/twitter.com\/uohumanites\"],\"logo\":{\"@type\":\"ImageObject\",\"@id\":\"https:\/\/uoh.fr\/front\/#logo\",\"inLanguage\":\"fr-FR\",\"url\":\"https:\/\/uoh.fr\/front\/wp-content\/uploads\/2019\/10\/logo-uoh-png.png\",\"contentUrl\":\"https:\/\/uoh.fr\/front\/wp-content\/uploads\/2019\/10\/logo-uoh-png.png\",\"width\":1200,\"height\":507,\"caption\":\"Universit\\u00e9 Ouverte des Humanit\\u00e9s\"},\"image\":{\"@id\":\"https:\/\/uoh.fr\/front\/#logo\"}},{\"@type\":\"WebSite\",\"@id\":\"https:\/\/uoh.fr\/front\/#website\",\"url\":\"https:\/\/uoh.fr\/front\/\",\"name\":\"UOH\",\"description\":\"Des ressources en Arts, Lettres, Langues et Sciences Humaines et Sociales\",\"publisher\":{\"@id\":\"https:\/\/uoh.fr\/front\/#organization\"},\"potentialAction\":[{\"@type\":\"SearchAction\",\"target\":{\"@type\":\"EntryPoint\",\"urlTemplate\":\"https:\/\/uoh.fr\/front\/?s={search_term_string}\"},\"query-input\":\"required name=search_term_string\"}],\"inLanguage\":\"fr-FR\"},{\"@type\":\"ImageObject\",\"@id\":\"https:\/\/uoh.fr\/front\/se-former\/#primaryimage\",\"inLanguage\":\"fr-FR\",\"url\":\"https:\/\/uoh.fr\/front\/wp-content\/uploads\/2020\/09\/learn-3653430_1920.jpg\",\"contentUrl\":\"https:\/\/uoh.fr\/front\/wp-content\/uploads\/2020\/09\/learn-3653430_1920.jpg\",\"width\":1920,\"height\":1086},{\"@type\":\"WebPage\",\"@id\":\"https:\/\/uoh.fr\/front\/se-former\/#webpage\",\"url\":\"https:\/\/uoh.fr\/front\/se-former\/\",\"name\":\"Former - UNIVERSIT\\u00c9 NUM\\u00c9RIQUE DES HUMANIT\\u00c9S\",\"isPartOf\":{\"@id\":\"https:\/\/uoh.fr\/front\/#website\"},\"primaryImageOfPage\":{\"@id\":\"https:\/\/uoh.fr\/front\/se-former\/#primaryimage\"},\"datePublished\":\"2019-10-10T07:58:28+00:00\",\"dateModified\":\"2022-06-15T11:28:52+00:00\",\"breadcrumb\":{\"@id\":\"https:\/\/uoh.fr\/front\/se-former\/#breadcrumb\"},\"inLanguage\":\"fr-FR\",\"potentialAction\":[{\"@type\":\"ReadAction\",\"target\":[\"https:\/\/uoh.fr\/front\/se-former\/\"]}]},{\"@type\":\"BreadcrumbList\",\"@id\":\"https:\/\/uoh.fr\/front\/se-former\/#breadcrumb\",\"itemListElement\":[{\"@type\":\"ListItem\",\"position\":1,\"name\":\"Home\",\"item\":\"https:\/\/uoh.fr\/front\/\"},{\"@type\":\"ListItem\",\"position\":2,\"name\":\"Former\"}]}]}<\/script>\n<!-- \/ Yoast SEO plugin. -->","yoast_head_json":{"robots":{"index":"index","follow":"follow","max-snippet":"max-snippet:-1","max-image-preview":"max-image-preview:large","max-video-preview":"max-video-preview:-1"},"canonical":"https:\/\/uoh.fr\/front\/se-former\/","og_locale":"fr_FR","og_type":"article","og_title":"Former - UNIVERSIT\u00c9 NUM\u00c9RIQUE DES HUMANIT\u00c9S","og_description":"L\u2019Universit\u00e9 Num\u00e9rique des Humanit\u00e9s n\u2019est pas une universit\u00e9 au sens stricte du terme. Elle ne d\u00e9livre pas de dipl\u00f4mes et n\u2019inscrit pas d\u2019\u00e9tudiants. Comme les autres Universit\u00e9s Num\u00e9riques Th\u00e9matiques, elle offre des ressources \u00e9ducatives libres pour apprendre et enseigner dans l\u2019enseignement sup\u00e9rieur. Tous les contenus p\u00e9dagogiques diffus\u00e9s par l&rsquo;UOH sont accessibles gratuitement. https:\/\/prezi.com\/p\/ujzvigkr5qe2\/oer-france-open-educational-resources\/","og_url":"https:\/\/uoh.fr\/front\/se-former\/","og_site_name":"UNIVERSIT\u00c9 NUM\u00c9RIQUE DES HUMANIT\u00c9S","article_publisher":"https:\/\/www.facebook.com\/UOHumanites\/","article_modified_time":"2022-06-15T11:28:52+00:00","og_image":[{"url":"https:\/\/uoh.fr\/front\/wp-content\/uploads\/2020\/09\/learn-3653430_1920-1024x579.jpg"}],"twitter_card":"summary_large_image","twitter_site":"@uohumanites","twitter_misc":{"Dur\u00e9e de lecture estim\u00e9e":"1 minute"},"schema":{"@context":"https:\/\/schema.org","@graph":[{"@type":"Organization","@id":"https:\/\/uoh.fr\/front\/#organization","name":"Universit\u00e9 Ouverte des Humanit\u00e9s","url":"https:\/\/uoh.fr\/front\/","sameAs":["https:\/\/www.facebook.com\/UOHumanites\/","https:\/\/www.linkedin.com\/company\/universit-ouverte-des-humanit-s","https:\/\/fr.wikipedia.org\/wiki\/Universit\u00e9_ouverte_des_Humanit\u00e9s","https:\/\/twitter.com\/uohumanites"],"logo":{"@type":"ImageObject","@id":"https:\/\/uoh.fr\/front\/#logo","inLanguage":"fr-FR","url":"https:\/\/uoh.fr\/front\/wp-content\/uploads\/2019\/10\/logo-uoh-png.png","contentUrl":"https:\/\/uoh.fr\/front\/wp-content\/uploads\/2019\/10\/logo-uoh-png.png","width":1200,"height":507,"caption":"Universit\u00e9 Ouverte des Humanit\u00e9s"},"image":{"@id":"https:\/\/uoh.fr\/front\/#logo"}},{"@type":"WebSite","@id":"https:\/\/uoh.fr\/front\/#website","url":"https:\/\/uoh.fr\/front\/","name":"UOH","description":"Des ressources en Arts, Lettres, Langues et Sciences Humaines et Sociales","publisher":{"@id":"https:\/\/uoh.fr\/front\/#organization"},"potentialAction":[{"@type":"SearchAction","target":{"@type":"EntryPoint","urlTemplate":"https:\/\/uoh.fr\/front\/?s={search_term_string}"},"query-input":"required name=search_term_string"}],"inLanguage":"fr-FR"},{"@type":"ImageObject","@id":"https:\/\/uoh.fr\/front\/se-former\/#primaryimage","inLanguage":"fr-FR","url":"https:\/\/uoh.fr\/front\/wp-content\/uploads\/2020\/09\/learn-3653430_1920.jpg","contentUrl":"https:\/\/uoh.fr\/front\/wp-content\/uploads\/2020\/09\/learn-3653430_1920.jpg","width":1920,"height":1086},{"@type":"WebPage","@id":"https:\/\/uoh.fr\/front\/se-former\/#webpage","url":"https:\/\/uoh.fr\/front\/se-former\/","name":"Former - UNIVERSIT\u00c9 NUM\u00c9RIQUE DES HUMANIT\u00c9S","isPartOf":{"@id":"https:\/\/uoh.fr\/front\/#website"},"primaryImageOfPage":{"@id":"https:\/\/uoh.fr\/front\/se-former\/#primaryimage"},"datePublished":"2019-10-10T07:58:28+00:00","dateModified":"2022-06-15T11:28:52+00:00","breadcrumb":{"@id":"https:\/\/uoh.fr\/front\/se-former\/#breadcrumb"},"inLanguage":"fr-FR","potentialAction":[{"@type":"ReadAction","target":["https:\/\/uoh.fr\/front\/se-former\/"]}]},{"@type":"BreadcrumbList","@id":"https:\/\/uoh.fr\/front\/se-former\/#breadcrumb","itemListElement":[{"@type":"ListItem","position":1,"name":"Home","item":"https:\/\/uoh.fr\/front\/"},{"@type":"ListItem","position":2,"name":"Former"}]}]}},"_links":{"self":[{"href":"https:\/\/uoh.fr\/front\/wp-json\/wp\/v2\/pages\/582"}],"collection":[{"href":"https:\/\/uoh.fr\/front\/wp-json\/wp\/v2\/pages"}],"about":[{"href":"https:\/\/uoh.fr\/front\/wp-json\/wp\/v2\/types\/page"}],"author":[{"embeddable":true,"href":"https:\/\/uoh.fr\/front\/wp-json\/wp\/v2\/users\/1"}],"replies":[{"embeddable":true,"href":"https:\/\/uoh.fr\/front\/wp-json\/wp\/v2\/comments?post=582"}],"version-history":[{"count":11,"href":"https:\/\/uoh.fr\/front\/wp-json\/wp\/v2\/pages\/582\/revisions"}],"predecessor-version":[{"id":2642,"href":"https:\/\/uoh.fr\/front\/wp-json\/wp\/v2\/pages\/582\/revisions\/2642"}],"wp:attachment":[{"href":"https:\/\/uoh.fr\/front\/wp-json\/wp\/v2\/media?parent=582"}],"curies":[{"name":"wp","href":"https:\/\/api.w.org\/{rel}","templated":true}]}}