{"id":586,"date":"2019-10-10T10:00:52","date_gmt":"2019-10-10T08:00:52","guid":{"rendered":"http:\/\/unit-4.criann.fr\/front\/?page_id=586"},"modified":"2022-02-14T16:19:20","modified_gmt":"2022-02-14T15:19:20","slug":"nos-projets","status":"publish","type":"page","link":"https:\/\/uoh.fr\/front\/nos-projets\/","title":{"rendered":"Nos projets"},"content":{"rendered":"\n<p>L\u2019UOH pilote et s\u2019implique dans diff\u00e9rents\nprojets pluri-\u00e9tablissements.<\/p>\n\n\n\n<p>Toujours dans l\u2019objectif d\u2019am\u00e9liorer la\nr\u00e9ussite des \u00e9tudiants, ces projets permettent d\u2019accompagner, de valoriser et\nde produire des dispositifs, des contenus et des outils pour faciliter la\ntransition num\u00e9rique des \u00e9tablissements d\u2019enseignement sup\u00e9rieur.<\/p>\n\n\n\n<div class=\"wp-block-group\"><div class=\"wp-block-group__inner-container\"><\/div><\/div>\n\n\n\n<figure class=\"wp-block-gallery aligncenter columns-5 is-cropped\"><ul class=\"blocks-gallery-grid\"><li class=\"blocks-gallery-item\"><figure><img loading=\"lazy\" width=\"500\" height=\"312\" src=\"https:\/\/uoh.fr\/front\/wp-content\/uploads\/2022\/02\/projet-ecriPlus.png\" alt=\"\" data-id=\"2480\" data-full-url=\"https:\/\/uoh.fr\/front\/wp-content\/uploads\/2022\/02\/projet-ecriPlus.png\" data-link=\"https:\/\/uoh.fr\/front\/nos-projets\/projet-ecriplus\/\" class=\"wp-image-2480\" srcset=\"https:\/\/uoh.fr\/front\/wp-content\/uploads\/2022\/02\/projet-ecriPlus.png 500w, https:\/\/uoh.fr\/front\/wp-content\/uploads\/2022\/02\/projet-ecriPlus-300x187.png 300w\" sizes=\"(max-width: 500px) 100vw, 500px\" \/><figcaption class=\"blocks-gallery-item__caption\"><a href=\"https:\/\/uoh.fr\/front\/ecri\/\"><span class=\"has-inline-color has-white-color\">https:\/\/uoh.fr\/front\/ecri<\/span><\/a><\/figcaption><\/figure><\/li><li class=\"blocks-gallery-item\"><figure><img loading=\"lazy\" width=\"500\" height=\"312\" src=\"https:\/\/uoh.fr\/front\/wp-content\/uploads\/2022\/02\/projet-Punchy.png\" alt=\"\" data-id=\"2484\" data-full-url=\"https:\/\/uoh.fr\/front\/wp-content\/uploads\/2022\/02\/projet-Punchy.png\" data-link=\"https:\/\/uoh.fr\/front\/nos-projets\/projet-punchy\/\" class=\"wp-image-2484\" srcset=\"https:\/\/uoh.fr\/front\/wp-content\/uploads\/2022\/02\/projet-Punchy.png 500w, https:\/\/uoh.fr\/front\/wp-content\/uploads\/2022\/02\/projet-Punchy-300x187.png 300w\" sizes=\"(max-width: 500px) 100vw, 500px\" \/><figcaption class=\"blocks-gallery-item__caption\"><a href=\"https:\/\/uoh.fr\/front\/punchy\/\"><span class=\"has-inline-color has-white-color\">https:\/\/uoh.fr\/front\/punchy\/<\/span><\/a><\/figcaption><\/figure><\/li><li class=\"blocks-gallery-item\"><figure><img loading=\"lazy\" width=\"500\" height=\"312\" src=\"https:\/\/uoh.fr\/front\/wp-content\/uploads\/2022\/02\/projet-Dephy.png\" alt=\"\" data-id=\"2478\" data-full-url=\"https:\/\/uoh.fr\/front\/wp-content\/uploads\/2022\/02\/projet-Dephy.png\" data-link=\"https:\/\/uoh.fr\/front\/nos-projets\/projet-dephy\/\" class=\"wp-image-2478\" srcset=\"https:\/\/uoh.fr\/front\/wp-content\/uploads\/2022\/02\/projet-Dephy.png 500w, https:\/\/uoh.fr\/front\/wp-content\/uploads\/2022\/02\/projet-Dephy-300x187.png 300w\" sizes=\"(max-width: 500px) 100vw, 500px\" \/><figcaption class=\"blocks-gallery-item__caption\"><a href=\"https:\/\/uoh.fr\/front\/dephy\/\"><span class=\"has-inline-color has-white-color\">https:\/\/uoh.fr\/front\/dephy\/<\/span><\/a><\/figcaption><\/figure><\/li><li class=\"blocks-gallery-item\"><figure><img loading=\"lazy\" width=\"530\" height=\"350\" src=\"https:\/\/uoh.fr\/front\/wp-content\/uploads\/2022\/01\/uhaplusplus.png\" alt=\"\" data-id=\"2420\" data-full-url=\"https:\/\/uoh.fr\/front\/wp-content\/uploads\/2022\/01\/uhaplusplus.png\" data-link=\"https:\/\/uoh.fr\/front\/nos-projets\/uhaplusplus\/\" class=\"wp-image-2420\" srcset=\"https:\/\/uoh.fr\/front\/wp-content\/uploads\/2022\/01\/uhaplusplus.png 530w, https:\/\/uoh.fr\/front\/wp-content\/uploads\/2022\/01\/uhaplusplus-300x198.png 300w\" sizes=\"(max-width: 530px) 100vw, 530px\" \/><figcaption class=\"blocks-gallery-item__caption\"><a href=\"https:\/\/uoh.fr\/front\/uha\/\"><span class=\"has-inline-color has-white-color\">https:\/\/uoh.fr\/front\/uha\/<\/span><\/a><\/figcaption><\/figure><\/li><li class=\"blocks-gallery-item\"><figure><img loading=\"lazy\" width=\"500\" height=\"312\" src=\"https:\/\/uoh.fr\/front\/wp-content\/uploads\/2022\/02\/projet-Pericles.png\" alt=\"\" data-id=\"2482\" data-full-url=\"https:\/\/uoh.fr\/front\/wp-content\/uploads\/2022\/02\/projet-Pericles.png\" data-link=\"https:\/\/uoh.fr\/front\/nos-projets\/projet-pericles\/\" class=\"wp-image-2482\" srcset=\"https:\/\/uoh.fr\/front\/wp-content\/uploads\/2022\/02\/projet-Pericles.png 500w, https:\/\/uoh.fr\/front\/wp-content\/uploads\/2022\/02\/projet-Pericles-300x187.png 300w\" sizes=\"(max-width: 500px) 100vw, 500px\" \/><figcaption class=\"blocks-gallery-item__caption\"> <a href=\"https:\/\/uoh.fr\/front\/pericles\/\"><span class=\"has-inline-color has-white-color\">https:\/\/uoh.fr\/front\/pericles\/<\/span><\/a><\/figcaption><\/figure><\/li><\/ul><\/figure>\n\n\n\n<p><\/p>\n","protected":false},"excerpt":{"rendered":"<p>L\u2019UOH pilote et s\u2019implique dans diff\u00e9rents projets pluri-\u00e9tablissements. Toujours dans l\u2019objectif d\u2019am\u00e9liorer la r\u00e9ussite des \u00e9tudiants, ces projets permettent d\u2019accompagner, de valoriser et de produire des dispositifs, des contenus et des outils pour faciliter la transition num\u00e9rique des \u00e9tablissements d\u2019enseignement sup\u00e9rieur.<\/p>\n","protected":false},"author":1,"featured_media":0,"parent":0,"menu_order":0,"comment_status":"closed","ping_status":"closed","template":"","meta":[],"acf":[],"yoast_head":"<!-- This site is optimized with the Yoast SEO plugin v17.7.1 - https:\/\/yoast.com\/wordpress\/plugins\/seo\/ -->\n<meta name=\"robots\" content=\"index, follow, max-snippet:-1, max-image-preview:large, max-video-preview:-1\" \/>\n<link rel=\"canonical\" href=\"https:\/\/uoh.fr\/front\/nos-projets\/\" \/>\n<meta property=\"og:locale\" content=\"fr_FR\" \/>\n<meta property=\"og:type\" content=\"article\" \/>\n<meta property=\"og:title\" content=\"Nos projets - UNIVERSIT\u00c9 NUM\u00c9RIQUE DES HUMANIT\u00c9S\" \/>\n<meta property=\"og:description\" content=\"L\u2019UOH pilote et s\u2019implique dans diff\u00e9rents projets pluri-\u00e9tablissements. Toujours dans l\u2019objectif d\u2019am\u00e9liorer la r\u00e9ussite des \u00e9tudiants, ces projets permettent d\u2019accompagner, de valoriser et de produire des dispositifs, des contenus et des outils pour faciliter la transition num\u00e9rique des \u00e9tablissements d\u2019enseignement sup\u00e9rieur.\" \/>\n<meta property=\"og:url\" content=\"https:\/\/uoh.fr\/front\/nos-projets\/\" \/>\n<meta property=\"og:site_name\" content=\"UNIVERSIT\u00c9 NUM\u00c9RIQUE DES HUMANIT\u00c9S\" \/>\n<meta property=\"article:publisher\" content=\"https:\/\/www.facebook.com\/UOHumanites\/\" \/>\n<meta property=\"article:modified_time\" content=\"2022-02-14T15:19:20+00:00\" \/>\n<meta name=\"twitter:card\" content=\"summary_large_image\" \/>\n<meta name=\"twitter:site\" content=\"@uohumanites\" \/>\n<meta name=\"twitter:label1\" content=\"Dur\u00e9e de lecture estim\u00e9e\" \/>\n\t<meta name=\"twitter:data1\" content=\"1 minute\" \/>\n<script type=\"application\/ld+json\" class=\"yoast-schema-graph\">{\"@context\":\"https:\/\/schema.org\",\"@graph\":[{\"@type\":\"Organization\",\"@id\":\"https:\/\/uoh.fr\/front\/#organization\",\"name\":\"Universit\\u00e9 Ouverte des Humanit\\u00e9s\",\"url\":\"https:\/\/uoh.fr\/front\/\",\"sameAs\":[\"https:\/\/www.facebook.com\/UOHumanites\/\",\"https:\/\/www.linkedin.com\/company\/universit-ouverte-des-humanit-s\",\"https:\/\/fr.wikipedia.org\/wiki\/Universit\\u00e9_ouverte_des_Humanit\\u00e9s\",\"https:\/\/twitter.com\/uohumanites\"],\"logo\":{\"@type\":\"ImageObject\",\"@id\":\"https:\/\/uoh.fr\/front\/#logo\",\"inLanguage\":\"fr-FR\",\"url\":\"https:\/\/uoh.fr\/front\/wp-content\/uploads\/2019\/10\/logo-uoh-png.png\",\"contentUrl\":\"https:\/\/uoh.fr\/front\/wp-content\/uploads\/2019\/10\/logo-uoh-png.png\",\"width\":1200,\"height\":507,\"caption\":\"Universit\\u00e9 Ouverte des Humanit\\u00e9s\"},\"image\":{\"@id\":\"https:\/\/uoh.fr\/front\/#logo\"}},{\"@type\":\"WebSite\",\"@id\":\"https:\/\/uoh.fr\/front\/#website\",\"url\":\"https:\/\/uoh.fr\/front\/\",\"name\":\"UOH\",\"description\":\"Des ressources en Arts, Lettres, Langues et Sciences Humaines et Sociales\",\"publisher\":{\"@id\":\"https:\/\/uoh.fr\/front\/#organization\"},\"potentialAction\":[{\"@type\":\"SearchAction\",\"target\":{\"@type\":\"EntryPoint\",\"urlTemplate\":\"https:\/\/uoh.fr\/front\/?s={search_term_string}\"},\"query-input\":\"required name=search_term_string\"}],\"inLanguage\":\"fr-FR\"},{\"@type\":\"WebPage\",\"@id\":\"https:\/\/uoh.fr\/front\/nos-projets\/#webpage\",\"url\":\"https:\/\/uoh.fr\/front\/nos-projets\/\",\"name\":\"Nos projets - UNIVERSIT\\u00c9 NUM\\u00c9RIQUE DES HUMANIT\\u00c9S\",\"isPartOf\":{\"@id\":\"https:\/\/uoh.fr\/front\/#website\"},\"datePublished\":\"2019-10-10T08:00:52+00:00\",\"dateModified\":\"2022-02-14T15:19:20+00:00\",\"breadcrumb\":{\"@id\":\"https:\/\/uoh.fr\/front\/nos-projets\/#breadcrumb\"},\"inLanguage\":\"fr-FR\",\"potentialAction\":[{\"@type\":\"ReadAction\",\"target\":[\"https:\/\/uoh.fr\/front\/nos-projets\/\"]}]},{\"@type\":\"BreadcrumbList\",\"@id\":\"https:\/\/uoh.fr\/front\/nos-projets\/#breadcrumb\",\"itemListElement\":[{\"@type\":\"ListItem\",\"position\":1,\"name\":\"Home\",\"item\":\"https:\/\/uoh.fr\/front\/\"},{\"@type\":\"ListItem\",\"position\":2,\"name\":\"Nos projets\"}]}]}<\/script>\n<!-- \/ Yoast SEO plugin. -->","yoast_head_json":{"robots":{"index":"index","follow":"follow","max-snippet":"max-snippet:-1","max-image-preview":"max-image-preview:large","max-video-preview":"max-video-preview:-1"},"canonical":"https:\/\/uoh.fr\/front\/nos-projets\/","og_locale":"fr_FR","og_type":"article","og_title":"Nos projets - UNIVERSIT\u00c9 NUM\u00c9RIQUE DES HUMANIT\u00c9S","og_description":"L\u2019UOH pilote et s\u2019implique dans diff\u00e9rents projets pluri-\u00e9tablissements. Toujours dans l\u2019objectif d\u2019am\u00e9liorer la r\u00e9ussite des \u00e9tudiants, ces projets permettent d\u2019accompagner, de valoriser et de produire des dispositifs, des contenus et des outils pour faciliter la transition num\u00e9rique des \u00e9tablissements d\u2019enseignement sup\u00e9rieur.","og_url":"https:\/\/uoh.fr\/front\/nos-projets\/","og_site_name":"UNIVERSIT\u00c9 NUM\u00c9RIQUE DES HUMANIT\u00c9S","article_publisher":"https:\/\/www.facebook.com\/UOHumanites\/","article_modified_time":"2022-02-14T15:19:20+00:00","twitter_card":"summary_large_image","twitter_site":"@uohumanites","twitter_misc":{"Dur\u00e9e de lecture estim\u00e9e":"1 minute"},"schema":{"@context":"https:\/\/schema.org","@graph":[{"@type":"Organization","@id":"https:\/\/uoh.fr\/front\/#organization","name":"Universit\u00e9 Ouverte des Humanit\u00e9s","url":"https:\/\/uoh.fr\/front\/","sameAs":["https:\/\/www.facebook.com\/UOHumanites\/","https:\/\/www.linkedin.com\/company\/universit-ouverte-des-humanit-s","https:\/\/fr.wikipedia.org\/wiki\/Universit\u00e9_ouverte_des_Humanit\u00e9s","https:\/\/twitter.com\/uohumanites"],"logo":{"@type":"ImageObject","@id":"https:\/\/uoh.fr\/front\/#logo","inLanguage":"fr-FR","url":"https:\/\/uoh.fr\/front\/wp-content\/uploads\/2019\/10\/logo-uoh-png.png","contentUrl":"https:\/\/uoh.fr\/front\/wp-content\/uploads\/2019\/10\/logo-uoh-png.png","width":1200,"height":507,"caption":"Universit\u00e9 Ouverte des Humanit\u00e9s"},"image":{"@id":"https:\/\/uoh.fr\/front\/#logo"}},{"@type":"WebSite","@id":"https:\/\/uoh.fr\/front\/#website","url":"https:\/\/uoh.fr\/front\/","name":"UOH","description":"Des ressources en Arts, Lettres, Langues et Sciences Humaines et Sociales","publisher":{"@id":"https:\/\/uoh.fr\/front\/#organization"},"potentialAction":[{"@type":"SearchAction","target":{"@type":"EntryPoint","urlTemplate":"https:\/\/uoh.fr\/front\/?s={search_term_string}"},"query-input":"required name=search_term_string"}],"inLanguage":"fr-FR"},{"@type":"WebPage","@id":"https:\/\/uoh.fr\/front\/nos-projets\/#webpage","url":"https:\/\/uoh.fr\/front\/nos-projets\/","name":"Nos projets - UNIVERSIT\u00c9 NUM\u00c9RIQUE DES HUMANIT\u00c9S","isPartOf":{"@id":"https:\/\/uoh.fr\/front\/#website"},"datePublished":"2019-10-10T08:00:52+00:00","dateModified":"2022-02-14T15:19:20+00:00","breadcrumb":{"@id":"https:\/\/uoh.fr\/front\/nos-projets\/#breadcrumb"},"inLanguage":"fr-FR","potentialAction":[{"@type":"ReadAction","target":["https:\/\/uoh.fr\/front\/nos-projets\/"]}]},{"@type":"BreadcrumbList","@id":"https:\/\/uoh.fr\/front\/nos-projets\/#breadcrumb","itemListElement":[{"@type":"ListItem","position":1,"name":"Home","item":"https:\/\/uoh.fr\/front\/"},{"@type":"ListItem","position":2,"name":"Nos projets"}]}]}},"_links":{"self":[{"href":"https:\/\/uoh.fr\/front\/wp-json\/wp\/v2\/pages\/586"}],"collection":[{"href":"https:\/\/uoh.fr\/front\/wp-json\/wp\/v2\/pages"}],"about":[{"href":"https:\/\/uoh.fr\/front\/wp-json\/wp\/v2\/types\/page"}],"author":[{"embeddable":true,"href":"https:\/\/uoh.fr\/front\/wp-json\/wp\/v2\/users\/1"}],"replies":[{"embeddable":true,"href":"https:\/\/uoh.fr\/front\/wp-json\/wp\/v2\/comments?post=586"}],"version-history":[{"count":20,"href":"https:\/\/uoh.fr\/front\/wp-json\/wp\/v2\/pages\/586\/revisions"}],"predecessor-version":[{"id":2490,"href":"https:\/\/uoh.fr\/front\/wp-json\/wp\/v2\/pages\/586\/revisions\/2490"}],"wp:attachment":[{"href":"https:\/\/uoh.fr\/front\/wp-json\/wp\/v2\/media?parent=586"}],"curies":[{"name":"wp","href":"https:\/\/api.w.org\/{rel}","templated":true}]}}