{"id":592,"date":"2019-10-10T10:38:08","date_gmt":"2019-10-10T08:38:08","guid":{"rendered":"http:\/\/unit-4.criann.fr\/front\/?page_id=592"},"modified":"2024-07-02T11:11:22","modified_gmt":"2024-07-02T09:11:22","slug":"ecri","status":"publish","type":"page","link":"https:\/\/uoh.fr\/front\/nos-projets\/ecri\/","title":{"rendered":"\u00e9cri+"},"content":{"rendered":"\n<div class=\"wp-block-image\"><figure class=\"aligncenter is-resized\"><a href=\"http:\/\/ecriplus.fr\/\" target=\"_blank\" rel=\"noreferrer noopener\"><img loading=\"lazy\" src=\"https:\/\/uoh.fr\/front\/wp-content\/uploads\/2019\/10\/ecri.png\" alt=\"\" class=\"wp-image-744\" width=\"281\" height=\"93\" srcset=\"https:\/\/uoh.fr\/front\/wp-content\/uploads\/2019\/10\/ecri.png 1000w, https:\/\/uoh.fr\/front\/wp-content\/uploads\/2019\/10\/ecri-300x100.png 300w, https:\/\/uoh.fr\/front\/wp-content\/uploads\/2019\/10\/ecri-768x255.png 768w\" sizes=\"(max-width: 281px) 100vw, 281px\" \/><\/a><\/figure><\/div>\n\n\n\n<p>Le projet \u00e9cri+ vise \u00e0 mettre en place un dispositif mutualis\u00e9 d\u2019\u00e9valuation, de formation et de certification pour le d\u00e9veloppement des comp\u00e9tences en expression et compr\u00e9hension \u00e9crites du fran\u00e7ais.<\/p>\n\n\n\n<p>Le projet \u00e9cri+, laur\u00e9at de l&rsquo;appel \u00e0 projet&nbsp;national \u00ab Nouveaux Cursus \u00e0 l&rsquo;Universit\u00e9 \u00bb du PIA3 (Plan d&rsquo;Investissements d&rsquo;Avenir). Son objectif est de d\u00e9velopper les comp\u00e9tences en production et compr\u00e9hension du fran\u00e7ais \u00e9crit des \u00e9tudiantes et \u00e9tudiants. Il d\u00e9veloppe des outils d&rsquo;\u00e9valuation, de formation et de certification en fran\u00e7ais. Coordonn\u00e9 par l&rsquo;UOH, (Universit\u00e9 Num\u00e9rique des Humanit\u00e9s), il r\u00e9unit 20 partenaires, dont 15 \u00e9tablissements d&rsquo;enseignement sup\u00e9rieur. <\/p>\n\n\n\n<p><strong>Qu&rsquo;est-ce que le projet \u00e9cri+?<\/strong><\/p>\n\n\n\n<p>Ma\u00eetriser le fran\u00e7ais est un enjeu majeur, tant pour la r\u00e9ussite des \u00e9tudes que pour l&rsquo;insertion professionnelle. Le projet \u00e9cri+ r\u00e9pond au besoin d&rsquo;am\u00e9liorer les comp\u00e9tences des \u00e9tudiantes et \u00e9tudiants en production et compr\u00e9hension de l&rsquo;\u00e9crit. Ce dispositif mutualis\u00e9 vise \u00e0 :<\/p>\n\n\n\n<p><strong>\u00c9valuer :<\/strong><\/p>\n\n\n\n<p>Mesurer les comp\u00e9tences en fran\u00e7ais \u00e9crit gr\u00e2ce \u00e0 des banques de questions et des tests de positionnement r\u00e9utilisables.<\/p>\n\n\n\n<p><strong>Former :<\/strong><\/p>\n\n\n\n<p>Accompagner les \u00e9tablissements pour mettre en place des formations gr\u00e2ce aux ressources p\u00e9dagogiques produites par les partenaires du projet, r\u00e9utilisables et int\u00e9grables dans les formations universitaires locales. Des espaces de partages et d&rsquo;\u00e9changes pour l&rsquo;enseignement, l&rsquo;accompagnement, la p\u00e9dagogie et la recherche seront disponibles.<\/p>\n\n\n\n<p><strong>Certifier :<\/strong><\/p>\n\n\n\n<p>Attester d&rsquo;un niveau reconnu de comp\u00e9tences gr\u00e2ce \u00e0 un dispositif d&rsquo;examen centralis\u00e9 au niveau national, con\u00e7u par des linguistes et des sp\u00e9cialistes de la didactique du fran\u00e7ais \u00e9crit.<\/p>\n\n\n\n<p>Le&nbsp;<strong>service en ligne<\/strong>&nbsp;actuellement en cours de d\u00e9veloppement permettra de :<\/p>\n\n\n\n<ul><li>mesurer\n     les comp\u00e9tences en fran\u00e7ais \u00e9crit<\/li><li>apprendre\n     en se testant<\/li><li>valoriser\n     les comp\u00e9tences gr\u00e2ce \u00e0 une certification<\/li><li>am\u00e9liorer\n     la p\u00e9dagogie<\/li><li>mettre\n     en commun des formations<\/li><li>mettre\n     en commun des connaissances<\/li><li>innover\n     en proposant des outils de cat\u00e9gorisation contributive<\/li><\/ul>\n\n\n\n<p>\u00a0\u00c0 partir des outils mis en commun, les \u00e9tablissements sont libres de mettre en place les formations qu\u2019ils souhaitent (des outils existent d\u00e9j\u00e0 et sont mobilisables \u2013 contactez\u00a0<a href=\"http:\/\/ecriplus.fr\/contact\/\" target=\"_blank\" rel=\"noreferrer noopener\">\u00e9cri+<\/a>\u00a0pour en savoir plus). <br>Pour ce faire, ils seront\u00a0<strong>accompagn\u00e9s strat\u00e9giquement et p\u00e9dagogiquement<\/strong>.<\/p>\n\n\n\n<p>La constitution d\u2019une&nbsp;<strong>communaut\u00e9 inter-\u00e9tablissements solidaire<\/strong>&nbsp;permet aux \u00e9tablissements les plus avanc\u00e9s de transf\u00e9rer leurs comp\u00e9tences et \u00e0 chacun de faire b\u00e9n\u00e9ficier les autres de ses pratiques et exp\u00e9rimentations.<\/p>\n\n\n\n<p><strong>Ouvert et \u00e9volutif<\/strong>, le projet accueille&nbsp;<strong>toutes\nles initiatives d\u00e9sireuses de contribuer<\/strong>, via le d\u00e9veloppement des\ncomp\u00e9tences en fran\u00e7ais \u00e9crit, \u00e0 la r\u00e9ussite des \u00e9tudiants.<\/p>\n\n\n\n<p>Les valeurs de ce projet sont la mutualisation, le partage,\nla co-construction et la gratuit\u00e9 pour les \u00e9tablissements d\u2019enseignement\nsup\u00e9rieur et leurs \u00e9tudiants.<\/p>\n","protected":false},"excerpt":{"rendered":"<p>Le projet \u00e9cri+ vise \u00e0 mettre en place un dispositif mutualis\u00e9 d\u2019\u00e9valuation, de formation et de certification pour le d\u00e9veloppement des comp\u00e9tences en expression et compr\u00e9hension \u00e9crites du fran\u00e7ais. Le projet \u00e9cri+, laur\u00e9at de l&rsquo;appel \u00e0 projet&nbsp;national \u00ab Nouveaux Cursus \u00e0 l&rsquo;Universit\u00e9 \u00bb du PIA3 (Plan d&rsquo;Investissements d&rsquo;Avenir). Son objectif est de d\u00e9velopper les comp\u00e9tences [&hellip;]<\/p>\n","protected":false},"author":1,"featured_media":0,"parent":586,"menu_order":0,"comment_status":"closed","ping_status":"closed","template":"","meta":[],"acf":[],"yoast_head":"<!-- This site is optimized with the Yoast SEO plugin v17.7.1 - https:\/\/yoast.com\/wordpress\/plugins\/seo\/ -->\n<meta name=\"robots\" content=\"index, follow, max-snippet:-1, max-image-preview:large, max-video-preview:-1\" \/>\n<link rel=\"canonical\" href=\"https:\/\/uoh.fr\/front\/nos-projets\/ecri\/\" \/>\n<meta property=\"og:locale\" content=\"fr_FR\" \/>\n<meta property=\"og:type\" content=\"article\" \/>\n<meta property=\"og:title\" content=\"\u00e9cri+ - UNIVERSIT\u00c9 NUM\u00c9RIQUE DES HUMANIT\u00c9S\" \/>\n<meta property=\"og:description\" content=\"Le projet \u00e9cri+ vise \u00e0 mettre en place un dispositif mutualis\u00e9 d\u2019\u00e9valuation, de formation et de certification pour le d\u00e9veloppement des comp\u00e9tences en expression et compr\u00e9hension \u00e9crites du fran\u00e7ais. Le projet \u00e9cri+, laur\u00e9at de l&rsquo;appel \u00e0 projet&nbsp;national \u00ab Nouveaux Cursus \u00e0 l&rsquo;Universit\u00e9 \u00bb du PIA3 (Plan d&rsquo;Investissements d&rsquo;Avenir). Son objectif est de d\u00e9velopper les comp\u00e9tences [&hellip;]\" \/>\n<meta property=\"og:url\" content=\"https:\/\/uoh.fr\/front\/nos-projets\/ecri\/\" \/>\n<meta property=\"og:site_name\" content=\"UNIVERSIT\u00c9 NUM\u00c9RIQUE DES HUMANIT\u00c9S\" \/>\n<meta property=\"article:publisher\" content=\"https:\/\/www.facebook.com\/UOHumanites\/\" \/>\n<meta property=\"article:modified_time\" content=\"2024-07-02T09:11:22+00:00\" \/>\n<meta property=\"og:image\" content=\"https:\/\/uoh.fr\/front\/wp-content\/uploads\/2019\/10\/ecri.png\" \/>\n<meta name=\"twitter:card\" content=\"summary_large_image\" \/>\n<meta name=\"twitter:site\" content=\"@uohumanites\" \/>\n<meta name=\"twitter:label1\" content=\"Dur\u00e9e de lecture estim\u00e9e\" \/>\n\t<meta name=\"twitter:data1\" content=\"2 minutes\" \/>\n<script type=\"application\/ld+json\" class=\"yoast-schema-graph\">{\"@context\":\"https:\/\/schema.org\",\"@graph\":[{\"@type\":\"Organization\",\"@id\":\"https:\/\/uoh.fr\/front\/#organization\",\"name\":\"Universit\\u00e9 Ouverte des Humanit\\u00e9s\",\"url\":\"https:\/\/uoh.fr\/front\/\",\"sameAs\":[\"https:\/\/www.facebook.com\/UOHumanites\/\",\"https:\/\/www.linkedin.com\/company\/universit-ouverte-des-humanit-s\",\"https:\/\/fr.wikipedia.org\/wiki\/Universit\\u00e9_ouverte_des_Humanit\\u00e9s\",\"https:\/\/twitter.com\/uohumanites\"],\"logo\":{\"@type\":\"ImageObject\",\"@id\":\"https:\/\/uoh.fr\/front\/#logo\",\"inLanguage\":\"fr-FR\",\"url\":\"https:\/\/uoh.fr\/front\/wp-content\/uploads\/2019\/10\/logo-uoh-png.png\",\"contentUrl\":\"https:\/\/uoh.fr\/front\/wp-content\/uploads\/2019\/10\/logo-uoh-png.png\",\"width\":1200,\"height\":507,\"caption\":\"Universit\\u00e9 Ouverte des Humanit\\u00e9s\"},\"image\":{\"@id\":\"https:\/\/uoh.fr\/front\/#logo\"}},{\"@type\":\"WebSite\",\"@id\":\"https:\/\/uoh.fr\/front\/#website\",\"url\":\"https:\/\/uoh.fr\/front\/\",\"name\":\"UOH\",\"description\":\"Des ressources en Arts, Lettres, Langues et Sciences Humaines et Sociales\",\"publisher\":{\"@id\":\"https:\/\/uoh.fr\/front\/#organization\"},\"potentialAction\":[{\"@type\":\"SearchAction\",\"target\":{\"@type\":\"EntryPoint\",\"urlTemplate\":\"https:\/\/uoh.fr\/front\/?s={search_term_string}\"},\"query-input\":\"required name=search_term_string\"}],\"inLanguage\":\"fr-FR\"},{\"@type\":\"ImageObject\",\"@id\":\"https:\/\/uoh.fr\/front\/nos-projets\/ecri\/#primaryimage\",\"inLanguage\":\"fr-FR\",\"url\":\"https:\/\/uoh.fr\/front\/wp-content\/uploads\/2019\/10\/ecri.png\",\"contentUrl\":\"https:\/\/uoh.fr\/front\/wp-content\/uploads\/2019\/10\/ecri.png\",\"width\":1000,\"height\":332,\"caption\":\"d\\u00e9veloppement d'une certification en fran\\u00e7ais\"},{\"@type\":\"WebPage\",\"@id\":\"https:\/\/uoh.fr\/front\/nos-projets\/ecri\/#webpage\",\"url\":\"https:\/\/uoh.fr\/front\/nos-projets\/ecri\/\",\"name\":\"\\u00e9cri+ - UNIVERSIT\\u00c9 NUM\\u00c9RIQUE DES HUMANIT\\u00c9S\",\"isPartOf\":{\"@id\":\"https:\/\/uoh.fr\/front\/#website\"},\"primaryImageOfPage\":{\"@id\":\"https:\/\/uoh.fr\/front\/nos-projets\/ecri\/#primaryimage\"},\"datePublished\":\"2019-10-10T08:38:08+00:00\",\"dateModified\":\"2024-07-02T09:11:22+00:00\",\"breadcrumb\":{\"@id\":\"https:\/\/uoh.fr\/front\/nos-projets\/ecri\/#breadcrumb\"},\"inLanguage\":\"fr-FR\",\"potentialAction\":[{\"@type\":\"ReadAction\",\"target\":[\"https:\/\/uoh.fr\/front\/nos-projets\/ecri\/\"]}]},{\"@type\":\"BreadcrumbList\",\"@id\":\"https:\/\/uoh.fr\/front\/nos-projets\/ecri\/#breadcrumb\",\"itemListElement\":[{\"@type\":\"ListItem\",\"position\":1,\"name\":\"Home\",\"item\":\"https:\/\/uoh.fr\/front\/\"},{\"@type\":\"ListItem\",\"position\":2,\"name\":\"Nos projets\",\"item\":\"https:\/\/uoh.fr\/front\/nos-projets\/\"},{\"@type\":\"ListItem\",\"position\":3,\"name\":\"\\u00e9cri+\"}]}]}<\/script>\n<!-- \/ Yoast SEO plugin. -->","yoast_head_json":{"robots":{"index":"index","follow":"follow","max-snippet":"max-snippet:-1","max-image-preview":"max-image-preview:large","max-video-preview":"max-video-preview:-1"},"canonical":"https:\/\/uoh.fr\/front\/nos-projets\/ecri\/","og_locale":"fr_FR","og_type":"article","og_title":"\u00e9cri+ - UNIVERSIT\u00c9 NUM\u00c9RIQUE DES HUMANIT\u00c9S","og_description":"Le projet \u00e9cri+ vise \u00e0 mettre en place un dispositif mutualis\u00e9 d\u2019\u00e9valuation, de formation et de certification pour le d\u00e9veloppement des comp\u00e9tences en expression et compr\u00e9hension \u00e9crites du fran\u00e7ais. Le projet \u00e9cri+, laur\u00e9at de l&rsquo;appel \u00e0 projet&nbsp;national \u00ab Nouveaux Cursus \u00e0 l&rsquo;Universit\u00e9 \u00bb du PIA3 (Plan d&rsquo;Investissements d&rsquo;Avenir). Son objectif est de d\u00e9velopper les comp\u00e9tences [&hellip;]","og_url":"https:\/\/uoh.fr\/front\/nos-projets\/ecri\/","og_site_name":"UNIVERSIT\u00c9 NUM\u00c9RIQUE DES HUMANIT\u00c9S","article_publisher":"https:\/\/www.facebook.com\/UOHumanites\/","article_modified_time":"2024-07-02T09:11:22+00:00","og_image":[{"url":"https:\/\/uoh.fr\/front\/wp-content\/uploads\/2019\/10\/ecri.png"}],"twitter_card":"summary_large_image","twitter_site":"@uohumanites","twitter_misc":{"Dur\u00e9e de lecture estim\u00e9e":"2 minutes"},"schema":{"@context":"https:\/\/schema.org","@graph":[{"@type":"Organization","@id":"https:\/\/uoh.fr\/front\/#organization","name":"Universit\u00e9 Ouverte des Humanit\u00e9s","url":"https:\/\/uoh.fr\/front\/","sameAs":["https:\/\/www.facebook.com\/UOHumanites\/","https:\/\/www.linkedin.com\/company\/universit-ouverte-des-humanit-s","https:\/\/fr.wikipedia.org\/wiki\/Universit\u00e9_ouverte_des_Humanit\u00e9s","https:\/\/twitter.com\/uohumanites"],"logo":{"@type":"ImageObject","@id":"https:\/\/uoh.fr\/front\/#logo","inLanguage":"fr-FR","url":"https:\/\/uoh.fr\/front\/wp-content\/uploads\/2019\/10\/logo-uoh-png.png","contentUrl":"https:\/\/uoh.fr\/front\/wp-content\/uploads\/2019\/10\/logo-uoh-png.png","width":1200,"height":507,"caption":"Universit\u00e9 Ouverte des Humanit\u00e9s"},"image":{"@id":"https:\/\/uoh.fr\/front\/#logo"}},{"@type":"WebSite","@id":"https:\/\/uoh.fr\/front\/#website","url":"https:\/\/uoh.fr\/front\/","name":"UOH","description":"Des ressources en Arts, Lettres, Langues et Sciences Humaines et Sociales","publisher":{"@id":"https:\/\/uoh.fr\/front\/#organization"},"potentialAction":[{"@type":"SearchAction","target":{"@type":"EntryPoint","urlTemplate":"https:\/\/uoh.fr\/front\/?s={search_term_string}"},"query-input":"required name=search_term_string"}],"inLanguage":"fr-FR"},{"@type":"ImageObject","@id":"https:\/\/uoh.fr\/front\/nos-projets\/ecri\/#primaryimage","inLanguage":"fr-FR","url":"https:\/\/uoh.fr\/front\/wp-content\/uploads\/2019\/10\/ecri.png","contentUrl":"https:\/\/uoh.fr\/front\/wp-content\/uploads\/2019\/10\/ecri.png","width":1000,"height":332,"caption":"d\u00e9veloppement d'une certification en fran\u00e7ais"},{"@type":"WebPage","@id":"https:\/\/uoh.fr\/front\/nos-projets\/ecri\/#webpage","url":"https:\/\/uoh.fr\/front\/nos-projets\/ecri\/","name":"\u00e9cri+ - UNIVERSIT\u00c9 NUM\u00c9RIQUE DES HUMANIT\u00c9S","isPartOf":{"@id":"https:\/\/uoh.fr\/front\/#website"},"primaryImageOfPage":{"@id":"https:\/\/uoh.fr\/front\/nos-projets\/ecri\/#primaryimage"},"datePublished":"2019-10-10T08:38:08+00:00","dateModified":"2024-07-02T09:11:22+00:00","breadcrumb":{"@id":"https:\/\/uoh.fr\/front\/nos-projets\/ecri\/#breadcrumb"},"inLanguage":"fr-FR","potentialAction":[{"@type":"ReadAction","target":["https:\/\/uoh.fr\/front\/nos-projets\/ecri\/"]}]},{"@type":"BreadcrumbList","@id":"https:\/\/uoh.fr\/front\/nos-projets\/ecri\/#breadcrumb","itemListElement":[{"@type":"ListItem","position":1,"name":"Home","item":"https:\/\/uoh.fr\/front\/"},{"@type":"ListItem","position":2,"name":"Nos projets","item":"https:\/\/uoh.fr\/front\/nos-projets\/"},{"@type":"ListItem","position":3,"name":"\u00e9cri+"}]}]}},"_links":{"self":[{"href":"https:\/\/uoh.fr\/front\/wp-json\/wp\/v2\/pages\/592"}],"collection":[{"href":"https:\/\/uoh.fr\/front\/wp-json\/wp\/v2\/pages"}],"about":[{"href":"https:\/\/uoh.fr\/front\/wp-json\/wp\/v2\/types\/page"}],"author":[{"embeddable":true,"href":"https:\/\/uoh.fr\/front\/wp-json\/wp\/v2\/users\/1"}],"replies":[{"embeddable":true,"href":"https:\/\/uoh.fr\/front\/wp-json\/wp\/v2\/comments?post=592"}],"version-history":[{"count":18,"href":"https:\/\/uoh.fr\/front\/wp-json\/wp\/v2\/pages\/592\/revisions"}],"predecessor-version":[{"id":3263,"href":"https:\/\/uoh.fr\/front\/wp-json\/wp\/v2\/pages\/592\/revisions\/3263"}],"up":[{"embeddable":true,"href":"https:\/\/uoh.fr\/front\/wp-json\/wp\/v2\/pages\/586"}],"wp:attachment":[{"href":"https:\/\/uoh.fr\/front\/wp-json\/wp\/v2\/media?parent=592"}],"curies":[{"name":"wp","href":"https:\/\/api.w.org\/{rel}","templated":true}]}}