{"id":601,"date":"2019-10-10T10:43:33","date_gmt":"2019-10-10T08:43:33","guid":{"rendered":"http:\/\/unit-4.criann.fr\/front\/?page_id=601"},"modified":"2024-03-28T12:30:22","modified_gmt":"2024-03-28T11:30:22","slug":"luniversite-numerique","status":"publish","type":"page","link":"https:\/\/uoh.fr\/front\/qui-sommes-nous\/luniversite-numerique\/","title":{"rendered":"L&rsquo;Universit\u00e9 Num\u00e9rique"},"content":{"rendered":"\n<figure class=\"wp-block-image size-large is-resized\"><a href=\"https:\/\/luniversitenumerique.fr\/\"><img loading=\"lazy\" src=\"https:\/\/uoh.fr\/front\/wp-content\/uploads\/2019\/10\/logoUN-complet-1024x340.png\" alt=\"\" class=\"wp-image-657\" width=\"364\" height=\"120\" srcset=\"https:\/\/uoh.fr\/front\/wp-content\/uploads\/2019\/10\/logoUN-complet-1024x340.png 1024w, https:\/\/uoh.fr\/front\/wp-content\/uploads\/2019\/10\/logoUN-complet-300x99.png 300w, https:\/\/uoh.fr\/front\/wp-content\/uploads\/2019\/10\/logoUN-complet-768x255.png 768w\" sizes=\"(max-width: 364px) 100vw, 364px\" \/><\/a><\/figure>\n\n\n\n<h1 class=\"has-text-align-center\"><a href=\"https:\/\/luniversitenumerique.fr\/appel-a-projets-2024\/\" target=\"_blank\" rel=\"noreferrer noopener\">Appel \u00e0 projet 2024<\/a><\/h1>\n\n\n\n<p class=\"has-text-align-center\"><strong><a href=\"https:\/\/luniversitenumerique.fr\/appel-a-projets-2024\/\" target=\"_blank\" rel=\"noreferrer noopener\">en savoir plus -><\/a><\/strong><\/p>\n\n\n\n<div class=\"wp-block-file aligncenter\"><object class=\"wp-block-file__embed\" data=\"https:\/\/uoh.fr\/front\/wp-content\/uploads\/2024\/03\/AAP-LUniversite-Numerique-2024.pdf\" type=\"application\/pdf\" style=\"width:100%;height:600px\" aria-label=\"Contenu embarqu\u00e9 AAP L'Universit\u00e9 Num\u00e9rique 2024.\"><\/object><a href=\"https:\/\/uoh.fr\/front\/wp-content\/uploads\/2024\/03\/AAP-LUniversite-Numerique-2024.pdf\">AAP L&rsquo;Universit\u00e9 Num\u00e9rique 2024<\/a><a href=\"https:\/\/uoh.fr\/front\/wp-content\/uploads\/2024\/03\/AAP-LUniversite-Numerique-2024.pdf\" class=\"wp-block-file__button\" download>T\u00e9l\u00e9charger<\/a><\/div>\n\n\n\n<div style=\"height:50px\" aria-hidden=\"true\" class=\"wp-block-spacer\"><\/div>\n\n\n\n<p>L\u2019Universit\u00e9 Num\u00e9rique est une association (loi 1901) compos\u00e9e des 8  Universit\u00e9s Num\u00e9riques Th\u00e9matiques fran\u00e7aises (UNT), pour 8 grands champs disciplinaires (Environnement, Sant\u00e9 et Sport, \u00c9conomie et Gestion, Humanit\u00e9s, Enseignement Technologique, Sciences Juridiques et Politiques, Sciences Fondamentales, Sciences de l&rsquo;Ing\u00e9nieur) dont la vocation est de mettre \u00e0 la disposition des  \u00e9tablissements d\u2019enseignement sup\u00e9rieur (enseignants, \u00e9tudiants) des <strong>ressources p\u00e9dagogiques num\u00e9riques<\/strong> pour les enseignements (classe invers\u00e9e, pr\u00e9sentiel enrichi, ressources compl\u00e9mentaires, formation \u00e0 distance\u2026). L\u2019UOH fait partie de l\u2019Universit\u00e9 Num\u00e9rique. <\/p>\n\n\n\n<p><br>La <strong>qualit\u00e9 technique, scientifique et p\u00e9dagogique<\/strong> des ressources de L&rsquo;Universit\u00e9 Num\u00e9rique est valid\u00e9e par des universitaires comp\u00e9tents dans chaque domaine disciplinaire.  <br>Ces ressources sont <strong>libres d\u2019acc\u00e8s et gratuites<\/strong> dans la grande majorit\u00e9 des cas.   <\/p>\n\n\n\n<p><strong>Les principales missions de<\/strong> <strong>L&rsquo;Universit\u00e9 Num\u00e9rique<\/strong> :<\/p>\n\n\n\n<ul><li>accompagner les \u00e9tudiants de la Licence au Master, avec un soutien particulier en L1, l\u2019ambition \u00e9tant d\u2019am\u00e9liorer les taux de r\u00e9ussite&nbsp;;<\/li><li>aider \u00e0 l\u2019orientation des \u00e9tudiants et futurs \u00e9tudiants&nbsp;;<\/li><li>faciliter la formation tout au long de la vie&nbsp;;<\/li><li>diffuser la connaissance pour toutes et tous dans un souci de service public&nbsp;;<\/li><li>faciliter l\u2019enseignement \u00e0 distance, notamment \u00e0 destination des personnes emp\u00each\u00e9es (en situation de handicap, prisonniers, etc.)&nbsp;;<\/li><li>promouvoir les TICE&nbsp;et appuyer les \u00e9tablissements pour la mise en place des usages li\u00e9s \u00e0 la p\u00e9dagogie num\u00e9rique&nbsp;;<\/li><li>co-construire et g\u00e9rer des projets pluri-partenaires ax\u00e9s sur le num\u00e9rique&nbsp;;<\/li><li>promouvoir les \u00e9tablissements et les auteurs dans leurs sp\u00e9cialit\u00e9s&nbsp;;<\/li><li>favoriser la mobilit\u00e9 internationale et l\u2019int\u00e9gration des \u00e9tudiants \u00e9trangers&nbsp;;<\/li><li>inscrire la France dans le mouvement mondial de lib\u00e9ralisation de l\u2019acc\u00e8s au savoir.<\/li><\/ul>\n\n\n\n<p>L\u2019association L\u2019Universit\u00e9 Num\u00e9rique promeut les UNT dans une vision commune. Elle vise \u00e0 d\u00e9velopper des actions globales et, en parall\u00e8le, \u00e0 valoriser les actions de chacune des UNT et celles de leurs \u00e9tablissements, de mani\u00e8re plus visible et dans le respect de leurs sp\u00e9cificit\u00e9s.<\/p>\n\n\n\n<p>L\u2019Universit\u00e9 Num\u00e9rique s\u2019adresse \u00e0 l\u2019ensemble de la communaut\u00e9 universitaire : enseignants, \u00e9tudiants (pour apporter un compl\u00e9ment p\u00e9dagogique \u00e0 leurs enseignements) et gouvernances (pour les accompagner \u00e0 d\u00e9velopper et \u00e0 mettre en \u0153uvre leur strat\u00e9gie et leur politique num\u00e9rique).<\/p>\n","protected":false},"excerpt":{"rendered":"<p>Appel \u00e0 projet 2024 en savoir plus -> L\u2019Universit\u00e9 Num\u00e9rique est une association (loi 1901) compos\u00e9e des 8 Universit\u00e9s Num\u00e9riques Th\u00e9matiques fran\u00e7aises (UNT), pour 8 grands champs disciplinaires (Environnement, Sant\u00e9 et Sport, \u00c9conomie et Gestion, Humanit\u00e9s, Enseignement Technologique, Sciences Juridiques et Politiques, Sciences Fondamentales, Sciences de l&rsquo;Ing\u00e9nieur) dont la vocation est de mettre \u00e0 la [&hellip;]<\/p>\n","protected":false},"author":1,"featured_media":0,"parent":103,"menu_order":0,"comment_status":"closed","ping_status":"closed","template":"","meta":[],"acf":[],"yoast_head":"<!-- This site is optimized with the Yoast SEO plugin v17.7.1 - https:\/\/yoast.com\/wordpress\/plugins\/seo\/ -->\n<meta name=\"robots\" content=\"index, follow, max-snippet:-1, max-image-preview:large, max-video-preview:-1\" \/>\n<link rel=\"canonical\" href=\"https:\/\/uoh.fr\/front\/qui-sommes-nous\/luniversite-numerique\/\" \/>\n<meta property=\"og:locale\" content=\"fr_FR\" \/>\n<meta property=\"og:type\" content=\"article\" \/>\n<meta property=\"og:title\" content=\"L&#039;Universit\u00e9 Num\u00e9rique - UNIVERSIT\u00c9 NUM\u00c9RIQUE DES HUMANIT\u00c9S\" \/>\n<meta property=\"og:description\" content=\"Appel \u00e0 projet 2024 en savoir plus -&gt; L\u2019Universit\u00e9 Num\u00e9rique est une association (loi 1901) compos\u00e9e des 8 Universit\u00e9s Num\u00e9riques Th\u00e9matiques fran\u00e7aises (UNT), pour 8 grands champs disciplinaires (Environnement, Sant\u00e9 et Sport, \u00c9conomie et Gestion, Humanit\u00e9s, Enseignement Technologique, Sciences Juridiques et Politiques, Sciences Fondamentales, Sciences de l&rsquo;Ing\u00e9nieur) dont la vocation est de mettre \u00e0 la [&hellip;]\" \/>\n<meta property=\"og:url\" content=\"https:\/\/uoh.fr\/front\/qui-sommes-nous\/luniversite-numerique\/\" \/>\n<meta property=\"og:site_name\" content=\"UNIVERSIT\u00c9 NUM\u00c9RIQUE DES HUMANIT\u00c9S\" \/>\n<meta property=\"article:publisher\" content=\"https:\/\/www.facebook.com\/UOHumanites\/\" \/>\n<meta property=\"article:modified_time\" content=\"2024-03-28T11:30:22+00:00\" \/>\n<meta property=\"og:image\" content=\"https:\/\/uoh.fr\/front\/wp-content\/uploads\/2019\/10\/logoUN-complet-1024x340.png\" \/>\n<meta name=\"twitter:card\" content=\"summary_large_image\" \/>\n<meta name=\"twitter:site\" content=\"@uohumanites\" \/>\n<meta name=\"twitter:label1\" content=\"Dur\u00e9e de lecture estim\u00e9e\" \/>\n\t<meta name=\"twitter:data1\" content=\"2 minutes\" \/>\n<script type=\"application\/ld+json\" class=\"yoast-schema-graph\">{\"@context\":\"https:\/\/schema.org\",\"@graph\":[{\"@type\":\"Organization\",\"@id\":\"https:\/\/uoh.fr\/front\/#organization\",\"name\":\"Universit\\u00e9 Ouverte des Humanit\\u00e9s\",\"url\":\"https:\/\/uoh.fr\/front\/\",\"sameAs\":[\"https:\/\/www.facebook.com\/UOHumanites\/\",\"https:\/\/www.linkedin.com\/company\/universit-ouverte-des-humanit-s\",\"https:\/\/fr.wikipedia.org\/wiki\/Universit\\u00e9_ouverte_des_Humanit\\u00e9s\",\"https:\/\/twitter.com\/uohumanites\"],\"logo\":{\"@type\":\"ImageObject\",\"@id\":\"https:\/\/uoh.fr\/front\/#logo\",\"inLanguage\":\"fr-FR\",\"url\":\"https:\/\/uoh.fr\/front\/wp-content\/uploads\/2019\/10\/logo-uoh-png.png\",\"contentUrl\":\"https:\/\/uoh.fr\/front\/wp-content\/uploads\/2019\/10\/logo-uoh-png.png\",\"width\":1200,\"height\":507,\"caption\":\"Universit\\u00e9 Ouverte des Humanit\\u00e9s\"},\"image\":{\"@id\":\"https:\/\/uoh.fr\/front\/#logo\"}},{\"@type\":\"WebSite\",\"@id\":\"https:\/\/uoh.fr\/front\/#website\",\"url\":\"https:\/\/uoh.fr\/front\/\",\"name\":\"UOH\",\"description\":\"Des ressources en Arts, Lettres, Langues et Sciences Humaines et Sociales\",\"publisher\":{\"@id\":\"https:\/\/uoh.fr\/front\/#organization\"},\"potentialAction\":[{\"@type\":\"SearchAction\",\"target\":{\"@type\":\"EntryPoint\",\"urlTemplate\":\"https:\/\/uoh.fr\/front\/?s={search_term_string}\"},\"query-input\":\"required name=search_term_string\"}],\"inLanguage\":\"fr-FR\"},{\"@type\":\"ImageObject\",\"@id\":\"https:\/\/uoh.fr\/front\/qui-sommes-nous\/luniversite-numerique\/#primaryimage\",\"inLanguage\":\"fr-FR\",\"url\":\"https:\/\/uoh.fr\/front\/wp-content\/uploads\/2019\/10\/logoUN-complet.png\",\"contentUrl\":\"https:\/\/uoh.fr\/front\/wp-content\/uploads\/2019\/10\/logoUN-complet.png\",\"width\":2168,\"height\":719,\"caption\":\"association universit\\u00e9 num\\u00e9rique\"},{\"@type\":\"WebPage\",\"@id\":\"https:\/\/uoh.fr\/front\/qui-sommes-nous\/luniversite-numerique\/#webpage\",\"url\":\"https:\/\/uoh.fr\/front\/qui-sommes-nous\/luniversite-numerique\/\",\"name\":\"L'Universit\\u00e9 Num\\u00e9rique - UNIVERSIT\\u00c9 NUM\\u00c9RIQUE DES HUMANIT\\u00c9S\",\"isPartOf\":{\"@id\":\"https:\/\/uoh.fr\/front\/#website\"},\"primaryImageOfPage\":{\"@id\":\"https:\/\/uoh.fr\/front\/qui-sommes-nous\/luniversite-numerique\/#primaryimage\"},\"datePublished\":\"2019-10-10T08:43:33+00:00\",\"dateModified\":\"2024-03-28T11:30:22+00:00\",\"breadcrumb\":{\"@id\":\"https:\/\/uoh.fr\/front\/qui-sommes-nous\/luniversite-numerique\/#breadcrumb\"},\"inLanguage\":\"fr-FR\",\"potentialAction\":[{\"@type\":\"ReadAction\",\"target\":[\"https:\/\/uoh.fr\/front\/qui-sommes-nous\/luniversite-numerique\/\"]}]},{\"@type\":\"BreadcrumbList\",\"@id\":\"https:\/\/uoh.fr\/front\/qui-sommes-nous\/luniversite-numerique\/#breadcrumb\",\"itemListElement\":[{\"@type\":\"ListItem\",\"position\":1,\"name\":\"Home\",\"item\":\"https:\/\/uoh.fr\/front\/\"},{\"@type\":\"ListItem\",\"position\":2,\"name\":\"Nous conna\\u00eetre\",\"item\":\"https:\/\/uoh.fr\/front\/qui-sommes-nous\/\"},{\"@type\":\"ListItem\",\"position\":3,\"name\":\"L&rsquo;Universit\\u00e9 Num\\u00e9rique\"}]}]}<\/script>\n<!-- \/ Yoast SEO plugin. -->","yoast_head_json":{"robots":{"index":"index","follow":"follow","max-snippet":"max-snippet:-1","max-image-preview":"max-image-preview:large","max-video-preview":"max-video-preview:-1"},"canonical":"https:\/\/uoh.fr\/front\/qui-sommes-nous\/luniversite-numerique\/","og_locale":"fr_FR","og_type":"article","og_title":"L'Universit\u00e9 Num\u00e9rique - UNIVERSIT\u00c9 NUM\u00c9RIQUE DES HUMANIT\u00c9S","og_description":"Appel \u00e0 projet 2024 en savoir plus -> L\u2019Universit\u00e9 Num\u00e9rique est une association (loi 1901) compos\u00e9e des 8 Universit\u00e9s Num\u00e9riques Th\u00e9matiques fran\u00e7aises (UNT), pour 8 grands champs disciplinaires (Environnement, Sant\u00e9 et Sport, \u00c9conomie et Gestion, Humanit\u00e9s, Enseignement Technologique, Sciences Juridiques et Politiques, Sciences Fondamentales, Sciences de l&rsquo;Ing\u00e9nieur) dont la vocation est de mettre \u00e0 la [&hellip;]","og_url":"https:\/\/uoh.fr\/front\/qui-sommes-nous\/luniversite-numerique\/","og_site_name":"UNIVERSIT\u00c9 NUM\u00c9RIQUE DES HUMANIT\u00c9S","article_publisher":"https:\/\/www.facebook.com\/UOHumanites\/","article_modified_time":"2024-03-28T11:30:22+00:00","og_image":[{"url":"https:\/\/uoh.fr\/front\/wp-content\/uploads\/2019\/10\/logoUN-complet-1024x340.png"}],"twitter_card":"summary_large_image","twitter_site":"@uohumanites","twitter_misc":{"Dur\u00e9e de lecture estim\u00e9e":"2 minutes"},"schema":{"@context":"https:\/\/schema.org","@graph":[{"@type":"Organization","@id":"https:\/\/uoh.fr\/front\/#organization","name":"Universit\u00e9 Ouverte des Humanit\u00e9s","url":"https:\/\/uoh.fr\/front\/","sameAs":["https:\/\/www.facebook.com\/UOHumanites\/","https:\/\/www.linkedin.com\/company\/universit-ouverte-des-humanit-s","https:\/\/fr.wikipedia.org\/wiki\/Universit\u00e9_ouverte_des_Humanit\u00e9s","https:\/\/twitter.com\/uohumanites"],"logo":{"@type":"ImageObject","@id":"https:\/\/uoh.fr\/front\/#logo","inLanguage":"fr-FR","url":"https:\/\/uoh.fr\/front\/wp-content\/uploads\/2019\/10\/logo-uoh-png.png","contentUrl":"https:\/\/uoh.fr\/front\/wp-content\/uploads\/2019\/10\/logo-uoh-png.png","width":1200,"height":507,"caption":"Universit\u00e9 Ouverte des Humanit\u00e9s"},"image":{"@id":"https:\/\/uoh.fr\/front\/#logo"}},{"@type":"WebSite","@id":"https:\/\/uoh.fr\/front\/#website","url":"https:\/\/uoh.fr\/front\/","name":"UOH","description":"Des ressources en Arts, Lettres, Langues et Sciences Humaines et Sociales","publisher":{"@id":"https:\/\/uoh.fr\/front\/#organization"},"potentialAction":[{"@type":"SearchAction","target":{"@type":"EntryPoint","urlTemplate":"https:\/\/uoh.fr\/front\/?s={search_term_string}"},"query-input":"required name=search_term_string"}],"inLanguage":"fr-FR"},{"@type":"ImageObject","@id":"https:\/\/uoh.fr\/front\/qui-sommes-nous\/luniversite-numerique\/#primaryimage","inLanguage":"fr-FR","url":"https:\/\/uoh.fr\/front\/wp-content\/uploads\/2019\/10\/logoUN-complet.png","contentUrl":"https:\/\/uoh.fr\/front\/wp-content\/uploads\/2019\/10\/logoUN-complet.png","width":2168,"height":719,"caption":"association universit\u00e9 num\u00e9rique"},{"@type":"WebPage","@id":"https:\/\/uoh.fr\/front\/qui-sommes-nous\/luniversite-numerique\/#webpage","url":"https:\/\/uoh.fr\/front\/qui-sommes-nous\/luniversite-numerique\/","name":"L'Universit\u00e9 Num\u00e9rique - UNIVERSIT\u00c9 NUM\u00c9RIQUE DES HUMANIT\u00c9S","isPartOf":{"@id":"https:\/\/uoh.fr\/front\/#website"},"primaryImageOfPage":{"@id":"https:\/\/uoh.fr\/front\/qui-sommes-nous\/luniversite-numerique\/#primaryimage"},"datePublished":"2019-10-10T08:43:33+00:00","dateModified":"2024-03-28T11:30:22+00:00","breadcrumb":{"@id":"https:\/\/uoh.fr\/front\/qui-sommes-nous\/luniversite-numerique\/#breadcrumb"},"inLanguage":"fr-FR","potentialAction":[{"@type":"ReadAction","target":["https:\/\/uoh.fr\/front\/qui-sommes-nous\/luniversite-numerique\/"]}]},{"@type":"BreadcrumbList","@id":"https:\/\/uoh.fr\/front\/qui-sommes-nous\/luniversite-numerique\/#breadcrumb","itemListElement":[{"@type":"ListItem","position":1,"name":"Home","item":"https:\/\/uoh.fr\/front\/"},{"@type":"ListItem","position":2,"name":"Nous conna\u00eetre","item":"https:\/\/uoh.fr\/front\/qui-sommes-nous\/"},{"@type":"ListItem","position":3,"name":"L&rsquo;Universit\u00e9 Num\u00e9rique"}]}]}},"_links":{"self":[{"href":"https:\/\/uoh.fr\/front\/wp-json\/wp\/v2\/pages\/601"}],"collection":[{"href":"https:\/\/uoh.fr\/front\/wp-json\/wp\/v2\/pages"}],"about":[{"href":"https:\/\/uoh.fr\/front\/wp-json\/wp\/v2\/types\/page"}],"author":[{"embeddable":true,"href":"https:\/\/uoh.fr\/front\/wp-json\/wp\/v2\/users\/1"}],"replies":[{"embeddable":true,"href":"https:\/\/uoh.fr\/front\/wp-json\/wp\/v2\/comments?post=601"}],"version-history":[{"count":80,"href":"https:\/\/uoh.fr\/front\/wp-json\/wp\/v2\/pages\/601\/revisions"}],"predecessor-version":[{"id":3205,"href":"https:\/\/uoh.fr\/front\/wp-json\/wp\/v2\/pages\/601\/revisions\/3205"}],"up":[{"embeddable":true,"href":"https:\/\/uoh.fr\/front\/wp-json\/wp\/v2\/pages\/103"}],"wp:attachment":[{"href":"https:\/\/uoh.fr\/front\/wp-json\/wp\/v2\/media?parent=601"}],"curies":[{"name":"wp","href":"https:\/\/api.w.org\/{rel}","templated":true}]}}