{"id":603,"date":"2019-10-10T10:43:43","date_gmt":"2019-10-10T08:43:43","guid":{"rendered":"http:\/\/unit-4.criann.fr\/front\/?page_id=603"},"modified":"2023-12-01T11:02:25","modified_gmt":"2023-12-01T10:02:25","slug":"luoh","status":"publish","type":"page","link":"https:\/\/uoh.fr\/front\/qui-sommes-nous\/luoh\/","title":{"rendered":"L&rsquo;UOH"},"content":{"rendered":"\n<p>Cr\u00e9\u00e9e sous l&rsquo;impulsion du Minist\u00e8re de l\u2019Enseignement Sup\u00e9rieur, de la Recherche et de l\u2019Innovation (MESRI) en 2007, l\u2019Universit\u00e9 Ouverte des Humanit\u00e9s est consacr\u00e9e aux\u00a0:<\/p>\n\n\n\n<ul><li>Sciences humaines<\/li><li>Sciences sociales<\/li><li>Lettres<\/li><li>Langues<\/li><li>Arts<\/li><\/ul>\n\n\n\n<p>Regroupement d\u2019\u00e9tablissements d&rsquo;enseignement sup\u00e9rieur mutualisant leurs r\u00e9flexions, pratiques et contenus, l\u2019UOH n&rsquo;est pas une universit\u00e9 fran\u00e7aise.<\/p>\n\n\n\n<p><strong>L\u2019UOH participe \u00e0 la r\u00e9ussite et \u00e0 l\u2019orientation des \u00e9tudiants :<\/strong><\/p>\n\n\n\n<ul><li>en rendant accessibles gratuitement des centaines de <a href=\"https:\/\/fr.unesco.org\/themes\/tic-education\/rel\">ressources \u00e9ducatives libres<\/a> de niveaux universitaires valid\u00e9es scientifiquement, p\u00e9dagogiquement et techniquement<\/li><li>en d\u00e9veloppant des tests de positionnement transversaux et des ressources de rem\u00e9diation associ\u00e9es (notamment en fran\u00e7ais \u00e9crit avec le pilotage du projet PIA NCU \u00e9cri+)<\/li><li>en favorisant la production de dispositifs de d\u00e9couverte des disciplines universitaires pour accompagner une meilleure orientation des lyc\u00e9ens et des \u00e9tudiants<\/li><\/ul>\n\n\n\n<p><strong>L\u2019UOH contribue<\/strong> :<\/p>\n\n\n\n<ul><li>au d\u00e9veloppement du num\u00e9rique dans les universit\u00e9s fran\u00e7aises<\/li><li>au mouvement international d\u2019Open Education<\/li><\/ul>\n\n\n\n<p><strong>Ses missions&nbsp;?<\/strong><\/p>\n\n\n\n<ul><li><strong>Partager les productions et les exp\u00e9riences <\/strong>: mettre des ressources \u00e9ducatives libres \u00e0 disposition des \u00e9tudiants et des \u00e9quipes p\u00e9dagogiques, \u00e0 titre de compl\u00e9ments et\/ou de supports de cours, et valoriser les usages<\/li><li><strong>Transformer les pratiques p\u00e9dagogiques <\/strong>: accompagner la flexibilisation des formations et la diversification des modes de transmission des connaissances en offrant la possibilit\u00e9 \u00e0 tous les \u00e9tablissements d&rsquo;enseignement sup\u00e9rieur de construire des strat\u00e9gies d&rsquo;enseignement hybrides<\/li><li><strong>Valoriser la mutualisation et le patrimoine num\u00e9rique <\/strong>:<ul><li>valoriser les ressources, notamment dans les disciplines rares, les outils collaboratifs et les exp\u00e9riences p\u00e9dagogiques num\u00e9riques partag\u00e9es<\/li><\/ul><ul><li>produire, de mani\u00e8re mutualis\u00e9e, des ressources de qualit\u00e9, valid\u00e9es sur les plans p\u00e9dagogique, scientifique et technique<\/li><\/ul><\/li><\/ul>\n","protected":false},"excerpt":{"rendered":"<p>Cr\u00e9\u00e9e sous l&rsquo;impulsion du Minist\u00e8re de l\u2019Enseignement Sup\u00e9rieur, de la Recherche et de l\u2019Innovation (MESRI) en 2007, l\u2019Universit\u00e9 Ouverte des Humanit\u00e9s est consacr\u00e9e aux\u00a0: Sciences humaines Sciences sociales Lettres Langues Arts Regroupement d\u2019\u00e9tablissements d&rsquo;enseignement sup\u00e9rieur mutualisant leurs r\u00e9flexions, pratiques et contenus, l\u2019UOH n&rsquo;est pas une universit\u00e9 fran\u00e7aise. L\u2019UOH participe \u00e0 la r\u00e9ussite et \u00e0 l\u2019orientation [&hellip;]<\/p>\n","protected":false},"author":1,"featured_media":0,"parent":103,"menu_order":0,"comment_status":"closed","ping_status":"closed","template":"","meta":[],"acf":[],"yoast_head":"<!-- This site is optimized with the Yoast SEO plugin v17.7.1 - https:\/\/yoast.com\/wordpress\/plugins\/seo\/ -->\n<meta name=\"robots\" content=\"index, follow, max-snippet:-1, max-image-preview:large, max-video-preview:-1\" \/>\n<link rel=\"canonical\" href=\"https:\/\/uoh.fr\/front\/qui-sommes-nous\/luoh\/\" \/>\n<meta property=\"og:locale\" content=\"fr_FR\" \/>\n<meta property=\"og:type\" content=\"article\" \/>\n<meta property=\"og:title\" content=\"L&#039;UOH - UNIVERSIT\u00c9 NUM\u00c9RIQUE DES HUMANIT\u00c9S\" \/>\n<meta property=\"og:description\" content=\"Cr\u00e9\u00e9e sous l&rsquo;impulsion du Minist\u00e8re de l\u2019Enseignement Sup\u00e9rieur, de la Recherche et de l\u2019Innovation (MESRI) en 2007, l\u2019Universit\u00e9 Ouverte des Humanit\u00e9s est consacr\u00e9e aux\u00a0: Sciences humaines Sciences sociales Lettres Langues Arts Regroupement d\u2019\u00e9tablissements d&rsquo;enseignement sup\u00e9rieur mutualisant leurs r\u00e9flexions, pratiques et contenus, l\u2019UOH n&rsquo;est pas une universit\u00e9 fran\u00e7aise. L\u2019UOH participe \u00e0 la r\u00e9ussite et \u00e0 l\u2019orientation [&hellip;]\" \/>\n<meta property=\"og:url\" content=\"https:\/\/uoh.fr\/front\/qui-sommes-nous\/luoh\/\" \/>\n<meta property=\"og:site_name\" content=\"UNIVERSIT\u00c9 NUM\u00c9RIQUE DES HUMANIT\u00c9S\" \/>\n<meta property=\"article:publisher\" content=\"https:\/\/www.facebook.com\/UOHumanites\/\" \/>\n<meta property=\"article:modified_time\" content=\"2023-12-01T10:02:25+00:00\" \/>\n<meta name=\"twitter:card\" content=\"summary_large_image\" \/>\n<meta name=\"twitter:site\" content=\"@uohumanites\" \/>\n<meta name=\"twitter:label1\" content=\"Dur\u00e9e de lecture estim\u00e9e\" \/>\n\t<meta name=\"twitter:data1\" content=\"1 minute\" \/>\n<script type=\"application\/ld+json\" class=\"yoast-schema-graph\">{\"@context\":\"https:\/\/schema.org\",\"@graph\":[{\"@type\":\"Organization\",\"@id\":\"https:\/\/uoh.fr\/front\/#organization\",\"name\":\"Universit\\u00e9 Ouverte des Humanit\\u00e9s\",\"url\":\"https:\/\/uoh.fr\/front\/\",\"sameAs\":[\"https:\/\/www.facebook.com\/UOHumanites\/\",\"https:\/\/www.linkedin.com\/company\/universit-ouverte-des-humanit-s\",\"https:\/\/fr.wikipedia.org\/wiki\/Universit\\u00e9_ouverte_des_Humanit\\u00e9s\",\"https:\/\/twitter.com\/uohumanites\"],\"logo\":{\"@type\":\"ImageObject\",\"@id\":\"https:\/\/uoh.fr\/front\/#logo\",\"inLanguage\":\"fr-FR\",\"url\":\"https:\/\/uoh.fr\/front\/wp-content\/uploads\/2019\/10\/logo-uoh-png.png\",\"contentUrl\":\"https:\/\/uoh.fr\/front\/wp-content\/uploads\/2019\/10\/logo-uoh-png.png\",\"width\":1200,\"height\":507,\"caption\":\"Universit\\u00e9 Ouverte des Humanit\\u00e9s\"},\"image\":{\"@id\":\"https:\/\/uoh.fr\/front\/#logo\"}},{\"@type\":\"WebSite\",\"@id\":\"https:\/\/uoh.fr\/front\/#website\",\"url\":\"https:\/\/uoh.fr\/front\/\",\"name\":\"UOH\",\"description\":\"Des ressources en Arts, Lettres, Langues et Sciences Humaines et Sociales\",\"publisher\":{\"@id\":\"https:\/\/uoh.fr\/front\/#organization\"},\"potentialAction\":[{\"@type\":\"SearchAction\",\"target\":{\"@type\":\"EntryPoint\",\"urlTemplate\":\"https:\/\/uoh.fr\/front\/?s={search_term_string}\"},\"query-input\":\"required name=search_term_string\"}],\"inLanguage\":\"fr-FR\"},{\"@type\":\"WebPage\",\"@id\":\"https:\/\/uoh.fr\/front\/qui-sommes-nous\/luoh\/#webpage\",\"url\":\"https:\/\/uoh.fr\/front\/qui-sommes-nous\/luoh\/\",\"name\":\"L'UOH - UNIVERSIT\\u00c9 NUM\\u00c9RIQUE DES HUMANIT\\u00c9S\",\"isPartOf\":{\"@id\":\"https:\/\/uoh.fr\/front\/#website\"},\"datePublished\":\"2019-10-10T08:43:43+00:00\",\"dateModified\":\"2023-12-01T10:02:25+00:00\",\"breadcrumb\":{\"@id\":\"https:\/\/uoh.fr\/front\/qui-sommes-nous\/luoh\/#breadcrumb\"},\"inLanguage\":\"fr-FR\",\"potentialAction\":[{\"@type\":\"ReadAction\",\"target\":[\"https:\/\/uoh.fr\/front\/qui-sommes-nous\/luoh\/\"]}]},{\"@type\":\"BreadcrumbList\",\"@id\":\"https:\/\/uoh.fr\/front\/qui-sommes-nous\/luoh\/#breadcrumb\",\"itemListElement\":[{\"@type\":\"ListItem\",\"position\":1,\"name\":\"Home\",\"item\":\"https:\/\/uoh.fr\/front\/\"},{\"@type\":\"ListItem\",\"position\":2,\"name\":\"Nous conna\\u00eetre\",\"item\":\"https:\/\/uoh.fr\/front\/qui-sommes-nous\/\"},{\"@type\":\"ListItem\",\"position\":3,\"name\":\"L&rsquo;UOH\"}]}]}<\/script>\n<!-- \/ Yoast SEO plugin. -->","yoast_head_json":{"robots":{"index":"index","follow":"follow","max-snippet":"max-snippet:-1","max-image-preview":"max-image-preview:large","max-video-preview":"max-video-preview:-1"},"canonical":"https:\/\/uoh.fr\/front\/qui-sommes-nous\/luoh\/","og_locale":"fr_FR","og_type":"article","og_title":"L'UOH - UNIVERSIT\u00c9 NUM\u00c9RIQUE DES HUMANIT\u00c9S","og_description":"Cr\u00e9\u00e9e sous l&rsquo;impulsion du Minist\u00e8re de l\u2019Enseignement Sup\u00e9rieur, de la Recherche et de l\u2019Innovation (MESRI) en 2007, l\u2019Universit\u00e9 Ouverte des Humanit\u00e9s est consacr\u00e9e aux\u00a0: Sciences humaines Sciences sociales Lettres Langues Arts Regroupement d\u2019\u00e9tablissements d&rsquo;enseignement sup\u00e9rieur mutualisant leurs r\u00e9flexions, pratiques et contenus, l\u2019UOH n&rsquo;est pas une universit\u00e9 fran\u00e7aise. L\u2019UOH participe \u00e0 la r\u00e9ussite et \u00e0 l\u2019orientation [&hellip;]","og_url":"https:\/\/uoh.fr\/front\/qui-sommes-nous\/luoh\/","og_site_name":"UNIVERSIT\u00c9 NUM\u00c9RIQUE DES HUMANIT\u00c9S","article_publisher":"https:\/\/www.facebook.com\/UOHumanites\/","article_modified_time":"2023-12-01T10:02:25+00:00","twitter_card":"summary_large_image","twitter_site":"@uohumanites","twitter_misc":{"Dur\u00e9e de lecture estim\u00e9e":"1 minute"},"schema":{"@context":"https:\/\/schema.org","@graph":[{"@type":"Organization","@id":"https:\/\/uoh.fr\/front\/#organization","name":"Universit\u00e9 Ouverte des Humanit\u00e9s","url":"https:\/\/uoh.fr\/front\/","sameAs":["https:\/\/www.facebook.com\/UOHumanites\/","https:\/\/www.linkedin.com\/company\/universit-ouverte-des-humanit-s","https:\/\/fr.wikipedia.org\/wiki\/Universit\u00e9_ouverte_des_Humanit\u00e9s","https:\/\/twitter.com\/uohumanites"],"logo":{"@type":"ImageObject","@id":"https:\/\/uoh.fr\/front\/#logo","inLanguage":"fr-FR","url":"https:\/\/uoh.fr\/front\/wp-content\/uploads\/2019\/10\/logo-uoh-png.png","contentUrl":"https:\/\/uoh.fr\/front\/wp-content\/uploads\/2019\/10\/logo-uoh-png.png","width":1200,"height":507,"caption":"Universit\u00e9 Ouverte des Humanit\u00e9s"},"image":{"@id":"https:\/\/uoh.fr\/front\/#logo"}},{"@type":"WebSite","@id":"https:\/\/uoh.fr\/front\/#website","url":"https:\/\/uoh.fr\/front\/","name":"UOH","description":"Des ressources en Arts, Lettres, Langues et Sciences Humaines et Sociales","publisher":{"@id":"https:\/\/uoh.fr\/front\/#organization"},"potentialAction":[{"@type":"SearchAction","target":{"@type":"EntryPoint","urlTemplate":"https:\/\/uoh.fr\/front\/?s={search_term_string}"},"query-input":"required name=search_term_string"}],"inLanguage":"fr-FR"},{"@type":"WebPage","@id":"https:\/\/uoh.fr\/front\/qui-sommes-nous\/luoh\/#webpage","url":"https:\/\/uoh.fr\/front\/qui-sommes-nous\/luoh\/","name":"L'UOH - UNIVERSIT\u00c9 NUM\u00c9RIQUE DES HUMANIT\u00c9S","isPartOf":{"@id":"https:\/\/uoh.fr\/front\/#website"},"datePublished":"2019-10-10T08:43:43+00:00","dateModified":"2023-12-01T10:02:25+00:00","breadcrumb":{"@id":"https:\/\/uoh.fr\/front\/qui-sommes-nous\/luoh\/#breadcrumb"},"inLanguage":"fr-FR","potentialAction":[{"@type":"ReadAction","target":["https:\/\/uoh.fr\/front\/qui-sommes-nous\/luoh\/"]}]},{"@type":"BreadcrumbList","@id":"https:\/\/uoh.fr\/front\/qui-sommes-nous\/luoh\/#breadcrumb","itemListElement":[{"@type":"ListItem","position":1,"name":"Home","item":"https:\/\/uoh.fr\/front\/"},{"@type":"ListItem","position":2,"name":"Nous conna\u00eetre","item":"https:\/\/uoh.fr\/front\/qui-sommes-nous\/"},{"@type":"ListItem","position":3,"name":"L&rsquo;UOH"}]}]}},"_links":{"self":[{"href":"https:\/\/uoh.fr\/front\/wp-json\/wp\/v2\/pages\/603"}],"collection":[{"href":"https:\/\/uoh.fr\/front\/wp-json\/wp\/v2\/pages"}],"about":[{"href":"https:\/\/uoh.fr\/front\/wp-json\/wp\/v2\/types\/page"}],"author":[{"embeddable":true,"href":"https:\/\/uoh.fr\/front\/wp-json\/wp\/v2\/users\/1"}],"replies":[{"embeddable":true,"href":"https:\/\/uoh.fr\/front\/wp-json\/wp\/v2\/comments?post=603"}],"version-history":[{"count":12,"href":"https:\/\/uoh.fr\/front\/wp-json\/wp\/v2\/pages\/603\/revisions"}],"predecessor-version":[{"id":1421,"href":"https:\/\/uoh.fr\/front\/wp-json\/wp\/v2\/pages\/603\/revisions\/1421"}],"up":[{"embeddable":true,"href":"https:\/\/uoh.fr\/front\/wp-json\/wp\/v2\/pages\/103"}],"wp:attachment":[{"href":"https:\/\/uoh.fr\/front\/wp-json\/wp\/v2\/media?parent=603"}],"curies":[{"name":"wp","href":"https:\/\/api.w.org\/{rel}","templated":true}]}}