{"id":617,"date":"2019-10-10T10:46:38","date_gmt":"2019-10-10T08:46:38","guid":{"rendered":"http:\/\/unit-4.criann.fr\/front\/?page_id=617"},"modified":"2023-12-01T10:58:59","modified_gmt":"2023-12-01T09:58:59","slug":"offre","status":"publish","type":"page","link":"https:\/\/uoh.fr\/front\/se-former\/offre\/","title":{"rendered":"Offre"},"content":{"rendered":"\n<p><strong>Tous les contenus p\u00e9dagogiques diffus\u00e9s par l&rsquo;UOH sont accessibles gratuitement.<\/strong><\/p>\n\n\n\n<p><strong>Les ressources sont <\/strong><\/p>\n\n\n\n<ul><li>des coproductions avec les \u00e9tablissements partenaires, soumises \u00e0 validation du Conseil scientifique de l\u2019UOH <\/li><li>des productions des \u00e9tablissements partenaires mises en commun, valid\u00e9es par les \u00e9tablissements eux-m\u00eames <\/li><li>des ressources \u00e9ducatives libres s\u00e9lectionn\u00e9es sur Internet et susceptibles d\u2019int\u00e9resser les internautes<\/li><\/ul>\n\n\n\n<p><strong>&nbsp; L&rsquo;UOH propose <\/strong><\/p>\n\n\n\n<ul><li>des cours complets<\/li><li>des essentiels (concepts et notions cl\u00e9s)<\/li><li>des grains p\u00e9dagogiques (parties de cours)<\/li><li>des exercices et tests de positionnement (auto\u00e9valuations)<\/li><li>des webdocumentaires<\/li><li>des conf\u00e9rences, tables-rondes et entretiens<\/li><\/ul>\n","protected":false},"excerpt":{"rendered":"<p>Tous les contenus p\u00e9dagogiques diffus\u00e9s par l&rsquo;UOH sont accessibles gratuitement. Les ressources sont des coproductions avec les \u00e9tablissements partenaires, soumises \u00e0 validation du Conseil scientifique de l\u2019UOH des productions des \u00e9tablissements partenaires mises en commun, valid\u00e9es par les \u00e9tablissements eux-m\u00eames des ressources \u00e9ducatives libres s\u00e9lectionn\u00e9es sur Internet et susceptibles d\u2019int\u00e9resser les internautes &nbsp; L&rsquo;UOH propose [&hellip;]<\/p>\n","protected":false},"author":1,"featured_media":0,"parent":582,"menu_order":0,"comment_status":"closed","ping_status":"closed","template":"","meta":[],"acf":[],"yoast_head":"<!-- This site is optimized with the Yoast SEO plugin v17.7.1 - https:\/\/yoast.com\/wordpress\/plugins\/seo\/ -->\n<meta name=\"robots\" content=\"index, follow, max-snippet:-1, max-image-preview:large, max-video-preview:-1\" \/>\n<link rel=\"canonical\" href=\"https:\/\/uoh.fr\/front\/se-former\/offre\/\" \/>\n<meta property=\"og:locale\" content=\"fr_FR\" \/>\n<meta property=\"og:type\" content=\"article\" \/>\n<meta property=\"og:title\" content=\"Offre - UNIVERSIT\u00c9 NUM\u00c9RIQUE DES HUMANIT\u00c9S\" \/>\n<meta property=\"og:description\" content=\"Tous les contenus p\u00e9dagogiques diffus\u00e9s par l&rsquo;UOH sont accessibles gratuitement. Les ressources sont des coproductions avec les \u00e9tablissements partenaires, soumises \u00e0 validation du Conseil scientifique de l\u2019UOH des productions des \u00e9tablissements partenaires mises en commun, valid\u00e9es par les \u00e9tablissements eux-m\u00eames des ressources \u00e9ducatives libres s\u00e9lectionn\u00e9es sur Internet et susceptibles d\u2019int\u00e9resser les internautes &nbsp; L&rsquo;UOH propose [&hellip;]\" \/>\n<meta property=\"og:url\" content=\"https:\/\/uoh.fr\/front\/se-former\/offre\/\" \/>\n<meta property=\"og:site_name\" content=\"UNIVERSIT\u00c9 NUM\u00c9RIQUE DES HUMANIT\u00c9S\" \/>\n<meta property=\"article:publisher\" content=\"https:\/\/www.facebook.com\/UOHumanites\/\" \/>\n<meta property=\"article:modified_time\" content=\"2023-12-01T09:58:59+00:00\" \/>\n<meta name=\"twitter:card\" content=\"summary_large_image\" \/>\n<meta name=\"twitter:site\" content=\"@uohumanites\" \/>\n<script type=\"application\/ld+json\" class=\"yoast-schema-graph\">{\"@context\":\"https:\/\/schema.org\",\"@graph\":[{\"@type\":\"Organization\",\"@id\":\"https:\/\/uoh.fr\/front\/#organization\",\"name\":\"Universit\\u00e9 Ouverte des Humanit\\u00e9s\",\"url\":\"https:\/\/uoh.fr\/front\/\",\"sameAs\":[\"https:\/\/www.facebook.com\/UOHumanites\/\",\"https:\/\/www.linkedin.com\/company\/universit-ouverte-des-humanit-s\",\"https:\/\/fr.wikipedia.org\/wiki\/Universit\\u00e9_ouverte_des_Humanit\\u00e9s\",\"https:\/\/twitter.com\/uohumanites\"],\"logo\":{\"@type\":\"ImageObject\",\"@id\":\"https:\/\/uoh.fr\/front\/#logo\",\"inLanguage\":\"fr-FR\",\"url\":\"https:\/\/uoh.fr\/front\/wp-content\/uploads\/2019\/10\/logo-uoh-png.png\",\"contentUrl\":\"https:\/\/uoh.fr\/front\/wp-content\/uploads\/2019\/10\/logo-uoh-png.png\",\"width\":1200,\"height\":507,\"caption\":\"Universit\\u00e9 Ouverte des Humanit\\u00e9s\"},\"image\":{\"@id\":\"https:\/\/uoh.fr\/front\/#logo\"}},{\"@type\":\"WebSite\",\"@id\":\"https:\/\/uoh.fr\/front\/#website\",\"url\":\"https:\/\/uoh.fr\/front\/\",\"name\":\"UOH\",\"description\":\"Des ressources en Arts, Lettres, Langues et Sciences Humaines et Sociales\",\"publisher\":{\"@id\":\"https:\/\/uoh.fr\/front\/#organization\"},\"potentialAction\":[{\"@type\":\"SearchAction\",\"target\":{\"@type\":\"EntryPoint\",\"urlTemplate\":\"https:\/\/uoh.fr\/front\/?s={search_term_string}\"},\"query-input\":\"required name=search_term_string\"}],\"inLanguage\":\"fr-FR\"},{\"@type\":\"WebPage\",\"@id\":\"https:\/\/uoh.fr\/front\/se-former\/offre\/#webpage\",\"url\":\"https:\/\/uoh.fr\/front\/se-former\/offre\/\",\"name\":\"Offre - UNIVERSIT\\u00c9 NUM\\u00c9RIQUE DES HUMANIT\\u00c9S\",\"isPartOf\":{\"@id\":\"https:\/\/uoh.fr\/front\/#website\"},\"datePublished\":\"2019-10-10T08:46:38+00:00\",\"dateModified\":\"2023-12-01T09:58:59+00:00\",\"breadcrumb\":{\"@id\":\"https:\/\/uoh.fr\/front\/se-former\/offre\/#breadcrumb\"},\"inLanguage\":\"fr-FR\",\"potentialAction\":[{\"@type\":\"ReadAction\",\"target\":[\"https:\/\/uoh.fr\/front\/se-former\/offre\/\"]}]},{\"@type\":\"BreadcrumbList\",\"@id\":\"https:\/\/uoh.fr\/front\/se-former\/offre\/#breadcrumb\",\"itemListElement\":[{\"@type\":\"ListItem\",\"position\":1,\"name\":\"Home\",\"item\":\"https:\/\/uoh.fr\/front\/\"},{\"@type\":\"ListItem\",\"position\":2,\"name\":\"Former\",\"item\":\"https:\/\/uoh.fr\/front\/se-former\/\"},{\"@type\":\"ListItem\",\"position\":3,\"name\":\"Offre\"}]}]}<\/script>\n<!-- \/ Yoast SEO plugin. -->","yoast_head_json":{"robots":{"index":"index","follow":"follow","max-snippet":"max-snippet:-1","max-image-preview":"max-image-preview:large","max-video-preview":"max-video-preview:-1"},"canonical":"https:\/\/uoh.fr\/front\/se-former\/offre\/","og_locale":"fr_FR","og_type":"article","og_title":"Offre - UNIVERSIT\u00c9 NUM\u00c9RIQUE DES HUMANIT\u00c9S","og_description":"Tous les contenus p\u00e9dagogiques diffus\u00e9s par l&rsquo;UOH sont accessibles gratuitement. Les ressources sont des coproductions avec les \u00e9tablissements partenaires, soumises \u00e0 validation du Conseil scientifique de l\u2019UOH des productions des \u00e9tablissements partenaires mises en commun, valid\u00e9es par les \u00e9tablissements eux-m\u00eames des ressources \u00e9ducatives libres s\u00e9lectionn\u00e9es sur Internet et susceptibles d\u2019int\u00e9resser les internautes &nbsp; L&rsquo;UOH propose [&hellip;]","og_url":"https:\/\/uoh.fr\/front\/se-former\/offre\/","og_site_name":"UNIVERSIT\u00c9 NUM\u00c9RIQUE DES HUMANIT\u00c9S","article_publisher":"https:\/\/www.facebook.com\/UOHumanites\/","article_modified_time":"2023-12-01T09:58:59+00:00","twitter_card":"summary_large_image","twitter_site":"@uohumanites","schema":{"@context":"https:\/\/schema.org","@graph":[{"@type":"Organization","@id":"https:\/\/uoh.fr\/front\/#organization","name":"Universit\u00e9 Ouverte des Humanit\u00e9s","url":"https:\/\/uoh.fr\/front\/","sameAs":["https:\/\/www.facebook.com\/UOHumanites\/","https:\/\/www.linkedin.com\/company\/universit-ouverte-des-humanit-s","https:\/\/fr.wikipedia.org\/wiki\/Universit\u00e9_ouverte_des_Humanit\u00e9s","https:\/\/twitter.com\/uohumanites"],"logo":{"@type":"ImageObject","@id":"https:\/\/uoh.fr\/front\/#logo","inLanguage":"fr-FR","url":"https:\/\/uoh.fr\/front\/wp-content\/uploads\/2019\/10\/logo-uoh-png.png","contentUrl":"https:\/\/uoh.fr\/front\/wp-content\/uploads\/2019\/10\/logo-uoh-png.png","width":1200,"height":507,"caption":"Universit\u00e9 Ouverte des Humanit\u00e9s"},"image":{"@id":"https:\/\/uoh.fr\/front\/#logo"}},{"@type":"WebSite","@id":"https:\/\/uoh.fr\/front\/#website","url":"https:\/\/uoh.fr\/front\/","name":"UOH","description":"Des ressources en Arts, Lettres, Langues et Sciences Humaines et Sociales","publisher":{"@id":"https:\/\/uoh.fr\/front\/#organization"},"potentialAction":[{"@type":"SearchAction","target":{"@type":"EntryPoint","urlTemplate":"https:\/\/uoh.fr\/front\/?s={search_term_string}"},"query-input":"required name=search_term_string"}],"inLanguage":"fr-FR"},{"@type":"WebPage","@id":"https:\/\/uoh.fr\/front\/se-former\/offre\/#webpage","url":"https:\/\/uoh.fr\/front\/se-former\/offre\/","name":"Offre - UNIVERSIT\u00c9 NUM\u00c9RIQUE DES HUMANIT\u00c9S","isPartOf":{"@id":"https:\/\/uoh.fr\/front\/#website"},"datePublished":"2019-10-10T08:46:38+00:00","dateModified":"2023-12-01T09:58:59+00:00","breadcrumb":{"@id":"https:\/\/uoh.fr\/front\/se-former\/offre\/#breadcrumb"},"inLanguage":"fr-FR","potentialAction":[{"@type":"ReadAction","target":["https:\/\/uoh.fr\/front\/se-former\/offre\/"]}]},{"@type":"BreadcrumbList","@id":"https:\/\/uoh.fr\/front\/se-former\/offre\/#breadcrumb","itemListElement":[{"@type":"ListItem","position":1,"name":"Home","item":"https:\/\/uoh.fr\/front\/"},{"@type":"ListItem","position":2,"name":"Former","item":"https:\/\/uoh.fr\/front\/se-former\/"},{"@type":"ListItem","position":3,"name":"Offre"}]}]}},"_links":{"self":[{"href":"https:\/\/uoh.fr\/front\/wp-json\/wp\/v2\/pages\/617"}],"collection":[{"href":"https:\/\/uoh.fr\/front\/wp-json\/wp\/v2\/pages"}],"about":[{"href":"https:\/\/uoh.fr\/front\/wp-json\/wp\/v2\/types\/page"}],"author":[{"embeddable":true,"href":"https:\/\/uoh.fr\/front\/wp-json\/wp\/v2\/users\/1"}],"replies":[{"embeddable":true,"href":"https:\/\/uoh.fr\/front\/wp-json\/wp\/v2\/comments?post=617"}],"version-history":[{"count":7,"href":"https:\/\/uoh.fr\/front\/wp-json\/wp\/v2\/pages\/617\/revisions"}],"predecessor-version":[{"id":1281,"href":"https:\/\/uoh.fr\/front\/wp-json\/wp\/v2\/pages\/617\/revisions\/1281"}],"up":[{"embeddable":true,"href":"https:\/\/uoh.fr\/front\/wp-json\/wp\/v2\/pages\/582"}],"wp:attachment":[{"href":"https:\/\/uoh.fr\/front\/wp-json\/wp\/v2\/media?parent=617"}],"curies":[{"name":"wp","href":"https:\/\/api.w.org\/{rel}","templated":true}]}}