{"id":763,"date":"2019-10-17T11:10:08","date_gmt":"2019-10-17T09:10:08","guid":{"rendered":"http:\/\/unit-4.criann.fr\/front\/?page_id=763"},"modified":"2023-12-01T11:01:45","modified_gmt":"2023-12-01T10:01:45","slug":"formation-continue","status":"publish","type":"page","link":"https:\/\/uoh.fr\/front\/se-former\/formation-continue\/","title":{"rendered":"Formation Continue"},"content":{"rendered":"\n<p>La formation continue et la formation tout au long de la vie repr\u00e9sentent un enjeu fort pour nos \u00e9tablissements.<\/p>\n\n\n\n<p>L\u2019accompagnement des mutations oblige l\u2019\u00e9tablissement \u00e0 mettre en place des r\u00e9ponses int\u00e9grant les contraintes temporelles et \u00e9conomiques du monde du travail. <\/p>\n\n\n\n<p><strong>Sc\u00e9nario 1<\/strong><\/p>\n\n\n\n<p>Ce sc\u00e9nario propose de r\u00e9utiliser les dispositifs de\nrem\u00e9diation mis en place pour la lutte contre l\u2019\u00e9chec, afin d\u2019en faire\nb\u00e9n\u00e9ficier les adultes qui suivent des cursus acc\u00e9l\u00e9r\u00e9s tout en ayant des difficult\u00e9s\navec la densit\u00e9 de ceux-ci.<\/p>\n\n\n\n<p><strong>Sc\u00e9nario 2<\/strong><\/p>\n\n\n\n<p>Co-construire des formations, \u00e0 distance ou non et\/ou massives ou non, \u00e0 partir de ressources \u00e9ducatives libres\u00a0est un sc\u00e9nario efficace<\/p>\n\n\n\n<ul><li><strong>\u00c9tape 1<\/strong>\u00a0: D\u00e9finir les besoins pour la formation envisag\u00e9e<\/li><li><strong>\u00c9tape 2<\/strong>\u00a0: Identifier avec l\u2019aide de l\u2019UOH ou des UNT concern\u00e9es les ressources de son\/leur catalogue pouvant correspondre aux besoins<\/li><li><strong>\u00c9tape 3<\/strong>\u00a0: Construire la formation en articulant ces ressources \u00e0 celles existant \u00e9ventuellement dans l\u2019\u00e9tablissement et\/ou pouvant \u00eatre encore \u00e0 produire<\/li><li><strong>\u00c9tape 4<\/strong>\u00a0: Mettre en place l\u2019accompagnement de la formation par le tutorat<\/li><\/ul>\n","protected":false},"excerpt":{"rendered":"<p>La formation continue et la formation tout au long de la vie repr\u00e9sentent un enjeu fort pour nos \u00e9tablissements. L\u2019accompagnement des mutations oblige l\u2019\u00e9tablissement \u00e0 mettre en place des r\u00e9ponses int\u00e9grant les contraintes temporelles et \u00e9conomiques du monde du travail. Sc\u00e9nario 1 Ce sc\u00e9nario propose de r\u00e9utiliser les dispositifs de rem\u00e9diation mis en place pour [&hellip;]<\/p>\n","protected":false},"author":1,"featured_media":0,"parent":582,"menu_order":0,"comment_status":"closed","ping_status":"closed","template":"","meta":[],"acf":[],"yoast_head":"<!-- This site is optimized with the Yoast SEO plugin v17.7.1 - https:\/\/yoast.com\/wordpress\/plugins\/seo\/ -->\n<meta name=\"robots\" content=\"index, follow, max-snippet:-1, max-image-preview:large, max-video-preview:-1\" \/>\n<link rel=\"canonical\" href=\"https:\/\/uoh.fr\/front\/se-former\/formation-continue\/\" \/>\n<meta property=\"og:locale\" content=\"fr_FR\" \/>\n<meta property=\"og:type\" content=\"article\" \/>\n<meta property=\"og:title\" content=\"Formation Continue - UNIVERSIT\u00c9 NUM\u00c9RIQUE DES HUMANIT\u00c9S\" \/>\n<meta property=\"og:description\" content=\"La formation continue et la formation tout au long de la vie repr\u00e9sentent un enjeu fort pour nos \u00e9tablissements. L\u2019accompagnement des mutations oblige l\u2019\u00e9tablissement \u00e0 mettre en place des r\u00e9ponses int\u00e9grant les contraintes temporelles et \u00e9conomiques du monde du travail. Sc\u00e9nario 1 Ce sc\u00e9nario propose de r\u00e9utiliser les dispositifs de rem\u00e9diation mis en place pour [&hellip;]\" \/>\n<meta property=\"og:url\" content=\"https:\/\/uoh.fr\/front\/se-former\/formation-continue\/\" \/>\n<meta property=\"og:site_name\" content=\"UNIVERSIT\u00c9 NUM\u00c9RIQUE DES HUMANIT\u00c9S\" \/>\n<meta property=\"article:publisher\" content=\"https:\/\/www.facebook.com\/UOHumanites\/\" \/>\n<meta property=\"article:modified_time\" content=\"2023-12-01T10:01:45+00:00\" \/>\n<meta name=\"twitter:card\" content=\"summary_large_image\" \/>\n<meta name=\"twitter:site\" content=\"@uohumanites\" \/>\n<meta name=\"twitter:label1\" content=\"Dur\u00e9e de lecture estim\u00e9e\" \/>\n\t<meta name=\"twitter:data1\" content=\"1 minute\" \/>\n<script type=\"application\/ld+json\" class=\"yoast-schema-graph\">{\"@context\":\"https:\/\/schema.org\",\"@graph\":[{\"@type\":\"Organization\",\"@id\":\"https:\/\/uoh.fr\/front\/#organization\",\"name\":\"Universit\\u00e9 Ouverte des Humanit\\u00e9s\",\"url\":\"https:\/\/uoh.fr\/front\/\",\"sameAs\":[\"https:\/\/www.facebook.com\/UOHumanites\/\",\"https:\/\/www.linkedin.com\/company\/universit-ouverte-des-humanit-s\",\"https:\/\/fr.wikipedia.org\/wiki\/Universit\\u00e9_ouverte_des_Humanit\\u00e9s\",\"https:\/\/twitter.com\/uohumanites\"],\"logo\":{\"@type\":\"ImageObject\",\"@id\":\"https:\/\/uoh.fr\/front\/#logo\",\"inLanguage\":\"fr-FR\",\"url\":\"https:\/\/uoh.fr\/front\/wp-content\/uploads\/2019\/10\/logo-uoh-png.png\",\"contentUrl\":\"https:\/\/uoh.fr\/front\/wp-content\/uploads\/2019\/10\/logo-uoh-png.png\",\"width\":1200,\"height\":507,\"caption\":\"Universit\\u00e9 Ouverte des Humanit\\u00e9s\"},\"image\":{\"@id\":\"https:\/\/uoh.fr\/front\/#logo\"}},{\"@type\":\"WebSite\",\"@id\":\"https:\/\/uoh.fr\/front\/#website\",\"url\":\"https:\/\/uoh.fr\/front\/\",\"name\":\"UOH\",\"description\":\"Des ressources en Arts, Lettres, Langues et Sciences Humaines et Sociales\",\"publisher\":{\"@id\":\"https:\/\/uoh.fr\/front\/#organization\"},\"potentialAction\":[{\"@type\":\"SearchAction\",\"target\":{\"@type\":\"EntryPoint\",\"urlTemplate\":\"https:\/\/uoh.fr\/front\/?s={search_term_string}\"},\"query-input\":\"required name=search_term_string\"}],\"inLanguage\":\"fr-FR\"},{\"@type\":\"WebPage\",\"@id\":\"https:\/\/uoh.fr\/front\/se-former\/formation-continue\/#webpage\",\"url\":\"https:\/\/uoh.fr\/front\/se-former\/formation-continue\/\",\"name\":\"Formation Continue - UNIVERSIT\\u00c9 NUM\\u00c9RIQUE DES HUMANIT\\u00c9S\",\"isPartOf\":{\"@id\":\"https:\/\/uoh.fr\/front\/#website\"},\"datePublished\":\"2019-10-17T09:10:08+00:00\",\"dateModified\":\"2023-12-01T10:01:45+00:00\",\"breadcrumb\":{\"@id\":\"https:\/\/uoh.fr\/front\/se-former\/formation-continue\/#breadcrumb\"},\"inLanguage\":\"fr-FR\",\"potentialAction\":[{\"@type\":\"ReadAction\",\"target\":[\"https:\/\/uoh.fr\/front\/se-former\/formation-continue\/\"]}]},{\"@type\":\"BreadcrumbList\",\"@id\":\"https:\/\/uoh.fr\/front\/se-former\/formation-continue\/#breadcrumb\",\"itemListElement\":[{\"@type\":\"ListItem\",\"position\":1,\"name\":\"Home\",\"item\":\"https:\/\/uoh.fr\/front\/\"},{\"@type\":\"ListItem\",\"position\":2,\"name\":\"Former\",\"item\":\"https:\/\/uoh.fr\/front\/se-former\/\"},{\"@type\":\"ListItem\",\"position\":3,\"name\":\"Formation Continue\"}]}]}<\/script>\n<!-- \/ Yoast SEO plugin. -->","yoast_head_json":{"robots":{"index":"index","follow":"follow","max-snippet":"max-snippet:-1","max-image-preview":"max-image-preview:large","max-video-preview":"max-video-preview:-1"},"canonical":"https:\/\/uoh.fr\/front\/se-former\/formation-continue\/","og_locale":"fr_FR","og_type":"article","og_title":"Formation Continue - UNIVERSIT\u00c9 NUM\u00c9RIQUE DES HUMANIT\u00c9S","og_description":"La formation continue et la formation tout au long de la vie repr\u00e9sentent un enjeu fort pour nos \u00e9tablissements. L\u2019accompagnement des mutations oblige l\u2019\u00e9tablissement \u00e0 mettre en place des r\u00e9ponses int\u00e9grant les contraintes temporelles et \u00e9conomiques du monde du travail. Sc\u00e9nario 1 Ce sc\u00e9nario propose de r\u00e9utiliser les dispositifs de rem\u00e9diation mis en place pour [&hellip;]","og_url":"https:\/\/uoh.fr\/front\/se-former\/formation-continue\/","og_site_name":"UNIVERSIT\u00c9 NUM\u00c9RIQUE DES HUMANIT\u00c9S","article_publisher":"https:\/\/www.facebook.com\/UOHumanites\/","article_modified_time":"2023-12-01T10:01:45+00:00","twitter_card":"summary_large_image","twitter_site":"@uohumanites","twitter_misc":{"Dur\u00e9e de lecture estim\u00e9e":"1 minute"},"schema":{"@context":"https:\/\/schema.org","@graph":[{"@type":"Organization","@id":"https:\/\/uoh.fr\/front\/#organization","name":"Universit\u00e9 Ouverte des Humanit\u00e9s","url":"https:\/\/uoh.fr\/front\/","sameAs":["https:\/\/www.facebook.com\/UOHumanites\/","https:\/\/www.linkedin.com\/company\/universit-ouverte-des-humanit-s","https:\/\/fr.wikipedia.org\/wiki\/Universit\u00e9_ouverte_des_Humanit\u00e9s","https:\/\/twitter.com\/uohumanites"],"logo":{"@type":"ImageObject","@id":"https:\/\/uoh.fr\/front\/#logo","inLanguage":"fr-FR","url":"https:\/\/uoh.fr\/front\/wp-content\/uploads\/2019\/10\/logo-uoh-png.png","contentUrl":"https:\/\/uoh.fr\/front\/wp-content\/uploads\/2019\/10\/logo-uoh-png.png","width":1200,"height":507,"caption":"Universit\u00e9 Ouverte des Humanit\u00e9s"},"image":{"@id":"https:\/\/uoh.fr\/front\/#logo"}},{"@type":"WebSite","@id":"https:\/\/uoh.fr\/front\/#website","url":"https:\/\/uoh.fr\/front\/","name":"UOH","description":"Des ressources en Arts, Lettres, Langues et Sciences Humaines et Sociales","publisher":{"@id":"https:\/\/uoh.fr\/front\/#organization"},"potentialAction":[{"@type":"SearchAction","target":{"@type":"EntryPoint","urlTemplate":"https:\/\/uoh.fr\/front\/?s={search_term_string}"},"query-input":"required name=search_term_string"}],"inLanguage":"fr-FR"},{"@type":"WebPage","@id":"https:\/\/uoh.fr\/front\/se-former\/formation-continue\/#webpage","url":"https:\/\/uoh.fr\/front\/se-former\/formation-continue\/","name":"Formation Continue - UNIVERSIT\u00c9 NUM\u00c9RIQUE DES HUMANIT\u00c9S","isPartOf":{"@id":"https:\/\/uoh.fr\/front\/#website"},"datePublished":"2019-10-17T09:10:08+00:00","dateModified":"2023-12-01T10:01:45+00:00","breadcrumb":{"@id":"https:\/\/uoh.fr\/front\/se-former\/formation-continue\/#breadcrumb"},"inLanguage":"fr-FR","potentialAction":[{"@type":"ReadAction","target":["https:\/\/uoh.fr\/front\/se-former\/formation-continue\/"]}]},{"@type":"BreadcrumbList","@id":"https:\/\/uoh.fr\/front\/se-former\/formation-continue\/#breadcrumb","itemListElement":[{"@type":"ListItem","position":1,"name":"Home","item":"https:\/\/uoh.fr\/front\/"},{"@type":"ListItem","position":2,"name":"Former","item":"https:\/\/uoh.fr\/front\/se-former\/"},{"@type":"ListItem","position":3,"name":"Formation Continue"}]}]}},"_links":{"self":[{"href":"https:\/\/uoh.fr\/front\/wp-json\/wp\/v2\/pages\/763"}],"collection":[{"href":"https:\/\/uoh.fr\/front\/wp-json\/wp\/v2\/pages"}],"about":[{"href":"https:\/\/uoh.fr\/front\/wp-json\/wp\/v2\/types\/page"}],"author":[{"embeddable":true,"href":"https:\/\/uoh.fr\/front\/wp-json\/wp\/v2\/users\/1"}],"replies":[{"embeddable":true,"href":"https:\/\/uoh.fr\/front\/wp-json\/wp\/v2\/comments?post=763"}],"version-history":[{"count":5,"href":"https:\/\/uoh.fr\/front\/wp-json\/wp\/v2\/pages\/763\/revisions"}],"predecessor-version":[{"id":1288,"href":"https:\/\/uoh.fr\/front\/wp-json\/wp\/v2\/pages\/763\/revisions\/1288"}],"up":[{"embeddable":true,"href":"https:\/\/uoh.fr\/front\/wp-json\/wp\/v2\/pages\/582"}],"wp:attachment":[{"href":"https:\/\/uoh.fr\/front\/wp-json\/wp\/v2\/media?parent=763"}],"curies":[{"name":"wp","href":"https:\/\/api.w.org\/{rel}","templated":true}]}}