{"id":767,"date":"2019-10-17T11:11:46","date_gmt":"2019-10-17T09:11:46","guid":{"rendered":"http:\/\/unit-4.criann.fr\/front\/?page_id=767"},"modified":"2023-12-01T11:01:26","modified_gmt":"2023-12-01T10:01:26","slug":"etudiants-empeches","status":"publish","type":"page","link":"https:\/\/uoh.fr\/front\/se-former\/etudiants-empeches\/","title":{"rendered":"\u00c9tudiants emp\u00each\u00e9s"},"content":{"rendered":"\n<p>La probl\u00e9matique des \u00e9tudiants salari\u00e9s concerne de plus en\nplus d\u2019\u00e9tablissements. Elle peut trouver des r\u00e9ponses gr\u00e2ce \u00e0&nbsp;:<\/p>\n\n\n\n<ul><li>La mise \u00e0 disposition de ressources num\u00e9riques compl\u00e9mentaires et\/ou alternatives<\/li><li>L\u2019assistance \u00e0 la mise en \u0153uvre de centres de ressources virtuels ou physiques s\u2019appuyant sur des ressources num\u00e9riques articul\u00e9es au cursus de l\u2019\u00e9tudiant (p\u00e9dagoth\u00e8ques)<\/li><\/ul>\n\n\n\n<p><strong>Sc\u00e9nario 1<\/strong><\/p>\n\n\n\n<p>Ce sc\u00e9nario demande peu de moyens pour l\u2019\u00e9tablissement en termes de co\u00fbt et de mobilisation. <\/p>\n\n\n\n<ul><li><strong>\u00c9tape 1<\/strong>&nbsp;: Identifier les \u00e9tudiants emp\u00each\u00e9s en d\u00e9but de semestre (en leur demandant de se d\u00e9clarer\u2026)<\/li><li><strong>\u00c9tape 2<\/strong>&nbsp;: Avec l\u2019aide de l\u2019UOH, leur proposer, en compl\u00e9ment du pr\u00e9sentiel, des ressources \u00e9ducatives libres qui correspondent \u00e0 leur cursus&nbsp; <\/li><\/ul>\n\n\n\n<p><strong>Sc\u00e9nario 2<\/strong><\/p>\n\n\n\n<p>Plus co\u00fbteux en termes d&rsquo;investissement pour l\u2019\u00e9tablissement, ce sc\u00e9nario est sans doute aussi plus efficace. Il revient \u00e0 mettre en place un dispositif minimaliste de formation flexible et hybride.<\/p>\n\n\n\n<ul><li><strong>\u00c9tape 1<\/strong>\u00a0: Identifier les \u00e9tudiants emp\u00each\u00e9s en d\u00e9but de semestre (en leur demandant de se d\u00e9clarer\u2026)<\/li><li><strong>\u00c9tape 2<\/strong>\u00a0: Valider le motif d\u2019absence (conditions de revenus pour un travail salari\u00e9\u2026)<\/li><li><strong>\u00c9tape 3<\/strong>\u00a0: Proposer des parcours compl\u00e9mentaires de formation adapt\u00e9s \u00e0 leurs disponibilit\u00e9s et \u00e0 partir des ressources des UNT et de celles d\u00e9velopp\u00e9es sp\u00e9cifiquement par l\u2019enseignant<\/li><\/ul>\n\n\n\n<p><strong>Sc\u00e9nario 3<\/strong><\/p>\n\n\n\n<p>Une variante commune \u00e0 ces 2 sc\u00e9narios pourrait \u00eatre la cr\u00e9ation d\u2019un centre ressources virtuel ou physique permettant la mise en place d&rsquo;un tutorat par des enseignants ou des \u00e9tudiants.<\/p>\n\n\n\n<p>Cette variante accro\u00eet de fa\u00e7on tr\u00e8s sensible l\u2019efficacit\u00e9 des &nbsp;sc\u00e9narios pr\u00e9c\u00e9demment d\u00e9crits.<\/p>\n","protected":false},"excerpt":{"rendered":"<p>La probl\u00e9matique des \u00e9tudiants salari\u00e9s concerne de plus en plus d\u2019\u00e9tablissements. Elle peut trouver des r\u00e9ponses gr\u00e2ce \u00e0&nbsp;: La mise \u00e0 disposition de ressources num\u00e9riques compl\u00e9mentaires et\/ou alternatives L\u2019assistance \u00e0 la mise en \u0153uvre de centres de ressources virtuels ou physiques s\u2019appuyant sur des ressources num\u00e9riques articul\u00e9es au cursus de l\u2019\u00e9tudiant (p\u00e9dagoth\u00e8ques) Sc\u00e9nario 1 Ce [&hellip;]<\/p>\n","protected":false},"author":1,"featured_media":0,"parent":582,"menu_order":0,"comment_status":"closed","ping_status":"closed","template":"","meta":[],"acf":[],"yoast_head":"<!-- This site is optimized with the Yoast SEO plugin v17.7.1 - https:\/\/yoast.com\/wordpress\/plugins\/seo\/ -->\n<meta name=\"robots\" content=\"index, follow, max-snippet:-1, max-image-preview:large, max-video-preview:-1\" \/>\n<link rel=\"canonical\" href=\"https:\/\/uoh.fr\/front\/se-former\/etudiants-empeches\/\" \/>\n<meta property=\"og:locale\" content=\"fr_FR\" \/>\n<meta property=\"og:type\" content=\"article\" \/>\n<meta property=\"og:title\" content=\"\u00c9tudiants emp\u00each\u00e9s - UNIVERSIT\u00c9 NUM\u00c9RIQUE DES HUMANIT\u00c9S\" \/>\n<meta property=\"og:description\" content=\"La probl\u00e9matique des \u00e9tudiants salari\u00e9s concerne de plus en plus d\u2019\u00e9tablissements. Elle peut trouver des r\u00e9ponses gr\u00e2ce \u00e0&nbsp;: La mise \u00e0 disposition de ressources num\u00e9riques compl\u00e9mentaires et\/ou alternatives L\u2019assistance \u00e0 la mise en \u0153uvre de centres de ressources virtuels ou physiques s\u2019appuyant sur des ressources num\u00e9riques articul\u00e9es au cursus de l\u2019\u00e9tudiant (p\u00e9dagoth\u00e8ques) Sc\u00e9nario 1 Ce [&hellip;]\" \/>\n<meta property=\"og:url\" content=\"https:\/\/uoh.fr\/front\/se-former\/etudiants-empeches\/\" \/>\n<meta property=\"og:site_name\" content=\"UNIVERSIT\u00c9 NUM\u00c9RIQUE DES HUMANIT\u00c9S\" \/>\n<meta property=\"article:publisher\" content=\"https:\/\/www.facebook.com\/UOHumanites\/\" \/>\n<meta property=\"article:modified_time\" content=\"2023-12-01T10:01:26+00:00\" \/>\n<meta name=\"twitter:card\" content=\"summary_large_image\" \/>\n<meta name=\"twitter:site\" content=\"@uohumanites\" \/>\n<meta name=\"twitter:label1\" content=\"Dur\u00e9e de lecture estim\u00e9e\" \/>\n\t<meta name=\"twitter:data1\" content=\"1 minute\" \/>\n<script type=\"application\/ld+json\" class=\"yoast-schema-graph\">{\"@context\":\"https:\/\/schema.org\",\"@graph\":[{\"@type\":\"Organization\",\"@id\":\"https:\/\/uoh.fr\/front\/#organization\",\"name\":\"Universit\\u00e9 Ouverte des Humanit\\u00e9s\",\"url\":\"https:\/\/uoh.fr\/front\/\",\"sameAs\":[\"https:\/\/www.facebook.com\/UOHumanites\/\",\"https:\/\/www.linkedin.com\/company\/universit-ouverte-des-humanit-s\",\"https:\/\/fr.wikipedia.org\/wiki\/Universit\\u00e9_ouverte_des_Humanit\\u00e9s\",\"https:\/\/twitter.com\/uohumanites\"],\"logo\":{\"@type\":\"ImageObject\",\"@id\":\"https:\/\/uoh.fr\/front\/#logo\",\"inLanguage\":\"fr-FR\",\"url\":\"https:\/\/uoh.fr\/front\/wp-content\/uploads\/2019\/10\/logo-uoh-png.png\",\"contentUrl\":\"https:\/\/uoh.fr\/front\/wp-content\/uploads\/2019\/10\/logo-uoh-png.png\",\"width\":1200,\"height\":507,\"caption\":\"Universit\\u00e9 Ouverte des Humanit\\u00e9s\"},\"image\":{\"@id\":\"https:\/\/uoh.fr\/front\/#logo\"}},{\"@type\":\"WebSite\",\"@id\":\"https:\/\/uoh.fr\/front\/#website\",\"url\":\"https:\/\/uoh.fr\/front\/\",\"name\":\"UOH\",\"description\":\"Des ressources en Arts, Lettres, Langues et Sciences Humaines et Sociales\",\"publisher\":{\"@id\":\"https:\/\/uoh.fr\/front\/#organization\"},\"potentialAction\":[{\"@type\":\"SearchAction\",\"target\":{\"@type\":\"EntryPoint\",\"urlTemplate\":\"https:\/\/uoh.fr\/front\/?s={search_term_string}\"},\"query-input\":\"required name=search_term_string\"}],\"inLanguage\":\"fr-FR\"},{\"@type\":\"WebPage\",\"@id\":\"https:\/\/uoh.fr\/front\/se-former\/etudiants-empeches\/#webpage\",\"url\":\"https:\/\/uoh.fr\/front\/se-former\/etudiants-empeches\/\",\"name\":\"\\u00c9tudiants emp\\u00each\\u00e9s - UNIVERSIT\\u00c9 NUM\\u00c9RIQUE DES HUMANIT\\u00c9S\",\"isPartOf\":{\"@id\":\"https:\/\/uoh.fr\/front\/#website\"},\"datePublished\":\"2019-10-17T09:11:46+00:00\",\"dateModified\":\"2023-12-01T10:01:26+00:00\",\"breadcrumb\":{\"@id\":\"https:\/\/uoh.fr\/front\/se-former\/etudiants-empeches\/#breadcrumb\"},\"inLanguage\":\"fr-FR\",\"potentialAction\":[{\"@type\":\"ReadAction\",\"target\":[\"https:\/\/uoh.fr\/front\/se-former\/etudiants-empeches\/\"]}]},{\"@type\":\"BreadcrumbList\",\"@id\":\"https:\/\/uoh.fr\/front\/se-former\/etudiants-empeches\/#breadcrumb\",\"itemListElement\":[{\"@type\":\"ListItem\",\"position\":1,\"name\":\"Home\",\"item\":\"https:\/\/uoh.fr\/front\/\"},{\"@type\":\"ListItem\",\"position\":2,\"name\":\"Former\",\"item\":\"https:\/\/uoh.fr\/front\/se-former\/\"},{\"@type\":\"ListItem\",\"position\":3,\"name\":\"\\u00c9tudiants emp\\u00each\\u00e9s\"}]}]}<\/script>\n<!-- \/ Yoast SEO plugin. -->","yoast_head_json":{"robots":{"index":"index","follow":"follow","max-snippet":"max-snippet:-1","max-image-preview":"max-image-preview:large","max-video-preview":"max-video-preview:-1"},"canonical":"https:\/\/uoh.fr\/front\/se-former\/etudiants-empeches\/","og_locale":"fr_FR","og_type":"article","og_title":"\u00c9tudiants emp\u00each\u00e9s - UNIVERSIT\u00c9 NUM\u00c9RIQUE DES HUMANIT\u00c9S","og_description":"La probl\u00e9matique des \u00e9tudiants salari\u00e9s concerne de plus en plus d\u2019\u00e9tablissements. Elle peut trouver des r\u00e9ponses gr\u00e2ce \u00e0&nbsp;: La mise \u00e0 disposition de ressources num\u00e9riques compl\u00e9mentaires et\/ou alternatives L\u2019assistance \u00e0 la mise en \u0153uvre de centres de ressources virtuels ou physiques s\u2019appuyant sur des ressources num\u00e9riques articul\u00e9es au cursus de l\u2019\u00e9tudiant (p\u00e9dagoth\u00e8ques) Sc\u00e9nario 1 Ce [&hellip;]","og_url":"https:\/\/uoh.fr\/front\/se-former\/etudiants-empeches\/","og_site_name":"UNIVERSIT\u00c9 NUM\u00c9RIQUE DES HUMANIT\u00c9S","article_publisher":"https:\/\/www.facebook.com\/UOHumanites\/","article_modified_time":"2023-12-01T10:01:26+00:00","twitter_card":"summary_large_image","twitter_site":"@uohumanites","twitter_misc":{"Dur\u00e9e de lecture estim\u00e9e":"1 minute"},"schema":{"@context":"https:\/\/schema.org","@graph":[{"@type":"Organization","@id":"https:\/\/uoh.fr\/front\/#organization","name":"Universit\u00e9 Ouverte des Humanit\u00e9s","url":"https:\/\/uoh.fr\/front\/","sameAs":["https:\/\/www.facebook.com\/UOHumanites\/","https:\/\/www.linkedin.com\/company\/universit-ouverte-des-humanit-s","https:\/\/fr.wikipedia.org\/wiki\/Universit\u00e9_ouverte_des_Humanit\u00e9s","https:\/\/twitter.com\/uohumanites"],"logo":{"@type":"ImageObject","@id":"https:\/\/uoh.fr\/front\/#logo","inLanguage":"fr-FR","url":"https:\/\/uoh.fr\/front\/wp-content\/uploads\/2019\/10\/logo-uoh-png.png","contentUrl":"https:\/\/uoh.fr\/front\/wp-content\/uploads\/2019\/10\/logo-uoh-png.png","width":1200,"height":507,"caption":"Universit\u00e9 Ouverte des Humanit\u00e9s"},"image":{"@id":"https:\/\/uoh.fr\/front\/#logo"}},{"@type":"WebSite","@id":"https:\/\/uoh.fr\/front\/#website","url":"https:\/\/uoh.fr\/front\/","name":"UOH","description":"Des ressources en Arts, Lettres, Langues et Sciences Humaines et Sociales","publisher":{"@id":"https:\/\/uoh.fr\/front\/#organization"},"potentialAction":[{"@type":"SearchAction","target":{"@type":"EntryPoint","urlTemplate":"https:\/\/uoh.fr\/front\/?s={search_term_string}"},"query-input":"required name=search_term_string"}],"inLanguage":"fr-FR"},{"@type":"WebPage","@id":"https:\/\/uoh.fr\/front\/se-former\/etudiants-empeches\/#webpage","url":"https:\/\/uoh.fr\/front\/se-former\/etudiants-empeches\/","name":"\u00c9tudiants emp\u00each\u00e9s - UNIVERSIT\u00c9 NUM\u00c9RIQUE DES HUMANIT\u00c9S","isPartOf":{"@id":"https:\/\/uoh.fr\/front\/#website"},"datePublished":"2019-10-17T09:11:46+00:00","dateModified":"2023-12-01T10:01:26+00:00","breadcrumb":{"@id":"https:\/\/uoh.fr\/front\/se-former\/etudiants-empeches\/#breadcrumb"},"inLanguage":"fr-FR","potentialAction":[{"@type":"ReadAction","target":["https:\/\/uoh.fr\/front\/se-former\/etudiants-empeches\/"]}]},{"@type":"BreadcrumbList","@id":"https:\/\/uoh.fr\/front\/se-former\/etudiants-empeches\/#breadcrumb","itemListElement":[{"@type":"ListItem","position":1,"name":"Home","item":"https:\/\/uoh.fr\/front\/"},{"@type":"ListItem","position":2,"name":"Former","item":"https:\/\/uoh.fr\/front\/se-former\/"},{"@type":"ListItem","position":3,"name":"\u00c9tudiants emp\u00each\u00e9s"}]}]}},"_links":{"self":[{"href":"https:\/\/uoh.fr\/front\/wp-json\/wp\/v2\/pages\/767"}],"collection":[{"href":"https:\/\/uoh.fr\/front\/wp-json\/wp\/v2\/pages"}],"about":[{"href":"https:\/\/uoh.fr\/front\/wp-json\/wp\/v2\/types\/page"}],"author":[{"embeddable":true,"href":"https:\/\/uoh.fr\/front\/wp-json\/wp\/v2\/users\/1"}],"replies":[{"embeddable":true,"href":"https:\/\/uoh.fr\/front\/wp-json\/wp\/v2\/comments?post=767"}],"version-history":[{"count":10,"href":"https:\/\/uoh.fr\/front\/wp-json\/wp\/v2\/pages\/767\/revisions"}],"predecessor-version":[{"id":1367,"href":"https:\/\/uoh.fr\/front\/wp-json\/wp\/v2\/pages\/767\/revisions\/1367"}],"up":[{"embeddable":true,"href":"https:\/\/uoh.fr\/front\/wp-json\/wp\/v2\/pages\/582"}],"wp:attachment":[{"href":"https:\/\/uoh.fr\/front\/wp-json\/wp\/v2\/media?parent=767"}],"curies":[{"name":"wp","href":"https:\/\/api.w.org\/{rel}","templated":true}]}}