{"id":771,"date":"2019-10-17T11:13:19","date_gmt":"2019-10-17T09:13:19","guid":{"rendered":"http:\/\/unit-4.criann.fr\/front\/?page_id=771"},"modified":"2023-12-01T11:00:41","modified_gmt":"2023-12-01T10:00:41","slug":"disciplines-rares","status":"publish","type":"page","link":"https:\/\/uoh.fr\/front\/se-former\/disciplines-rares\/","title":{"rendered":"Disciplines rares"},"content":{"rendered":"\n<p>L\u2019offre de ressources sur des sujets tr\u00e8s pointus sert de patrimoine commun et permet de b\u00e9n\u00e9ficier de connaissances et comp\u00e9tences peu ou pas disponibles dans les \u00e9tablissements d&rsquo;enseignement sup\u00e9rieur.<\/p>\n\n\n\n<p><strong>Sc\u00e9nario possible<\/strong><\/p>\n\n\n\n<ul><li><strong>\u00c9tape 1<\/strong>&nbsp;: identifier des connaissances et\/ou des comp\u00e9tences risquant de dispara\u00eetre de l\u2019\u00e9tablissement (d\u00e9part \u00e0 la retraite, fermeture d\u2019une formation, etc.).<\/li><li><strong>\u00c9tape 2<\/strong>&nbsp;: identifier avec l\u2019UOH des contenus pouvant &nbsp;satisfaire le manque<\/li><li><strong>\u00c9tape 3<\/strong>&nbsp;: si les contenus n\u2019existent pas, proposer de les produire avant qu\u2019ils ne soient perdus, afin d\u2019en faire b\u00e9n\u00e9ficier son \u00e9tablissement \u00e0 l\u2019avenir, ainsi que la communaut\u00e9. <\/li><\/ul>\n\n\n\n<p>L\u2019offre de ressources peut \u00e9galement servir de soutien \u00e0 la consolidation de masters, fragilis\u00e9s par des baisses d&rsquo;effectifs ou un manque de ressources internes, ainsi que servir \u00e0 cr\u00e9er des masters hybrides constitu\u00e9s de modules \u00e0 distance partag\u00e9s entre plusieurs \u00e9tablissements.<\/p>\n","protected":false},"excerpt":{"rendered":"<p>L\u2019offre de ressources sur des sujets tr\u00e8s pointus sert de patrimoine commun et permet de b\u00e9n\u00e9ficier de connaissances et comp\u00e9tences peu ou pas disponibles dans les \u00e9tablissements d&rsquo;enseignement sup\u00e9rieur. Sc\u00e9nario possible \u00c9tape 1&nbsp;: identifier des connaissances et\/ou des comp\u00e9tences risquant de dispara\u00eetre de l\u2019\u00e9tablissement (d\u00e9part \u00e0 la retraite, fermeture d\u2019une formation, etc.). \u00c9tape 2&nbsp;: identifier [&hellip;]<\/p>\n","protected":false},"author":1,"featured_media":0,"parent":582,"menu_order":0,"comment_status":"closed","ping_status":"closed","template":"","meta":[],"acf":[],"yoast_head":"<!-- This site is optimized with the Yoast SEO plugin v17.7.1 - https:\/\/yoast.com\/wordpress\/plugins\/seo\/ -->\n<meta name=\"robots\" content=\"index, follow, max-snippet:-1, max-image-preview:large, max-video-preview:-1\" \/>\n<link rel=\"canonical\" href=\"https:\/\/uoh.fr\/front\/se-former\/disciplines-rares\/\" \/>\n<meta property=\"og:locale\" content=\"fr_FR\" \/>\n<meta property=\"og:type\" content=\"article\" \/>\n<meta property=\"og:title\" content=\"Disciplines rares - UNIVERSIT\u00c9 NUM\u00c9RIQUE DES HUMANIT\u00c9S\" \/>\n<meta property=\"og:description\" content=\"L\u2019offre de ressources sur des sujets tr\u00e8s pointus sert de patrimoine commun et permet de b\u00e9n\u00e9ficier de connaissances et comp\u00e9tences peu ou pas disponibles dans les \u00e9tablissements d&rsquo;enseignement sup\u00e9rieur. Sc\u00e9nario possible \u00c9tape 1&nbsp;: identifier des connaissances et\/ou des comp\u00e9tences risquant de dispara\u00eetre de l\u2019\u00e9tablissement (d\u00e9part \u00e0 la retraite, fermeture d\u2019une formation, etc.). \u00c9tape 2&nbsp;: identifier [&hellip;]\" \/>\n<meta property=\"og:url\" content=\"https:\/\/uoh.fr\/front\/se-former\/disciplines-rares\/\" \/>\n<meta property=\"og:site_name\" content=\"UNIVERSIT\u00c9 NUM\u00c9RIQUE DES HUMANIT\u00c9S\" \/>\n<meta property=\"article:publisher\" content=\"https:\/\/www.facebook.com\/UOHumanites\/\" \/>\n<meta property=\"article:modified_time\" content=\"2023-12-01T10:00:41+00:00\" \/>\n<meta name=\"twitter:card\" content=\"summary_large_image\" \/>\n<meta name=\"twitter:site\" content=\"@uohumanites\" \/>\n<meta name=\"twitter:label1\" content=\"Dur\u00e9e de lecture estim\u00e9e\" \/>\n\t<meta name=\"twitter:data1\" content=\"1 minute\" \/>\n<script type=\"application\/ld+json\" class=\"yoast-schema-graph\">{\"@context\":\"https:\/\/schema.org\",\"@graph\":[{\"@type\":\"Organization\",\"@id\":\"https:\/\/uoh.fr\/front\/#organization\",\"name\":\"Universit\\u00e9 Ouverte des Humanit\\u00e9s\",\"url\":\"https:\/\/uoh.fr\/front\/\",\"sameAs\":[\"https:\/\/www.facebook.com\/UOHumanites\/\",\"https:\/\/www.linkedin.com\/company\/universit-ouverte-des-humanit-s\",\"https:\/\/fr.wikipedia.org\/wiki\/Universit\\u00e9_ouverte_des_Humanit\\u00e9s\",\"https:\/\/twitter.com\/uohumanites\"],\"logo\":{\"@type\":\"ImageObject\",\"@id\":\"https:\/\/uoh.fr\/front\/#logo\",\"inLanguage\":\"fr-FR\",\"url\":\"https:\/\/uoh.fr\/front\/wp-content\/uploads\/2019\/10\/logo-uoh-png.png\",\"contentUrl\":\"https:\/\/uoh.fr\/front\/wp-content\/uploads\/2019\/10\/logo-uoh-png.png\",\"width\":1200,\"height\":507,\"caption\":\"Universit\\u00e9 Ouverte des Humanit\\u00e9s\"},\"image\":{\"@id\":\"https:\/\/uoh.fr\/front\/#logo\"}},{\"@type\":\"WebSite\",\"@id\":\"https:\/\/uoh.fr\/front\/#website\",\"url\":\"https:\/\/uoh.fr\/front\/\",\"name\":\"UOH\",\"description\":\"Des ressources en Arts, Lettres, Langues et Sciences Humaines et Sociales\",\"publisher\":{\"@id\":\"https:\/\/uoh.fr\/front\/#organization\"},\"potentialAction\":[{\"@type\":\"SearchAction\",\"target\":{\"@type\":\"EntryPoint\",\"urlTemplate\":\"https:\/\/uoh.fr\/front\/?s={search_term_string}\"},\"query-input\":\"required name=search_term_string\"}],\"inLanguage\":\"fr-FR\"},{\"@type\":\"WebPage\",\"@id\":\"https:\/\/uoh.fr\/front\/se-former\/disciplines-rares\/#webpage\",\"url\":\"https:\/\/uoh.fr\/front\/se-former\/disciplines-rares\/\",\"name\":\"Disciplines rares - UNIVERSIT\\u00c9 NUM\\u00c9RIQUE DES HUMANIT\\u00c9S\",\"isPartOf\":{\"@id\":\"https:\/\/uoh.fr\/front\/#website\"},\"datePublished\":\"2019-10-17T09:13:19+00:00\",\"dateModified\":\"2023-12-01T10:00:41+00:00\",\"breadcrumb\":{\"@id\":\"https:\/\/uoh.fr\/front\/se-former\/disciplines-rares\/#breadcrumb\"},\"inLanguage\":\"fr-FR\",\"potentialAction\":[{\"@type\":\"ReadAction\",\"target\":[\"https:\/\/uoh.fr\/front\/se-former\/disciplines-rares\/\"]}]},{\"@type\":\"BreadcrumbList\",\"@id\":\"https:\/\/uoh.fr\/front\/se-former\/disciplines-rares\/#breadcrumb\",\"itemListElement\":[{\"@type\":\"ListItem\",\"position\":1,\"name\":\"Home\",\"item\":\"https:\/\/uoh.fr\/front\/\"},{\"@type\":\"ListItem\",\"position\":2,\"name\":\"Former\",\"item\":\"https:\/\/uoh.fr\/front\/se-former\/\"},{\"@type\":\"ListItem\",\"position\":3,\"name\":\"Disciplines rares\"}]}]}<\/script>\n<!-- \/ Yoast SEO plugin. -->","yoast_head_json":{"robots":{"index":"index","follow":"follow","max-snippet":"max-snippet:-1","max-image-preview":"max-image-preview:large","max-video-preview":"max-video-preview:-1"},"canonical":"https:\/\/uoh.fr\/front\/se-former\/disciplines-rares\/","og_locale":"fr_FR","og_type":"article","og_title":"Disciplines rares - UNIVERSIT\u00c9 NUM\u00c9RIQUE DES HUMANIT\u00c9S","og_description":"L\u2019offre de ressources sur des sujets tr\u00e8s pointus sert de patrimoine commun et permet de b\u00e9n\u00e9ficier de connaissances et comp\u00e9tences peu ou pas disponibles dans les \u00e9tablissements d&rsquo;enseignement sup\u00e9rieur. Sc\u00e9nario possible \u00c9tape 1&nbsp;: identifier des connaissances et\/ou des comp\u00e9tences risquant de dispara\u00eetre de l\u2019\u00e9tablissement (d\u00e9part \u00e0 la retraite, fermeture d\u2019une formation, etc.). \u00c9tape 2&nbsp;: identifier [&hellip;]","og_url":"https:\/\/uoh.fr\/front\/se-former\/disciplines-rares\/","og_site_name":"UNIVERSIT\u00c9 NUM\u00c9RIQUE DES HUMANIT\u00c9S","article_publisher":"https:\/\/www.facebook.com\/UOHumanites\/","article_modified_time":"2023-12-01T10:00:41+00:00","twitter_card":"summary_large_image","twitter_site":"@uohumanites","twitter_misc":{"Dur\u00e9e de lecture estim\u00e9e":"1 minute"},"schema":{"@context":"https:\/\/schema.org","@graph":[{"@type":"Organization","@id":"https:\/\/uoh.fr\/front\/#organization","name":"Universit\u00e9 Ouverte des Humanit\u00e9s","url":"https:\/\/uoh.fr\/front\/","sameAs":["https:\/\/www.facebook.com\/UOHumanites\/","https:\/\/www.linkedin.com\/company\/universit-ouverte-des-humanit-s","https:\/\/fr.wikipedia.org\/wiki\/Universit\u00e9_ouverte_des_Humanit\u00e9s","https:\/\/twitter.com\/uohumanites"],"logo":{"@type":"ImageObject","@id":"https:\/\/uoh.fr\/front\/#logo","inLanguage":"fr-FR","url":"https:\/\/uoh.fr\/front\/wp-content\/uploads\/2019\/10\/logo-uoh-png.png","contentUrl":"https:\/\/uoh.fr\/front\/wp-content\/uploads\/2019\/10\/logo-uoh-png.png","width":1200,"height":507,"caption":"Universit\u00e9 Ouverte des Humanit\u00e9s"},"image":{"@id":"https:\/\/uoh.fr\/front\/#logo"}},{"@type":"WebSite","@id":"https:\/\/uoh.fr\/front\/#website","url":"https:\/\/uoh.fr\/front\/","name":"UOH","description":"Des ressources en Arts, Lettres, Langues et Sciences Humaines et Sociales","publisher":{"@id":"https:\/\/uoh.fr\/front\/#organization"},"potentialAction":[{"@type":"SearchAction","target":{"@type":"EntryPoint","urlTemplate":"https:\/\/uoh.fr\/front\/?s={search_term_string}"},"query-input":"required name=search_term_string"}],"inLanguage":"fr-FR"},{"@type":"WebPage","@id":"https:\/\/uoh.fr\/front\/se-former\/disciplines-rares\/#webpage","url":"https:\/\/uoh.fr\/front\/se-former\/disciplines-rares\/","name":"Disciplines rares - UNIVERSIT\u00c9 NUM\u00c9RIQUE DES HUMANIT\u00c9S","isPartOf":{"@id":"https:\/\/uoh.fr\/front\/#website"},"datePublished":"2019-10-17T09:13:19+00:00","dateModified":"2023-12-01T10:00:41+00:00","breadcrumb":{"@id":"https:\/\/uoh.fr\/front\/se-former\/disciplines-rares\/#breadcrumb"},"inLanguage":"fr-FR","potentialAction":[{"@type":"ReadAction","target":["https:\/\/uoh.fr\/front\/se-former\/disciplines-rares\/"]}]},{"@type":"BreadcrumbList","@id":"https:\/\/uoh.fr\/front\/se-former\/disciplines-rares\/#breadcrumb","itemListElement":[{"@type":"ListItem","position":1,"name":"Home","item":"https:\/\/uoh.fr\/front\/"},{"@type":"ListItem","position":2,"name":"Former","item":"https:\/\/uoh.fr\/front\/se-former\/"},{"@type":"ListItem","position":3,"name":"Disciplines rares"}]}]}},"_links":{"self":[{"href":"https:\/\/uoh.fr\/front\/wp-json\/wp\/v2\/pages\/771"}],"collection":[{"href":"https:\/\/uoh.fr\/front\/wp-json\/wp\/v2\/pages"}],"about":[{"href":"https:\/\/uoh.fr\/front\/wp-json\/wp\/v2\/types\/page"}],"author":[{"embeddable":true,"href":"https:\/\/uoh.fr\/front\/wp-json\/wp\/v2\/users\/1"}],"replies":[{"embeddable":true,"href":"https:\/\/uoh.fr\/front\/wp-json\/wp\/v2\/comments?post=771"}],"version-history":[{"count":3,"href":"https:\/\/uoh.fr\/front\/wp-json\/wp\/v2\/pages\/771\/revisions"}],"predecessor-version":[{"id":1285,"href":"https:\/\/uoh.fr\/front\/wp-json\/wp\/v2\/pages\/771\/revisions\/1285"}],"up":[{"embeddable":true,"href":"https:\/\/uoh.fr\/front\/wp-json\/wp\/v2\/pages\/582"}],"wp:attachment":[{"href":"https:\/\/uoh.fr\/front\/wp-json\/wp\/v2\/media?parent=771"}],"curies":[{"name":"wp","href":"https:\/\/api.w.org\/{rel}","templated":true}]}}