{"id":795,"date":"2019-10-18T13:46:11","date_gmt":"2019-10-18T11:46:11","guid":{"rendered":"http:\/\/unit-4.criann.fr\/front\/?page_id=795"},"modified":"2023-12-01T11:05:25","modified_gmt":"2023-12-01T10:05:25","slug":"production-en-cours","status":"publish","type":"page","link":"https:\/\/uoh.fr\/front\/participer\/production-en-cours\/","title":{"rendered":"Production en cours"},"content":{"rendered":"\n<p>Ressources en cours de production<\/p>\n\n\n\n<p><strong>L&rsquo;Industrie en France, XVIIe-XXIe si\u00e8cle \u2013 Universit\u00e9 Toulouse Jean-Jaur\u00e8s<\/strong><\/p>\n\n\n\n<p><strong>Cr\u00e9ation et sc\u00e9narisation de tests de positionnement en neurosciences cognitives et production de ressources \u00e9ducatives libres \u2013 Universit\u00e9 de Rouen Normandie<\/strong><\/p>\n\n\n\n<p><strong>Test de familiarit\u00e9 : la sociologie, qu&rsquo;est-ce que c&rsquo;est, \u00e0 quoi \u00e7a sert, \u00e0 quoi \u00e7a m\u00e8ne ? \u2013 Universit\u00e9 Toulouse<\/strong> <strong>Jean Jaur\u00e8s<\/strong><\/p>\n\n\n\n<p><strong>La Th\u00e9ologie \u00e0 l&rsquo;universit\u00e9 &#8211; L&rsquo;introduction\n\u00e0 la th\u00e9ologie protestante \u2013 Universit\u00e9 de Strasbourg<\/strong><strong><\/strong><\/p>\n\n\n\n<p><strong>J&rsquo;am\u00e9liore ma ma\u00eetrise du fran\u00e7ais (volet 2) \u2013 Paris Nanterre<\/strong> <strong>&#8211; Paris 10<\/strong><\/p>\n\n\n\n<p><strong> HEMED \u2013 Histoire Euro-m\u00e9diterran\u00e9enne &#8211; Le Mans<\/strong> <strong>Universit\u00e9<\/strong><\/p>\n","protected":false},"excerpt":{"rendered":"<p>Ressources en cours de production L&rsquo;Industrie en France, XVIIe-XXIe si\u00e8cle \u2013 Universit\u00e9 Toulouse Jean-Jaur\u00e8s Cr\u00e9ation et sc\u00e9narisation de tests de positionnement en neurosciences cognitives et production de ressources \u00e9ducatives libres \u2013 Universit\u00e9 de Rouen Normandie Test de familiarit\u00e9 : la sociologie, qu&rsquo;est-ce que c&rsquo;est, \u00e0 quoi \u00e7a sert, \u00e0 quoi \u00e7a m\u00e8ne ? \u2013 Universit\u00e9 [&hellip;]<\/p>\n","protected":false},"author":1,"featured_media":0,"parent":623,"menu_order":0,"comment_status":"closed","ping_status":"closed","template":"","meta":[],"acf":[],"yoast_head":"<!-- This site is optimized with the Yoast SEO plugin v17.7.1 - https:\/\/yoast.com\/wordpress\/plugins\/seo\/ -->\n<meta name=\"robots\" content=\"index, follow, max-snippet:-1, max-image-preview:large, max-video-preview:-1\" \/>\n<link rel=\"canonical\" href=\"https:\/\/uoh.fr\/front\/participer\/production-en-cours\/\" \/>\n<meta property=\"og:locale\" content=\"fr_FR\" \/>\n<meta property=\"og:type\" content=\"article\" \/>\n<meta property=\"og:title\" content=\"Production en cours - UNIVERSIT\u00c9 NUM\u00c9RIQUE DES HUMANIT\u00c9S\" \/>\n<meta property=\"og:description\" content=\"Ressources en cours de production L&rsquo;Industrie en France, XVIIe-XXIe si\u00e8cle \u2013 Universit\u00e9 Toulouse Jean-Jaur\u00e8s Cr\u00e9ation et sc\u00e9narisation de tests de positionnement en neurosciences cognitives et production de ressources \u00e9ducatives libres \u2013 Universit\u00e9 de Rouen Normandie Test de familiarit\u00e9 : la sociologie, qu&rsquo;est-ce que c&rsquo;est, \u00e0 quoi \u00e7a sert, \u00e0 quoi \u00e7a m\u00e8ne ? \u2013 Universit\u00e9 [&hellip;]\" \/>\n<meta property=\"og:url\" content=\"https:\/\/uoh.fr\/front\/participer\/production-en-cours\/\" \/>\n<meta property=\"og:site_name\" content=\"UNIVERSIT\u00c9 NUM\u00c9RIQUE DES HUMANIT\u00c9S\" \/>\n<meta property=\"article:publisher\" content=\"https:\/\/www.facebook.com\/UOHumanites\/\" \/>\n<meta property=\"article:modified_time\" content=\"2023-12-01T10:05:25+00:00\" \/>\n<meta name=\"twitter:card\" content=\"summary_large_image\" \/>\n<meta name=\"twitter:site\" content=\"@uohumanites\" \/>\n<script type=\"application\/ld+json\" class=\"yoast-schema-graph\">{\"@context\":\"https:\/\/schema.org\",\"@graph\":[{\"@type\":\"Organization\",\"@id\":\"https:\/\/uoh.fr\/front\/#organization\",\"name\":\"Universit\\u00e9 Ouverte des Humanit\\u00e9s\",\"url\":\"https:\/\/uoh.fr\/front\/\",\"sameAs\":[\"https:\/\/www.facebook.com\/UOHumanites\/\",\"https:\/\/www.linkedin.com\/company\/universit-ouverte-des-humanit-s\",\"https:\/\/fr.wikipedia.org\/wiki\/Universit\\u00e9_ouverte_des_Humanit\\u00e9s\",\"https:\/\/twitter.com\/uohumanites\"],\"logo\":{\"@type\":\"ImageObject\",\"@id\":\"https:\/\/uoh.fr\/front\/#logo\",\"inLanguage\":\"fr-FR\",\"url\":\"https:\/\/uoh.fr\/front\/wp-content\/uploads\/2019\/10\/logo-uoh-png.png\",\"contentUrl\":\"https:\/\/uoh.fr\/front\/wp-content\/uploads\/2019\/10\/logo-uoh-png.png\",\"width\":1200,\"height\":507,\"caption\":\"Universit\\u00e9 Ouverte des Humanit\\u00e9s\"},\"image\":{\"@id\":\"https:\/\/uoh.fr\/front\/#logo\"}},{\"@type\":\"WebSite\",\"@id\":\"https:\/\/uoh.fr\/front\/#website\",\"url\":\"https:\/\/uoh.fr\/front\/\",\"name\":\"UOH\",\"description\":\"Des ressources en Arts, Lettres, Langues et Sciences Humaines et Sociales\",\"publisher\":{\"@id\":\"https:\/\/uoh.fr\/front\/#organization\"},\"potentialAction\":[{\"@type\":\"SearchAction\",\"target\":{\"@type\":\"EntryPoint\",\"urlTemplate\":\"https:\/\/uoh.fr\/front\/?s={search_term_string}\"},\"query-input\":\"required name=search_term_string\"}],\"inLanguage\":\"fr-FR\"},{\"@type\":\"WebPage\",\"@id\":\"https:\/\/uoh.fr\/front\/participer\/production-en-cours\/#webpage\",\"url\":\"https:\/\/uoh.fr\/front\/participer\/production-en-cours\/\",\"name\":\"Production en cours - UNIVERSIT\\u00c9 NUM\\u00c9RIQUE DES HUMANIT\\u00c9S\",\"isPartOf\":{\"@id\":\"https:\/\/uoh.fr\/front\/#website\"},\"datePublished\":\"2019-10-18T11:46:11+00:00\",\"dateModified\":\"2023-12-01T10:05:25+00:00\",\"breadcrumb\":{\"@id\":\"https:\/\/uoh.fr\/front\/participer\/production-en-cours\/#breadcrumb\"},\"inLanguage\":\"fr-FR\",\"potentialAction\":[{\"@type\":\"ReadAction\",\"target\":[\"https:\/\/uoh.fr\/front\/participer\/production-en-cours\/\"]}]},{\"@type\":\"BreadcrumbList\",\"@id\":\"https:\/\/uoh.fr\/front\/participer\/production-en-cours\/#breadcrumb\",\"itemListElement\":[{\"@type\":\"ListItem\",\"position\":1,\"name\":\"Home\",\"item\":\"https:\/\/uoh.fr\/front\/\"},{\"@type\":\"ListItem\",\"position\":2,\"name\":\"Utile\",\"item\":\"https:\/\/uoh.fr\/front\/participer\/\"},{\"@type\":\"ListItem\",\"position\":3,\"name\":\"Production en cours\"}]}]}<\/script>\n<!-- \/ Yoast SEO plugin. -->","yoast_head_json":{"robots":{"index":"index","follow":"follow","max-snippet":"max-snippet:-1","max-image-preview":"max-image-preview:large","max-video-preview":"max-video-preview:-1"},"canonical":"https:\/\/uoh.fr\/front\/participer\/production-en-cours\/","og_locale":"fr_FR","og_type":"article","og_title":"Production en cours - UNIVERSIT\u00c9 NUM\u00c9RIQUE DES HUMANIT\u00c9S","og_description":"Ressources en cours de production L&rsquo;Industrie en France, XVIIe-XXIe si\u00e8cle \u2013 Universit\u00e9 Toulouse Jean-Jaur\u00e8s Cr\u00e9ation et sc\u00e9narisation de tests de positionnement en neurosciences cognitives et production de ressources \u00e9ducatives libres \u2013 Universit\u00e9 de Rouen Normandie Test de familiarit\u00e9 : la sociologie, qu&rsquo;est-ce que c&rsquo;est, \u00e0 quoi \u00e7a sert, \u00e0 quoi \u00e7a m\u00e8ne ? \u2013 Universit\u00e9 [&hellip;]","og_url":"https:\/\/uoh.fr\/front\/participer\/production-en-cours\/","og_site_name":"UNIVERSIT\u00c9 NUM\u00c9RIQUE DES HUMANIT\u00c9S","article_publisher":"https:\/\/www.facebook.com\/UOHumanites\/","article_modified_time":"2023-12-01T10:05:25+00:00","twitter_card":"summary_large_image","twitter_site":"@uohumanites","schema":{"@context":"https:\/\/schema.org","@graph":[{"@type":"Organization","@id":"https:\/\/uoh.fr\/front\/#organization","name":"Universit\u00e9 Ouverte des Humanit\u00e9s","url":"https:\/\/uoh.fr\/front\/","sameAs":["https:\/\/www.facebook.com\/UOHumanites\/","https:\/\/www.linkedin.com\/company\/universit-ouverte-des-humanit-s","https:\/\/fr.wikipedia.org\/wiki\/Universit\u00e9_ouverte_des_Humanit\u00e9s","https:\/\/twitter.com\/uohumanites"],"logo":{"@type":"ImageObject","@id":"https:\/\/uoh.fr\/front\/#logo","inLanguage":"fr-FR","url":"https:\/\/uoh.fr\/front\/wp-content\/uploads\/2019\/10\/logo-uoh-png.png","contentUrl":"https:\/\/uoh.fr\/front\/wp-content\/uploads\/2019\/10\/logo-uoh-png.png","width":1200,"height":507,"caption":"Universit\u00e9 Ouverte des Humanit\u00e9s"},"image":{"@id":"https:\/\/uoh.fr\/front\/#logo"}},{"@type":"WebSite","@id":"https:\/\/uoh.fr\/front\/#website","url":"https:\/\/uoh.fr\/front\/","name":"UOH","description":"Des ressources en Arts, Lettres, Langues et Sciences Humaines et Sociales","publisher":{"@id":"https:\/\/uoh.fr\/front\/#organization"},"potentialAction":[{"@type":"SearchAction","target":{"@type":"EntryPoint","urlTemplate":"https:\/\/uoh.fr\/front\/?s={search_term_string}"},"query-input":"required name=search_term_string"}],"inLanguage":"fr-FR"},{"@type":"WebPage","@id":"https:\/\/uoh.fr\/front\/participer\/production-en-cours\/#webpage","url":"https:\/\/uoh.fr\/front\/participer\/production-en-cours\/","name":"Production en cours - UNIVERSIT\u00c9 NUM\u00c9RIQUE DES HUMANIT\u00c9S","isPartOf":{"@id":"https:\/\/uoh.fr\/front\/#website"},"datePublished":"2019-10-18T11:46:11+00:00","dateModified":"2023-12-01T10:05:25+00:00","breadcrumb":{"@id":"https:\/\/uoh.fr\/front\/participer\/production-en-cours\/#breadcrumb"},"inLanguage":"fr-FR","potentialAction":[{"@type":"ReadAction","target":["https:\/\/uoh.fr\/front\/participer\/production-en-cours\/"]}]},{"@type":"BreadcrumbList","@id":"https:\/\/uoh.fr\/front\/participer\/production-en-cours\/#breadcrumb","itemListElement":[{"@type":"ListItem","position":1,"name":"Home","item":"https:\/\/uoh.fr\/front\/"},{"@type":"ListItem","position":2,"name":"Utile","item":"https:\/\/uoh.fr\/front\/participer\/"},{"@type":"ListItem","position":3,"name":"Production en cours"}]}]}},"_links":{"self":[{"href":"https:\/\/uoh.fr\/front\/wp-json\/wp\/v2\/pages\/795"}],"collection":[{"href":"https:\/\/uoh.fr\/front\/wp-json\/wp\/v2\/pages"}],"about":[{"href":"https:\/\/uoh.fr\/front\/wp-json\/wp\/v2\/types\/page"}],"author":[{"embeddable":true,"href":"https:\/\/uoh.fr\/front\/wp-json\/wp\/v2\/users\/1"}],"replies":[{"embeddable":true,"href":"https:\/\/uoh.fr\/front\/wp-json\/wp\/v2\/comments?post=795"}],"version-history":[{"count":4,"href":"https:\/\/uoh.fr\/front\/wp-json\/wp\/v2\/pages\/795\/revisions"}],"predecessor-version":[{"id":1240,"href":"https:\/\/uoh.fr\/front\/wp-json\/wp\/v2\/pages\/795\/revisions\/1240"}],"up":[{"embeddable":true,"href":"https:\/\/uoh.fr\/front\/wp-json\/wp\/v2\/pages\/623"}],"wp:attachment":[{"href":"https:\/\/uoh.fr\/front\/wp-json\/wp\/v2\/media?parent=795"}],"curies":[{"name":"wp","href":"https:\/\/api.w.org\/{rel}","templated":true}]}}