{"id":798,"date":"2019-10-18T13:47:45","date_gmt":"2019-10-18T11:47:45","guid":{"rendered":"http:\/\/unit-4.criann.fr\/front\/?page_id=798"},"modified":"2026-04-07T15:20:01","modified_gmt":"2026-04-07T13:20:01","slug":"adherer","status":"publish","type":"page","link":"https:\/\/uoh.fr\/front\/participer\/adherer\/","title":{"rendered":"Adh\u00e9rer"},"content":{"rendered":"\n<p>L\u2019adh\u00e9sion \u00e0 l\u2019UOH doit \u00eatre vot\u00e9e par le conseil d\u2019administration de chaque \u00e9tablissement, car l\u2019UOH est un service interuniversitaire.<\/p>\n\n\n\n<p>Un exemplaire de la charte d\u2019adh\u00e9sion sign\u00e9 par le chef d\u2019\u00e9tablissement doit \u00eatre envoy\u00e9 \u00e0 l\u2019UOH.<\/p>\n\n\n\n<p>Le montant de la cotisation est compris dans\u00a0<a href=\"https:\/\/uoh.fr\/front\/adhesion-commune-pour-une-offre-de-services-mutualisee\/\" target=\"_blank\" rel=\"noreferrer noopener\">l&rsquo;adh\u00e9sion commune<\/a>\u00a0propos\u00e9e par l&rsquo;UOH, UNIT et FUN. Il est\u00a0de 5000\u20ac pour les \u00e9tablissements souhaitant adh\u00e9rer \u00e0 l&rsquo;UOH hors de cette adh\u00e9sion commune.<\/p>\n\n\n\n<p>L\u2019UOH a pour principales missions de :<\/p>\n\n\n\n<ul><li><strong>Partager les\nproductions et les exp\u00e9riences<\/strong> : mettre des ressources \u00e9ducatives libres \u00e0 disposition des \u00e9tudiants et\ndes \u00e9quipes p\u00e9dagogiques, \u00e0 titre de compl\u00e9ments et\/ou de supports de cours, et\nvaloriser les usages<\/li><\/ul>\n\n\n\n<ul><li><strong>Transformer\nles pratiques p\u00e9dagogiques<\/strong> : accompagner la flexibilisation des formations et la diversification\ndes modes de transmission des connaissances en offrant la possibilit\u00e9 \u00e0 tous\nles \u00e9tablissements sup\u00e9rieurs de construire des strat\u00e9gies d&rsquo;enseignement\nhybrides<\/li><\/ul>\n\n\n\n<ul><li><strong>Valoriser la mutualisation et le patrimoine num\u00e9rique<\/strong> :<ul><li>valoriser les ressources, notamment dans les disciplines rares, les outils collaboratifs et les exp\u00e9riences p\u00e9dagogiques num\u00e9riques partag\u00e9es<\/li><\/ul><ul><li>produire, de mani\u00e8re mutualis\u00e9e, des ressources de qualit\u00e9, valid\u00e9es sur les plans p\u00e9dagogique, scientifique et technique<\/li><\/ul><\/li><\/ul>\n\n\n\n<p>Afin de mener \u00e0 bien ces missions, il est demand\u00e9 aux \u00e9tablissements sup\u00e9rieurs adh\u00e9rant \u00e0 l\u2019UOH de s\u2019engager \u00e0 :<\/p>\n\n\n\n<ul><li><strong>favoriser les usages, <\/strong>la production et la diffusion de ressources p\u00e9dagogiques num\u00e9riques<\/li><li><strong>participer activement au pilotage de l\u2019UOH <\/strong>en si\u00e9geant au conseil d\u2019administration et d\u00e9signant un repr\u00e9sentant au comit\u00e9 de pilotage<\/li><li>respecter les statuts et le r\u00e8glement int\u00e9rieur de l\u2019UOH<\/li><li>verser leur contribution annuelle dont le montant est fix\u00e9 par le conseil d\u2019administration<\/li><\/ul>\n\n\n\n<p><strong><a href=\"https:\/\/uoh.fr\/front\/wp-content\/uploads\/2022\/09\/charte-adhesion-uoh.pdf\" target=\"_blank\" rel=\"noreferrer noopener\">T\u00e9l\u00e9chargez la charte d&rsquo;adh\u00e9sion (format pdf)<\/a><\/strong><\/p>\n\n\n\n<p><strong>Pour plus d&rsquo;information, contactez : <\/strong><a href=\"mailto:carole.schorle-stefan@unistra.fr\">carole.schorle-stefan@unistra.fr<\/a><\/p>\n","protected":false},"excerpt":{"rendered":"<p>L\u2019adh\u00e9sion \u00e0 l\u2019UOH doit \u00eatre vot\u00e9e par le conseil d\u2019administration de chaque \u00e9tablissement, car l\u2019UOH est un service interuniversitaire. Un exemplaire de la charte d\u2019adh\u00e9sion sign\u00e9 par le chef d\u2019\u00e9tablissement doit \u00eatre envoy\u00e9 \u00e0 l\u2019UOH. Le montant de la cotisation est compris dans\u00a0l&rsquo;adh\u00e9sion commune\u00a0propos\u00e9e par l&rsquo;UOH, UNIT et FUN. Il est\u00a0de 5000\u20ac pour les \u00e9tablissements [&hellip;]<\/p>\n","protected":false},"author":1,"featured_media":0,"parent":623,"menu_order":0,"comment_status":"closed","ping_status":"closed","template":"","meta":[],"acf":[],"yoast_head":"<!-- This site is optimized with the Yoast SEO plugin v17.7.1 - https:\/\/yoast.com\/wordpress\/plugins\/seo\/ -->\n<meta name=\"robots\" content=\"index, follow, max-snippet:-1, max-image-preview:large, max-video-preview:-1\" \/>\n<link rel=\"canonical\" href=\"https:\/\/uoh.fr\/front\/participer\/adherer\/\" \/>\n<meta property=\"og:locale\" content=\"fr_FR\" \/>\n<meta property=\"og:type\" content=\"article\" \/>\n<meta property=\"og:title\" content=\"Adh\u00e9rer - UNIVERSIT\u00c9 NUM\u00c9RIQUE DES HUMANIT\u00c9S\" \/>\n<meta property=\"og:description\" content=\"L\u2019adh\u00e9sion \u00e0 l\u2019UOH doit \u00eatre vot\u00e9e par le conseil d\u2019administration de chaque \u00e9tablissement, car l\u2019UOH est un service interuniversitaire. Un exemplaire de la charte d\u2019adh\u00e9sion sign\u00e9 par le chef d\u2019\u00e9tablissement doit \u00eatre envoy\u00e9 \u00e0 l\u2019UOH. Le montant de la cotisation est compris dans\u00a0l&rsquo;adh\u00e9sion commune\u00a0propos\u00e9e par l&rsquo;UOH, UNIT et FUN. Il est\u00a0de 5000\u20ac pour les \u00e9tablissements [&hellip;]\" \/>\n<meta property=\"og:url\" content=\"https:\/\/uoh.fr\/front\/participer\/adherer\/\" \/>\n<meta property=\"og:site_name\" content=\"UNIVERSIT\u00c9 NUM\u00c9RIQUE DES HUMANIT\u00c9S\" \/>\n<meta property=\"article:publisher\" content=\"https:\/\/www.facebook.com\/UOHumanites\/\" \/>\n<meta property=\"article:modified_time\" content=\"2026-04-07T13:20:01+00:00\" \/>\n<meta name=\"twitter:card\" content=\"summary_large_image\" \/>\n<meta name=\"twitter:site\" content=\"@uohumanites\" \/>\n<meta name=\"twitter:label1\" content=\"Dur\u00e9e de lecture estim\u00e9e\" \/>\n\t<meta name=\"twitter:data1\" content=\"2 minutes\" \/>\n<script type=\"application\/ld+json\" class=\"yoast-schema-graph\">{\"@context\":\"https:\/\/schema.org\",\"@graph\":[{\"@type\":\"Organization\",\"@id\":\"https:\/\/uoh.fr\/front\/#organization\",\"name\":\"Universit\\u00e9 Ouverte des Humanit\\u00e9s\",\"url\":\"https:\/\/uoh.fr\/front\/\",\"sameAs\":[\"https:\/\/www.facebook.com\/UOHumanites\/\",\"https:\/\/www.linkedin.com\/company\/universit-ouverte-des-humanit-s\",\"https:\/\/fr.wikipedia.org\/wiki\/Universit\\u00e9_ouverte_des_Humanit\\u00e9s\",\"https:\/\/twitter.com\/uohumanites\"],\"logo\":{\"@type\":\"ImageObject\",\"@id\":\"https:\/\/uoh.fr\/front\/#logo\",\"inLanguage\":\"fr-FR\",\"url\":\"https:\/\/uoh.fr\/front\/wp-content\/uploads\/2019\/10\/logo-uoh-png.png\",\"contentUrl\":\"https:\/\/uoh.fr\/front\/wp-content\/uploads\/2019\/10\/logo-uoh-png.png\",\"width\":1200,\"height\":507,\"caption\":\"Universit\\u00e9 Ouverte des Humanit\\u00e9s\"},\"image\":{\"@id\":\"https:\/\/uoh.fr\/front\/#logo\"}},{\"@type\":\"WebSite\",\"@id\":\"https:\/\/uoh.fr\/front\/#website\",\"url\":\"https:\/\/uoh.fr\/front\/\",\"name\":\"UOH\",\"description\":\"Des ressources en Arts, Lettres, Langues et Sciences Humaines et Sociales\",\"publisher\":{\"@id\":\"https:\/\/uoh.fr\/front\/#organization\"},\"potentialAction\":[{\"@type\":\"SearchAction\",\"target\":{\"@type\":\"EntryPoint\",\"urlTemplate\":\"https:\/\/uoh.fr\/front\/?s={search_term_string}\"},\"query-input\":\"required name=search_term_string\"}],\"inLanguage\":\"fr-FR\"},{\"@type\":\"WebPage\",\"@id\":\"https:\/\/uoh.fr\/front\/participer\/adherer\/#webpage\",\"url\":\"https:\/\/uoh.fr\/front\/participer\/adherer\/\",\"name\":\"Adh\\u00e9rer - UNIVERSIT\\u00c9 NUM\\u00c9RIQUE DES HUMANIT\\u00c9S\",\"isPartOf\":{\"@id\":\"https:\/\/uoh.fr\/front\/#website\"},\"datePublished\":\"2019-10-18T11:47:45+00:00\",\"dateModified\":\"2026-04-07T13:20:01+00:00\",\"breadcrumb\":{\"@id\":\"https:\/\/uoh.fr\/front\/participer\/adherer\/#breadcrumb\"},\"inLanguage\":\"fr-FR\",\"potentialAction\":[{\"@type\":\"ReadAction\",\"target\":[\"https:\/\/uoh.fr\/front\/participer\/adherer\/\"]}]},{\"@type\":\"BreadcrumbList\",\"@id\":\"https:\/\/uoh.fr\/front\/participer\/adherer\/#breadcrumb\",\"itemListElement\":[{\"@type\":\"ListItem\",\"position\":1,\"name\":\"Home\",\"item\":\"https:\/\/uoh.fr\/front\/\"},{\"@type\":\"ListItem\",\"position\":2,\"name\":\"Utile\",\"item\":\"https:\/\/uoh.fr\/front\/participer\/\"},{\"@type\":\"ListItem\",\"position\":3,\"name\":\"Adh\\u00e9rer\"}]}]}<\/script>\n<!-- \/ Yoast SEO plugin. -->","yoast_head_json":{"robots":{"index":"index","follow":"follow","max-snippet":"max-snippet:-1","max-image-preview":"max-image-preview:large","max-video-preview":"max-video-preview:-1"},"canonical":"https:\/\/uoh.fr\/front\/participer\/adherer\/","og_locale":"fr_FR","og_type":"article","og_title":"Adh\u00e9rer - UNIVERSIT\u00c9 NUM\u00c9RIQUE DES HUMANIT\u00c9S","og_description":"L\u2019adh\u00e9sion \u00e0 l\u2019UOH doit \u00eatre vot\u00e9e par le conseil d\u2019administration de chaque \u00e9tablissement, car l\u2019UOH est un service interuniversitaire. Un exemplaire de la charte d\u2019adh\u00e9sion sign\u00e9 par le chef d\u2019\u00e9tablissement doit \u00eatre envoy\u00e9 \u00e0 l\u2019UOH. Le montant de la cotisation est compris dans\u00a0l&rsquo;adh\u00e9sion commune\u00a0propos\u00e9e par l&rsquo;UOH, UNIT et FUN. Il est\u00a0de 5000\u20ac pour les \u00e9tablissements [&hellip;]","og_url":"https:\/\/uoh.fr\/front\/participer\/adherer\/","og_site_name":"UNIVERSIT\u00c9 NUM\u00c9RIQUE DES HUMANIT\u00c9S","article_publisher":"https:\/\/www.facebook.com\/UOHumanites\/","article_modified_time":"2026-04-07T13:20:01+00:00","twitter_card":"summary_large_image","twitter_site":"@uohumanites","twitter_misc":{"Dur\u00e9e de lecture estim\u00e9e":"2 minutes"},"schema":{"@context":"https:\/\/schema.org","@graph":[{"@type":"Organization","@id":"https:\/\/uoh.fr\/front\/#organization","name":"Universit\u00e9 Ouverte des Humanit\u00e9s","url":"https:\/\/uoh.fr\/front\/","sameAs":["https:\/\/www.facebook.com\/UOHumanites\/","https:\/\/www.linkedin.com\/company\/universit-ouverte-des-humanit-s","https:\/\/fr.wikipedia.org\/wiki\/Universit\u00e9_ouverte_des_Humanit\u00e9s","https:\/\/twitter.com\/uohumanites"],"logo":{"@type":"ImageObject","@id":"https:\/\/uoh.fr\/front\/#logo","inLanguage":"fr-FR","url":"https:\/\/uoh.fr\/front\/wp-content\/uploads\/2019\/10\/logo-uoh-png.png","contentUrl":"https:\/\/uoh.fr\/front\/wp-content\/uploads\/2019\/10\/logo-uoh-png.png","width":1200,"height":507,"caption":"Universit\u00e9 Ouverte des Humanit\u00e9s"},"image":{"@id":"https:\/\/uoh.fr\/front\/#logo"}},{"@type":"WebSite","@id":"https:\/\/uoh.fr\/front\/#website","url":"https:\/\/uoh.fr\/front\/","name":"UOH","description":"Des ressources en Arts, Lettres, Langues et Sciences Humaines et Sociales","publisher":{"@id":"https:\/\/uoh.fr\/front\/#organization"},"potentialAction":[{"@type":"SearchAction","target":{"@type":"EntryPoint","urlTemplate":"https:\/\/uoh.fr\/front\/?s={search_term_string}"},"query-input":"required name=search_term_string"}],"inLanguage":"fr-FR"},{"@type":"WebPage","@id":"https:\/\/uoh.fr\/front\/participer\/adherer\/#webpage","url":"https:\/\/uoh.fr\/front\/participer\/adherer\/","name":"Adh\u00e9rer - UNIVERSIT\u00c9 NUM\u00c9RIQUE DES HUMANIT\u00c9S","isPartOf":{"@id":"https:\/\/uoh.fr\/front\/#website"},"datePublished":"2019-10-18T11:47:45+00:00","dateModified":"2026-04-07T13:20:01+00:00","breadcrumb":{"@id":"https:\/\/uoh.fr\/front\/participer\/adherer\/#breadcrumb"},"inLanguage":"fr-FR","potentialAction":[{"@type":"ReadAction","target":["https:\/\/uoh.fr\/front\/participer\/adherer\/"]}]},{"@type":"BreadcrumbList","@id":"https:\/\/uoh.fr\/front\/participer\/adherer\/#breadcrumb","itemListElement":[{"@type":"ListItem","position":1,"name":"Home","item":"https:\/\/uoh.fr\/front\/"},{"@type":"ListItem","position":2,"name":"Utile","item":"https:\/\/uoh.fr\/front\/participer\/"},{"@type":"ListItem","position":3,"name":"Adh\u00e9rer"}]}]}},"_links":{"self":[{"href":"https:\/\/uoh.fr\/front\/wp-json\/wp\/v2\/pages\/798"}],"collection":[{"href":"https:\/\/uoh.fr\/front\/wp-json\/wp\/v2\/pages"}],"about":[{"href":"https:\/\/uoh.fr\/front\/wp-json\/wp\/v2\/types\/page"}],"author":[{"embeddable":true,"href":"https:\/\/uoh.fr\/front\/wp-json\/wp\/v2\/users\/1"}],"replies":[{"embeddable":true,"href":"https:\/\/uoh.fr\/front\/wp-json\/wp\/v2\/comments?post=798"}],"version-history":[{"count":10,"href":"https:\/\/uoh.fr\/front\/wp-json\/wp\/v2\/pages\/798\/revisions"}],"predecessor-version":[{"id":3758,"href":"https:\/\/uoh.fr\/front\/wp-json\/wp\/v2\/pages\/798\/revisions\/3758"}],"up":[{"embeddable":true,"href":"https:\/\/uoh.fr\/front\/wp-json\/wp\/v2\/pages\/623"}],"wp:attachment":[{"href":"https:\/\/uoh.fr\/front\/wp-json\/wp\/v2\/media?parent=798"}],"curies":[{"name":"wp","href":"https:\/\/api.w.org\/{rel}","templated":true}]}}