{"id":802,"date":"2019-10-18T13:49:29","date_gmt":"2019-10-18T11:49:29","guid":{"rendered":"http:\/\/unit-4.criann.fr\/front\/?page_id=802"},"modified":"2023-12-01T11:05:50","modified_gmt":"2023-12-01T10:05:50","slug":"entrepot-oai","status":"publish","type":"page","link":"https:\/\/uoh.fr\/front\/participer\/entrepot-oai\/","title":{"rendered":"Entrep\u00f4t OAI"},"content":{"rendered":"\n<p>L\u2019UOH adh\u00e8re au protocole d\u2019\u00e9change de m\u00e9tadonn\u00e9es <em>OAI-PMH<\/em><\/p>\n\n\n\n<p><strong>Notre entrep\u00f4t OAI est moissonnable \u00e0 l\u2019adresse suivante :<\/strong> <a href=\"https:\/\/www.uoh.fr\/oai\/provider?verb=Identify\" target=\"_blank\" rel=\"noreferrer noopener\">https:\/\/www.uoh.fr\/oai\/provider?verb=Identify<\/a><\/p>\n\n\n\n<p><strong>Formats d\u2019exposition des m\u00e9tadonn\u00e9es&nbsp;: SupLOMFR et OAI_DC.<\/strong><\/p>\n\n\n\n<p>Vous trouverez dans l\u2019entrep\u00f4t expos\u00e9 en SupLOMFR un d\u00e9coupage par sets disciplinaires tr\u00e8s affin\u00e9s. Ce d\u00e9coupage vous permet, si vous le souhaitez, de r\u00e9aliser un moissonnage s\u00e9lectif par disciplines ou sp\u00e9cialit\u00e9s de nos fiches SupLOMFR.<\/p>\n\n\n\n<figure class=\"wp-block-image is-resized\"><img loading=\"lazy\" src=\"https:\/\/uoh.fr\/front\/wp-content\/uploads\/2019\/10\/open-archives.gif\" alt=\"\" class=\"wp-image-1021\" width=\"176\" height=\"123\"\/><\/figure>\n\n\n\n<p><strong>Plus d\u2019informations sur le protocole OAI-PMH : &nbsp;&nbsp;&nbsp;&nbsp;&nbsp;&nbsp;&nbsp;&nbsp;&nbsp;&nbsp;&nbsp;&nbsp;&nbsp;&nbsp; <\/strong><\/p>\n\n\n\n<p>(<em>Open Archives Initiative\u2019s\nProtocol for Metadata Harvesting<\/em>)<strong>&nbsp;<\/strong><\/p>\n\n\n\n<ul><li><a rel=\"noreferrer noopener\" href=\"http:\/\/www.openarchives.org\/\" target=\"_blank\">http:\/\/www.openarchives.org\/<\/a><\/li><li><a rel=\"noreferrer noopener\" href=\"http:\/\/www.openarchives.org\/OAI\/openarchivesprotocol.html\" target=\"_blank\">http:\/\/www.openarchives.org\/OAI\/openarchivesprotocol.html<\/a><\/li><\/ul>\n","protected":false},"excerpt":{"rendered":"<p>L\u2019UOH adh\u00e8re au protocole d\u2019\u00e9change de m\u00e9tadonn\u00e9es OAI-PMH Notre entrep\u00f4t OAI est moissonnable \u00e0 l\u2019adresse suivante : https:\/\/www.uoh.fr\/oai\/provider?verb=Identify Formats d\u2019exposition des m\u00e9tadonn\u00e9es&nbsp;: SupLOMFR et OAI_DC. Vous trouverez dans l\u2019entrep\u00f4t expos\u00e9 en SupLOMFR un d\u00e9coupage par sets disciplinaires tr\u00e8s affin\u00e9s. Ce d\u00e9coupage vous permet, si vous le souhaitez, de r\u00e9aliser un moissonnage s\u00e9lectif par disciplines ou [&hellip;]<\/p>\n","protected":false},"author":1,"featured_media":0,"parent":623,"menu_order":0,"comment_status":"closed","ping_status":"closed","template":"","meta":[],"acf":[],"yoast_head":"<!-- This site is optimized with the Yoast SEO plugin v17.7.1 - https:\/\/yoast.com\/wordpress\/plugins\/seo\/ -->\n<meta name=\"robots\" content=\"index, follow, max-snippet:-1, max-image-preview:large, max-video-preview:-1\" \/>\n<link rel=\"canonical\" href=\"https:\/\/uoh.fr\/front\/participer\/entrepot-oai\/\" \/>\n<meta property=\"og:locale\" content=\"fr_FR\" \/>\n<meta property=\"og:type\" content=\"article\" \/>\n<meta property=\"og:title\" content=\"Entrep\u00f4t OAI - UNIVERSIT\u00c9 NUM\u00c9RIQUE DES HUMANIT\u00c9S\" \/>\n<meta property=\"og:description\" content=\"L\u2019UOH adh\u00e8re au protocole d\u2019\u00e9change de m\u00e9tadonn\u00e9es OAI-PMH Notre entrep\u00f4t OAI est moissonnable \u00e0 l\u2019adresse suivante : https:\/\/www.uoh.fr\/oai\/provider?verb=Identify Formats d\u2019exposition des m\u00e9tadonn\u00e9es&nbsp;: SupLOMFR et OAI_DC. Vous trouverez dans l\u2019entrep\u00f4t expos\u00e9 en SupLOMFR un d\u00e9coupage par sets disciplinaires tr\u00e8s affin\u00e9s. Ce d\u00e9coupage vous permet, si vous le souhaitez, de r\u00e9aliser un moissonnage s\u00e9lectif par disciplines ou [&hellip;]\" \/>\n<meta property=\"og:url\" content=\"https:\/\/uoh.fr\/front\/participer\/entrepot-oai\/\" \/>\n<meta property=\"og:site_name\" content=\"UNIVERSIT\u00c9 NUM\u00c9RIQUE DES HUMANIT\u00c9S\" \/>\n<meta property=\"article:publisher\" content=\"https:\/\/www.facebook.com\/UOHumanites\/\" \/>\n<meta property=\"article:modified_time\" content=\"2023-12-01T10:05:50+00:00\" \/>\n<meta property=\"og:image\" content=\"https:\/\/uoh.fr\/front\/wp-content\/uploads\/2019\/10\/open-archives.gif\" \/>\n<meta name=\"twitter:card\" content=\"summary_large_image\" \/>\n<meta name=\"twitter:site\" content=\"@uohumanites\" \/>\n<meta name=\"twitter:label1\" content=\"Dur\u00e9e de lecture estim\u00e9e\" \/>\n\t<meta name=\"twitter:data1\" content=\"1 minute\" \/>\n<script type=\"application\/ld+json\" class=\"yoast-schema-graph\">{\"@context\":\"https:\/\/schema.org\",\"@graph\":[{\"@type\":\"Organization\",\"@id\":\"https:\/\/uoh.fr\/front\/#organization\",\"name\":\"Universit\\u00e9 Ouverte des Humanit\\u00e9s\",\"url\":\"https:\/\/uoh.fr\/front\/\",\"sameAs\":[\"https:\/\/www.facebook.com\/UOHumanites\/\",\"https:\/\/www.linkedin.com\/company\/universit-ouverte-des-humanit-s\",\"https:\/\/fr.wikipedia.org\/wiki\/Universit\\u00e9_ouverte_des_Humanit\\u00e9s\",\"https:\/\/twitter.com\/uohumanites\"],\"logo\":{\"@type\":\"ImageObject\",\"@id\":\"https:\/\/uoh.fr\/front\/#logo\",\"inLanguage\":\"fr-FR\",\"url\":\"https:\/\/uoh.fr\/front\/wp-content\/uploads\/2019\/10\/logo-uoh-png.png\",\"contentUrl\":\"https:\/\/uoh.fr\/front\/wp-content\/uploads\/2019\/10\/logo-uoh-png.png\",\"width\":1200,\"height\":507,\"caption\":\"Universit\\u00e9 Ouverte des Humanit\\u00e9s\"},\"image\":{\"@id\":\"https:\/\/uoh.fr\/front\/#logo\"}},{\"@type\":\"WebSite\",\"@id\":\"https:\/\/uoh.fr\/front\/#website\",\"url\":\"https:\/\/uoh.fr\/front\/\",\"name\":\"UOH\",\"description\":\"Des ressources en Arts, Lettres, Langues et Sciences Humaines et Sociales\",\"publisher\":{\"@id\":\"https:\/\/uoh.fr\/front\/#organization\"},\"potentialAction\":[{\"@type\":\"SearchAction\",\"target\":{\"@type\":\"EntryPoint\",\"urlTemplate\":\"https:\/\/uoh.fr\/front\/?s={search_term_string}\"},\"query-input\":\"required name=search_term_string\"}],\"inLanguage\":\"fr-FR\"},{\"@type\":\"ImageObject\",\"@id\":\"https:\/\/uoh.fr\/front\/participer\/entrepot-oai\/#primaryimage\",\"inLanguage\":\"fr-FR\",\"url\":\"https:\/\/uoh.fr\/front\/wp-content\/uploads\/2019\/10\/open-archives.gif\",\"contentUrl\":\"https:\/\/uoh.fr\/front\/wp-content\/uploads\/2019\/10\/open-archives.gif\",\"width\":200,\"height\":140},{\"@type\":\"WebPage\",\"@id\":\"https:\/\/uoh.fr\/front\/participer\/entrepot-oai\/#webpage\",\"url\":\"https:\/\/uoh.fr\/front\/participer\/entrepot-oai\/\",\"name\":\"Entrep\\u00f4t OAI - UNIVERSIT\\u00c9 NUM\\u00c9RIQUE DES HUMANIT\\u00c9S\",\"isPartOf\":{\"@id\":\"https:\/\/uoh.fr\/front\/#website\"},\"primaryImageOfPage\":{\"@id\":\"https:\/\/uoh.fr\/front\/participer\/entrepot-oai\/#primaryimage\"},\"datePublished\":\"2019-10-18T11:49:29+00:00\",\"dateModified\":\"2023-12-01T10:05:50+00:00\",\"breadcrumb\":{\"@id\":\"https:\/\/uoh.fr\/front\/participer\/entrepot-oai\/#breadcrumb\"},\"inLanguage\":\"fr-FR\",\"potentialAction\":[{\"@type\":\"ReadAction\",\"target\":[\"https:\/\/uoh.fr\/front\/participer\/entrepot-oai\/\"]}]},{\"@type\":\"BreadcrumbList\",\"@id\":\"https:\/\/uoh.fr\/front\/participer\/entrepot-oai\/#breadcrumb\",\"itemListElement\":[{\"@type\":\"ListItem\",\"position\":1,\"name\":\"Home\",\"item\":\"https:\/\/uoh.fr\/front\/\"},{\"@type\":\"ListItem\",\"position\":2,\"name\":\"Utile\",\"item\":\"https:\/\/uoh.fr\/front\/participer\/\"},{\"@type\":\"ListItem\",\"position\":3,\"name\":\"Entrep\\u00f4t OAI\"}]}]}<\/script>\n<!-- \/ Yoast SEO plugin. -->","yoast_head_json":{"robots":{"index":"index","follow":"follow","max-snippet":"max-snippet:-1","max-image-preview":"max-image-preview:large","max-video-preview":"max-video-preview:-1"},"canonical":"https:\/\/uoh.fr\/front\/participer\/entrepot-oai\/","og_locale":"fr_FR","og_type":"article","og_title":"Entrep\u00f4t OAI - UNIVERSIT\u00c9 NUM\u00c9RIQUE DES HUMANIT\u00c9S","og_description":"L\u2019UOH adh\u00e8re au protocole d\u2019\u00e9change de m\u00e9tadonn\u00e9es OAI-PMH Notre entrep\u00f4t OAI est moissonnable \u00e0 l\u2019adresse suivante : https:\/\/www.uoh.fr\/oai\/provider?verb=Identify Formats d\u2019exposition des m\u00e9tadonn\u00e9es&nbsp;: SupLOMFR et OAI_DC. Vous trouverez dans l\u2019entrep\u00f4t expos\u00e9 en SupLOMFR un d\u00e9coupage par sets disciplinaires tr\u00e8s affin\u00e9s. Ce d\u00e9coupage vous permet, si vous le souhaitez, de r\u00e9aliser un moissonnage s\u00e9lectif par disciplines ou [&hellip;]","og_url":"https:\/\/uoh.fr\/front\/participer\/entrepot-oai\/","og_site_name":"UNIVERSIT\u00c9 NUM\u00c9RIQUE DES HUMANIT\u00c9S","article_publisher":"https:\/\/www.facebook.com\/UOHumanites\/","article_modified_time":"2023-12-01T10:05:50+00:00","og_image":[{"url":"https:\/\/uoh.fr\/front\/wp-content\/uploads\/2019\/10\/open-archives.gif"}],"twitter_card":"summary_large_image","twitter_site":"@uohumanites","twitter_misc":{"Dur\u00e9e de lecture estim\u00e9e":"1 minute"},"schema":{"@context":"https:\/\/schema.org","@graph":[{"@type":"Organization","@id":"https:\/\/uoh.fr\/front\/#organization","name":"Universit\u00e9 Ouverte des Humanit\u00e9s","url":"https:\/\/uoh.fr\/front\/","sameAs":["https:\/\/www.facebook.com\/UOHumanites\/","https:\/\/www.linkedin.com\/company\/universit-ouverte-des-humanit-s","https:\/\/fr.wikipedia.org\/wiki\/Universit\u00e9_ouverte_des_Humanit\u00e9s","https:\/\/twitter.com\/uohumanites"],"logo":{"@type":"ImageObject","@id":"https:\/\/uoh.fr\/front\/#logo","inLanguage":"fr-FR","url":"https:\/\/uoh.fr\/front\/wp-content\/uploads\/2019\/10\/logo-uoh-png.png","contentUrl":"https:\/\/uoh.fr\/front\/wp-content\/uploads\/2019\/10\/logo-uoh-png.png","width":1200,"height":507,"caption":"Universit\u00e9 Ouverte des Humanit\u00e9s"},"image":{"@id":"https:\/\/uoh.fr\/front\/#logo"}},{"@type":"WebSite","@id":"https:\/\/uoh.fr\/front\/#website","url":"https:\/\/uoh.fr\/front\/","name":"UOH","description":"Des ressources en Arts, Lettres, Langues et Sciences Humaines et Sociales","publisher":{"@id":"https:\/\/uoh.fr\/front\/#organization"},"potentialAction":[{"@type":"SearchAction","target":{"@type":"EntryPoint","urlTemplate":"https:\/\/uoh.fr\/front\/?s={search_term_string}"},"query-input":"required name=search_term_string"}],"inLanguage":"fr-FR"},{"@type":"ImageObject","@id":"https:\/\/uoh.fr\/front\/participer\/entrepot-oai\/#primaryimage","inLanguage":"fr-FR","url":"https:\/\/uoh.fr\/front\/wp-content\/uploads\/2019\/10\/open-archives.gif","contentUrl":"https:\/\/uoh.fr\/front\/wp-content\/uploads\/2019\/10\/open-archives.gif","width":200,"height":140},{"@type":"WebPage","@id":"https:\/\/uoh.fr\/front\/participer\/entrepot-oai\/#webpage","url":"https:\/\/uoh.fr\/front\/participer\/entrepot-oai\/","name":"Entrep\u00f4t OAI - UNIVERSIT\u00c9 NUM\u00c9RIQUE DES HUMANIT\u00c9S","isPartOf":{"@id":"https:\/\/uoh.fr\/front\/#website"},"primaryImageOfPage":{"@id":"https:\/\/uoh.fr\/front\/participer\/entrepot-oai\/#primaryimage"},"datePublished":"2019-10-18T11:49:29+00:00","dateModified":"2023-12-01T10:05:50+00:00","breadcrumb":{"@id":"https:\/\/uoh.fr\/front\/participer\/entrepot-oai\/#breadcrumb"},"inLanguage":"fr-FR","potentialAction":[{"@type":"ReadAction","target":["https:\/\/uoh.fr\/front\/participer\/entrepot-oai\/"]}]},{"@type":"BreadcrumbList","@id":"https:\/\/uoh.fr\/front\/participer\/entrepot-oai\/#breadcrumb","itemListElement":[{"@type":"ListItem","position":1,"name":"Home","item":"https:\/\/uoh.fr\/front\/"},{"@type":"ListItem","position":2,"name":"Utile","item":"https:\/\/uoh.fr\/front\/participer\/"},{"@type":"ListItem","position":3,"name":"Entrep\u00f4t OAI"}]}]}},"_links":{"self":[{"href":"https:\/\/uoh.fr\/front\/wp-json\/wp\/v2\/pages\/802"}],"collection":[{"href":"https:\/\/uoh.fr\/front\/wp-json\/wp\/v2\/pages"}],"about":[{"href":"https:\/\/uoh.fr\/front\/wp-json\/wp\/v2\/types\/page"}],"author":[{"embeddable":true,"href":"https:\/\/uoh.fr\/front\/wp-json\/wp\/v2\/users\/1"}],"replies":[{"embeddable":true,"href":"https:\/\/uoh.fr\/front\/wp-json\/wp\/v2\/comments?post=802"}],"version-history":[{"count":9,"href":"https:\/\/uoh.fr\/front\/wp-json\/wp\/v2\/pages\/802\/revisions"}],"predecessor-version":[{"id":2564,"href":"https:\/\/uoh.fr\/front\/wp-json\/wp\/v2\/pages\/802\/revisions\/2564"}],"up":[{"embeddable":true,"href":"https:\/\/uoh.fr\/front\/wp-json\/wp\/v2\/pages\/623"}],"wp:attachment":[{"href":"https:\/\/uoh.fr\/front\/wp-json\/wp\/v2\/media?parent=802"}],"curies":[{"name":"wp","href":"https:\/\/api.w.org\/{rel}","templated":true}]}}