{"id":805,"date":"2019-10-18T13:50:38","date_gmt":"2019-10-18T11:50:38","guid":{"rendered":"http:\/\/unit-4.criann.fr\/front\/?page_id=805"},"modified":"2022-06-10T16:20:35","modified_gmt":"2022-06-10T14:20:35","slug":"fan","status":"publish","type":"page","link":"https:\/\/uoh.fr\/front\/fan\/","title":{"rendered":"FAN"},"content":{"rendered":"\n<p>Rendez-vous des acteurs de la formation et du num\u00e9rique dans l\u2019enseignement sup\u00e9rieur, le Festival d\u2019Automne du Num\u00e9rique (FAN) a g\u00e9n\u00e9ralement lieu chaque ann\u00e9e au mois de novembre.\nAccueilli par l\u2019Universit\u00e9 Paris Diderot, cet \u00e9v\u00e9nement est organis\u00e9 par L\u2019Universit\u00e9 Num\u00e9rique pour d\u00e9battre de sujets d\u2019actualit\u00e9 concernant la transformation p\u00e9dagogique et pr\u00e9senter des actions pour le d\u00e9veloppement du num\u00e9rique dans les \u00e9tablissements.<\/p>\n\n\n\n<figure class=\"wp-block-image is-resized\"><a href=\"https:\/\/luniversitenumerique.fr\/evenements\/fan-2018\/\" target=\"_blank\" rel=\"noreferrer noopener\"><img src=\"https:\/\/uoh.fr\/front\/wp-content\/uploads\/2019\/11\/fan-2018-1.jpg\" alt=\"\" class=\"wp-image-1331\" width=\"600\" srcset=\"https:\/\/uoh.fr\/front\/wp-content\/uploads\/2019\/11\/fan-2018-1.jpg 900w, https:\/\/uoh.fr\/front\/wp-content\/uploads\/2019\/11\/fan-2018-1-300x130.jpg 300w, https:\/\/uoh.fr\/front\/wp-content\/uploads\/2019\/11\/fan-2018-1-768x332.jpg 768w\" sizes=\"(max-width: 900px) 100vw, 900px\" \/><\/a><\/figure>\n\n\n\n<figure class=\"wp-block-image is-resized\"><a href=\"https:\/\/luniversitenumerique.fr\/evenements\/programme-fan-2017\/\" target=\"_blank\" rel=\"noreferrer noopener\"><img src=\"https:\/\/uoh.fr\/front\/wp-content\/uploads\/2019\/11\/fan-2017-1024x410.jpg\" alt=\"\" class=\"wp-image-1329\" width=\"600\" srcset=\"https:\/\/uoh.fr\/front\/wp-content\/uploads\/2019\/11\/fan-2017-1024x410.jpg 1024w, https:\/\/uoh.fr\/front\/wp-content\/uploads\/2019\/11\/fan-2017-300x120.jpg 300w, https:\/\/uoh.fr\/front\/wp-content\/uploads\/2019\/11\/fan-2017-768x307.jpg 768w, https:\/\/uoh.fr\/front\/wp-content\/uploads\/2019\/11\/fan-2017.jpg 1200w\" sizes=\"(max-width: 1024px) 100vw, 1024px\" \/><\/a><\/figure>\n\n\n\n<figure class=\"wp-block-image is-resized\"><a href=\"https:\/\/luniversitenumerique.fr\/evenements\/fan-2016\/\" target=\"_blank\" rel=\"noreferrer noopener\"><img src=\"https:\/\/uoh.fr\/front\/wp-content\/uploads\/2019\/11\/fan-2016-1024x410.jpg\" alt=\"\" class=\"wp-image-1327\" width=\"600\" srcset=\"https:\/\/uoh.fr\/front\/wp-content\/uploads\/2019\/11\/fan-2016-1024x410.jpg 1024w, https:\/\/uoh.fr\/front\/wp-content\/uploads\/2019\/11\/fan-2016-300x120.jpg 300w, https:\/\/uoh.fr\/front\/wp-content\/uploads\/2019\/11\/fan-2016-768x307.jpg 768w, https:\/\/uoh.fr\/front\/wp-content\/uploads\/2019\/11\/fan-2016.jpg 1500w\" sizes=\"(max-width: 1024px) 100vw, 1024px\" \/><\/a><\/figure>\n","protected":false},"excerpt":{"rendered":"<p>Rendez-vous des acteurs de la formation et du num\u00e9rique dans l\u2019enseignement sup\u00e9rieur, le Festival d\u2019Automne du Num\u00e9rique (FAN) a g\u00e9n\u00e9ralement lieu chaque ann\u00e9e au mois de novembre. Accueilli par l\u2019Universit\u00e9 Paris Diderot, cet \u00e9v\u00e9nement est organis\u00e9 par L\u2019Universit\u00e9 Num\u00e9rique pour d\u00e9battre de sujets d\u2019actualit\u00e9 concernant la transformation p\u00e9dagogique et pr\u00e9senter des actions pour le d\u00e9veloppement [&hellip;]<\/p>\n","protected":false},"author":1,"featured_media":0,"parent":0,"menu_order":0,"comment_status":"closed","ping_status":"closed","template":"","meta":[],"acf":[],"yoast_head":"<!-- This site is optimized with the Yoast SEO plugin v17.7.1 - https:\/\/yoast.com\/wordpress\/plugins\/seo\/ -->\n<meta name=\"robots\" content=\"index, follow, max-snippet:-1, max-image-preview:large, max-video-preview:-1\" \/>\n<link rel=\"canonical\" href=\"https:\/\/uoh.fr\/front\/fan\/\" \/>\n<meta property=\"og:locale\" content=\"fr_FR\" \/>\n<meta property=\"og:type\" content=\"article\" \/>\n<meta property=\"og:title\" content=\"FAN - UNIVERSIT\u00c9 NUM\u00c9RIQUE DES HUMANIT\u00c9S\" \/>\n<meta property=\"og:description\" content=\"Rendez-vous des acteurs de la formation et du num\u00e9rique dans l\u2019enseignement sup\u00e9rieur, le Festival d\u2019Automne du Num\u00e9rique (FAN) a g\u00e9n\u00e9ralement lieu chaque ann\u00e9e au mois de novembre. Accueilli par l\u2019Universit\u00e9 Paris Diderot, cet \u00e9v\u00e9nement est organis\u00e9 par L\u2019Universit\u00e9 Num\u00e9rique pour d\u00e9battre de sujets d\u2019actualit\u00e9 concernant la transformation p\u00e9dagogique et pr\u00e9senter des actions pour le d\u00e9veloppement [&hellip;]\" \/>\n<meta property=\"og:url\" content=\"https:\/\/uoh.fr\/front\/fan\/\" \/>\n<meta property=\"og:site_name\" content=\"UNIVERSIT\u00c9 NUM\u00c9RIQUE DES HUMANIT\u00c9S\" \/>\n<meta property=\"article:publisher\" content=\"https:\/\/www.facebook.com\/UOHumanites\/\" \/>\n<meta property=\"article:modified_time\" content=\"2022-06-10T14:20:35+00:00\" \/>\n<meta property=\"og:image\" content=\"https:\/\/uoh.fr\/front\/wp-content\/uploads\/2019\/11\/fan-2018-1.jpg\" \/>\n<meta name=\"twitter:card\" content=\"summary_large_image\" \/>\n<meta name=\"twitter:site\" content=\"@uohumanites\" \/>\n<meta name=\"twitter:label1\" content=\"Dur\u00e9e de lecture estim\u00e9e\" \/>\n\t<meta name=\"twitter:data1\" content=\"1 minute\" \/>\n<script type=\"application\/ld+json\" class=\"yoast-schema-graph\">{\"@context\":\"https:\/\/schema.org\",\"@graph\":[{\"@type\":\"Organization\",\"@id\":\"https:\/\/uoh.fr\/front\/#organization\",\"name\":\"Universit\\u00e9 Ouverte des Humanit\\u00e9s\",\"url\":\"https:\/\/uoh.fr\/front\/\",\"sameAs\":[\"https:\/\/www.facebook.com\/UOHumanites\/\",\"https:\/\/www.linkedin.com\/company\/universit-ouverte-des-humanit-s\",\"https:\/\/fr.wikipedia.org\/wiki\/Universit\\u00e9_ouverte_des_Humanit\\u00e9s\",\"https:\/\/twitter.com\/uohumanites\"],\"logo\":{\"@type\":\"ImageObject\",\"@id\":\"https:\/\/uoh.fr\/front\/#logo\",\"inLanguage\":\"fr-FR\",\"url\":\"https:\/\/uoh.fr\/front\/wp-content\/uploads\/2019\/10\/logo-uoh-png.png\",\"contentUrl\":\"https:\/\/uoh.fr\/front\/wp-content\/uploads\/2019\/10\/logo-uoh-png.png\",\"width\":1200,\"height\":507,\"caption\":\"Universit\\u00e9 Ouverte des Humanit\\u00e9s\"},\"image\":{\"@id\":\"https:\/\/uoh.fr\/front\/#logo\"}},{\"@type\":\"WebSite\",\"@id\":\"https:\/\/uoh.fr\/front\/#website\",\"url\":\"https:\/\/uoh.fr\/front\/\",\"name\":\"UOH\",\"description\":\"Des ressources en Arts, Lettres, Langues et Sciences Humaines et Sociales\",\"publisher\":{\"@id\":\"https:\/\/uoh.fr\/front\/#organization\"},\"potentialAction\":[{\"@type\":\"SearchAction\",\"target\":{\"@type\":\"EntryPoint\",\"urlTemplate\":\"https:\/\/uoh.fr\/front\/?s={search_term_string}\"},\"query-input\":\"required name=search_term_string\"}],\"inLanguage\":\"fr-FR\"},{\"@type\":\"ImageObject\",\"@id\":\"https:\/\/uoh.fr\/front\/fan\/#primaryimage\",\"inLanguage\":\"fr-FR\",\"url\":\"https:\/\/uoh.fr\/front\/wp-content\/uploads\/2019\/11\/fan-2018-1.jpg\",\"contentUrl\":\"https:\/\/uoh.fr\/front\/wp-content\/uploads\/2019\/11\/fan-2018-1.jpg\",\"width\":900,\"height\":389},{\"@type\":\"WebPage\",\"@id\":\"https:\/\/uoh.fr\/front\/fan\/#webpage\",\"url\":\"https:\/\/uoh.fr\/front\/fan\/\",\"name\":\"FAN - UNIVERSIT\\u00c9 NUM\\u00c9RIQUE DES HUMANIT\\u00c9S\",\"isPartOf\":{\"@id\":\"https:\/\/uoh.fr\/front\/#website\"},\"primaryImageOfPage\":{\"@id\":\"https:\/\/uoh.fr\/front\/fan\/#primaryimage\"},\"datePublished\":\"2019-10-18T11:50:38+00:00\",\"dateModified\":\"2022-06-10T14:20:35+00:00\",\"breadcrumb\":{\"@id\":\"https:\/\/uoh.fr\/front\/fan\/#breadcrumb\"},\"inLanguage\":\"fr-FR\",\"potentialAction\":[{\"@type\":\"ReadAction\",\"target\":[\"https:\/\/uoh.fr\/front\/fan\/\"]}]},{\"@type\":\"BreadcrumbList\",\"@id\":\"https:\/\/uoh.fr\/front\/fan\/#breadcrumb\",\"itemListElement\":[{\"@type\":\"ListItem\",\"position\":1,\"name\":\"Home\",\"item\":\"https:\/\/uoh.fr\/front\/\"},{\"@type\":\"ListItem\",\"position\":2,\"name\":\"FAN\"}]}]}<\/script>\n<!-- \/ Yoast SEO plugin. -->","yoast_head_json":{"robots":{"index":"index","follow":"follow","max-snippet":"max-snippet:-1","max-image-preview":"max-image-preview:large","max-video-preview":"max-video-preview:-1"},"canonical":"https:\/\/uoh.fr\/front\/fan\/","og_locale":"fr_FR","og_type":"article","og_title":"FAN - UNIVERSIT\u00c9 NUM\u00c9RIQUE DES HUMANIT\u00c9S","og_description":"Rendez-vous des acteurs de la formation et du num\u00e9rique dans l\u2019enseignement sup\u00e9rieur, le Festival d\u2019Automne du Num\u00e9rique (FAN) a g\u00e9n\u00e9ralement lieu chaque ann\u00e9e au mois de novembre. Accueilli par l\u2019Universit\u00e9 Paris Diderot, cet \u00e9v\u00e9nement est organis\u00e9 par L\u2019Universit\u00e9 Num\u00e9rique pour d\u00e9battre de sujets d\u2019actualit\u00e9 concernant la transformation p\u00e9dagogique et pr\u00e9senter des actions pour le d\u00e9veloppement [&hellip;]","og_url":"https:\/\/uoh.fr\/front\/fan\/","og_site_name":"UNIVERSIT\u00c9 NUM\u00c9RIQUE DES HUMANIT\u00c9S","article_publisher":"https:\/\/www.facebook.com\/UOHumanites\/","article_modified_time":"2022-06-10T14:20:35+00:00","og_image":[{"url":"https:\/\/uoh.fr\/front\/wp-content\/uploads\/2019\/11\/fan-2018-1.jpg"}],"twitter_card":"summary_large_image","twitter_site":"@uohumanites","twitter_misc":{"Dur\u00e9e de lecture estim\u00e9e":"1 minute"},"schema":{"@context":"https:\/\/schema.org","@graph":[{"@type":"Organization","@id":"https:\/\/uoh.fr\/front\/#organization","name":"Universit\u00e9 Ouverte des Humanit\u00e9s","url":"https:\/\/uoh.fr\/front\/","sameAs":["https:\/\/www.facebook.com\/UOHumanites\/","https:\/\/www.linkedin.com\/company\/universit-ouverte-des-humanit-s","https:\/\/fr.wikipedia.org\/wiki\/Universit\u00e9_ouverte_des_Humanit\u00e9s","https:\/\/twitter.com\/uohumanites"],"logo":{"@type":"ImageObject","@id":"https:\/\/uoh.fr\/front\/#logo","inLanguage":"fr-FR","url":"https:\/\/uoh.fr\/front\/wp-content\/uploads\/2019\/10\/logo-uoh-png.png","contentUrl":"https:\/\/uoh.fr\/front\/wp-content\/uploads\/2019\/10\/logo-uoh-png.png","width":1200,"height":507,"caption":"Universit\u00e9 Ouverte des Humanit\u00e9s"},"image":{"@id":"https:\/\/uoh.fr\/front\/#logo"}},{"@type":"WebSite","@id":"https:\/\/uoh.fr\/front\/#website","url":"https:\/\/uoh.fr\/front\/","name":"UOH","description":"Des ressources en Arts, Lettres, Langues et Sciences Humaines et Sociales","publisher":{"@id":"https:\/\/uoh.fr\/front\/#organization"},"potentialAction":[{"@type":"SearchAction","target":{"@type":"EntryPoint","urlTemplate":"https:\/\/uoh.fr\/front\/?s={search_term_string}"},"query-input":"required name=search_term_string"}],"inLanguage":"fr-FR"},{"@type":"ImageObject","@id":"https:\/\/uoh.fr\/front\/fan\/#primaryimage","inLanguage":"fr-FR","url":"https:\/\/uoh.fr\/front\/wp-content\/uploads\/2019\/11\/fan-2018-1.jpg","contentUrl":"https:\/\/uoh.fr\/front\/wp-content\/uploads\/2019\/11\/fan-2018-1.jpg","width":900,"height":389},{"@type":"WebPage","@id":"https:\/\/uoh.fr\/front\/fan\/#webpage","url":"https:\/\/uoh.fr\/front\/fan\/","name":"FAN - UNIVERSIT\u00c9 NUM\u00c9RIQUE DES HUMANIT\u00c9S","isPartOf":{"@id":"https:\/\/uoh.fr\/front\/#website"},"primaryImageOfPage":{"@id":"https:\/\/uoh.fr\/front\/fan\/#primaryimage"},"datePublished":"2019-10-18T11:50:38+00:00","dateModified":"2022-06-10T14:20:35+00:00","breadcrumb":{"@id":"https:\/\/uoh.fr\/front\/fan\/#breadcrumb"},"inLanguage":"fr-FR","potentialAction":[{"@type":"ReadAction","target":["https:\/\/uoh.fr\/front\/fan\/"]}]},{"@type":"BreadcrumbList","@id":"https:\/\/uoh.fr\/front\/fan\/#breadcrumb","itemListElement":[{"@type":"ListItem","position":1,"name":"Home","item":"https:\/\/uoh.fr\/front\/"},{"@type":"ListItem","position":2,"name":"FAN"}]}]}},"_links":{"self":[{"href":"https:\/\/uoh.fr\/front\/wp-json\/wp\/v2\/pages\/805"}],"collection":[{"href":"https:\/\/uoh.fr\/front\/wp-json\/wp\/v2\/pages"}],"about":[{"href":"https:\/\/uoh.fr\/front\/wp-json\/wp\/v2\/types\/page"}],"author":[{"embeddable":true,"href":"https:\/\/uoh.fr\/front\/wp-json\/wp\/v2\/users\/1"}],"replies":[{"embeddable":true,"href":"https:\/\/uoh.fr\/front\/wp-json\/wp\/v2\/comments?post=805"}],"version-history":[{"count":6,"href":"https:\/\/uoh.fr\/front\/wp-json\/wp\/v2\/pages\/805\/revisions"}],"predecessor-version":[{"id":2631,"href":"https:\/\/uoh.fr\/front\/wp-json\/wp\/v2\/pages\/805\/revisions\/2631"}],"wp:attachment":[{"href":"https:\/\/uoh.fr\/front\/wp-json\/wp\/v2\/media?parent=805"}],"curies":[{"name":"wp","href":"https:\/\/api.w.org\/{rel}","templated":true}]}}