{"id":808,"date":"2019-10-18T13:51:53","date_gmt":"2019-10-18T11:51:53","guid":{"rendered":"http:\/\/unit-4.criann.fr\/front\/?page_id=808"},"modified":"2023-12-01T11:05:59","modified_gmt":"2023-12-01T10:05:59","slug":"cession-droits-dauteur","status":"publish","type":"page","link":"https:\/\/uoh.fr\/front\/participer\/cession-droits-dauteur\/","title":{"rendered":"Exemples de contrats"},"content":{"rendered":"\n<h2><strong>Accord de partage de ressources p\u00e9dagogiques<\/strong><\/h2>\n\n\n\n<p><\/p>\n\n\n\n<p>Dans le cadre du <a href=\"https:\/\/uoh.fr\/front\/dephy\/\">projet D\u00e9PHY<\/a> port\u00e9 par l\u2019IDIP et l<strong>\u2019<\/strong>Universit\u00e9 de Strasbourg en 2021\/2022, nous avons \u00e9t\u00e9 amen\u00e9s \u00e0 r\u00e9aliser un document contractualisant l\u2019accord de partage de ressources p\u00e9dagogiques num\u00e9riques et leur d\u00e9p\u00f4t sur une plate-forme de diffusion mutualis\u00e9e. Cet accord de partage se fonde sur l\u2019utilisation des licences libres creative commons (LCC).<\/p>\n\n\n\n<p><br>Ce document \u00e9tant lui-m\u00eame sous licence Creative Commons, il peut \u00eatre r\u00e9utilis\u00e9 et modifi\u00e9 par les \u00e9tablissements qui en auraient besoin.<\/p>\n\n\n\n<p><a href=\"https:\/\/uoh.fr\/front\/wp-content\/uploads\/2022\/01\/2-Accord-de-partage.pdf\" target=\"_blank\" rel=\"noreferrer noopener\">Exemple \u00e0 t\u00e9l\u00e9charger<\/a><\/p>\n\n\n\n<div style=\"height:50px\" aria-hidden=\"true\" class=\"wp-block-spacer\"><\/div>\n\n\n\n<h2><strong>Cession de droits d&rsquo;auteur<\/strong><\/h2>\n\n\n\n<p>L&rsquo;UOH propose ici un exemple de contrat de cession de droit d\u2019auteur pour les \u00e9tablissements qui en auraient besoin.<\/p>\n\n\n\n<h4><strong>Articles du contrat<\/strong><\/h4>\n\n\n\n<p><\/p>\n\n\n\n<p><strong>Article 1 : Objet<\/strong><\/p>\n\n\n\n<p>Le\npr\u00e9sent contrat a pour objet de convenir, conform\u00e9ment aux dispositions du code\nde la propri\u00e9t\u00e9 intellectuelle, de la cession au producteur des droits dont\nl\u2019auteur est titulaire sur son \u0153uvre en vue d\u2019en autoriser l\u2019exploitation dans\nle cadre de la production de XXXXX.<\/p>\n\n\n\n<p>Le\ncontractant est auteur de l\u2019\u0153uvre XXXXX.<\/p>\n\n\n\n<p><strong>Article 2 : Exploitation de l&rsquo;oeuvre<\/strong><\/p>\n\n\n\n<p>&nbsp;Le contractant c\u00e8de au producteur pour une\ndur\u00e9e pr\u00e9cis\u00e9e \u00e0 l&rsquo;article 3, les droits identifi\u00e9s ci-apr\u00e8s.<\/p>\n\n\n\n<p>Le\ndroit de reproduction comprend :<\/p>\n\n\n\n<p>&#8211;\nLe droit de reproduction et\/ou de faire reproduire par tous proc\u00e9d\u00e9s techniques\nconnus ou inconnus \u00e0 ce jour (notamment par enregistrement, m\u00e9morisation\u2026) sur\ntous supports (notamment magn\u00e9tiques, num\u00e9riques, \u00e9lectroniques\u2026) et en tous\nformats l&rsquo;\u0153uvre d\u00e9finie ci-dessus, et d&rsquo;en faire \u00e9tablir en nombre qu&rsquo;il plaira\nau producteur, tous originaux, copies et doubles, sur tous supports, en tous\nformats par tous proc\u00e9d\u00e9s de fixation actuel ou futur.<\/p>\n\n\n\n<p>&#8211;\nLe droit de proc\u00e9der \u00e0 tout acte de reproduction aux fins de circulation de\nl&rsquo;\u0153uvre, comme notamment le t\u00e9l\u00e9chargement, le stockage ou tout acte de\nfixation temporaire qu&rsquo;implique la transmission num\u00e9rique et la diffusion de\nl&rsquo;\u0153uvre sur le r\u00e9seau, et ce, quel que soit son format et le proc\u00e9d\u00e9 technique\nutilis\u00e9.<\/p>\n\n\n\n<p>Le\ndroit de repr\u00e9sentation comprend :<\/p>\n\n\n\n<p>&#8211;\nLe droit de mettre et\/ou de faire mettre en circulation dans le monde entier\nles originaux, doubles et copies de l&rsquo;\u0153uvre, pour toute communication au public\npar les modes d&rsquo;exploitation suivants :<\/p>\n\n\n\n<ul><li>droit de repr\u00e9sentation publique de tout ou partie de\nl&rsquo;\u0153uvre dans toutes les manifestations, conf\u00e9rences ou colloques relatifs \u00e0 la\ndiffusion du savoir universitaire,<\/li><li>droit de r\u00e9pertorier, de classer et d&rsquo;identifier\nl&rsquo;\u0153uvre dans une banque de donn\u00e9es par les \u00e9l\u00e9ments suivants: titre de\nl&rsquo;enregistrement, auteur, ann\u00e9e de cr\u00e9ation, cote locale, cote de r\u00e9seau et\nuniversit\u00e9 de cr\u00e9ation.<\/li><li>droit d&rsquo;autoriser la reproduction et la repr\u00e9sentation\nsur une banque de donn\u00e9es d&rsquo;extraits ou de r\u00e9sum\u00e9s de l&rsquo;\u0153uvre, qu&rsquo;ils soient\n\u00e9crits ou sonores, sous r\u00e9serve du droit moral de l&rsquo;auteur.<\/li><li>droit de mettre et\/ou de faire mettre en circulation\nl&rsquo;\u0153uvre sur le r\u00e9seau international Internet.<\/li><\/ul>\n\n\n\n<p>Le\ncontractant c\u00e8de aussi son droit de traduction au producteur, ce qui implique\nle droit de traduire en toute langue l&rsquo;oeuvre et ses adaptations, de reproduire\nces traductions sur tous supports graphiques actuels ou futurs et de diffuser\nla traduction au public. <\/p>\n\n\n\n<p>Tous\nles droits qui ne sont pas express\u00e9ment c\u00e9d\u00e9s restent l&rsquo;enti\u00e8re propri\u00e9t\u00e9 de\nl&rsquo;auteur qui en dispose \u00e0 son gr\u00e9 et sans restriction aucune. <\/p>\n\n\n\n<p>En\ncons\u00e9quence, le producteur acquiert la qualit\u00e9 d&rsquo;ayant droit du contractant\npour l&rsquo;exercice des droits ci-dessus c\u00e9d\u00e9s, que l&rsquo;\u00e9tablissement producteur\nutilisera comme bon lui semble, notamment en passant des contrats d&rsquo;\u00e9dition, de\nproduction et de diffusion utiles \u00e0 l&rsquo;exploitation de l&rsquo;\u0153uvre.<\/p>\n\n\n\n<p><strong>Article 3 : \u00c9tendue g\u00e9ographique de l&rsquo;autorisation d&rsquo;exploiter l\u2019\u0153uvre<\/strong><\/p>\n\n\n\n<p>La\npr\u00e9sente cession est consentie par le contractant \u00e0 titre exclusif au\nproducteur, pour toute la dur\u00e9e de la protection l\u00e9gale accord\u00e9e actuellement\net dans l\u2019avenir \u00e0 l\u2019auteur et vaut pour le monde entier notamment par la mise\nen circulation de l&rsquo;\u0153uvre sur le r\u00e9seau international Internet.<\/p>\n\n\n\n<p>Ce\nd\u00e9lai court \u00e0 compter de la signature par les parties du pr\u00e9sent contrat.<\/p>\n\n\n\n<p><strong>Article 4 : Garantie des droits c\u00e9d\u00e9s<\/strong><\/p>\n\n\n\n<p>L&rsquo;auteur\ngarantit express\u00e9ment au producteur l&rsquo;exercice paisible des droits c\u00e9d\u00e9s. Il\nd\u00e9clare notamment que son \u0153uvre est originale, qu&rsquo;elle ne contient rien qui\npuisse tomber sous le coup des lois relatives \u00e0 la diffamation, l&rsquo;atteinte aux\nbonnes m\u0153urs, le respect de la vie priv\u00e9e ou la contrefa\u00e7on.<\/p>\n\n\n\n<p>Si\nl&rsquo;\u0153uvre utilise ou reproduit, m\u00eame partiellement, des \u0153uvres d\u00e9j\u00e0 existantes\nnon tomb\u00e9es dans le domaine public, il appartient donc \u00e0 l&rsquo;auteur d\u2019obtenir les\nautorisations n\u00e9cessaires. Toutefois, si l\u2019auteur ne peut obtenir tout ou\npartie de ces autorisations, il doit en informer le producteur en lui donnant\ntous les \u00e9l\u00e9ments permettant d\u2019identifier les \u0153uvres exploit\u00e9es et leurs\nauteurs.<\/p>\n\n\n\n<p>De\nfa\u00e7on g\u00e9n\u00e9rale, l&rsquo;auteur garantit le producteur contre tous troubles,\nrevendications, ou \u00e9victions quelconques, qui pourraient nuire \u00e0 la jouissance\nenti\u00e8re et libre des droits c\u00e9d\u00e9s.<\/p>\n\n\n\n<p><strong>Article 5 : Obligations du producteur<\/strong> <\/p>\n\n\n\n<p>Le\nproducteur s&rsquo;engage \u00e0 conserver l&rsquo;enregistrement original de l&rsquo;\u0153uvre.<\/p>\n\n\n\n<p>Le\nproducteur s&rsquo;engage \u00e0 effectuer \u00e0 ses frais le d\u00e9p\u00f4t l\u00e9gal de l&rsquo;\u0153uvre.<\/p>\n\n\n\n<p>Le\nproducteur s&rsquo;engage \u00e0 respecter le droit moral de l&rsquo;auteur et notamment \u00e0\nmentionner sur chaque support comportant l&rsquo;\u0153uvre de l\u2019auteur, le nom, le pr\u00e9nom\net la fonction de l&rsquo;auteur.<\/p>\n\n\n\n<p><strong>Article 6 : R\u00e9mun\u00e9ration <\/strong><\/p>\n\n\n\n<p>Pour\nl&rsquo;exploitation de l\u2019\u0153uvre XXXXX, conform\u00e9ment aux diff\u00e9rentes destinations et\nmodalit\u00e9s d\u00e9finies aux articles 2 et 3, les droits c\u00e9d\u00e9s par le contractant\npour l&rsquo;exploitation de l\u2019\u0153uvre donnent lieu \u00e0 une r\u00e9mun\u00e9ration forfaitaire et\nd\u00e9finitive de XXXX \u20ac (somme en toutes lettres), r\u00e9mun\u00e9ration forfaitaire unique\n\u00e0 caract\u00e8re lib\u00e9ratoire.<\/p>\n\n\n\n<p>Le\nproducteur s\u2019engage \u00e0 verser cette r\u00e9mun\u00e9ration \u00e0 l\u2019auteur sur pr\u00e9sentation\nd\u2019une note de droits d\u2019auteur et \u00e0 verser les cotisations sociales \u00e0 l\u2019Agessa.<\/p>\n\n\n\n<p><strong>Article 7 : Substitution<\/strong><\/p>\n\n\n\n<p>Le\nproducteur aura la facult\u00e9 de c\u00e9der en tout ou partie les droits et obligations\nr\u00e9sultant du pr\u00e9sent contrat \u00e0 la condition d&rsquo;en informer le contractant et\nd&rsquo;imposer aux cessionnaires le parfait respect de ces obligations dont le\nproducteur reste garant \u00e0 l&rsquo;\u00e9gard du contractant.<\/p>\n\n\n\n<p><strong>Article 8 : Contestation<\/strong><\/p>\n\n\n\n<p>Tout\nlitige n\u00e9 de l&rsquo;ex\u00e9cution ou de l&rsquo;interpr\u00e9tation de la pr\u00e9sente convention et\nqui n&rsquo;a pu \u00eatre r\u00e9solu par accord amiable entre les parties, sera soumis \u00e0\nl&rsquo;appr\u00e9ciation des tribunaux comp\u00e9tents.<\/p>\n","protected":false},"excerpt":{"rendered":"<p>Accord de partage de ressources p\u00e9dagogiques Dans le cadre du projet D\u00e9PHY port\u00e9 par l\u2019IDIP et l\u2019Universit\u00e9 de Strasbourg en 2021\/2022, nous avons \u00e9t\u00e9 amen\u00e9s \u00e0 r\u00e9aliser un document contractualisant l\u2019accord de partage de ressources p\u00e9dagogiques num\u00e9riques et leur d\u00e9p\u00f4t sur une plate-forme de diffusion mutualis\u00e9e. Cet accord de partage se fonde sur l\u2019utilisation des [&hellip;]<\/p>\n","protected":false},"author":1,"featured_media":0,"parent":623,"menu_order":0,"comment_status":"closed","ping_status":"closed","template":"","meta":[],"acf":[],"yoast_head":"<!-- This site is optimized with the Yoast SEO plugin v17.7.1 - https:\/\/yoast.com\/wordpress\/plugins\/seo\/ -->\n<meta name=\"robots\" content=\"index, follow, max-snippet:-1, max-image-preview:large, max-video-preview:-1\" \/>\n<link rel=\"canonical\" href=\"https:\/\/uoh.fr\/front\/participer\/cession-droits-dauteur\/\" \/>\n<meta property=\"og:locale\" content=\"fr_FR\" \/>\n<meta property=\"og:type\" content=\"article\" \/>\n<meta property=\"og:title\" content=\"Exemples de contrats - UNIVERSIT\u00c9 NUM\u00c9RIQUE DES HUMANIT\u00c9S\" \/>\n<meta property=\"og:description\" content=\"Accord de partage de ressources p\u00e9dagogiques Dans le cadre du projet D\u00e9PHY port\u00e9 par l\u2019IDIP et l\u2019Universit\u00e9 de Strasbourg en 2021\/2022, nous avons \u00e9t\u00e9 amen\u00e9s \u00e0 r\u00e9aliser un document contractualisant l\u2019accord de partage de ressources p\u00e9dagogiques num\u00e9riques et leur d\u00e9p\u00f4t sur une plate-forme de diffusion mutualis\u00e9e. Cet accord de partage se fonde sur l\u2019utilisation des [&hellip;]\" \/>\n<meta property=\"og:url\" content=\"https:\/\/uoh.fr\/front\/participer\/cession-droits-dauteur\/\" \/>\n<meta property=\"og:site_name\" content=\"UNIVERSIT\u00c9 NUM\u00c9RIQUE DES HUMANIT\u00c9S\" \/>\n<meta property=\"article:publisher\" content=\"https:\/\/www.facebook.com\/UOHumanites\/\" \/>\n<meta property=\"article:modified_time\" content=\"2023-12-01T10:05:59+00:00\" \/>\n<meta name=\"twitter:card\" content=\"summary_large_image\" \/>\n<meta name=\"twitter:site\" content=\"@uohumanites\" \/>\n<meta name=\"twitter:label1\" content=\"Dur\u00e9e de lecture estim\u00e9e\" \/>\n\t<meta name=\"twitter:data1\" content=\"5 minutes\" \/>\n<script type=\"application\/ld+json\" class=\"yoast-schema-graph\">{\"@context\":\"https:\/\/schema.org\",\"@graph\":[{\"@type\":\"Organization\",\"@id\":\"https:\/\/uoh.fr\/front\/#organization\",\"name\":\"Universit\\u00e9 Ouverte des Humanit\\u00e9s\",\"url\":\"https:\/\/uoh.fr\/front\/\",\"sameAs\":[\"https:\/\/www.facebook.com\/UOHumanites\/\",\"https:\/\/www.linkedin.com\/company\/universit-ouverte-des-humanit-s\",\"https:\/\/fr.wikipedia.org\/wiki\/Universit\\u00e9_ouverte_des_Humanit\\u00e9s\",\"https:\/\/twitter.com\/uohumanites\"],\"logo\":{\"@type\":\"ImageObject\",\"@id\":\"https:\/\/uoh.fr\/front\/#logo\",\"inLanguage\":\"fr-FR\",\"url\":\"https:\/\/uoh.fr\/front\/wp-content\/uploads\/2019\/10\/logo-uoh-png.png\",\"contentUrl\":\"https:\/\/uoh.fr\/front\/wp-content\/uploads\/2019\/10\/logo-uoh-png.png\",\"width\":1200,\"height\":507,\"caption\":\"Universit\\u00e9 Ouverte des Humanit\\u00e9s\"},\"image\":{\"@id\":\"https:\/\/uoh.fr\/front\/#logo\"}},{\"@type\":\"WebSite\",\"@id\":\"https:\/\/uoh.fr\/front\/#website\",\"url\":\"https:\/\/uoh.fr\/front\/\",\"name\":\"UOH\",\"description\":\"Des ressources en Arts, Lettres, Langues et Sciences Humaines et Sociales\",\"publisher\":{\"@id\":\"https:\/\/uoh.fr\/front\/#organization\"},\"potentialAction\":[{\"@type\":\"SearchAction\",\"target\":{\"@type\":\"EntryPoint\",\"urlTemplate\":\"https:\/\/uoh.fr\/front\/?s={search_term_string}\"},\"query-input\":\"required name=search_term_string\"}],\"inLanguage\":\"fr-FR\"},{\"@type\":\"WebPage\",\"@id\":\"https:\/\/uoh.fr\/front\/participer\/cession-droits-dauteur\/#webpage\",\"url\":\"https:\/\/uoh.fr\/front\/participer\/cession-droits-dauteur\/\",\"name\":\"Exemples de contrats - UNIVERSIT\\u00c9 NUM\\u00c9RIQUE DES HUMANIT\\u00c9S\",\"isPartOf\":{\"@id\":\"https:\/\/uoh.fr\/front\/#website\"},\"datePublished\":\"2019-10-18T11:51:53+00:00\",\"dateModified\":\"2023-12-01T10:05:59+00:00\",\"breadcrumb\":{\"@id\":\"https:\/\/uoh.fr\/front\/participer\/cession-droits-dauteur\/#breadcrumb\"},\"inLanguage\":\"fr-FR\",\"potentialAction\":[{\"@type\":\"ReadAction\",\"target\":[\"https:\/\/uoh.fr\/front\/participer\/cession-droits-dauteur\/\"]}]},{\"@type\":\"BreadcrumbList\",\"@id\":\"https:\/\/uoh.fr\/front\/participer\/cession-droits-dauteur\/#breadcrumb\",\"itemListElement\":[{\"@type\":\"ListItem\",\"position\":1,\"name\":\"Home\",\"item\":\"https:\/\/uoh.fr\/front\/\"},{\"@type\":\"ListItem\",\"position\":2,\"name\":\"Utile\",\"item\":\"https:\/\/uoh.fr\/front\/participer\/\"},{\"@type\":\"ListItem\",\"position\":3,\"name\":\"Exemples de contrats\"}]}]}<\/script>\n<!-- \/ Yoast SEO plugin. -->","yoast_head_json":{"robots":{"index":"index","follow":"follow","max-snippet":"max-snippet:-1","max-image-preview":"max-image-preview:large","max-video-preview":"max-video-preview:-1"},"canonical":"https:\/\/uoh.fr\/front\/participer\/cession-droits-dauteur\/","og_locale":"fr_FR","og_type":"article","og_title":"Exemples de contrats - UNIVERSIT\u00c9 NUM\u00c9RIQUE DES HUMANIT\u00c9S","og_description":"Accord de partage de ressources p\u00e9dagogiques Dans le cadre du projet D\u00e9PHY port\u00e9 par l\u2019IDIP et l\u2019Universit\u00e9 de Strasbourg en 2021\/2022, nous avons \u00e9t\u00e9 amen\u00e9s \u00e0 r\u00e9aliser un document contractualisant l\u2019accord de partage de ressources p\u00e9dagogiques num\u00e9riques et leur d\u00e9p\u00f4t sur une plate-forme de diffusion mutualis\u00e9e. Cet accord de partage se fonde sur l\u2019utilisation des [&hellip;]","og_url":"https:\/\/uoh.fr\/front\/participer\/cession-droits-dauteur\/","og_site_name":"UNIVERSIT\u00c9 NUM\u00c9RIQUE DES HUMANIT\u00c9S","article_publisher":"https:\/\/www.facebook.com\/UOHumanites\/","article_modified_time":"2023-12-01T10:05:59+00:00","twitter_card":"summary_large_image","twitter_site":"@uohumanites","twitter_misc":{"Dur\u00e9e de lecture estim\u00e9e":"5 minutes"},"schema":{"@context":"https:\/\/schema.org","@graph":[{"@type":"Organization","@id":"https:\/\/uoh.fr\/front\/#organization","name":"Universit\u00e9 Ouverte des Humanit\u00e9s","url":"https:\/\/uoh.fr\/front\/","sameAs":["https:\/\/www.facebook.com\/UOHumanites\/","https:\/\/www.linkedin.com\/company\/universit-ouverte-des-humanit-s","https:\/\/fr.wikipedia.org\/wiki\/Universit\u00e9_ouverte_des_Humanit\u00e9s","https:\/\/twitter.com\/uohumanites"],"logo":{"@type":"ImageObject","@id":"https:\/\/uoh.fr\/front\/#logo","inLanguage":"fr-FR","url":"https:\/\/uoh.fr\/front\/wp-content\/uploads\/2019\/10\/logo-uoh-png.png","contentUrl":"https:\/\/uoh.fr\/front\/wp-content\/uploads\/2019\/10\/logo-uoh-png.png","width":1200,"height":507,"caption":"Universit\u00e9 Ouverte des Humanit\u00e9s"},"image":{"@id":"https:\/\/uoh.fr\/front\/#logo"}},{"@type":"WebSite","@id":"https:\/\/uoh.fr\/front\/#website","url":"https:\/\/uoh.fr\/front\/","name":"UOH","description":"Des ressources en Arts, Lettres, Langues et Sciences Humaines et Sociales","publisher":{"@id":"https:\/\/uoh.fr\/front\/#organization"},"potentialAction":[{"@type":"SearchAction","target":{"@type":"EntryPoint","urlTemplate":"https:\/\/uoh.fr\/front\/?s={search_term_string}"},"query-input":"required name=search_term_string"}],"inLanguage":"fr-FR"},{"@type":"WebPage","@id":"https:\/\/uoh.fr\/front\/participer\/cession-droits-dauteur\/#webpage","url":"https:\/\/uoh.fr\/front\/participer\/cession-droits-dauteur\/","name":"Exemples de contrats - UNIVERSIT\u00c9 NUM\u00c9RIQUE DES HUMANIT\u00c9S","isPartOf":{"@id":"https:\/\/uoh.fr\/front\/#website"},"datePublished":"2019-10-18T11:51:53+00:00","dateModified":"2023-12-01T10:05:59+00:00","breadcrumb":{"@id":"https:\/\/uoh.fr\/front\/participer\/cession-droits-dauteur\/#breadcrumb"},"inLanguage":"fr-FR","potentialAction":[{"@type":"ReadAction","target":["https:\/\/uoh.fr\/front\/participer\/cession-droits-dauteur\/"]}]},{"@type":"BreadcrumbList","@id":"https:\/\/uoh.fr\/front\/participer\/cession-droits-dauteur\/#breadcrumb","itemListElement":[{"@type":"ListItem","position":1,"name":"Home","item":"https:\/\/uoh.fr\/front\/"},{"@type":"ListItem","position":2,"name":"Utile","item":"https:\/\/uoh.fr\/front\/participer\/"},{"@type":"ListItem","position":3,"name":"Exemples de contrats"}]}]}},"_links":{"self":[{"href":"https:\/\/uoh.fr\/front\/wp-json\/wp\/v2\/pages\/808"}],"collection":[{"href":"https:\/\/uoh.fr\/front\/wp-json\/wp\/v2\/pages"}],"about":[{"href":"https:\/\/uoh.fr\/front\/wp-json\/wp\/v2\/types\/page"}],"author":[{"embeddable":true,"href":"https:\/\/uoh.fr\/front\/wp-json\/wp\/v2\/users\/1"}],"replies":[{"embeddable":true,"href":"https:\/\/uoh.fr\/front\/wp-json\/wp\/v2\/comments?post=808"}],"version-history":[{"count":17,"href":"https:\/\/uoh.fr\/front\/wp-json\/wp\/v2\/pages\/808\/revisions"}],"predecessor-version":[{"id":2628,"href":"https:\/\/uoh.fr\/front\/wp-json\/wp\/v2\/pages\/808\/revisions\/2628"}],"up":[{"embeddable":true,"href":"https:\/\/uoh.fr\/front\/wp-json\/wp\/v2\/pages\/623"}],"wp:attachment":[{"href":"https:\/\/uoh.fr\/front\/wp-json\/wp\/v2\/media?parent=808"}],"curies":[{"name":"wp","href":"https:\/\/api.w.org\/{rel}","templated":true}]}}