{"id":810,"date":"2019-10-18T13:52:34","date_gmt":"2019-10-18T11:52:34","guid":{"rendered":"http:\/\/unit-4.criann.fr\/front\/?page_id=810"},"modified":"2023-12-01T11:06:48","modified_gmt":"2023-12-01T10:06:48","slug":"droits-auteur","status":"publish","type":"page","link":"https:\/\/uoh.fr\/front\/utiles\/droits-auteur\/","title":{"rendered":"Droits d&rsquo;auteur"},"content":{"rendered":"\n<div style=\"height:50px\" aria-hidden=\"true\" class=\"wp-block-spacer\"><\/div>\n\n\n\n<h2><strong>Le droit d&rsquo;auteur et les licences creative commons<\/strong><\/h2>\n\n\n\n<p><br>L&rsquo;utilisation et la diffusion de ressources num\u00e9riques p\u00e9dagogiques soul\u00e8vent de nombreux questionnements en termes de droit d&rsquo;auteur.<br>Nous vous proposons 2 documents : le premier est un petit rappel pratique sur les droits aff\u00e9rents \u00e0 l&rsquo;usage et la diffusion de documents en fonction de leur format. Le deuxi\u00e8me pr\u00e9sente les licences creative commons (LCC) qui vous permettent de partager vos r\u00e9alisations en tant que ressources libres de droit avec diff\u00e9rentes variantes possibles.<\/p>\n\n\n\n<div style=\"width: 100%;\"><div style=\"position: relative; padding-bottom: 56.25%; padding-top: 0; height: 0;\"><iframe loading=\"lazy\" frameborder=\"0\" width=\"1200px\" height=\"675px\" style=\"position: absolute; top: 0; left: 0; width: 100%; height: 100%;\" src=\"https:\/\/view.genial.ly\/61ea8a6e1cb8ac001223a449\" type=\"text\/html\" allowscriptaccess=\"always\" allowfullscreen=\"true\" scrolling=\"yes\" allownetworking=\"all\"><\/iframe> <\/div> <\/div>\n\n\n\n<div style=\"height:50px\" aria-hidden=\"true\" class=\"wp-block-spacer\"><\/div>\n\n\n\n<h2><strong>FAQ r\u00e9utilisation et partage de donn\u00e9es qui ne sont pas sous licences libres<\/strong><\/h2>\n\n\n\n<p>Face aux nombreuses questions l\u00e9gitimes et r\u00e9currentes que vous vous posez dans vos enseignements quant \u00e0 l\u2019usage des ressources num\u00e9riques au regard du droit d\u2019auteur, nous vous proposons une FAQ. Ce document ne se veut pas exhaustif : de nombreuses questions surviennent pour tous au quotidien. Il n\u2019est pas fig\u00e9 dans le temps : valid\u00e9 par un juriste en&nbsp;janvier 2022, des mises \u00e0 jours seront n\u00e9cessaires pour suivre l\u2019\u00e9volution de la l\u00e9gislation.<\/p>\n\n\n\n<div style=\"width: 100%;\"><div style=\"position: relative; padding-bottom: 56.25%; padding-top: 0; height: 0;\"><iframe loading=\"lazy\" frameborder=\"0\" width=\"1200px\" height=\"675px\" style=\"position: absolute; top: 0; left: 0; width: 100%; height: 100%;\" src=\"https:\/\/view.genial.ly\/619f6484c93de60e1ef7cf01\" type=\"text\/html\" allowscriptaccess=\"always\" allowfullscreen=\"true\" scrolling=\"yes\" allownetworking=\"all\"><\/iframe> <\/div> <\/div>\n\n\n\n<div style=\"height:50px\" aria-hidden=\"true\" class=\"wp-block-spacer\"><\/div>\n\n\n\n<h2><strong>Vous souhaitez approfondir vos connaissance<\/strong> ?<\/h2>\n\n\n\n<p class=\"has-text-align-left\"><a href=\"https:\/\/ledroitdesavoir.imt-atlantique.fr\/res\/resource\/xg5oh\/co\/droit_web.html\">Consultez la ressource d&rsquo;\u00c9velyne Moreau et formez-vous au droit d&rsquo;auteur et \u00e0 l&rsquo;image<\/a><\/p>\n","protected":false},"excerpt":{"rendered":"<p>Le droit d&rsquo;auteur et les licences creative commons L&rsquo;utilisation et la diffusion de ressources num\u00e9riques p\u00e9dagogiques soul\u00e8vent de nombreux questionnements en termes de droit d&rsquo;auteur.Nous vous proposons 2 documents : le premier est un petit rappel pratique sur les droits aff\u00e9rents \u00e0 l&rsquo;usage et la diffusion de documents en fonction de leur format. Le deuxi\u00e8me [&hellip;]<\/p>\n","protected":false},"author":1,"featured_media":0,"parent":628,"menu_order":0,"comment_status":"closed","ping_status":"closed","template":"","meta":[],"acf":[],"yoast_head":"<!-- This site is optimized with the Yoast SEO plugin v17.7.1 - https:\/\/yoast.com\/wordpress\/plugins\/seo\/ -->\n<meta name=\"robots\" content=\"index, follow, max-snippet:-1, max-image-preview:large, max-video-preview:-1\" \/>\n<link rel=\"canonical\" href=\"https:\/\/uoh.fr\/front\/utiles\/droits-auteur\/\" \/>\n<meta property=\"og:locale\" content=\"fr_FR\" \/>\n<meta property=\"og:type\" content=\"article\" \/>\n<meta property=\"og:title\" content=\"Droits d&#039;auteur - UNIVERSIT\u00c9 NUM\u00c9RIQUE DES HUMANIT\u00c9S\" \/>\n<meta property=\"og:description\" content=\"Le droit d&rsquo;auteur et les licences creative commons L&rsquo;utilisation et la diffusion de ressources num\u00e9riques p\u00e9dagogiques soul\u00e8vent de nombreux questionnements en termes de droit d&rsquo;auteur.Nous vous proposons 2 documents : le premier est un petit rappel pratique sur les droits aff\u00e9rents \u00e0 l&rsquo;usage et la diffusion de documents en fonction de leur format. Le deuxi\u00e8me [&hellip;]\" \/>\n<meta property=\"og:url\" content=\"https:\/\/uoh.fr\/front\/utiles\/droits-auteur\/\" \/>\n<meta property=\"og:site_name\" content=\"UNIVERSIT\u00c9 NUM\u00c9RIQUE DES HUMANIT\u00c9S\" \/>\n<meta property=\"article:publisher\" content=\"https:\/\/www.facebook.com\/UOHumanites\/\" \/>\n<meta property=\"article:modified_time\" content=\"2023-12-01T10:06:48+00:00\" \/>\n<meta name=\"twitter:card\" content=\"summary_large_image\" \/>\n<meta name=\"twitter:site\" content=\"@uohumanites\" \/>\n<meta name=\"twitter:label1\" content=\"Dur\u00e9e de lecture estim\u00e9e\" \/>\n\t<meta name=\"twitter:data1\" content=\"1 minute\" \/>\n<script type=\"application\/ld+json\" class=\"yoast-schema-graph\">{\"@context\":\"https:\/\/schema.org\",\"@graph\":[{\"@type\":\"Organization\",\"@id\":\"https:\/\/uoh.fr\/front\/#organization\",\"name\":\"Universit\\u00e9 Ouverte des Humanit\\u00e9s\",\"url\":\"https:\/\/uoh.fr\/front\/\",\"sameAs\":[\"https:\/\/www.facebook.com\/UOHumanites\/\",\"https:\/\/www.linkedin.com\/company\/universit-ouverte-des-humanit-s\",\"https:\/\/fr.wikipedia.org\/wiki\/Universit\\u00e9_ouverte_des_Humanit\\u00e9s\",\"https:\/\/twitter.com\/uohumanites\"],\"logo\":{\"@type\":\"ImageObject\",\"@id\":\"https:\/\/uoh.fr\/front\/#logo\",\"inLanguage\":\"fr-FR\",\"url\":\"https:\/\/uoh.fr\/front\/wp-content\/uploads\/2019\/10\/logo-uoh-png.png\",\"contentUrl\":\"https:\/\/uoh.fr\/front\/wp-content\/uploads\/2019\/10\/logo-uoh-png.png\",\"width\":1200,\"height\":507,\"caption\":\"Universit\\u00e9 Ouverte des Humanit\\u00e9s\"},\"image\":{\"@id\":\"https:\/\/uoh.fr\/front\/#logo\"}},{\"@type\":\"WebSite\",\"@id\":\"https:\/\/uoh.fr\/front\/#website\",\"url\":\"https:\/\/uoh.fr\/front\/\",\"name\":\"UOH\",\"description\":\"Des ressources en Arts, Lettres, Langues et Sciences Humaines et Sociales\",\"publisher\":{\"@id\":\"https:\/\/uoh.fr\/front\/#organization\"},\"potentialAction\":[{\"@type\":\"SearchAction\",\"target\":{\"@type\":\"EntryPoint\",\"urlTemplate\":\"https:\/\/uoh.fr\/front\/?s={search_term_string}\"},\"query-input\":\"required name=search_term_string\"}],\"inLanguage\":\"fr-FR\"},{\"@type\":\"WebPage\",\"@id\":\"https:\/\/uoh.fr\/front\/utiles\/droits-auteur\/#webpage\",\"url\":\"https:\/\/uoh.fr\/front\/utiles\/droits-auteur\/\",\"name\":\"Droits d'auteur - UNIVERSIT\\u00c9 NUM\\u00c9RIQUE DES HUMANIT\\u00c9S\",\"isPartOf\":{\"@id\":\"https:\/\/uoh.fr\/front\/#website\"},\"datePublished\":\"2019-10-18T11:52:34+00:00\",\"dateModified\":\"2023-12-01T10:06:48+00:00\",\"breadcrumb\":{\"@id\":\"https:\/\/uoh.fr\/front\/utiles\/droits-auteur\/#breadcrumb\"},\"inLanguage\":\"fr-FR\",\"potentialAction\":[{\"@type\":\"ReadAction\",\"target\":[\"https:\/\/uoh.fr\/front\/utiles\/droits-auteur\/\"]}]},{\"@type\":\"BreadcrumbList\",\"@id\":\"https:\/\/uoh.fr\/front\/utiles\/droits-auteur\/#breadcrumb\",\"itemListElement\":[{\"@type\":\"ListItem\",\"position\":1,\"name\":\"Home\",\"item\":\"https:\/\/uoh.fr\/front\/\"},{\"@type\":\"ListItem\",\"position\":2,\"name\":\"Guides\",\"item\":\"https:\/\/uoh.fr\/front\/utiles\/\"},{\"@type\":\"ListItem\",\"position\":3,\"name\":\"Droits d&rsquo;auteur\"}]}]}<\/script>\n<!-- \/ Yoast SEO plugin. -->","yoast_head_json":{"robots":{"index":"index","follow":"follow","max-snippet":"max-snippet:-1","max-image-preview":"max-image-preview:large","max-video-preview":"max-video-preview:-1"},"canonical":"https:\/\/uoh.fr\/front\/utiles\/droits-auteur\/","og_locale":"fr_FR","og_type":"article","og_title":"Droits d'auteur - UNIVERSIT\u00c9 NUM\u00c9RIQUE DES HUMANIT\u00c9S","og_description":"Le droit d&rsquo;auteur et les licences creative commons L&rsquo;utilisation et la diffusion de ressources num\u00e9riques p\u00e9dagogiques soul\u00e8vent de nombreux questionnements en termes de droit d&rsquo;auteur.Nous vous proposons 2 documents : le premier est un petit rappel pratique sur les droits aff\u00e9rents \u00e0 l&rsquo;usage et la diffusion de documents en fonction de leur format. Le deuxi\u00e8me [&hellip;]","og_url":"https:\/\/uoh.fr\/front\/utiles\/droits-auteur\/","og_site_name":"UNIVERSIT\u00c9 NUM\u00c9RIQUE DES HUMANIT\u00c9S","article_publisher":"https:\/\/www.facebook.com\/UOHumanites\/","article_modified_time":"2023-12-01T10:06:48+00:00","twitter_card":"summary_large_image","twitter_site":"@uohumanites","twitter_misc":{"Dur\u00e9e de lecture estim\u00e9e":"1 minute"},"schema":{"@context":"https:\/\/schema.org","@graph":[{"@type":"Organization","@id":"https:\/\/uoh.fr\/front\/#organization","name":"Universit\u00e9 Ouverte des Humanit\u00e9s","url":"https:\/\/uoh.fr\/front\/","sameAs":["https:\/\/www.facebook.com\/UOHumanites\/","https:\/\/www.linkedin.com\/company\/universit-ouverte-des-humanit-s","https:\/\/fr.wikipedia.org\/wiki\/Universit\u00e9_ouverte_des_Humanit\u00e9s","https:\/\/twitter.com\/uohumanites"],"logo":{"@type":"ImageObject","@id":"https:\/\/uoh.fr\/front\/#logo","inLanguage":"fr-FR","url":"https:\/\/uoh.fr\/front\/wp-content\/uploads\/2019\/10\/logo-uoh-png.png","contentUrl":"https:\/\/uoh.fr\/front\/wp-content\/uploads\/2019\/10\/logo-uoh-png.png","width":1200,"height":507,"caption":"Universit\u00e9 Ouverte des Humanit\u00e9s"},"image":{"@id":"https:\/\/uoh.fr\/front\/#logo"}},{"@type":"WebSite","@id":"https:\/\/uoh.fr\/front\/#website","url":"https:\/\/uoh.fr\/front\/","name":"UOH","description":"Des ressources en Arts, Lettres, Langues et Sciences Humaines et Sociales","publisher":{"@id":"https:\/\/uoh.fr\/front\/#organization"},"potentialAction":[{"@type":"SearchAction","target":{"@type":"EntryPoint","urlTemplate":"https:\/\/uoh.fr\/front\/?s={search_term_string}"},"query-input":"required name=search_term_string"}],"inLanguage":"fr-FR"},{"@type":"WebPage","@id":"https:\/\/uoh.fr\/front\/utiles\/droits-auteur\/#webpage","url":"https:\/\/uoh.fr\/front\/utiles\/droits-auteur\/","name":"Droits d'auteur - UNIVERSIT\u00c9 NUM\u00c9RIQUE DES HUMANIT\u00c9S","isPartOf":{"@id":"https:\/\/uoh.fr\/front\/#website"},"datePublished":"2019-10-18T11:52:34+00:00","dateModified":"2023-12-01T10:06:48+00:00","breadcrumb":{"@id":"https:\/\/uoh.fr\/front\/utiles\/droits-auteur\/#breadcrumb"},"inLanguage":"fr-FR","potentialAction":[{"@type":"ReadAction","target":["https:\/\/uoh.fr\/front\/utiles\/droits-auteur\/"]}]},{"@type":"BreadcrumbList","@id":"https:\/\/uoh.fr\/front\/utiles\/droits-auteur\/#breadcrumb","itemListElement":[{"@type":"ListItem","position":1,"name":"Home","item":"https:\/\/uoh.fr\/front\/"},{"@type":"ListItem","position":2,"name":"Guides","item":"https:\/\/uoh.fr\/front\/utiles\/"},{"@type":"ListItem","position":3,"name":"Droits d&rsquo;auteur"}]}]}},"_links":{"self":[{"href":"https:\/\/uoh.fr\/front\/wp-json\/wp\/v2\/pages\/810"}],"collection":[{"href":"https:\/\/uoh.fr\/front\/wp-json\/wp\/v2\/pages"}],"about":[{"href":"https:\/\/uoh.fr\/front\/wp-json\/wp\/v2\/types\/page"}],"author":[{"embeddable":true,"href":"https:\/\/uoh.fr\/front\/wp-json\/wp\/v2\/users\/1"}],"replies":[{"embeddable":true,"href":"https:\/\/uoh.fr\/front\/wp-json\/wp\/v2\/comments?post=810"}],"version-history":[{"count":11,"href":"https:\/\/uoh.fr\/front\/wp-json\/wp\/v2\/pages\/810\/revisions"}],"predecessor-version":[{"id":2442,"href":"https:\/\/uoh.fr\/front\/wp-json\/wp\/v2\/pages\/810\/revisions\/2442"}],"up":[{"embeddable":true,"href":"https:\/\/uoh.fr\/front\/wp-json\/wp\/v2\/pages\/628"}],"wp:attachment":[{"href":"https:\/\/uoh.fr\/front\/wp-json\/wp\/v2\/media?parent=810"}],"curies":[{"name":"wp","href":"https:\/\/api.w.org\/{rel}","templated":true}]}}