{"id":812,"date":"2019-10-18T13:52:52","date_gmt":"2019-10-18T11:52:52","guid":{"rendered":"http:\/\/unit-4.criann.fr\/front\/?page_id=812"},"modified":"2023-12-01T11:07:59","modified_gmt":"2023-12-01T10:07:59","slug":"charte-graphique","status":"publish","type":"page","link":"https:\/\/uoh.fr\/front\/utiles\/charte-graphique\/","title":{"rendered":"Charte graphique"},"content":{"rendered":"\n<p><strong>R\u00e9f\u00e9rences couleur<\/strong><\/p>\n\n\n\n<table class=\"wp-block-table has-fixed-layout is-style-stripes\"><tbody><tr><td>Couleurs<\/td><td>Hexad\u00e9cimale<\/td><td>RVB<\/td><td>CMJN<\/td><td>Pantone<\/td><\/tr><tr><td><img loading=\"lazy\" width=\"195\" height=\"86\" class=\"wp-image-1005\" style=\"width: 150px;\" src=\"https:\/\/uoh.fr\/front\/wp-content\/uploads\/2019\/10\/rouge-uoh.jpg\" alt=\"\"><\/td><td>#BOEA26<\/td><td>R 190 V 10 B 38<\/td><td>C17 M100 J96 N8<\/td><td>Pantone Solid Coatid<br>1797C<\/td><\/tr><tr><td><img loading=\"lazy\" width=\"195\" height=\"86\" class=\"wp-image-1007\" style=\"width: 150px;\" src=\"https:\/\/uoh.fr\/front\/wp-content\/uploads\/2019\/10\/orange-uoh.jpg\" alt=\"\"><\/td><td>#E7511E<\/td><td>R 231 V 81 B 30<\/td><td>C4 M83 J100 N1<\/td><td>Pantone Solid Coatid<br>1665C<\/td><\/tr><\/tbody><\/table>\n\n\n\n<hr class=\"wp-block-separator\"\/>\n\n\n\n<p><strong>Logo (clic droit pour t\u00e9l\u00e9charger l&rsquo;image)<\/strong><\/p>\n\n\n\n<div class=\"wp-block-columns has-2-columns\">\n<div class=\"wp-block-column\">\n<figure class=\"wp-block-image\"><img loading=\"lazy\" width=\"1024\" height=\"433\" src=\"https:\/\/uoh.fr\/front\/wp-content\/uploads\/2019\/10\/logo-uoh-jpg-1024x433.jpg\" alt=\"\" class=\"wp-image-992\" srcset=\"https:\/\/uoh.fr\/front\/wp-content\/uploads\/2019\/10\/logo-uoh-jpg-1024x433.jpg 1024w, https:\/\/uoh.fr\/front\/wp-content\/uploads\/2019\/10\/logo-uoh-jpg-300x127.jpg 300w, https:\/\/uoh.fr\/front\/wp-content\/uploads\/2019\/10\/logo-uoh-jpg-768x324.jpg 768w, https:\/\/uoh.fr\/front\/wp-content\/uploads\/2019\/10\/logo-uoh-jpg.jpg 1200w\" sizes=\"(max-width: 1024px) 100vw, 1024px\" \/><\/figure>\n\n\n\n<div class=\"wp-block-columns has-2-columns\">\n<div class=\"wp-block-column\">\n<figure class=\"wp-block-image\"><img loading=\"lazy\" width=\"1024\" height=\"433\" src=\"https:\/\/uoh.fr\/front\/wp-content\/uploads\/2019\/10\/logo-uoh-jpg-1024x433.jpg\" alt=\"\" class=\"wp-image-992\" srcset=\"https:\/\/uoh.fr\/front\/wp-content\/uploads\/2019\/10\/logo-uoh-jpg-1024x433.jpg 1024w, https:\/\/uoh.fr\/front\/wp-content\/uploads\/2019\/10\/logo-uoh-jpg-300x127.jpg 300w, https:\/\/uoh.fr\/front\/wp-content\/uploads\/2019\/10\/logo-uoh-jpg-768x324.jpg 768w, https:\/\/uoh.fr\/front\/wp-content\/uploads\/2019\/10\/logo-uoh-jpg.jpg 1200w\" sizes=\"(max-width: 1024px) 100vw, 1024px\" \/><\/figure>\n<\/div>\n\n\n\n<div class=\"wp-block-column\">\n<figure class=\"wp-block-image\"><img loading=\"lazy\" width=\"1024\" height=\"433\" src=\"https:\/\/uoh.fr\/front\/wp-content\/uploads\/2019\/10\/logo-uoh-png-1024x433.png\" alt=\"\" class=\"wp-image-994\" srcset=\"https:\/\/uoh.fr\/front\/wp-content\/uploads\/2019\/10\/logo-uoh-png-1024x433.png 1024w, https:\/\/uoh.fr\/front\/wp-content\/uploads\/2019\/10\/logo-uoh-png-300x127.png 300w, https:\/\/uoh.fr\/front\/wp-content\/uploads\/2019\/10\/logo-uoh-png-768x324.png 768w, https:\/\/uoh.fr\/front\/wp-content\/uploads\/2019\/10\/logo-uoh-png.png 1200w\" sizes=\"(max-width: 1024px) 100vw, 1024px\" \/><\/figure>\n<\/div>\n<\/div>\n<\/div>\n\n\n\n<div class=\"wp-block-column\">\n<figure class=\"wp-block-image\"><img loading=\"lazy\" width=\"1024\" height=\"433\" src=\"https:\/\/uoh.fr\/front\/wp-content\/uploads\/2019\/10\/logo-uoh-png-1024x433.png\" alt=\"\" class=\"wp-image-994\" srcset=\"https:\/\/uoh.fr\/front\/wp-content\/uploads\/2019\/10\/logo-uoh-png-1024x433.png 1024w, https:\/\/uoh.fr\/front\/wp-content\/uploads\/2019\/10\/logo-uoh-png-300x127.png 300w, https:\/\/uoh.fr\/front\/wp-content\/uploads\/2019\/10\/logo-uoh-png-768x324.png 768w, https:\/\/uoh.fr\/front\/wp-content\/uploads\/2019\/10\/logo-uoh-png.png 1200w\" sizes=\"(max-width: 1024px) 100vw, 1024px\" \/><\/figure>\n\n\n\n<div class=\"wp-block-columns has-2-columns\">\n<div class=\"wp-block-column\">\n<p><\/p>\n<\/div>\n\n\n\n<div class=\"wp-block-column\"><\/div>\n<\/div>\n\n\n\n<figure class=\"wp-block-image\"><img loading=\"lazy\" width=\"1024\" height=\"433\" src=\"https:\/\/uoh.fr\/front\/wp-content\/uploads\/2019\/10\/logo-uoh-ndg-1024x433.png\" alt=\"\" class=\"wp-image-996\" srcset=\"https:\/\/uoh.fr\/front\/wp-content\/uploads\/2019\/10\/logo-uoh-ndg-1024x433.png 1024w, https:\/\/uoh.fr\/front\/wp-content\/uploads\/2019\/10\/logo-uoh-ndg-300x127.png 300w, https:\/\/uoh.fr\/front\/wp-content\/uploads\/2019\/10\/logo-uoh-ndg-768x324.png 768w, https:\/\/uoh.fr\/front\/wp-content\/uploads\/2019\/10\/logo-uoh-ndg.png 1200w\" sizes=\"(max-width: 1024px) 100vw, 1024px\" \/><\/figure>\n<\/div>\n<\/div>\n","protected":false},"excerpt":{"rendered":"<p>R\u00e9f\u00e9rences couleur Couleurs Hexad\u00e9cimale RVB CMJN Pantone #BOEA26 R 190 V 10 B 38 C17 M100 J96 N8 Pantone Solid Coatid1797C #E7511E R 231 V 81 B 30 C4 M83 J100 N1 Pantone Solid Coatid1665C Logo (clic droit pour t\u00e9l\u00e9charger l&rsquo;image)<\/p>\n","protected":false},"author":1,"featured_media":0,"parent":628,"menu_order":0,"comment_status":"closed","ping_status":"closed","template":"","meta":[],"acf":[],"yoast_head":"<!-- This site is optimized with the Yoast SEO plugin v17.7.1 - https:\/\/yoast.com\/wordpress\/plugins\/seo\/ -->\n<meta name=\"robots\" content=\"index, follow, max-snippet:-1, max-image-preview:large, max-video-preview:-1\" \/>\n<link rel=\"canonical\" href=\"https:\/\/uoh.fr\/front\/utiles\/charte-graphique\/\" \/>\n<meta property=\"og:locale\" content=\"fr_FR\" \/>\n<meta property=\"og:type\" content=\"article\" \/>\n<meta property=\"og:title\" content=\"Charte graphique - UNIVERSIT\u00c9 NUM\u00c9RIQUE DES HUMANIT\u00c9S\" \/>\n<meta property=\"og:description\" content=\"R\u00e9f\u00e9rences couleur Couleurs Hexad\u00e9cimale RVB CMJN Pantone #BOEA26 R 190 V 10 B 38 C17 M100 J96 N8 Pantone Solid Coatid1797C #E7511E R 231 V 81 B 30 C4 M83 J100 N1 Pantone Solid Coatid1665C Logo (clic droit pour t\u00e9l\u00e9charger l&rsquo;image)\" \/>\n<meta property=\"og:url\" content=\"https:\/\/uoh.fr\/front\/utiles\/charte-graphique\/\" \/>\n<meta property=\"og:site_name\" content=\"UNIVERSIT\u00c9 NUM\u00c9RIQUE DES HUMANIT\u00c9S\" \/>\n<meta property=\"article:publisher\" content=\"https:\/\/www.facebook.com\/UOHumanites\/\" \/>\n<meta property=\"article:modified_time\" content=\"2023-12-01T10:07:59+00:00\" \/>\n<meta property=\"og:image\" content=\"https:\/\/uoh.fr\/front\/wp-content\/uploads\/2019\/10\/rouge-uoh.jpg\" \/>\n<meta name=\"twitter:card\" content=\"summary_large_image\" \/>\n<meta name=\"twitter:site\" content=\"@uohumanites\" \/>\n<script type=\"application\/ld+json\" class=\"yoast-schema-graph\">{\"@context\":\"https:\/\/schema.org\",\"@graph\":[{\"@type\":\"Organization\",\"@id\":\"https:\/\/uoh.fr\/front\/#organization\",\"name\":\"Universit\\u00e9 Ouverte des Humanit\\u00e9s\",\"url\":\"https:\/\/uoh.fr\/front\/\",\"sameAs\":[\"https:\/\/www.facebook.com\/UOHumanites\/\",\"https:\/\/www.linkedin.com\/company\/universit-ouverte-des-humanit-s\",\"https:\/\/fr.wikipedia.org\/wiki\/Universit\\u00e9_ouverte_des_Humanit\\u00e9s\",\"https:\/\/twitter.com\/uohumanites\"],\"logo\":{\"@type\":\"ImageObject\",\"@id\":\"https:\/\/uoh.fr\/front\/#logo\",\"inLanguage\":\"fr-FR\",\"url\":\"https:\/\/uoh.fr\/front\/wp-content\/uploads\/2019\/10\/logo-uoh-png.png\",\"contentUrl\":\"https:\/\/uoh.fr\/front\/wp-content\/uploads\/2019\/10\/logo-uoh-png.png\",\"width\":1200,\"height\":507,\"caption\":\"Universit\\u00e9 Ouverte des Humanit\\u00e9s\"},\"image\":{\"@id\":\"https:\/\/uoh.fr\/front\/#logo\"}},{\"@type\":\"WebSite\",\"@id\":\"https:\/\/uoh.fr\/front\/#website\",\"url\":\"https:\/\/uoh.fr\/front\/\",\"name\":\"UOH\",\"description\":\"Des ressources en Arts, Lettres, Langues et Sciences Humaines et Sociales\",\"publisher\":{\"@id\":\"https:\/\/uoh.fr\/front\/#organization\"},\"potentialAction\":[{\"@type\":\"SearchAction\",\"target\":{\"@type\":\"EntryPoint\",\"urlTemplate\":\"https:\/\/uoh.fr\/front\/?s={search_term_string}\"},\"query-input\":\"required name=search_term_string\"}],\"inLanguage\":\"fr-FR\"},{\"@type\":\"ImageObject\",\"@id\":\"https:\/\/uoh.fr\/front\/utiles\/charte-graphique\/#primaryimage\",\"inLanguage\":\"fr-FR\",\"url\":\"https:\/\/uoh.fr\/front\/wp-content\/uploads\/2019\/10\/rouge-uoh.jpg\",\"contentUrl\":\"https:\/\/uoh.fr\/front\/wp-content\/uploads\/2019\/10\/rouge-uoh.jpg\",\"width\":195,\"height\":86},{\"@type\":\"WebPage\",\"@id\":\"https:\/\/uoh.fr\/front\/utiles\/charte-graphique\/#webpage\",\"url\":\"https:\/\/uoh.fr\/front\/utiles\/charte-graphique\/\",\"name\":\"Charte graphique - UNIVERSIT\\u00c9 NUM\\u00c9RIQUE DES HUMANIT\\u00c9S\",\"isPartOf\":{\"@id\":\"https:\/\/uoh.fr\/front\/#website\"},\"primaryImageOfPage\":{\"@id\":\"https:\/\/uoh.fr\/front\/utiles\/charte-graphique\/#primaryimage\"},\"datePublished\":\"2019-10-18T11:52:52+00:00\",\"dateModified\":\"2023-12-01T10:07:59+00:00\",\"breadcrumb\":{\"@id\":\"https:\/\/uoh.fr\/front\/utiles\/charte-graphique\/#breadcrumb\"},\"inLanguage\":\"fr-FR\",\"potentialAction\":[{\"@type\":\"ReadAction\",\"target\":[\"https:\/\/uoh.fr\/front\/utiles\/charte-graphique\/\"]}]},{\"@type\":\"BreadcrumbList\",\"@id\":\"https:\/\/uoh.fr\/front\/utiles\/charte-graphique\/#breadcrumb\",\"itemListElement\":[{\"@type\":\"ListItem\",\"position\":1,\"name\":\"Home\",\"item\":\"https:\/\/uoh.fr\/front\/\"},{\"@type\":\"ListItem\",\"position\":2,\"name\":\"Guides\",\"item\":\"https:\/\/uoh.fr\/front\/utiles\/\"},{\"@type\":\"ListItem\",\"position\":3,\"name\":\"Charte graphique\"}]}]}<\/script>\n<!-- \/ Yoast SEO plugin. -->","yoast_head_json":{"robots":{"index":"index","follow":"follow","max-snippet":"max-snippet:-1","max-image-preview":"max-image-preview:large","max-video-preview":"max-video-preview:-1"},"canonical":"https:\/\/uoh.fr\/front\/utiles\/charte-graphique\/","og_locale":"fr_FR","og_type":"article","og_title":"Charte graphique - UNIVERSIT\u00c9 NUM\u00c9RIQUE DES HUMANIT\u00c9S","og_description":"R\u00e9f\u00e9rences couleur Couleurs Hexad\u00e9cimale RVB CMJN Pantone #BOEA26 R 190 V 10 B 38 C17 M100 J96 N8 Pantone Solid Coatid1797C #E7511E R 231 V 81 B 30 C4 M83 J100 N1 Pantone Solid Coatid1665C Logo (clic droit pour t\u00e9l\u00e9charger l&rsquo;image)","og_url":"https:\/\/uoh.fr\/front\/utiles\/charte-graphique\/","og_site_name":"UNIVERSIT\u00c9 NUM\u00c9RIQUE DES HUMANIT\u00c9S","article_publisher":"https:\/\/www.facebook.com\/UOHumanites\/","article_modified_time":"2023-12-01T10:07:59+00:00","og_image":[{"url":"https:\/\/uoh.fr\/front\/wp-content\/uploads\/2019\/10\/rouge-uoh.jpg"}],"twitter_card":"summary_large_image","twitter_site":"@uohumanites","schema":{"@context":"https:\/\/schema.org","@graph":[{"@type":"Organization","@id":"https:\/\/uoh.fr\/front\/#organization","name":"Universit\u00e9 Ouverte des Humanit\u00e9s","url":"https:\/\/uoh.fr\/front\/","sameAs":["https:\/\/www.facebook.com\/UOHumanites\/","https:\/\/www.linkedin.com\/company\/universit-ouverte-des-humanit-s","https:\/\/fr.wikipedia.org\/wiki\/Universit\u00e9_ouverte_des_Humanit\u00e9s","https:\/\/twitter.com\/uohumanites"],"logo":{"@type":"ImageObject","@id":"https:\/\/uoh.fr\/front\/#logo","inLanguage":"fr-FR","url":"https:\/\/uoh.fr\/front\/wp-content\/uploads\/2019\/10\/logo-uoh-png.png","contentUrl":"https:\/\/uoh.fr\/front\/wp-content\/uploads\/2019\/10\/logo-uoh-png.png","width":1200,"height":507,"caption":"Universit\u00e9 Ouverte des Humanit\u00e9s"},"image":{"@id":"https:\/\/uoh.fr\/front\/#logo"}},{"@type":"WebSite","@id":"https:\/\/uoh.fr\/front\/#website","url":"https:\/\/uoh.fr\/front\/","name":"UOH","description":"Des ressources en Arts, Lettres, Langues et Sciences Humaines et Sociales","publisher":{"@id":"https:\/\/uoh.fr\/front\/#organization"},"potentialAction":[{"@type":"SearchAction","target":{"@type":"EntryPoint","urlTemplate":"https:\/\/uoh.fr\/front\/?s={search_term_string}"},"query-input":"required name=search_term_string"}],"inLanguage":"fr-FR"},{"@type":"ImageObject","@id":"https:\/\/uoh.fr\/front\/utiles\/charte-graphique\/#primaryimage","inLanguage":"fr-FR","url":"https:\/\/uoh.fr\/front\/wp-content\/uploads\/2019\/10\/rouge-uoh.jpg","contentUrl":"https:\/\/uoh.fr\/front\/wp-content\/uploads\/2019\/10\/rouge-uoh.jpg","width":195,"height":86},{"@type":"WebPage","@id":"https:\/\/uoh.fr\/front\/utiles\/charte-graphique\/#webpage","url":"https:\/\/uoh.fr\/front\/utiles\/charte-graphique\/","name":"Charte graphique - UNIVERSIT\u00c9 NUM\u00c9RIQUE DES HUMANIT\u00c9S","isPartOf":{"@id":"https:\/\/uoh.fr\/front\/#website"},"primaryImageOfPage":{"@id":"https:\/\/uoh.fr\/front\/utiles\/charte-graphique\/#primaryimage"},"datePublished":"2019-10-18T11:52:52+00:00","dateModified":"2023-12-01T10:07:59+00:00","breadcrumb":{"@id":"https:\/\/uoh.fr\/front\/utiles\/charte-graphique\/#breadcrumb"},"inLanguage":"fr-FR","potentialAction":[{"@type":"ReadAction","target":["https:\/\/uoh.fr\/front\/utiles\/charte-graphique\/"]}]},{"@type":"BreadcrumbList","@id":"https:\/\/uoh.fr\/front\/utiles\/charte-graphique\/#breadcrumb","itemListElement":[{"@type":"ListItem","position":1,"name":"Home","item":"https:\/\/uoh.fr\/front\/"},{"@type":"ListItem","position":2,"name":"Guides","item":"https:\/\/uoh.fr\/front\/utiles\/"},{"@type":"ListItem","position":3,"name":"Charte graphique"}]}]}},"_links":{"self":[{"href":"https:\/\/uoh.fr\/front\/wp-json\/wp\/v2\/pages\/812"}],"collection":[{"href":"https:\/\/uoh.fr\/front\/wp-json\/wp\/v2\/pages"}],"about":[{"href":"https:\/\/uoh.fr\/front\/wp-json\/wp\/v2\/types\/page"}],"author":[{"embeddable":true,"href":"https:\/\/uoh.fr\/front\/wp-json\/wp\/v2\/users\/1"}],"replies":[{"embeddable":true,"href":"https:\/\/uoh.fr\/front\/wp-json\/wp\/v2\/comments?post=812"}],"version-history":[{"count":13,"href":"https:\/\/uoh.fr\/front\/wp-json\/wp\/v2\/pages\/812\/revisions"}],"predecessor-version":[{"id":1014,"href":"https:\/\/uoh.fr\/front\/wp-json\/wp\/v2\/pages\/812\/revisions\/1014"}],"up":[{"embeddable":true,"href":"https:\/\/uoh.fr\/front\/wp-json\/wp\/v2\/pages\/628"}],"wp:attachment":[{"href":"https:\/\/uoh.fr\/front\/wp-json\/wp\/v2\/media?parent=812"}],"curies":[{"name":"wp","href":"https:\/\/api.w.org\/{rel}","templated":true}]}}