{"id":816,"date":"2019-10-18T13:53:26","date_gmt":"2019-10-18T11:53:26","guid":{"rendered":"http:\/\/unit-4.criann.fr\/front\/?page_id=816"},"modified":"2023-12-01T11:09:17","modified_gmt":"2023-12-01T10:09:17","slug":"droits-et-devoirs","status":"publish","type":"page","link":"https:\/\/uoh.fr\/front\/droits\/droits-et-devoirs\/","title":{"rendered":"Droits &#038; devoirs"},"content":{"rendered":"\n<p><em>Merci de lire attentivement les mentions l\u00e9gales expos\u00e9es ci-dessous. En faisant usage de ce site, vous d\u00e9clarez accepter ces mentions.<\/em><\/p>\n\n\n\n<h4><strong>Bienvenue sur le portail de L&rsquo;Universit\u00e9 Ouverte des Humanit\u00e9s &#8211; uoh.f<\/strong>r<\/h4>\n\n\n\n<hr class=\"wp-block-separator\"\/>\n\n\n\n<p><strong>Mentions relatives aux marques et droits d&rsquo;auteur<\/strong><\/p>\n\n\n\n<p>Les marques et logos figurant sur le portail uoh.fr sont la propri\u00e9t\u00e9 de l&rsquo;Universit\u00e9 Ouverte des Humanit\u00e9s ou de tiers ; ils ne doivent pas \u00eatre utilis\u00e9s \u00e0 des fins commerciales sans le consentement \u00e9crit et pr\u00e9alable du propri\u00e9taire de la marque (art. L. 713-2 du Code de la Propri\u00e9t\u00e9 Intellectuelle). Le sigle UOH et les logos utilis\u00e9s sont des marques d\u00e9pos\u00e9es. Les noms, produits et services qui sont mentionn\u00e9s par ailleurs dans le portail sont des marques qui doivent \u00eatre regard\u00e9es comme appartenant \u00e0 leurs propri\u00e9taires respectifs. Il en est de m\u00eame pour tous les logiciels, textes, images anim\u00e9es ou fixes, sons, savoir-faire, dessins, graphismes (&#8230;) et tous autres \u00e9l\u00e9ments composant le portail uoh.fr.<\/p>\n\n\n\n<p>Les soci\u00e9t\u00e9s et les noms cit\u00e9s ne sont donn\u00e9s qu&rsquo;\u00e0 titre d&rsquo;exemple. Ces citations ne doivent laisser supposer aucune association de uoh.fr avec tout autre soci\u00e9t\u00e9, nom ou produit.<\/p>\n\n\n\n<p>Tous les droits qui ne sont pas express\u00e9ment conc\u00e9d\u00e9s sont r\u00e9serv\u00e9s \u00e0 l&rsquo;Universit\u00e9 Ouverte des Humanit\u00e9s. En outre, celle-ci n&rsquo;entend faire aucune d\u00e9claration sur le caract\u00e8re appropri\u00e9 d&rsquo;un usage particulier des informations contenues dans les documents et dans les \u00e9l\u00e9ments graphiques publi\u00e9s sur ce portail. Toute garantie de ce fait est exclue.<\/p>\n\n\n\n<p>L&rsquo;Universit\u00e9 Ouverte des Humanit\u00e9s ne saurait en aucun cas \u00eatre tenue pour responsable, quel que soit le fondement de l&rsquo;action en responsabilit\u00e9 qui pourrait \u00eatre invoqu\u00e9, de dommages directs ou indirects r\u00e9sultant de l&rsquo;utilisation du portail, ou li\u00e9e \u00e0 celle-ci ainsi qu&rsquo;aux usages des informations disponibles sur le portail. Elle d\u00e9gage sa responsabilit\u00e9 pour tout dommage qui r\u00e9sulterait d&rsquo;un arr\u00eat d&rsquo;utilisation, d&rsquo;une perte de donn\u00e9es ou de b\u00e9n\u00e9fices.<\/p>\n\n\n\n<p>La reproduction des \u0153uvres de ce portail est autoris\u00e9e, tout particuli\u00e8rement dans le cadre p\u00e9dagogique, sous r\u00e9serve du respect des conditions de r\u00e9utilisation et\/ou de distribution d&rsquo;\u0153uvres r\u00e9gies par la licence Creative Commons d\u00e9clar\u00e9e. <\/p>\n\n\n\n<hr class=\"wp-block-separator\"\/>\n\n\n\n<p><strong>Mentions relatives aux liens hypertextes<\/strong><\/p>\n\n\n\n<p>Les liens hypertextes de uoh.fr vous font quitter le portail. Les sites cibles ne sont pas sous le contr\u00f4le de uoh.fr; par cons\u00e9quent, l&rsquo;Universit\u00e9 Ouverte des Humanit\u00e9s n&rsquo;est pas responsable du contenu de ces sites, des liens qu&rsquo;ils contiennent, ni des changements ou mises \u00e0 jour qui leur sont apport\u00e9s. Les liens sont pr\u00e9sents sur le site pour votre commodit\u00e9 et leur inclusion n&rsquo;implique aucune approbation par l&rsquo;UOH. Les risques li\u00e9s \u00e0 l&rsquo;utilisation de ces sites incombent donc pleinement \u00e0 l&rsquo;utilisateur.<\/p>\n\n\n\n<p>Tout lien hypertexte vers le portail uoh.fr ou l\u2019une de ses pages est libre, \u00e0 condition d\u2019indiquer clairement la source. <\/p>\n\n\n\n<p>Donn\u00e9es \u00e0 caract\u00e8re personnel obtenues sur le portail : <\/p>\n\n\n\n<p>Conform\u00e9ment \u00e0 la loi \u00ab\u00a0Informatique et Libert\u00e9s\u00a0\u00bb, le traitement des informations nominatives relatives aux internautes a fait l&rsquo;objet <a>d&rsquo;une d\u00e9claration aupr\u00e8s de la Commission Nationale de l&rsquo;Informatique et des Libert\u00e9s (CNIL).<\/a> <\/p>\n\n\n\n<p><a>Par cons\u00e9quent, conform\u00e9ment \u00e0 la loi Informatique et Libert\u00e9s du 6 janvier 1978 modifi\u00e9e; vous disposez d&rsquo;un droit d&rsquo;acc\u00e8s, de modification, de rectification et de suppression des donn\u00e9es vous concernant. Pour l&rsquo;exercer, adressez-vous \u00e0 la r\u00e9daction du portail, en \u00e9crivant \u00e0 <\/a><a href=\"mailto:webmestre@uoh.fr\">UOHumanites@gmail.com<\/a><\/p>\n\n\n\n<p>En vertu de la loi n\u00b0 2000-719 du 1er ao\u00fbt 2000, les coordonn\u00e9es d\u00e9clar\u00e9es par l&rsquo;utilisateur pourront \u00eatre communiqu\u00e9es sur r\u00e9quisition des autorit\u00e9s judiciaires.<\/p>\n\n\n\n<p>Les informations que vous aurez saisies sur le portail de l\u2019Universit\u00e9 Ouverte des Humanit\u00e9s sont conformes \u00e0 la Loi Informatique et Libert\u00e9s. Elles sont \u00e0 l\u2019usage r\u00e9serv\u00e9 de l\u2019UOH.<\/p>\n\n\n\n<p>Nous vous informons que vos r\u00e9ponses au formulaire de contact sont facultatives et que le d\u00e9faut de r\u00e9ponse n&rsquo;entra\u00eene aucune cons\u00e9quence particuli\u00e8re. N\u00e9anmoins, vos r\u00e9ponses doivent \u00eatre suffisantes pour nous permettre de traiter l&rsquo;information. &nbsp;<\/p>\n\n\n\n<hr class=\"wp-block-separator\"\/>\n\n\n\n<p><strong>Informations sur les contenus<\/strong><\/p>\n\n\n\n<p>Les informations contenues sur le portail de l\u2019Universit\u00e9 Ouverte des Humanit\u00e9s, y compris leur aspect et leurs caract\u00e9ristiques, sont non contractuelles.<\/p>\n\n\n\n<p>Ces informations ne constituent en aucun cas une assertion, une garantie ou un engagement de la part de l\u2019Universit\u00e9 Ouverte des Humanit\u00e9s \u00e0 l&rsquo;\u00e9gard de tout produit ou service. Par cons\u00e9quent, l\u2019Universit\u00e9 Ouverte des Humanit\u00e9s d\u00e9cline toute responsabilit\u00e9, expresse ou implicite, quant \u00e0 leur compl\u00e9tude, leur exactitude ou leur ad\u00e9quation \u00e0 un but quelconque.<\/p>\n\n\n\n<p>De m\u00eame, l\u2019Universit\u00e9 Ouverte des Humanit\u00e9s ne peut garantir que toutes les informations mises en ligne sur son portail sont compl\u00e8tes, pr\u00e9cises, exactes, d\u00e9pourvues de toutes erreur et \u00e0 jour.<\/p>\n\n\n\n<p>L&rsquo;utilisateur qui constaterait des inexactitudes, des informations erron\u00e9es ou des informations de caract\u00e8re manifestement illicite, est tenu d&rsquo;en informer le directeur de la publication, afin que celui-ci y mette fin.<\/p>\n\n\n\n<p>L\u2019Universit\u00e9 Ouverte des Humanit\u00e9s d\u00e9cline toute responsabilit\u00e9 quant \u00e0 la pertinence des informations fournies et \u00e0 l&rsquo;utilisation qu&rsquo;un internaute est susceptible d&rsquo;en faire. <\/p>\n\n\n\n<hr class=\"wp-block-separator\"\/>\n\n\n\n<p><strong>Droits utilisateur<\/strong><\/p>\n\n\n\n<p>Le site uoh.fr est d\u00e9clar\u00e9 aupr\u00e8s de la Commission\nNationale Informatique et Libert\u00e9s (CNIL) en application de la loi n\u00b078-17 du 6\njanvier 1978 relative \u00e0 l&rsquo;informatique, aux fichiers et aux libert\u00e9s. Chaque\ninternaute ayant d\u00e9pos\u00e9 des informations nominatives le concernant sur le Site\ndispose des droits d&rsquo;opposition (article 38 de la loi), d&rsquo;acc\u00e8s (articles 39,\n41 et 42 de la loi) et de rectification (article 40 de la loi) de ces donn\u00e9es.<\/p>\n\n\n\n<p>Chaque internaute peut contacter l\u2019\u00e9quipe de l\u2019UOH \u00e0 l\u2019adresse : UOHumanites@gmail.com<\/p>\n\n\n\n<p>Les utilisateurs du site uoh.fr sont invit\u00e9s \u00e0 faire conna\u00eetre leurs remarques sur d\u00b4\u00e9ventuels dysfonctionnements du site au regard des libert\u00e9s individuelles.<\/p>\n\n\n\n<hr class=\"wp-block-separator\"\/>\n\n\n\n<p><strong>Cookies<\/strong><\/p>\n\n\n\n<p>Lors de la consultation de notre site uoh.fr, des cookies sont d\u00e9pos\u00e9s sur votre ordinateur, votre mobile ou votre tablette.<br><br>Les seuls cookies  utilis\u00e9s par le site&nbsp; sont ceux destin\u00e9s \u00e0 la mesure d&rsquo;audience et ne collectent pas de donn\u00e9es personnelles. Les outils de mesures d\u2019audience  sont d\u00e9ploy\u00e9s afin d\u2019obtenir des informations sur la navigation des visiteurs. Ils permettent notamment de comprendre comment les utilisateurs arrivent sur un site et de reconstituer leur parcours.<br>&nbsp;<br>Les  donn\u00e9es g\u00e9n\u00e9r\u00e9es par les cookies sont transmises et stock\u00e9es par les  prestataires de mesure d\u2019audience (Mamoto) et de recommandation (Sailendra).<\/p>\n\n\n\n<p><strong>D\u00e9finition d\u2019un cookie<\/strong><\/p>\n\n\n\n<p>Un cookie est un fichier texte d\u00e9pos\u00e9 sur votre ordinateur lors de la\n visite d&rsquo;un site ou de la consultation d&rsquo;une publicit\u00e9. Il a pour but \nde collecter des informations relatives \u00e0 votre navigation et de vous \nadresser des services adapt\u00e9s \u00e0 votre terminal (ordinateur, mobile ou \ntablette). Les cookies sont g\u00e9r\u00e9s par votre navigateur internet.<br><br>Nous\n veillons dans la mesure du possible \u00e0 ce que les prestataires de \nmesures d&rsquo;audience respectent strictement la loi informatique et \nlibert\u00e9s du 6 janvier 1978 modifi\u00e9e et s&rsquo;engagent \u00e0 mettre en \u0153uvre des \nmesures appropri\u00e9es de s\u00e9curisation et de protection de la \nconfidentialit\u00e9 des donn\u00e9es.<\/p>\n\n\n\n<p><strong>Param\u00e9trer votre navigateur internet<\/strong><\/p>\n\n\n\n<p>Vous pouvez \u00e0 tout moment choisir de d\u00e9sactiver ces cookies. Votre \nnavigateur peut \u00e9galement \u00eatre param\u00e9tr\u00e9 pour vous signaler les cookies \nqui sont d\u00e9pos\u00e9s dans votre ordinateur et vous demander de les accepter \nou pas. Vous pouvez accepter ou refuser les cookies au cas par cas ou \nbien les refuser syst\u00e9matiquement.<br>En cas de refus de dep\u00f4t de \ncookie, vous ne pourrez pas consulter le site \nenseignementsup-recherche.gouv.fr. Afin de g\u00e9rer les cookies au plus \npr\u00e8s de vos attentes nous vous invitons \u00e0 param\u00e9trer votre navigateur en\n tenant compte de la finalit\u00e9 des cookies.<\/p>\n\n\n\n<hr class=\"wp-block-separator\"\/>\n\n\n\n<p><strong>Informations techniques<\/strong><\/p>\n\n\n\n<p>Il est rappel\u00e9 que le secret des correspondances n&rsquo;est pas garanti sur le r\u00e9seau Internet et qu&rsquo;il appartient \u00e0 chaque utilisateur d&rsquo;Internet de prendre toutes les mesures appropri\u00e9es de fa\u00e7on \u00e0 prot\u00e9ger ses propres donn\u00e9es et\/ou logiciels de la contamination d&rsquo;\u00e9ventuels virus circulant sur Internet.<\/p>\n\n\n\n<p>Il est rappel\u00e9 que le fait d\u2019acc\u00e9der ou de se maintenir frauduleusement dans un syst\u00e8me informatique, d\u2019entraver ou de fausser le fonctionnement d\u2019un tel syst\u00e8me, d\u2019introduire ou de modifier ses donn\u00e9es constituent des d\u00e9lits passibles de sanctions p\u00e9nales. <\/p>\n","protected":false},"excerpt":{"rendered":"<p>Merci de lire attentivement les mentions l\u00e9gales expos\u00e9es ci-dessous. En faisant usage de ce site, vous d\u00e9clarez accepter ces mentions. Bienvenue sur le portail de L&rsquo;Universit\u00e9 Ouverte des Humanit\u00e9s &#8211; uoh.fr Mentions relatives aux marques et droits d&rsquo;auteur Les marques et logos figurant sur le portail uoh.fr sont la propri\u00e9t\u00e9 de l&rsquo;Universit\u00e9 Ouverte des Humanit\u00e9s [&hellip;]<\/p>\n","protected":false},"author":1,"featured_media":0,"parent":625,"menu_order":0,"comment_status":"closed","ping_status":"closed","template":"","meta":[],"acf":[],"yoast_head":"<!-- This site is optimized with the Yoast SEO plugin v17.7.1 - https:\/\/yoast.com\/wordpress\/plugins\/seo\/ -->\n<meta name=\"robots\" content=\"index, follow, max-snippet:-1, max-image-preview:large, max-video-preview:-1\" \/>\n<link rel=\"canonical\" href=\"https:\/\/uoh.fr\/front\/droits\/droits-et-devoirs\/\" \/>\n<meta property=\"og:locale\" content=\"fr_FR\" \/>\n<meta property=\"og:type\" content=\"article\" \/>\n<meta property=\"og:title\" content=\"Droits &amp; devoirs - UNIVERSIT\u00c9 NUM\u00c9RIQUE DES HUMANIT\u00c9S\" \/>\n<meta property=\"og:description\" content=\"Merci de lire attentivement les mentions l\u00e9gales expos\u00e9es ci-dessous. En faisant usage de ce site, vous d\u00e9clarez accepter ces mentions. Bienvenue sur le portail de L&rsquo;Universit\u00e9 Ouverte des Humanit\u00e9s &#8211; uoh.fr Mentions relatives aux marques et droits d&rsquo;auteur Les marques et logos figurant sur le portail uoh.fr sont la propri\u00e9t\u00e9 de l&rsquo;Universit\u00e9 Ouverte des Humanit\u00e9s [&hellip;]\" \/>\n<meta property=\"og:url\" content=\"https:\/\/uoh.fr\/front\/droits\/droits-et-devoirs\/\" \/>\n<meta property=\"og:site_name\" content=\"UNIVERSIT\u00c9 NUM\u00c9RIQUE DES HUMANIT\u00c9S\" \/>\n<meta property=\"article:publisher\" content=\"https:\/\/www.facebook.com\/UOHumanites\/\" \/>\n<meta property=\"article:modified_time\" content=\"2023-12-01T10:09:17+00:00\" \/>\n<meta name=\"twitter:card\" content=\"summary_large_image\" \/>\n<meta name=\"twitter:site\" content=\"@uohumanites\" \/>\n<meta name=\"twitter:label1\" content=\"Dur\u00e9e de lecture estim\u00e9e\" \/>\n\t<meta name=\"twitter:data1\" content=\"7 minutes\" \/>\n<script type=\"application\/ld+json\" class=\"yoast-schema-graph\">{\"@context\":\"https:\/\/schema.org\",\"@graph\":[{\"@type\":\"Organization\",\"@id\":\"https:\/\/uoh.fr\/front\/#organization\",\"name\":\"Universit\\u00e9 Ouverte des Humanit\\u00e9s\",\"url\":\"https:\/\/uoh.fr\/front\/\",\"sameAs\":[\"https:\/\/www.facebook.com\/UOHumanites\/\",\"https:\/\/www.linkedin.com\/company\/universit-ouverte-des-humanit-s\",\"https:\/\/fr.wikipedia.org\/wiki\/Universit\\u00e9_ouverte_des_Humanit\\u00e9s\",\"https:\/\/twitter.com\/uohumanites\"],\"logo\":{\"@type\":\"ImageObject\",\"@id\":\"https:\/\/uoh.fr\/front\/#logo\",\"inLanguage\":\"fr-FR\",\"url\":\"https:\/\/uoh.fr\/front\/wp-content\/uploads\/2019\/10\/logo-uoh-png.png\",\"contentUrl\":\"https:\/\/uoh.fr\/front\/wp-content\/uploads\/2019\/10\/logo-uoh-png.png\",\"width\":1200,\"height\":507,\"caption\":\"Universit\\u00e9 Ouverte des Humanit\\u00e9s\"},\"image\":{\"@id\":\"https:\/\/uoh.fr\/front\/#logo\"}},{\"@type\":\"WebSite\",\"@id\":\"https:\/\/uoh.fr\/front\/#website\",\"url\":\"https:\/\/uoh.fr\/front\/\",\"name\":\"UOH\",\"description\":\"Des ressources en Arts, Lettres, Langues et Sciences Humaines et Sociales\",\"publisher\":{\"@id\":\"https:\/\/uoh.fr\/front\/#organization\"},\"potentialAction\":[{\"@type\":\"SearchAction\",\"target\":{\"@type\":\"EntryPoint\",\"urlTemplate\":\"https:\/\/uoh.fr\/front\/?s={search_term_string}\"},\"query-input\":\"required name=search_term_string\"}],\"inLanguage\":\"fr-FR\"},{\"@type\":\"WebPage\",\"@id\":\"https:\/\/uoh.fr\/front\/droits\/droits-et-devoirs\/#webpage\",\"url\":\"https:\/\/uoh.fr\/front\/droits\/droits-et-devoirs\/\",\"name\":\"Droits & devoirs - UNIVERSIT\\u00c9 NUM\\u00c9RIQUE DES HUMANIT\\u00c9S\",\"isPartOf\":{\"@id\":\"https:\/\/uoh.fr\/front\/#website\"},\"datePublished\":\"2019-10-18T11:53:26+00:00\",\"dateModified\":\"2023-12-01T10:09:17+00:00\",\"breadcrumb\":{\"@id\":\"https:\/\/uoh.fr\/front\/droits\/droits-et-devoirs\/#breadcrumb\"},\"inLanguage\":\"fr-FR\",\"potentialAction\":[{\"@type\":\"ReadAction\",\"target\":[\"https:\/\/uoh.fr\/front\/droits\/droits-et-devoirs\/\"]}]},{\"@type\":\"BreadcrumbList\",\"@id\":\"https:\/\/uoh.fr\/front\/droits\/droits-et-devoirs\/#breadcrumb\",\"itemListElement\":[{\"@type\":\"ListItem\",\"position\":1,\"name\":\"Home\",\"item\":\"https:\/\/uoh.fr\/front\/\"},{\"@type\":\"ListItem\",\"position\":2,\"name\":\"Mentions L\\u00e9gales\",\"item\":\"https:\/\/uoh.fr\/front\/droits\/\"},{\"@type\":\"ListItem\",\"position\":3,\"name\":\"Droits &#038; devoirs\"}]}]}<\/script>\n<!-- \/ Yoast SEO plugin. -->","yoast_head_json":{"robots":{"index":"index","follow":"follow","max-snippet":"max-snippet:-1","max-image-preview":"max-image-preview:large","max-video-preview":"max-video-preview:-1"},"canonical":"https:\/\/uoh.fr\/front\/droits\/droits-et-devoirs\/","og_locale":"fr_FR","og_type":"article","og_title":"Droits & devoirs - UNIVERSIT\u00c9 NUM\u00c9RIQUE DES HUMANIT\u00c9S","og_description":"Merci de lire attentivement les mentions l\u00e9gales expos\u00e9es ci-dessous. En faisant usage de ce site, vous d\u00e9clarez accepter ces mentions. Bienvenue sur le portail de L&rsquo;Universit\u00e9 Ouverte des Humanit\u00e9s &#8211; uoh.fr Mentions relatives aux marques et droits d&rsquo;auteur Les marques et logos figurant sur le portail uoh.fr sont la propri\u00e9t\u00e9 de l&rsquo;Universit\u00e9 Ouverte des Humanit\u00e9s [&hellip;]","og_url":"https:\/\/uoh.fr\/front\/droits\/droits-et-devoirs\/","og_site_name":"UNIVERSIT\u00c9 NUM\u00c9RIQUE DES HUMANIT\u00c9S","article_publisher":"https:\/\/www.facebook.com\/UOHumanites\/","article_modified_time":"2023-12-01T10:09:17+00:00","twitter_card":"summary_large_image","twitter_site":"@uohumanites","twitter_misc":{"Dur\u00e9e de lecture estim\u00e9e":"7 minutes"},"schema":{"@context":"https:\/\/schema.org","@graph":[{"@type":"Organization","@id":"https:\/\/uoh.fr\/front\/#organization","name":"Universit\u00e9 Ouverte des Humanit\u00e9s","url":"https:\/\/uoh.fr\/front\/","sameAs":["https:\/\/www.facebook.com\/UOHumanites\/","https:\/\/www.linkedin.com\/company\/universit-ouverte-des-humanit-s","https:\/\/fr.wikipedia.org\/wiki\/Universit\u00e9_ouverte_des_Humanit\u00e9s","https:\/\/twitter.com\/uohumanites"],"logo":{"@type":"ImageObject","@id":"https:\/\/uoh.fr\/front\/#logo","inLanguage":"fr-FR","url":"https:\/\/uoh.fr\/front\/wp-content\/uploads\/2019\/10\/logo-uoh-png.png","contentUrl":"https:\/\/uoh.fr\/front\/wp-content\/uploads\/2019\/10\/logo-uoh-png.png","width":1200,"height":507,"caption":"Universit\u00e9 Ouverte des Humanit\u00e9s"},"image":{"@id":"https:\/\/uoh.fr\/front\/#logo"}},{"@type":"WebSite","@id":"https:\/\/uoh.fr\/front\/#website","url":"https:\/\/uoh.fr\/front\/","name":"UOH","description":"Des ressources en Arts, Lettres, Langues et Sciences Humaines et Sociales","publisher":{"@id":"https:\/\/uoh.fr\/front\/#organization"},"potentialAction":[{"@type":"SearchAction","target":{"@type":"EntryPoint","urlTemplate":"https:\/\/uoh.fr\/front\/?s={search_term_string}"},"query-input":"required name=search_term_string"}],"inLanguage":"fr-FR"},{"@type":"WebPage","@id":"https:\/\/uoh.fr\/front\/droits\/droits-et-devoirs\/#webpage","url":"https:\/\/uoh.fr\/front\/droits\/droits-et-devoirs\/","name":"Droits & devoirs - UNIVERSIT\u00c9 NUM\u00c9RIQUE DES HUMANIT\u00c9S","isPartOf":{"@id":"https:\/\/uoh.fr\/front\/#website"},"datePublished":"2019-10-18T11:53:26+00:00","dateModified":"2023-12-01T10:09:17+00:00","breadcrumb":{"@id":"https:\/\/uoh.fr\/front\/droits\/droits-et-devoirs\/#breadcrumb"},"inLanguage":"fr-FR","potentialAction":[{"@type":"ReadAction","target":["https:\/\/uoh.fr\/front\/droits\/droits-et-devoirs\/"]}]},{"@type":"BreadcrumbList","@id":"https:\/\/uoh.fr\/front\/droits\/droits-et-devoirs\/#breadcrumb","itemListElement":[{"@type":"ListItem","position":1,"name":"Home","item":"https:\/\/uoh.fr\/front\/"},{"@type":"ListItem","position":2,"name":"Mentions L\u00e9gales","item":"https:\/\/uoh.fr\/front\/droits\/"},{"@type":"ListItem","position":3,"name":"Droits &#038; devoirs"}]}]}},"_links":{"self":[{"href":"https:\/\/uoh.fr\/front\/wp-json\/wp\/v2\/pages\/816"}],"collection":[{"href":"https:\/\/uoh.fr\/front\/wp-json\/wp\/v2\/pages"}],"about":[{"href":"https:\/\/uoh.fr\/front\/wp-json\/wp\/v2\/types\/page"}],"author":[{"embeddable":true,"href":"https:\/\/uoh.fr\/front\/wp-json\/wp\/v2\/users\/1"}],"replies":[{"embeddable":true,"href":"https:\/\/uoh.fr\/front\/wp-json\/wp\/v2\/comments?post=816"}],"version-history":[{"count":19,"href":"https:\/\/uoh.fr\/front\/wp-json\/wp\/v2\/pages\/816\/revisions"}],"predecessor-version":[{"id":1389,"href":"https:\/\/uoh.fr\/front\/wp-json\/wp\/v2\/pages\/816\/revisions\/1389"}],"up":[{"embeddable":true,"href":"https:\/\/uoh.fr\/front\/wp-json\/wp\/v2\/pages\/625"}],"wp:attachment":[{"href":"https:\/\/uoh.fr\/front\/wp-json\/wp\/v2\/media?parent=816"}],"curies":[{"name":"wp","href":"https:\/\/api.w.org\/{rel}","templated":true}]}}