{"id":835,"date":"2019-10-18T14:04:33","date_gmt":"2019-10-18T12:04:33","guid":{"rendered":"http:\/\/unit-4.criann.fr\/front\/?page_id=835"},"modified":"2023-12-01T11:07:42","modified_gmt":"2023-12-01T10:07:42","slug":"guide-auteur","status":"publish","type":"page","link":"https:\/\/uoh.fr\/front\/utiles\/guide-auteur\/","title":{"rendered":"Conception de ressources"},"content":{"rendered":"\n<p><a href=\"https:\/\/uoh.fr\/front\/documents\/pdf\/guide_auteur_inter_UNT.pdf\" target=\"_blank\" rel=\"noreferrer noopener\"><strong>T\u00e9l\u00e9chargez la version\ncompl\u00e8te du guide auteur (pdf)<\/strong><\/a><strong><\/strong><\/p>\n\n\n\n<p><strong>Comment valoriser vos ressources p\u00e9dagogiques num\u00e9riques ?<\/strong><\/p>\n\n\n\n<p>Vous pouvez cr\u00e9er la ressource la plus int\u00e9ressante qui soit, elle ne sera pas connue et donc pas utilis\u00e9e si elle n\u2019est pas visible, lisible et que les gens ne peuvent pas la retrouver. La meilleure solution pour pallier cette \u00e9ventualit\u00e9 est d\u2019indexer finement votre ressource ou de le faire faire par un documentaliste (\u00e9tablissement, UNT).<\/p>\n\n\n\n<p>De m\u00eame, plus vous rendrez lisibles de grains composant\nvotre ressource et plus celle-ci sera visible. En pensant votre ressource comme\nune articulation d\u2019entit\u00e9s ind\u00e9pendantes et consultables pour soi, vous\nfavoriserez grandement son utilisation par les \u00e9tudiants et son \u00e9ventuelle\nr\u00e9utilisation par des coll\u00e8gues enseignants. Pour cela (et pour bien d\u2019autres\nchoses, notamment le d\u00e9coupage de vos ressources) des formations existent et\ndes \u00e9quipes de professionnels peuvent vous aider dans vos \u00e9tablissements\n(cellules TICE, d\u00e9partement num\u00e9rique, etc.).<\/p>\n\n\n\n<p style=\"text-align:center\"><strong>Quelques conseils \u00e9l\u00e9mentaires de conception<\/strong><\/p>\n\n\n\n<p style=\"text-align:center\"><strong>\u00c9l\u00e9ments p\u00e9dagogiques<\/strong><\/p>\n\n\n\n<p>&nbsp; <\/p>\n\n\n\n<div class=\"wp-block-columns has-2-columns\">\n<div class=\"wp-block-column\">\n<div class=\"wp-block-image\"><figure class=\"aligncenter is-resized\"><img loading=\"lazy\" src=\"https:\/\/uoh.fr\/front\/wp-content\/uploads\/2019\/10\/grainsPeda.png\" alt=\"\" class=\"wp-image-974\" width=\"197\" height=\"194\" srcset=\"https:\/\/uoh.fr\/front\/wp-content\/uploads\/2019\/10\/grainsPeda.png 302w, https:\/\/uoh.fr\/front\/wp-content\/uploads\/2019\/10\/grainsPeda-300x296.png 300w\" sizes=\"(max-width: 197px) 100vw, 197px\" \/><\/figure><\/div>\n<\/div>\n\n\n\n<div class=\"wp-block-column\">\n<p style=\"text-align:left\">D\u00e9composez vos documents en unit\u00e9s de sens ou \u00ab grains\u00bb ind\u00e9pendants en termes de compr\u00e9hension.<\/p>\n\n\n\n<ul><li>Analysez les besoins de formation<\/li><li>D\u00e9finissez des objectifs p\u00e9dagogiques<\/li><li>Choisissez une strat\u00e9gie p\u00e9dagogique<\/li><\/ul>\n\n\n\n<p><\/p>\n<\/div>\n<\/div>\n\n\n\n<p style=\"text-align:center\"><strong>Indexez au plus fin<\/strong><\/p>\n\n\n\n<div class=\"wp-block-columns has-2-columns\">\n<div class=\"wp-block-column\">\n<div class=\"wp-block-image\"><figure class=\"aligncenter is-resized\"><img loading=\"lazy\" src=\"https:\/\/uoh.fr\/front\/wp-content\/uploads\/2019\/10\/indexation.png\" alt=\"\" class=\"wp-image-981\" width=\"225\" height=\"205\" srcset=\"https:\/\/uoh.fr\/front\/wp-content\/uploads\/2019\/10\/indexation.png 314w, https:\/\/uoh.fr\/front\/wp-content\/uploads\/2019\/10\/indexation-300x274.png 300w\" sizes=\"(max-width: 225px) 100vw, 225px\" \/><\/figure><\/div>\n<\/div>\n\n\n\n<div class=\"wp-block-column\">\n<p>\u00c9l\u00e9ments techniques <\/p>\n\n\n\n<ul><li>Mettez en \u00e9vidence la structure et les diff\u00e9rents\n\u00e9l\u00e9ments de votre cours<\/li><li>Formalisez vos intentions p\u00e9dagogiques<\/li><li>Composez des activit\u00e9s ou exercices en tenant compte de\nla diversit\u00e9 des possibles : questions, exercice d\u2019appariement, exercices\nr\u00e9dactionnels, textes \u00e0 trous, tests de concordance de scripts, \u00e9tudes de cas\nlin\u00e9aires ou non, etc.<\/li><li>Proposez un glossaire et une bibliographie<\/li><li>Pensez \u00e0 l\u2019accessibilit\u00e9 des personnes en situation de\nhandicap&nbsp;&nbsp;&nbsp; <\/li><\/ul>\n\n\n\n<p><\/p>\n<\/div>\n<\/div>\n\n\n\n<p style=\"text-align:center\">Enfin, souvenez-vous que le droit d&rsquo;auteur prot\u00e8ge toutes vos ressources.<\/p>\n","protected":false},"excerpt":{"rendered":"<p>T\u00e9l\u00e9chargez la version compl\u00e8te du guide auteur (pdf) Comment valoriser vos ressources p\u00e9dagogiques num\u00e9riques ? Vous pouvez cr\u00e9er la ressource la plus int\u00e9ressante qui soit, elle ne sera pas connue et donc pas utilis\u00e9e si elle n\u2019est pas visible, lisible et que les gens ne peuvent pas la retrouver. La meilleure solution pour pallier cette [&hellip;]<\/p>\n","protected":false},"author":1,"featured_media":0,"parent":628,"menu_order":0,"comment_status":"closed","ping_status":"closed","template":"","meta":[],"acf":[],"yoast_head":"<!-- This site is optimized with the Yoast SEO plugin v17.7.1 - https:\/\/yoast.com\/wordpress\/plugins\/seo\/ -->\n<meta name=\"robots\" content=\"index, follow, max-snippet:-1, max-image-preview:large, max-video-preview:-1\" \/>\n<link rel=\"canonical\" href=\"https:\/\/uoh.fr\/front\/utiles\/guide-auteur\/\" \/>\n<meta property=\"og:locale\" content=\"fr_FR\" \/>\n<meta property=\"og:type\" content=\"article\" \/>\n<meta property=\"og:title\" content=\"Conception de ressources - UNIVERSIT\u00c9 NUM\u00c9RIQUE DES HUMANIT\u00c9S\" \/>\n<meta property=\"og:description\" content=\"T\u00e9l\u00e9chargez la version compl\u00e8te du guide auteur (pdf) Comment valoriser vos ressources p\u00e9dagogiques num\u00e9riques ? Vous pouvez cr\u00e9er la ressource la plus int\u00e9ressante qui soit, elle ne sera pas connue et donc pas utilis\u00e9e si elle n\u2019est pas visible, lisible et que les gens ne peuvent pas la retrouver. La meilleure solution pour pallier cette [&hellip;]\" \/>\n<meta property=\"og:url\" content=\"https:\/\/uoh.fr\/front\/utiles\/guide-auteur\/\" \/>\n<meta property=\"og:site_name\" content=\"UNIVERSIT\u00c9 NUM\u00c9RIQUE DES HUMANIT\u00c9S\" \/>\n<meta property=\"article:publisher\" content=\"https:\/\/www.facebook.com\/UOHumanites\/\" \/>\n<meta property=\"article:modified_time\" content=\"2023-12-01T10:07:42+00:00\" \/>\n<meta property=\"og:image\" content=\"https:\/\/uoh.fr\/front\/wp-content\/uploads\/2019\/10\/grainsPeda.png\" \/>\n<meta name=\"twitter:card\" content=\"summary_large_image\" \/>\n<meta name=\"twitter:site\" content=\"@uohumanites\" \/>\n<meta name=\"twitter:label1\" content=\"Dur\u00e9e de lecture estim\u00e9e\" \/>\n\t<meta name=\"twitter:data1\" content=\"1 minute\" \/>\n<script type=\"application\/ld+json\" class=\"yoast-schema-graph\">{\"@context\":\"https:\/\/schema.org\",\"@graph\":[{\"@type\":\"Organization\",\"@id\":\"https:\/\/uoh.fr\/front\/#organization\",\"name\":\"Universit\\u00e9 Ouverte des Humanit\\u00e9s\",\"url\":\"https:\/\/uoh.fr\/front\/\",\"sameAs\":[\"https:\/\/www.facebook.com\/UOHumanites\/\",\"https:\/\/www.linkedin.com\/company\/universit-ouverte-des-humanit-s\",\"https:\/\/fr.wikipedia.org\/wiki\/Universit\\u00e9_ouverte_des_Humanit\\u00e9s\",\"https:\/\/twitter.com\/uohumanites\"],\"logo\":{\"@type\":\"ImageObject\",\"@id\":\"https:\/\/uoh.fr\/front\/#logo\",\"inLanguage\":\"fr-FR\",\"url\":\"https:\/\/uoh.fr\/front\/wp-content\/uploads\/2019\/10\/logo-uoh-png.png\",\"contentUrl\":\"https:\/\/uoh.fr\/front\/wp-content\/uploads\/2019\/10\/logo-uoh-png.png\",\"width\":1200,\"height\":507,\"caption\":\"Universit\\u00e9 Ouverte des Humanit\\u00e9s\"},\"image\":{\"@id\":\"https:\/\/uoh.fr\/front\/#logo\"}},{\"@type\":\"WebSite\",\"@id\":\"https:\/\/uoh.fr\/front\/#website\",\"url\":\"https:\/\/uoh.fr\/front\/\",\"name\":\"UOH\",\"description\":\"Des ressources en Arts, Lettres, Langues et Sciences Humaines et Sociales\",\"publisher\":{\"@id\":\"https:\/\/uoh.fr\/front\/#organization\"},\"potentialAction\":[{\"@type\":\"SearchAction\",\"target\":{\"@type\":\"EntryPoint\",\"urlTemplate\":\"https:\/\/uoh.fr\/front\/?s={search_term_string}\"},\"query-input\":\"required name=search_term_string\"}],\"inLanguage\":\"fr-FR\"},{\"@type\":\"ImageObject\",\"@id\":\"https:\/\/uoh.fr\/front\/utiles\/guide-auteur\/#primaryimage\",\"inLanguage\":\"fr-FR\",\"url\":\"https:\/\/uoh.fr\/front\/wp-content\/uploads\/2019\/10\/grainsPeda.png\",\"contentUrl\":\"https:\/\/uoh.fr\/front\/wp-content\/uploads\/2019\/10\/grainsPeda.png\",\"width\":302,\"height\":298},{\"@type\":\"WebPage\",\"@id\":\"https:\/\/uoh.fr\/front\/utiles\/guide-auteur\/#webpage\",\"url\":\"https:\/\/uoh.fr\/front\/utiles\/guide-auteur\/\",\"name\":\"Conception de ressources - UNIVERSIT\\u00c9 NUM\\u00c9RIQUE DES HUMANIT\\u00c9S\",\"isPartOf\":{\"@id\":\"https:\/\/uoh.fr\/front\/#website\"},\"primaryImageOfPage\":{\"@id\":\"https:\/\/uoh.fr\/front\/utiles\/guide-auteur\/#primaryimage\"},\"datePublished\":\"2019-10-18T12:04:33+00:00\",\"dateModified\":\"2023-12-01T10:07:42+00:00\",\"breadcrumb\":{\"@id\":\"https:\/\/uoh.fr\/front\/utiles\/guide-auteur\/#breadcrumb\"},\"inLanguage\":\"fr-FR\",\"potentialAction\":[{\"@type\":\"ReadAction\",\"target\":[\"https:\/\/uoh.fr\/front\/utiles\/guide-auteur\/\"]}]},{\"@type\":\"BreadcrumbList\",\"@id\":\"https:\/\/uoh.fr\/front\/utiles\/guide-auteur\/#breadcrumb\",\"itemListElement\":[{\"@type\":\"ListItem\",\"position\":1,\"name\":\"Home\",\"item\":\"https:\/\/uoh.fr\/front\/\"},{\"@type\":\"ListItem\",\"position\":2,\"name\":\"Guides\",\"item\":\"https:\/\/uoh.fr\/front\/utiles\/\"},{\"@type\":\"ListItem\",\"position\":3,\"name\":\"Conception de ressources\"}]}]}<\/script>\n<!-- \/ Yoast SEO plugin. -->","yoast_head_json":{"robots":{"index":"index","follow":"follow","max-snippet":"max-snippet:-1","max-image-preview":"max-image-preview:large","max-video-preview":"max-video-preview:-1"},"canonical":"https:\/\/uoh.fr\/front\/utiles\/guide-auteur\/","og_locale":"fr_FR","og_type":"article","og_title":"Conception de ressources - UNIVERSIT\u00c9 NUM\u00c9RIQUE DES HUMANIT\u00c9S","og_description":"T\u00e9l\u00e9chargez la version compl\u00e8te du guide auteur (pdf) Comment valoriser vos ressources p\u00e9dagogiques num\u00e9riques ? Vous pouvez cr\u00e9er la ressource la plus int\u00e9ressante qui soit, elle ne sera pas connue et donc pas utilis\u00e9e si elle n\u2019est pas visible, lisible et que les gens ne peuvent pas la retrouver. La meilleure solution pour pallier cette [&hellip;]","og_url":"https:\/\/uoh.fr\/front\/utiles\/guide-auteur\/","og_site_name":"UNIVERSIT\u00c9 NUM\u00c9RIQUE DES HUMANIT\u00c9S","article_publisher":"https:\/\/www.facebook.com\/UOHumanites\/","article_modified_time":"2023-12-01T10:07:42+00:00","og_image":[{"url":"https:\/\/uoh.fr\/front\/wp-content\/uploads\/2019\/10\/grainsPeda.png"}],"twitter_card":"summary_large_image","twitter_site":"@uohumanites","twitter_misc":{"Dur\u00e9e de lecture estim\u00e9e":"1 minute"},"schema":{"@context":"https:\/\/schema.org","@graph":[{"@type":"Organization","@id":"https:\/\/uoh.fr\/front\/#organization","name":"Universit\u00e9 Ouverte des Humanit\u00e9s","url":"https:\/\/uoh.fr\/front\/","sameAs":["https:\/\/www.facebook.com\/UOHumanites\/","https:\/\/www.linkedin.com\/company\/universit-ouverte-des-humanit-s","https:\/\/fr.wikipedia.org\/wiki\/Universit\u00e9_ouverte_des_Humanit\u00e9s","https:\/\/twitter.com\/uohumanites"],"logo":{"@type":"ImageObject","@id":"https:\/\/uoh.fr\/front\/#logo","inLanguage":"fr-FR","url":"https:\/\/uoh.fr\/front\/wp-content\/uploads\/2019\/10\/logo-uoh-png.png","contentUrl":"https:\/\/uoh.fr\/front\/wp-content\/uploads\/2019\/10\/logo-uoh-png.png","width":1200,"height":507,"caption":"Universit\u00e9 Ouverte des Humanit\u00e9s"},"image":{"@id":"https:\/\/uoh.fr\/front\/#logo"}},{"@type":"WebSite","@id":"https:\/\/uoh.fr\/front\/#website","url":"https:\/\/uoh.fr\/front\/","name":"UOH","description":"Des ressources en Arts, Lettres, Langues et Sciences Humaines et Sociales","publisher":{"@id":"https:\/\/uoh.fr\/front\/#organization"},"potentialAction":[{"@type":"SearchAction","target":{"@type":"EntryPoint","urlTemplate":"https:\/\/uoh.fr\/front\/?s={search_term_string}"},"query-input":"required name=search_term_string"}],"inLanguage":"fr-FR"},{"@type":"ImageObject","@id":"https:\/\/uoh.fr\/front\/utiles\/guide-auteur\/#primaryimage","inLanguage":"fr-FR","url":"https:\/\/uoh.fr\/front\/wp-content\/uploads\/2019\/10\/grainsPeda.png","contentUrl":"https:\/\/uoh.fr\/front\/wp-content\/uploads\/2019\/10\/grainsPeda.png","width":302,"height":298},{"@type":"WebPage","@id":"https:\/\/uoh.fr\/front\/utiles\/guide-auteur\/#webpage","url":"https:\/\/uoh.fr\/front\/utiles\/guide-auteur\/","name":"Conception de ressources - UNIVERSIT\u00c9 NUM\u00c9RIQUE DES HUMANIT\u00c9S","isPartOf":{"@id":"https:\/\/uoh.fr\/front\/#website"},"primaryImageOfPage":{"@id":"https:\/\/uoh.fr\/front\/utiles\/guide-auteur\/#primaryimage"},"datePublished":"2019-10-18T12:04:33+00:00","dateModified":"2023-12-01T10:07:42+00:00","breadcrumb":{"@id":"https:\/\/uoh.fr\/front\/utiles\/guide-auteur\/#breadcrumb"},"inLanguage":"fr-FR","potentialAction":[{"@type":"ReadAction","target":["https:\/\/uoh.fr\/front\/utiles\/guide-auteur\/"]}]},{"@type":"BreadcrumbList","@id":"https:\/\/uoh.fr\/front\/utiles\/guide-auteur\/#breadcrumb","itemListElement":[{"@type":"ListItem","position":1,"name":"Home","item":"https:\/\/uoh.fr\/front\/"},{"@type":"ListItem","position":2,"name":"Guides","item":"https:\/\/uoh.fr\/front\/utiles\/"},{"@type":"ListItem","position":3,"name":"Conception de ressources"}]}]}},"_links":{"self":[{"href":"https:\/\/uoh.fr\/front\/wp-json\/wp\/v2\/pages\/835"}],"collection":[{"href":"https:\/\/uoh.fr\/front\/wp-json\/wp\/v2\/pages"}],"about":[{"href":"https:\/\/uoh.fr\/front\/wp-json\/wp\/v2\/types\/page"}],"author":[{"embeddable":true,"href":"https:\/\/uoh.fr\/front\/wp-json\/wp\/v2\/users\/1"}],"replies":[{"embeddable":true,"href":"https:\/\/uoh.fr\/front\/wp-json\/wp\/v2\/comments?post=835"}],"version-history":[{"count":19,"href":"https:\/\/uoh.fr\/front\/wp-json\/wp\/v2\/pages\/835\/revisions"}],"predecessor-version":[{"id":1324,"href":"https:\/\/uoh.fr\/front\/wp-json\/wp\/v2\/pages\/835\/revisions\/1324"}],"up":[{"embeddable":true,"href":"https:\/\/uoh.fr\/front\/wp-json\/wp\/v2\/pages\/628"}],"wp:attachment":[{"href":"https:\/\/uoh.fr\/front\/wp-json\/wp\/v2\/media?parent=835"}],"curies":[{"name":"wp","href":"https:\/\/api.w.org\/{rel}","templated":true}]}}