{"id":837,"date":"2019-10-18T14:04:54","date_gmt":"2019-10-18T12:04:54","guid":{"rendered":"http:\/\/unit-4.criann.fr\/front\/?page_id=837"},"modified":"2023-12-01T11:07:29","modified_gmt":"2023-12-01T10:07:29","slug":"accessibilite","status":"publish","type":"page","link":"https:\/\/uoh.fr\/front\/utiles\/accessibilite\/","title":{"rendered":"Accessibilit\u00e9 num\u00e9rique et p\u00e9dagogique"},"content":{"rendered":"\n<p><strong> <\/strong><\/p>\n\n\n\n<p><strong><a href=\"https:\/\/uoh.fr\/front\/wp-content\/uploads\/2023\/11\/synthese-accessibilite-numerique-et-pedagogique.pdf\">T\u00e9l\u00e9chargez la synth\u00e8se 2023<\/a><\/strong><\/p>\n\n\n\n<p>Ce document synth\u00e9tise le processus de mise en accessibilit\u00e9 num\u00e9rique, en s&rsquo;appuyant sur les donn\u00e9es fournies par la direction interminist\u00e9rielle du num\u00e9rique. Il aborde les obligations d\u00e9coulant du RGAA, telles que le champ d&rsquo;application, l&rsquo;\u00e9valuation de la conformit\u00e9 \u00e0 la norme de r\u00e9f\u00e9rence, la d\u00e9claration d&rsquo;accessibilit\u00e9, le sch\u00e9ma pluriannuel de mise en accessibilit\u00e9, ainsi que les mentions techniques.<\/p>\n\n\n\n<div style=\"height:30px\" aria-hidden=\"true\" class=\"wp-block-spacer\"><\/div>\n\n\n\n<p><\/p>\n\n\n\n<p><strong>Ressource \u00e0 l&rsquo;usage des producteurs<\/strong><\/p>\n\n\n\n<figure class=\"wp-block-image is-resized\"><a href=\"https:\/\/ics.utc.fr\/capa\/co\/accueil.html\" target=\"_blank\" rel=\"noreferrer noopener\"><img loading=\"lazy\" src=\"https:\/\/uoh.fr\/front\/wp-content\/uploads\/2019\/10\/logo-CAPA.png\" alt=\"\" class=\"wp-image-1092\" width=\"234\" height=\"83\"\/><\/a><\/figure>\n\n\n\n<p>L&rsquo;objectif du projet CAPA consiste \u00e0 r\u00e9pondre aux probl\u00e9matiques\nsoci\u00e9tales et l\u00e9gales d&rsquo;accessibilit\u00e9 de contenus p\u00e9dagogiques par la mise \u00e0\ndisposition d&rsquo;outils de production open-source au service d&rsquo;une communaut\u00e9\nd&rsquo;acteurs sensibilis\u00e9s et form\u00e9s et la cr\u00e9ation d&rsquo;une dynamique de\ncollaboration entre les diff\u00e9rents acteurs concern\u00e9s (services handicap, TICE,\naudiovisuels, DSI, enseignants, associations&#8230;).<\/p>\n\n\n\n<figure class=\"wp-block-image is-resized\"><a href=\"https:\/\/www.youtube.com\/watch?v=cCHGZLmJJgQ#action=share\"><img src=\"https:\/\/uoh.fr\/front\/wp-content\/uploads\/2019\/11\/ecran-capa-1024x567.png\" alt=\"\" class=\"wp-image-1319\" width=\"500\" srcset=\"https:\/\/uoh.fr\/front\/wp-content\/uploads\/2019\/11\/ecran-capa-1024x567.png 1024w, https:\/\/uoh.fr\/front\/wp-content\/uploads\/2019\/11\/ecran-capa-300x166.png 300w, https:\/\/uoh.fr\/front\/wp-content\/uploads\/2019\/11\/ecran-capa-768x425.png 768w, https:\/\/uoh.fr\/front\/wp-content\/uploads\/2019\/11\/ecran-capa.png 1220w\" sizes=\"(max-width: 1024px) 100vw, 1024px\" \/><\/a><figcaption> <a href=\"https:\/\/www.youtube.com\/watch?v=cCHGZLmJJgQ#action=share\">https:\/\/www.youtube.com\/watch?v=cCHGZLmJJgQ#action=share<\/a><\/figcaption><\/figure>\n\n\n\n<p><a href=\"http:\/\/scenari.utc.fr\/capa\/co\/06-Redactions.html\" target=\"_blank\" rel=\"noreferrer noopener\">2 modules de\nformation<\/a>\n:<\/p>\n\n\n\n<ul><li>le premier&nbsp;\u00ab\u00a0<a rel=\"noreferrer noopener\" href=\"http:\/\/scenari.utc.fr\/capa\/DOCS\/SP4\/Tuto\/01\/co\/01-CAPA_Sensibilisation.html\" target=\"_blank\">Module de sensibilisation : Exemples et contre exemples d&rsquo;accessibilit\u00e9 des documents num\u00e9riques<\/a>\u00a0\u00bb est un ensemble de      ressources de sensibilisation avec des exemples (enregistrement aux      lecteurs d&rsquo;\u00e9cran, simulation&#8230;) Ces exemples et contre-exemples visent \u00e0 permettre d&rsquo;appr\u00e9hender les difficult\u00e9s rencontr\u00e9es par un utilisateur en situation de handicap confront\u00e9 \u00e0 des contenus non-accessibles. \u00c0 destination plut\u00f4t des formateurs et intervenants.<\/li><li>le deuxi\u00e8me \u00ab\u00a0<a rel=\"noreferrer noopener\" href=\"http:\/\/scenari.utc.fr\/capa\/DOCS\/SP4\/Tuto\/02\/co\/02-CAPA_BonnesPratiques.html\" target=\"_blank\">Module auteur : Bonnes pratiques pour l&rsquo;accessibilit\u00e9 des documents num\u00e9riques<\/a>\u00a0\u00bb est \u00e0 destination des auteurs de contenus avec un ensemble de bonnes pratiques et de conseils de r\u00e9daction.<\/li><\/ul>\n\n\n\n<p>\u00c0 noter que les propositions de ces 2 modules sont ind\u00e9pendantes des outils Scenari et valables de mani\u00e8re g\u00e9n\u00e9rale. Ces modules ont \u00e9t\u00e9 valid\u00e9s par le partenaire Qelios, soci\u00e9t\u00e9 experte en accessibilit\u00e9 (RGAA,label accessiweb..)<br> <br> &#8211; Des <a rel=\"noreferrer noopener\" href=\"http:\/\/scenari.utc.fr\/capa\/co\/06-Tuto.html\" target=\"_blank\">tutoriels<\/a> outils sur l&rsquo;accessibilit\u00e9 :<\/p>\n\n\n\n<ul><li><a rel=\"noreferrer noopener\" href=\"http:\/\/scenari.utc.fr\/capa\/DOCS\/SP4\/Tuto\/Word2010\/co\/Tuto-word.html\" target=\"_blank\">Un tutoriel <\/a>sur Word 2013 et l&rsquo;accessiblit\u00e9, <a rel=\"noreferrer noopener\" href=\"http:\/\/adod.idrc.ocad.ca\/word2010\" target=\"_blank\">traduction<\/a> en      partenariat avec le projet&nbsp;ADOD de l&rsquo;Inclusive Design Research      Center de Toronto.<\/li><li><a rel=\"noreferrer noopener\" href=\"http:\/\/scenari.utc.fr\/capa\/DOCS\/SP4\/Tuto\/OO34\/co\/Tuto-openOffice-web.html\" target=\"_blank\">Un tutoriel<\/a>sur LibreOffice et OpenOffice et l&rsquo;accessiblit\u00e9, <a rel=\"noreferrer noopener\" href=\"http:\/\/adod.idrc.ocad.ca\/oowriter\" target=\"_blank\">traduction<\/a> en partenariat avec le projet ADOD de l&rsquo;Inclusive Design Research Center de Toronto.<\/li><li>Des <a rel=\"noreferrer noopener\" href=\"http:\/\/scenari.utc.fr\/capa\/DOCS\/SP4\/Tuto\/03\/co\/03-CAPA_TutorielOpale.html\" target=\"_blank\">tutoriels<\/a> en cours sur les outils Scenari (<a rel=\"noreferrer noopener\" href=\"http:\/\/scenari-platform.org\/projects\/opale\/doc\/accessibilite\/guide-auteur-accessibilite\/co\/accessibilite_web.html\" target=\"_blank\">Opale<\/a>&#8230;)<\/li><\/ul>\n","protected":false},"excerpt":{"rendered":"<p>T\u00e9l\u00e9chargez la synth\u00e8se 2023 Ce document synth\u00e9tise le processus de mise en accessibilit\u00e9 num\u00e9rique, en s&rsquo;appuyant sur les donn\u00e9es fournies par la direction interminist\u00e9rielle du num\u00e9rique. Il aborde les obligations d\u00e9coulant du RGAA, telles que le champ d&rsquo;application, l&rsquo;\u00e9valuation de la conformit\u00e9 \u00e0 la norme de r\u00e9f\u00e9rence, la d\u00e9claration d&rsquo;accessibilit\u00e9, le sch\u00e9ma pluriannuel de mise [&hellip;]<\/p>\n","protected":false},"author":1,"featured_media":0,"parent":628,"menu_order":0,"comment_status":"closed","ping_status":"closed","template":"","meta":[],"acf":[],"yoast_head":"<!-- This site is optimized with the Yoast SEO plugin v17.7.1 - https:\/\/yoast.com\/wordpress\/plugins\/seo\/ -->\n<meta name=\"robots\" content=\"index, follow, max-snippet:-1, max-image-preview:large, max-video-preview:-1\" \/>\n<link rel=\"canonical\" href=\"https:\/\/uoh.fr\/front\/utiles\/accessibilite\/\" \/>\n<meta property=\"og:locale\" content=\"fr_FR\" \/>\n<meta property=\"og:type\" content=\"article\" \/>\n<meta property=\"og:title\" content=\"Accessibilit\u00e9 num\u00e9rique et p\u00e9dagogique - UNIVERSIT\u00c9 NUM\u00c9RIQUE DES HUMANIT\u00c9S\" \/>\n<meta property=\"og:description\" content=\"T\u00e9l\u00e9chargez la synth\u00e8se 2023 Ce document synth\u00e9tise le processus de mise en accessibilit\u00e9 num\u00e9rique, en s&rsquo;appuyant sur les donn\u00e9es fournies par la direction interminist\u00e9rielle du num\u00e9rique. Il aborde les obligations d\u00e9coulant du RGAA, telles que le champ d&rsquo;application, l&rsquo;\u00e9valuation de la conformit\u00e9 \u00e0 la norme de r\u00e9f\u00e9rence, la d\u00e9claration d&rsquo;accessibilit\u00e9, le sch\u00e9ma pluriannuel de mise [&hellip;]\" \/>\n<meta property=\"og:url\" content=\"https:\/\/uoh.fr\/front\/utiles\/accessibilite\/\" \/>\n<meta property=\"og:site_name\" content=\"UNIVERSIT\u00c9 NUM\u00c9RIQUE DES HUMANIT\u00c9S\" \/>\n<meta property=\"article:publisher\" content=\"https:\/\/www.facebook.com\/UOHumanites\/\" \/>\n<meta property=\"article:modified_time\" content=\"2023-12-01T10:07:29+00:00\" \/>\n<meta property=\"og:image\" content=\"https:\/\/uoh.fr\/front\/wp-content\/uploads\/2019\/10\/logo-CAPA.png\" \/>\n<meta name=\"twitter:card\" content=\"summary_large_image\" \/>\n<meta name=\"twitter:site\" content=\"@uohumanites\" \/>\n<meta name=\"twitter:label1\" content=\"Dur\u00e9e de lecture estim\u00e9e\" \/>\n\t<meta name=\"twitter:data1\" content=\"2 minutes\" \/>\n<script type=\"application\/ld+json\" class=\"yoast-schema-graph\">{\"@context\":\"https:\/\/schema.org\",\"@graph\":[{\"@type\":\"Organization\",\"@id\":\"https:\/\/uoh.fr\/front\/#organization\",\"name\":\"Universit\\u00e9 Ouverte des Humanit\\u00e9s\",\"url\":\"https:\/\/uoh.fr\/front\/\",\"sameAs\":[\"https:\/\/www.facebook.com\/UOHumanites\/\",\"https:\/\/www.linkedin.com\/company\/universit-ouverte-des-humanit-s\",\"https:\/\/fr.wikipedia.org\/wiki\/Universit\\u00e9_ouverte_des_Humanit\\u00e9s\",\"https:\/\/twitter.com\/uohumanites\"],\"logo\":{\"@type\":\"ImageObject\",\"@id\":\"https:\/\/uoh.fr\/front\/#logo\",\"inLanguage\":\"fr-FR\",\"url\":\"https:\/\/uoh.fr\/front\/wp-content\/uploads\/2019\/10\/logo-uoh-png.png\",\"contentUrl\":\"https:\/\/uoh.fr\/front\/wp-content\/uploads\/2019\/10\/logo-uoh-png.png\",\"width\":1200,\"height\":507,\"caption\":\"Universit\\u00e9 Ouverte des Humanit\\u00e9s\"},\"image\":{\"@id\":\"https:\/\/uoh.fr\/front\/#logo\"}},{\"@type\":\"WebSite\",\"@id\":\"https:\/\/uoh.fr\/front\/#website\",\"url\":\"https:\/\/uoh.fr\/front\/\",\"name\":\"UOH\",\"description\":\"Des ressources en Arts, Lettres, Langues et Sciences Humaines et Sociales\",\"publisher\":{\"@id\":\"https:\/\/uoh.fr\/front\/#organization\"},\"potentialAction\":[{\"@type\":\"SearchAction\",\"target\":{\"@type\":\"EntryPoint\",\"urlTemplate\":\"https:\/\/uoh.fr\/front\/?s={search_term_string}\"},\"query-input\":\"required name=search_term_string\"}],\"inLanguage\":\"fr-FR\"},{\"@type\":\"ImageObject\",\"@id\":\"https:\/\/uoh.fr\/front\/utiles\/accessibilite\/#primaryimage\",\"inLanguage\":\"fr-FR\",\"url\":\"https:\/\/uoh.fr\/front\/wp-content\/uploads\/2019\/10\/logo-CAPA.png\",\"contentUrl\":\"https:\/\/uoh.fr\/front\/wp-content\/uploads\/2019\/10\/logo-CAPA.png\",\"width\":186,\"height\":66},{\"@type\":\"WebPage\",\"@id\":\"https:\/\/uoh.fr\/front\/utiles\/accessibilite\/#webpage\",\"url\":\"https:\/\/uoh.fr\/front\/utiles\/accessibilite\/\",\"name\":\"Accessibilit\\u00e9 num\\u00e9rique et p\\u00e9dagogique - UNIVERSIT\\u00c9 NUM\\u00c9RIQUE DES HUMANIT\\u00c9S\",\"isPartOf\":{\"@id\":\"https:\/\/uoh.fr\/front\/#website\"},\"primaryImageOfPage\":{\"@id\":\"https:\/\/uoh.fr\/front\/utiles\/accessibilite\/#primaryimage\"},\"datePublished\":\"2019-10-18T12:04:54+00:00\",\"dateModified\":\"2023-12-01T10:07:29+00:00\",\"breadcrumb\":{\"@id\":\"https:\/\/uoh.fr\/front\/utiles\/accessibilite\/#breadcrumb\"},\"inLanguage\":\"fr-FR\",\"potentialAction\":[{\"@type\":\"ReadAction\",\"target\":[\"https:\/\/uoh.fr\/front\/utiles\/accessibilite\/\"]}]},{\"@type\":\"BreadcrumbList\",\"@id\":\"https:\/\/uoh.fr\/front\/utiles\/accessibilite\/#breadcrumb\",\"itemListElement\":[{\"@type\":\"ListItem\",\"position\":1,\"name\":\"Home\",\"item\":\"https:\/\/uoh.fr\/front\/\"},{\"@type\":\"ListItem\",\"position\":2,\"name\":\"Guides\",\"item\":\"https:\/\/uoh.fr\/front\/utiles\/\"},{\"@type\":\"ListItem\",\"position\":3,\"name\":\"Accessibilit\\u00e9 num\\u00e9rique et p\\u00e9dagogique\"}]}]}<\/script>\n<!-- \/ Yoast SEO plugin. -->","yoast_head_json":{"robots":{"index":"index","follow":"follow","max-snippet":"max-snippet:-1","max-image-preview":"max-image-preview:large","max-video-preview":"max-video-preview:-1"},"canonical":"https:\/\/uoh.fr\/front\/utiles\/accessibilite\/","og_locale":"fr_FR","og_type":"article","og_title":"Accessibilit\u00e9 num\u00e9rique et p\u00e9dagogique - UNIVERSIT\u00c9 NUM\u00c9RIQUE DES HUMANIT\u00c9S","og_description":"T\u00e9l\u00e9chargez la synth\u00e8se 2023 Ce document synth\u00e9tise le processus de mise en accessibilit\u00e9 num\u00e9rique, en s&rsquo;appuyant sur les donn\u00e9es fournies par la direction interminist\u00e9rielle du num\u00e9rique. Il aborde les obligations d\u00e9coulant du RGAA, telles que le champ d&rsquo;application, l&rsquo;\u00e9valuation de la conformit\u00e9 \u00e0 la norme de r\u00e9f\u00e9rence, la d\u00e9claration d&rsquo;accessibilit\u00e9, le sch\u00e9ma pluriannuel de mise [&hellip;]","og_url":"https:\/\/uoh.fr\/front\/utiles\/accessibilite\/","og_site_name":"UNIVERSIT\u00c9 NUM\u00c9RIQUE DES HUMANIT\u00c9S","article_publisher":"https:\/\/www.facebook.com\/UOHumanites\/","article_modified_time":"2023-12-01T10:07:29+00:00","og_image":[{"url":"https:\/\/uoh.fr\/front\/wp-content\/uploads\/2019\/10\/logo-CAPA.png"}],"twitter_card":"summary_large_image","twitter_site":"@uohumanites","twitter_misc":{"Dur\u00e9e de lecture estim\u00e9e":"2 minutes"},"schema":{"@context":"https:\/\/schema.org","@graph":[{"@type":"Organization","@id":"https:\/\/uoh.fr\/front\/#organization","name":"Universit\u00e9 Ouverte des Humanit\u00e9s","url":"https:\/\/uoh.fr\/front\/","sameAs":["https:\/\/www.facebook.com\/UOHumanites\/","https:\/\/www.linkedin.com\/company\/universit-ouverte-des-humanit-s","https:\/\/fr.wikipedia.org\/wiki\/Universit\u00e9_ouverte_des_Humanit\u00e9s","https:\/\/twitter.com\/uohumanites"],"logo":{"@type":"ImageObject","@id":"https:\/\/uoh.fr\/front\/#logo","inLanguage":"fr-FR","url":"https:\/\/uoh.fr\/front\/wp-content\/uploads\/2019\/10\/logo-uoh-png.png","contentUrl":"https:\/\/uoh.fr\/front\/wp-content\/uploads\/2019\/10\/logo-uoh-png.png","width":1200,"height":507,"caption":"Universit\u00e9 Ouverte des Humanit\u00e9s"},"image":{"@id":"https:\/\/uoh.fr\/front\/#logo"}},{"@type":"WebSite","@id":"https:\/\/uoh.fr\/front\/#website","url":"https:\/\/uoh.fr\/front\/","name":"UOH","description":"Des ressources en Arts, Lettres, Langues et Sciences Humaines et Sociales","publisher":{"@id":"https:\/\/uoh.fr\/front\/#organization"},"potentialAction":[{"@type":"SearchAction","target":{"@type":"EntryPoint","urlTemplate":"https:\/\/uoh.fr\/front\/?s={search_term_string}"},"query-input":"required name=search_term_string"}],"inLanguage":"fr-FR"},{"@type":"ImageObject","@id":"https:\/\/uoh.fr\/front\/utiles\/accessibilite\/#primaryimage","inLanguage":"fr-FR","url":"https:\/\/uoh.fr\/front\/wp-content\/uploads\/2019\/10\/logo-CAPA.png","contentUrl":"https:\/\/uoh.fr\/front\/wp-content\/uploads\/2019\/10\/logo-CAPA.png","width":186,"height":66},{"@type":"WebPage","@id":"https:\/\/uoh.fr\/front\/utiles\/accessibilite\/#webpage","url":"https:\/\/uoh.fr\/front\/utiles\/accessibilite\/","name":"Accessibilit\u00e9 num\u00e9rique et p\u00e9dagogique - UNIVERSIT\u00c9 NUM\u00c9RIQUE DES HUMANIT\u00c9S","isPartOf":{"@id":"https:\/\/uoh.fr\/front\/#website"},"primaryImageOfPage":{"@id":"https:\/\/uoh.fr\/front\/utiles\/accessibilite\/#primaryimage"},"datePublished":"2019-10-18T12:04:54+00:00","dateModified":"2023-12-01T10:07:29+00:00","breadcrumb":{"@id":"https:\/\/uoh.fr\/front\/utiles\/accessibilite\/#breadcrumb"},"inLanguage":"fr-FR","potentialAction":[{"@type":"ReadAction","target":["https:\/\/uoh.fr\/front\/utiles\/accessibilite\/"]}]},{"@type":"BreadcrumbList","@id":"https:\/\/uoh.fr\/front\/utiles\/accessibilite\/#breadcrumb","itemListElement":[{"@type":"ListItem","position":1,"name":"Home","item":"https:\/\/uoh.fr\/front\/"},{"@type":"ListItem","position":2,"name":"Guides","item":"https:\/\/uoh.fr\/front\/utiles\/"},{"@type":"ListItem","position":3,"name":"Accessibilit\u00e9 num\u00e9rique et p\u00e9dagogique"}]}]}},"_links":{"self":[{"href":"https:\/\/uoh.fr\/front\/wp-json\/wp\/v2\/pages\/837"}],"collection":[{"href":"https:\/\/uoh.fr\/front\/wp-json\/wp\/v2\/pages"}],"about":[{"href":"https:\/\/uoh.fr\/front\/wp-json\/wp\/v2\/types\/page"}],"author":[{"embeddable":true,"href":"https:\/\/uoh.fr\/front\/wp-json\/wp\/v2\/users\/1"}],"replies":[{"embeddable":true,"href":"https:\/\/uoh.fr\/front\/wp-json\/wp\/v2\/comments?post=837"}],"version-history":[{"count":14,"href":"https:\/\/uoh.fr\/front\/wp-json\/wp\/v2\/pages\/837\/revisions"}],"predecessor-version":[{"id":3064,"href":"https:\/\/uoh.fr\/front\/wp-json\/wp\/v2\/pages\/837\/revisions\/3064"}],"up":[{"embeddable":true,"href":"https:\/\/uoh.fr\/front\/wp-json\/wp\/v2\/pages\/628"}],"wp:attachment":[{"href":"https:\/\/uoh.fr\/front\/wp-json\/wp\/v2\/media?parent=837"}],"curies":[{"name":"wp","href":"https:\/\/api.w.org\/{rel}","templated":true}]}}