{"id":97,"date":"2019-03-14T14:58:12","date_gmt":"2019-03-14T13:58:12","guid":{"rendered":"http:\/\/unit-4.criann.fr\/front\/?page_id=97"},"modified":"2023-11-08T12:11:47","modified_gmt":"2023-11-08T11:11:47","slug":"contact","status":"publish","type":"page","link":"https:\/\/uoh.fr\/front\/contact\/","title":{"rendered":"Contact"},"content":{"rendered":"<div class=\"frm_forms  with_frm_style frm_style_formidable-style\" id=\"frm_form_1_container\" >\n<form enctype=\"multipart\/form-data\" method=\"post\" class=\"frm-show-form \" id=\"form_contact-form\" >\n<div class=\"frm_form_fields \">\n<fieldset>\n<legend class=\"frm_screen_reader\">Nous contacter<\/legend>\r\n\r\n<div class=\"frm_fields_container\">\n<input type=\"hidden\" name=\"frm_action\" value=\"create\" \/>\n<input type=\"hidden\" name=\"form_id\" value=\"1\" \/>\n<input type=\"hidden\" name=\"frm_hide_fields_1\" id=\"frm_hide_fields_1\" value=\"\" \/>\n<input type=\"hidden\" name=\"form_key\" value=\"contact-form\" \/>\n<input type=\"hidden\" name=\"item_meta[0]\" value=\"\" \/>\n<input type=\"hidden\" id=\"frm_submit_entry_1\" name=\"frm_submit_entry_1\" value=\"7f98085fc8\" \/><input type=\"hidden\" name=\"_wp_http_referer\" value=\"\/front\/wp-json\/wp\/v2\/pages\/97\" \/><div id=\"frm_field_1_container\" class=\"frm_form_field form-field  frm_required_field frm_top_container frm_first frm_half\">\r\n    <label for=\"field_qh4icy\" id=\"field_qh4icy_label\" class=\"frm_primary_label\">Pr\u00e9nom\r\n        <span class=\"frm_required\">*<\/span>\r\n    <\/label>\r\n    <input type=\"text\" id=\"field_qh4icy\" name=\"item_meta[1]\" value=\"\"  data-reqmsg=\"Ce champ ne peut pas \u00eatre vide.\" aria-required=\"true\" data-invmsg=\"Name is invalid\" aria-invalid=\"false\"  \/>\r\n    \r\n    \r\n<\/div>\n<div id=\"frm_field_2_container\" class=\"frm_form_field form-field  frm_required_field frm_top_container frm_half\">\r\n    <label for=\"field_ocfup1\" id=\"field_ocfup1_label\" class=\"frm_primary_label\">Nom\r\n        <span class=\"frm_required\">*<\/span>\r\n    <\/label>\r\n    <input type=\"text\" id=\"field_ocfup1\" name=\"item_meta[2]\" value=\"\"  data-reqmsg=\"Ce champ ne peut pas \u00eatre vide.\" aria-required=\"true\" data-invmsg=\"Last is invalid\" aria-invalid=\"false\"  \/>\r\n    \r\n    \r\n<\/div>\n<div id=\"frm_field_3_container\" class=\"frm_form_field form-field  frm_required_field frm_top_container frm_full\">\r\n    <label for=\"field_29yf4d\" id=\"field_29yf4d_label\" class=\"frm_primary_label\">Email\r\n        <span class=\"frm_required\">*<\/span>\r\n    <\/label>\r\n    <input type=\"email\" id=\"field_29yf4d\" name=\"item_meta[3]\" value=\"\"  data-reqmsg=\"Ce champ ne peut pas \u00eatre vide.\" aria-required=\"true\" data-invmsg=\"Please enter a valid email address\" aria-invalid=\"false\"  \/>\r\n    \r\n    \r\n<\/div>\n<div id=\"frm_field_4_container\" class=\"frm_form_field form-field  frm_required_field frm_top_container frm_full\">\r\n    <label for=\"field_e6lis6\" id=\"field_e6lis6_label\" class=\"frm_primary_label\">Sujet\r\n        <span class=\"frm_required\">*<\/span>\r\n    <\/label>\r\n    <input type=\"text\" id=\"field_e6lis6\" name=\"item_meta[4]\" value=\"\"  data-reqmsg=\"Ce champ ne peut pas \u00eatre vide.\" aria-required=\"true\" data-invmsg=\"Subject is invalid\" aria-invalid=\"false\"  \/>\r\n    \r\n    \r\n<\/div>\n<div id=\"frm_field_5_container\" class=\"frm_form_field form-field  frm_required_field frm_top_container frm_full\">\r\n    <label for=\"field_9jv0r1\" id=\"field_9jv0r1_label\" class=\"frm_primary_label\">Message\r\n        <span class=\"frm_required\">*<\/span>\r\n    <\/label>\r\n    <textarea name=\"item_meta[5]\" id=\"field_9jv0r1\" rows=\"5\"  data-reqmsg=\"Ce champ ne peut pas \u00eatre vide.\" aria-required=\"true\" data-invmsg=\"Message est non valide\" aria-invalid=\"false\"  ><\/textarea>\r\n    \r\n    \r\n<\/div>\n<div id=\"frm_field_6_container\" class=\"frm_form_field form-field  frm_required_field frm_top_container frm_full vertical_radio\">\r\n    <div  id=\"field_316bi_label\" class=\"frm_primary_label\">Gestion des donn\u00e9es personnelles\r\n        <span class=\"frm_required\">*<\/span>\r\n    <\/div>\r\n    <div class=\"frm_opt_container\" aria-labelledby=\"field_316bi_label\" role=\"group\">\t\t<div class=\"frm_checkbox\" id=\"frm_checkbox_6-0\">\t\t\t<label  for=\"field_316bi-0\">\n\t\t\t<input type=\"checkbox\" name=\"item_meta[6][]\" id=\"field_316bi-0\" value=\"En soumettant ce formulaire, j\u2019autorise l&#039;UOH \u00e0 conserver mes donn\u00e9es personnelles. Aucune exploitation commerciale ne sera faite de ces donn\u00e9es.*\"  data-reqmsg=\"Ce champ ne peut pas \u00eatre vide.\" data-invmsg=\"Gestion des donn\u00e9es personnelles est non valide\" aria-invalid=\"false\"   aria-required=\"true\"  \/> En soumettant ce formulaire, j\u2019autorise l'UOH \u00e0 conserver mes donn\u00e9es personnelles. Aucune exploitation commerciale ne sera faite de ces donn\u00e9es.*<\/label><\/div>\n<\/div>\r\n    \r\n    \r\n<\/div>\n<div id=\"frm_field_8_container\" class=\"frm_form_field form-field  frm_none_container\">\r\n    <label for=\"g-recaptcha-response\" id=\"field_txtvi_label\" class=\"frm_primary_label\">reCAPTCHA\r\n        <span class=\"frm_required\"><\/span>\r\n    <\/label>\r\n    <div  id=\"field_txtvi\" class=\"g-recaptcha\" data-sitekey=\"6LcCocgSAAAAAFXRK21dhEcn1XVgi9NN_nDP7I6O\" data-size=\"normal\" data-theme=\"light\"><\/div>\r\n    \r\n    \r\n<\/div>\n\t<input type=\"hidden\" name=\"item_key\" value=\"\" \/>\n\t\t\t<div id=\"frm_field_9_container\">\n\t\t\t<label for=\"field_wyfzn\" >\n\t\t\t\tSi vous \u00eates un humain, ne remplissez pas ce champ.\t\t\t<\/label>\n\t\t\t<input  id=\"field_wyfzn\" type=\"text\" class=\"frm_form_field form-field frm_verify\" name=\"item_meta[9]\" value=\"\"  \/>\n\t\t<\/div>\n\t\t<input name=\"frm_state\" type=\"hidden\" value=\"ZhUtKE40Qvsr11KndQg79bnhSjQW4UfONELXxucOhWo=\" \/><div class=\"frm_submit\">\r\n\r\n<button class=\"frm_button_submit\" type=\"submit\"  >Envoyer<\/button>\r\n\r\n<\/div><\/div>\n<\/fieldset>\n<\/div>\n\n<\/form>\n<\/div>\n\n\n\n\n<p>*<em>Les informations recueillies sont indispensables pour assurer la gestion des contacts par l\u2019Universit\u00e9 Ouverte des Humanit\u00e9s.<\/em><br> <em>La base l\u00e9gale de ce traitement est le consentement (Article 6 (1) a du RGPD).<\/em><br> <em>Les donn\u00e9es seront trait\u00e9es par les personnels en charge au sein du service. <\/em><br> <em>Elles pourront \u00eatre conserv\u00e9es aussi longtemps que l&rsquo;UOH existe.<\/em><br> <em>L\u2019UOH met en \u0153uvre des mesures de s\u00e9curit\u00e9 appropri\u00e9es.<\/em><\/p>\n\n\n\n<p><em>Vous disposez de droits d\u2019acc\u00e8s, rectification et suppression de vos donn\u00e9es. <\/em><em>Pour les exercer vous pouvez contacter : <\/em><\/p>\n\n\n\n<p><em> Carole Schorl\u00e9-Stefan\u00a0 <a href=\"mailto:carole.schorle-stefan@unistra.fr\">carole.schorle-stefan@unistra.fr<\/a><\/em><br> <em>ou via courrier postal adress\u00e9 \u00e0<br> Universit\u00e9 de Strasbourg (UOH \u2013 Carole Schorl\u00e9-Stefan )<br> 4 rue Blaise Pascal<br> CS 90032<br> 67081 STRASBOURG CEDEX<\/em><\/p>\n\n\n\n<p><em> Voir notre <\/em><a href=\"https:\/\/uoh.fr\/front\/droits-et-devoirs\/\"><em>politique de gestion de donn\u00e9es personnelles<\/em><\/a><\/p>\n","protected":false},"excerpt":{"rendered":"<p>*Les informations recueillies sont indispensables pour assurer la gestion des contacts par l\u2019Universit\u00e9 Ouverte des Humanit\u00e9s. La base l\u00e9gale de ce traitement est le consentement (Article 6 (1) a du RGPD). Les donn\u00e9es seront trait\u00e9es par les personnels en charge au sein du service. Elles pourront \u00eatre conserv\u00e9es aussi longtemps que l&rsquo;UOH existe. L\u2019UOH met [&hellip;]<\/p>\n","protected":false},"author":1,"featured_media":0,"parent":0,"menu_order":0,"comment_status":"closed","ping_status":"closed","template":"templates\/contact.php","meta":[],"acf":[],"yoast_head":"<!-- This site is optimized with the Yoast SEO plugin v17.7.1 - https:\/\/yoast.com\/wordpress\/plugins\/seo\/ -->\n<meta name=\"robots\" content=\"index, follow, max-snippet:-1, max-image-preview:large, max-video-preview:-1\" \/>\n<link rel=\"canonical\" href=\"https:\/\/uoh.fr\/front\/contact\/\" \/>\n<meta property=\"og:locale\" content=\"fr_FR\" \/>\n<meta property=\"og:type\" content=\"article\" \/>\n<meta property=\"og:title\" content=\"Contact - UNIVERSIT\u00c9 NUM\u00c9RIQUE DES HUMANIT\u00c9S\" \/>\n<meta property=\"og:description\" content=\"*Les informations recueillies sont indispensables pour assurer la gestion des contacts par l\u2019Universit\u00e9 Ouverte des Humanit\u00e9s. La base l\u00e9gale de ce traitement est le consentement (Article 6 (1) a du RGPD). Les donn\u00e9es seront trait\u00e9es par les personnels en charge au sein du service. Elles pourront \u00eatre conserv\u00e9es aussi longtemps que l&rsquo;UOH existe. L\u2019UOH met [&hellip;]\" \/>\n<meta property=\"og:url\" content=\"https:\/\/uoh.fr\/front\/contact\/\" \/>\n<meta property=\"og:site_name\" content=\"UNIVERSIT\u00c9 NUM\u00c9RIQUE DES HUMANIT\u00c9S\" \/>\n<meta property=\"article:publisher\" content=\"https:\/\/www.facebook.com\/UOHumanites\/\" \/>\n<meta property=\"article:modified_time\" content=\"2023-11-08T11:11:47+00:00\" \/>\n<meta name=\"twitter:card\" content=\"summary_large_image\" \/>\n<meta name=\"twitter:site\" content=\"@uohumanites\" \/>\n<meta name=\"twitter:label1\" content=\"Dur\u00e9e de lecture estim\u00e9e\" \/>\n\t<meta name=\"twitter:data1\" content=\"1 minute\" \/>\n<script type=\"application\/ld+json\" class=\"yoast-schema-graph\">{\"@context\":\"https:\/\/schema.org\",\"@graph\":[{\"@type\":\"Organization\",\"@id\":\"https:\/\/uoh.fr\/front\/#organization\",\"name\":\"Universit\\u00e9 Ouverte des Humanit\\u00e9s\",\"url\":\"https:\/\/uoh.fr\/front\/\",\"sameAs\":[\"https:\/\/www.facebook.com\/UOHumanites\/\",\"https:\/\/www.linkedin.com\/company\/universit-ouverte-des-humanit-s\",\"https:\/\/fr.wikipedia.org\/wiki\/Universit\\u00e9_ouverte_des_Humanit\\u00e9s\",\"https:\/\/twitter.com\/uohumanites\"],\"logo\":{\"@type\":\"ImageObject\",\"@id\":\"https:\/\/uoh.fr\/front\/#logo\",\"inLanguage\":\"fr-FR\",\"url\":\"https:\/\/uoh.fr\/front\/wp-content\/uploads\/2019\/10\/logo-uoh-png.png\",\"contentUrl\":\"https:\/\/uoh.fr\/front\/wp-content\/uploads\/2019\/10\/logo-uoh-png.png\",\"width\":1200,\"height\":507,\"caption\":\"Universit\\u00e9 Ouverte des Humanit\\u00e9s\"},\"image\":{\"@id\":\"https:\/\/uoh.fr\/front\/#logo\"}},{\"@type\":\"WebSite\",\"@id\":\"https:\/\/uoh.fr\/front\/#website\",\"url\":\"https:\/\/uoh.fr\/front\/\",\"name\":\"UOH\",\"description\":\"Des ressources en Arts, Lettres, Langues et Sciences Humaines et Sociales\",\"publisher\":{\"@id\":\"https:\/\/uoh.fr\/front\/#organization\"},\"potentialAction\":[{\"@type\":\"SearchAction\",\"target\":{\"@type\":\"EntryPoint\",\"urlTemplate\":\"https:\/\/uoh.fr\/front\/?s={search_term_string}\"},\"query-input\":\"required name=search_term_string\"}],\"inLanguage\":\"fr-FR\"},{\"@type\":\"WebPage\",\"@id\":\"https:\/\/uoh.fr\/front\/contact\/#webpage\",\"url\":\"https:\/\/uoh.fr\/front\/contact\/\",\"name\":\"Contact - UNIVERSIT\\u00c9 NUM\\u00c9RIQUE DES HUMANIT\\u00c9S\",\"isPartOf\":{\"@id\":\"https:\/\/uoh.fr\/front\/#website\"},\"datePublished\":\"2019-03-14T13:58:12+00:00\",\"dateModified\":\"2023-11-08T11:11:47+00:00\",\"breadcrumb\":{\"@id\":\"https:\/\/uoh.fr\/front\/contact\/#breadcrumb\"},\"inLanguage\":\"fr-FR\",\"potentialAction\":[{\"@type\":\"ReadAction\",\"target\":[\"https:\/\/uoh.fr\/front\/contact\/\"]}]},{\"@type\":\"BreadcrumbList\",\"@id\":\"https:\/\/uoh.fr\/front\/contact\/#breadcrumb\",\"itemListElement\":[{\"@type\":\"ListItem\",\"position\":1,\"name\":\"Home\",\"item\":\"https:\/\/uoh.fr\/front\/\"},{\"@type\":\"ListItem\",\"position\":2,\"name\":\"Contact\"}]}]}<\/script>\n<!-- \/ Yoast SEO plugin. -->","yoast_head_json":{"robots":{"index":"index","follow":"follow","max-snippet":"max-snippet:-1","max-image-preview":"max-image-preview:large","max-video-preview":"max-video-preview:-1"},"canonical":"https:\/\/uoh.fr\/front\/contact\/","og_locale":"fr_FR","og_type":"article","og_title":"Contact - UNIVERSIT\u00c9 NUM\u00c9RIQUE DES HUMANIT\u00c9S","og_description":"*Les informations recueillies sont indispensables pour assurer la gestion des contacts par l\u2019Universit\u00e9 Ouverte des Humanit\u00e9s. La base l\u00e9gale de ce traitement est le consentement (Article 6 (1) a du RGPD). Les donn\u00e9es seront trait\u00e9es par les personnels en charge au sein du service. Elles pourront \u00eatre conserv\u00e9es aussi longtemps que l&rsquo;UOH existe. L\u2019UOH met [&hellip;]","og_url":"https:\/\/uoh.fr\/front\/contact\/","og_site_name":"UNIVERSIT\u00c9 NUM\u00c9RIQUE DES HUMANIT\u00c9S","article_publisher":"https:\/\/www.facebook.com\/UOHumanites\/","article_modified_time":"2023-11-08T11:11:47+00:00","twitter_card":"summary_large_image","twitter_site":"@uohumanites","twitter_misc":{"Dur\u00e9e de lecture estim\u00e9e":"1 minute"},"schema":{"@context":"https:\/\/schema.org","@graph":[{"@type":"Organization","@id":"https:\/\/uoh.fr\/front\/#organization","name":"Universit\u00e9 Ouverte des Humanit\u00e9s","url":"https:\/\/uoh.fr\/front\/","sameAs":["https:\/\/www.facebook.com\/UOHumanites\/","https:\/\/www.linkedin.com\/company\/universit-ouverte-des-humanit-s","https:\/\/fr.wikipedia.org\/wiki\/Universit\u00e9_ouverte_des_Humanit\u00e9s","https:\/\/twitter.com\/uohumanites"],"logo":{"@type":"ImageObject","@id":"https:\/\/uoh.fr\/front\/#logo","inLanguage":"fr-FR","url":"https:\/\/uoh.fr\/front\/wp-content\/uploads\/2019\/10\/logo-uoh-png.png","contentUrl":"https:\/\/uoh.fr\/front\/wp-content\/uploads\/2019\/10\/logo-uoh-png.png","width":1200,"height":507,"caption":"Universit\u00e9 Ouverte des Humanit\u00e9s"},"image":{"@id":"https:\/\/uoh.fr\/front\/#logo"}},{"@type":"WebSite","@id":"https:\/\/uoh.fr\/front\/#website","url":"https:\/\/uoh.fr\/front\/","name":"UOH","description":"Des ressources en Arts, Lettres, Langues et Sciences Humaines et Sociales","publisher":{"@id":"https:\/\/uoh.fr\/front\/#organization"},"potentialAction":[{"@type":"SearchAction","target":{"@type":"EntryPoint","urlTemplate":"https:\/\/uoh.fr\/front\/?s={search_term_string}"},"query-input":"required name=search_term_string"}],"inLanguage":"fr-FR"},{"@type":"WebPage","@id":"https:\/\/uoh.fr\/front\/contact\/#webpage","url":"https:\/\/uoh.fr\/front\/contact\/","name":"Contact - UNIVERSIT\u00c9 NUM\u00c9RIQUE DES HUMANIT\u00c9S","isPartOf":{"@id":"https:\/\/uoh.fr\/front\/#website"},"datePublished":"2019-03-14T13:58:12+00:00","dateModified":"2023-11-08T11:11:47+00:00","breadcrumb":{"@id":"https:\/\/uoh.fr\/front\/contact\/#breadcrumb"},"inLanguage":"fr-FR","potentialAction":[{"@type":"ReadAction","target":["https:\/\/uoh.fr\/front\/contact\/"]}]},{"@type":"BreadcrumbList","@id":"https:\/\/uoh.fr\/front\/contact\/#breadcrumb","itemListElement":[{"@type":"ListItem","position":1,"name":"Home","item":"https:\/\/uoh.fr\/front\/"},{"@type":"ListItem","position":2,"name":"Contact"}]}]}},"_links":{"self":[{"href":"https:\/\/uoh.fr\/front\/wp-json\/wp\/v2\/pages\/97"}],"collection":[{"href":"https:\/\/uoh.fr\/front\/wp-json\/wp\/v2\/pages"}],"about":[{"href":"https:\/\/uoh.fr\/front\/wp-json\/wp\/v2\/types\/page"}],"author":[{"embeddable":true,"href":"https:\/\/uoh.fr\/front\/wp-json\/wp\/v2\/users\/1"}],"replies":[{"embeddable":true,"href":"https:\/\/uoh.fr\/front\/wp-json\/wp\/v2\/comments?post=97"}],"version-history":[{"count":13,"href":"https:\/\/uoh.fr\/front\/wp-json\/wp\/v2\/pages\/97\/revisions"}],"predecessor-version":[{"id":3065,"href":"https:\/\/uoh.fr\/front\/wp-json\/wp\/v2\/pages\/97\/revisions\/3065"}],"wp:attachment":[{"href":"https:\/\/uoh.fr\/front\/wp-json\/wp\/v2\/media?parent=97"}],"curies":[{"name":"wp","href":"https:\/\/api.w.org\/{rel}","templated":true}]}}